{"id":512,"date":"2016-03-30T11:17:53","date_gmt":"2016-03-30T11:17:53","guid":{"rendered":"https:\/\/estudiografico21.pt\/?page_id=512"},"modified":"2022-05-20T19:15:35","modified_gmt":"2022-05-20T19:15:35","slug":"barniz-uv-digital-3d","status":"publish","type":"page","link":"https:\/\/estudiografico21.pt\/es\/barniz-uv-digital-3d\/","title":{"rendered":"Barniz UV Digital 3D"},"content":{"rendered":"<p><strong>Despu\u00e9s del estampado en fr\u00edo en l\u00ednea, Est\u00fadio Gr\u00e1fico 21, en la continuidad de la aplicaci\u00f3n de su estrategia de innovaci\u00f3n y escala de valores, ofrece al mercado y a sus clientes una nueva tecnolog\u00eda \u2013 Barniz UV Digital 3D.<\/strong><br \/>\nDespu\u00e9s del estampado en fr\u00edo en l\u00ednea, Est\u00fadio Gr\u00e1fico 21, en la continuidad de la aplicaci\u00f3n de su estrategia de innovaci\u00f3n y escala de valores, ofrece al mercado y a sus clientes una nueva tecnolog\u00eda \u2013 Barniz UV Digital 3D.<br \/>\nCon este sistema, se crea un nuevo paradigma en los procesos y acabados gr\u00e1ficos con una mayor democratizaci\u00f3n del barniz UV (localizado y\/o con espesor), dotando a los trabajos impresos una nueva dimensi\u00f3n y la posibilidad de crear efectos y texturas.<br \/>\nPor consiguiente, la comunicaci\u00f3n visual impresa adquiere una expresi\u00f3n sensorial y t\u00e1ctil \u00fanicas con gran impacto, valorando el mensaje y su eficacia.<\/p>\n<h3> <\/h3>\n<h3>La tecnolog\u00eda Barniz UV Digital 3D tambi\u00e9n presenta como principales ventajas:<\/h3>\n<ul>\n<li> <span class=\"textomain\">Es digital, no existiendo por tanto problemas de cantidades, siendo posible con un ratio equilibrado tiradas peque\u00f1as o grandes;<\/span> <\/li>\n<li> <span class=\"textomain\">El sistema de registro avanzado, hecho a partir de un sistema de c\u00e1maras CCD, permite la lectura p\u00e1gina a p\u00e1gina, as\u00ed como la correcci\u00f3n de errores\/problemas de impresi\u00f3n;<\/span> <\/li>\n<li> <span class=\"textomain\">Posibilidad de utilizar papel de poco gramaje hasta 700 g y otros materiales\/suportes como el PVC;<\/span> <\/li>\n<li> <span class=\"textomain\">99 GU (unidades de brillo), siendo este el de mayor brillo y transparencia disponibles en este tipo de acabado en materiales impresos;<\/span> <\/li>\n<li>Hasta 250 micrones de altura de pol\u00edmero (nivel \u00f3ptimo la impresi\u00f3n Braille), con la posibilidad de densidad variable de 1 hasta el 100%;<\/li>\n<li>Soluci\u00f3n inkjet Braille a doble cara;<\/li>\n<li>Posibilidad de personalizar con datos variables en barniz.<\/li>\n<\/ul>\n<div class=\"dc\">Vielleicht schieben sie auch gerade das schreiben ihrer hausarbeit, bachelorarbeit, masterarbeit oder dissertation vor sich <a href=\"https:\/\/bachelorschreibenlassen.com\/\">eine bachelorarbeit schreiben<\/a> her.<\/div>\n","protected":false},"excerpt":{"rendered":"<p>Despu\u00e9s del estampado en fr\u00edo en l\u00ednea, Est\u00fadio Gr\u00e1fico 21, en la continuidad de la aplicaci\u00f3n de su estrategia de innovaci\u00f3n y escala de valores, ofrece al mercado y a sus clientes una nueva tecnolog\u00eda \u2013 Barniz UV Digital 3D. Despu\u00e9s del estampado en fr\u00edo en l\u00ednea, Est\u00fadio Gr\u00e1fico 21, en la continuidad de la [&hellip;]<\/p>\n","protected":false},"author":6,"featured_media":0,"parent":0,"menu_order":44,"comment_status":"closed","ping_status":"closed","template":"","meta":{"footnotes":""},"class_list":["post-512","page","type-page","status-publish","hentry","post"],"yoast_head":"<!-- This site is optimized with the Yoast SEO plugin v26.6 - https:\/\/yoast.com\/wordpress\/plugins\/seo\/ -->\n<title>Barniz UV Digital 3D - EST\u00daDIO GR\u00c1FICO 21<\/title>\n<meta name=\"robots\" content=\"index, follow, max-snippet:-1, max-image-preview:large, max-video-preview:-1\" \/>\n<link rel=\"canonical\" href=\"https:\/\/estudiografico21.pt\/es\/barniz-uv-digital-3d\/\" \/>\n<meta property=\"og:locale\" content=\"es_ES\" \/>\n<meta property=\"og:type\" content=\"article\" \/>\n<meta property=\"og:title\" content=\"Barniz UV Digital 3D - EST\u00daDIO GR\u00c1FICO 21\" \/>\n<meta property=\"og:description\" content=\"Despu\u00e9s del estampado en fr\u00edo en l\u00ednea, Est\u00fadio Gr\u00e1fico 21, en la continuidad de la aplicaci\u00f3n de su estrategia de innovaci\u00f3n y escala de valores, ofrece al mercado y a sus clientes una nueva tecnolog\u00eda \u2013 Barniz UV Digital 3D. Despu\u00e9s del estampado en fr\u00edo en l\u00ednea, Est\u00fadio Gr\u00e1fico 21, en la continuidad de la [&hellip;]\" \/>\n<meta property=\"og:url\" content=\"https:\/\/estudiografico21.pt\/es\/barniz-uv-digital-3d\/\" \/>\n<meta property=\"og:site_name\" content=\"EST\u00daDIO GR\u00c1FICO 21\" \/>\n<meta property=\"article:modified_time\" content=\"2022-05-20T19:15:35+00:00\" \/>\n<meta name=\"twitter:label1\" content=\"Tiempo de lectura\" \/>\n\t<meta name=\"twitter:data1\" content=\"2 minutos\" \/>\n<script type=\"application\/ld+json\" class=\"yoast-schema-graph\">{\"@context\":\"https:\/\/schema.org\",\"@graph\":[{\"@type\":\"WebPage\",\"@id\":\"https:\/\/estudiografico21.pt\/es\/barniz-uv-digital-3d\/\",\"url\":\"https:\/\/estudiografico21.pt\/es\/barniz-uv-digital-3d\/\",\"name\":\"Barniz UV Digital 3D - EST\u00daDIO GR\u00c1FICO 21\",\"isPartOf\":{\"@id\":\"https:\/\/estudiografico21.pt\/#website\"},\"datePublished\":\"2016-03-30T11:17:53+00:00\",\"dateModified\":\"2022-05-20T19:15:35+00:00\",\"breadcrumb\":{\"@id\":\"https:\/\/estudiografico21.pt\/es\/barniz-uv-digital-3d\/#breadcrumb\"},\"inLanguage\":\"es\",\"potentialAction\":[{\"@type\":\"ReadAction\",\"target\":[\"https:\/\/estudiografico21.pt\/es\/barniz-uv-digital-3d\/\"]}]},{\"@type\":\"BreadcrumbList\",\"@id\":\"https:\/\/estudiografico21.pt\/es\/barniz-uv-digital-3d\/#breadcrumb\",\"itemListElement\":[{\"@type\":\"ListItem\",\"position\":1,\"name\":\"Home\",\"item\":\"https:\/\/estudiografico21.pt\/es\/\"},{\"@type\":\"ListItem\",\"position\":2,\"name\":\"Barniz UV Digital 3D\"}]},{\"@type\":\"WebSite\",\"@id\":\"https:\/\/estudiografico21.pt\/#website\",\"url\":\"https:\/\/estudiografico21.pt\/\",\"name\":\"EST\u00daDIO GR\u00c1FICO 21\",\"description\":\"Artes Gr\u00e1ficas\",\"potentialAction\":[{\"@type\":\"SearchAction\",\"target\":{\"@type\":\"EntryPoint\",\"urlTemplate\":\"https:\/\/estudiografico21.pt\/?s={search_term_string}\"},\"query-input\":{\"@type\":\"PropertyValueSpecification\",\"valueRequired\":true,\"valueName\":\"search_term_string\"}}],\"inLanguage\":\"es\"}]}<\/script>\n<!-- \/ Yoast SEO plugin. -->","yoast_head_json":{"title":"Barniz UV Digital 3D - EST\u00daDIO GR\u00c1FICO 21","robots":{"index":"index","follow":"follow","max-snippet":"max-snippet:-1","max-image-preview":"max-image-preview:large","max-video-preview":"max-video-preview:-1"},"canonical":"https:\/\/estudiografico21.pt\/es\/barniz-uv-digital-3d\/","og_locale":"es_ES","og_type":"article","og_title":"Barniz UV Digital 3D - EST\u00daDIO GR\u00c1FICO 21","og_description":"Despu\u00e9s del estampado en fr\u00edo en l\u00ednea, Est\u00fadio Gr\u00e1fico 21, en la continuidad de la aplicaci\u00f3n de su estrategia de innovaci\u00f3n y escala de valores, ofrece al mercado y a sus clientes una nueva tecnolog\u00eda \u2013 Barniz UV Digital 3D. Despu\u00e9s del estampado en fr\u00edo en l\u00ednea, Est\u00fadio Gr\u00e1fico 21, en la continuidad de la [&hellip;]","og_url":"https:\/\/estudiografico21.pt\/es\/barniz-uv-digital-3d\/","og_site_name":"EST\u00daDIO GR\u00c1FICO 21","article_modified_time":"2022-05-20T19:15:35+00:00","twitter_misc":{"Tiempo de lectura":"2 minutos"},"schema":{"@context":"https:\/\/schema.org","@graph":[{"@type":"WebPage","@id":"https:\/\/estudiografico21.pt\/es\/barniz-uv-digital-3d\/","url":"https:\/\/estudiografico21.pt\/es\/barniz-uv-digital-3d\/","name":"Barniz UV Digital 3D - EST\u00daDIO GR\u00c1FICO 21","isPartOf":{"@id":"https:\/\/estudiografico21.pt\/#website"},"datePublished":"2016-03-30T11:17:53+00:00","dateModified":"2022-05-20T19:15:35+00:00","breadcrumb":{"@id":"https:\/\/estudiografico21.pt\/es\/barniz-uv-digital-3d\/#breadcrumb"},"inLanguage":"es","potentialAction":[{"@type":"ReadAction","target":["https:\/\/estudiografico21.pt\/es\/barniz-uv-digital-3d\/"]}]},{"@type":"BreadcrumbList","@id":"https:\/\/estudiografico21.pt\/es\/barniz-uv-digital-3d\/#breadcrumb","itemListElement":[{"@type":"ListItem","position":1,"name":"Home","item":"https:\/\/estudiografico21.pt\/es\/"},{"@type":"ListItem","position":2,"name":"Barniz UV Digital 3D"}]},{"@type":"WebSite","@id":"https:\/\/estudiografico21.pt\/#website","url":"https:\/\/estudiografico21.pt\/","name":"EST\u00daDIO GR\u00c1FICO 21","description":"Artes Gr\u00e1ficas","potentialAction":[{"@type":"SearchAction","target":{"@type":"EntryPoint","urlTemplate":"https:\/\/estudiografico21.pt\/?s={search_term_string}"},"query-input":{"@type":"PropertyValueSpecification","valueRequired":true,"valueName":"search_term_string"}}],"inLanguage":"es"}]}},"_links":{"self":[{"href":"https:\/\/estudiografico21.pt\/es\/wp-json\/wp\/v2\/pages\/512","targetHints":{"allow":["GET"]}}],"collection":[{"href":"https:\/\/estudiografico21.pt\/es\/wp-json\/wp\/v2\/pages"}],"about":[{"href":"https:\/\/estudiografico21.pt\/es\/wp-json\/wp\/v2\/types\/page"}],"author":[{"embeddable":true,"href":"https:\/\/estudiografico21.pt\/es\/wp-json\/wp\/v2\/users\/6"}],"replies":[{"embeddable":true,"href":"https:\/\/estudiografico21.pt\/es\/wp-json\/wp\/v2\/comments?post=512"}],"version-history":[{"count":3,"href":"https:\/\/estudiografico21.pt\/es\/wp-json\/wp\/v2\/pages\/512\/revisions"}],"predecessor-version":[{"id":1522,"href":"https:\/\/estudiografico21.pt\/es\/wp-json\/wp\/v2\/pages\/512\/revisions\/1522"}],"wp:attachment":[{"href":"https:\/\/estudiografico21.pt\/es\/wp-json\/wp\/v2\/media?parent=512"}],"curies":[{"name":"wp","href":"https:\/\/api.w.org\/{rel}","templated":true}]}}