{"id":3708,"date":"2022-11-05T10:20:42","date_gmt":"2022-11-05T10:20:42","guid":{"rendered":"https:\/\/estudiografico21.pt\/?page_id=3708"},"modified":"2023-01-12T16:41:01","modified_gmt":"2023-01-12T16:41:01","slug":"productos","status":"publish","type":"page","link":"https:\/\/estudiografico21.pt\/es\/productos\/","title":{"rendered":"Productos"},"content":{"rendered":"<div id=\"pl-3708\"  class=\"panel-layout\" ><div id=\"pg-3708-0\"  class=\"panel-grid panel-has-style\" ><div id=\"headers\" class=\"panel-row-style panel-row-style-for-3708-0\" ><div id=\"pgc-3708-0-0\"  class=\"panel-grid-cell panel-grid-cell-empty\" ><\/div><div id=\"pgc-3708-0-1\"  class=\"panel-grid-cell panel-grid-cell-mobile-last\" ><div id=\"panel-3708-0-1-0\" class=\"so-panel widget widget_sow-editor panel-first-child panel-last-child\" data-index=\"0\" ><div class=\"panel-widget-style panel-widget-style-for-3708-0-1-0\" ><div\n\t\t\t\n\t\t\tclass=\"so-widget-sow-editor so-widget-sow-editor-base\"\n\t\t\t\n\t\t>\n<div class=\"siteorigin-widget-tinymce textwidget\">\n\t<p>Fabricaci\u00f3n de envases de cart\u00f3n<br \/>\ncon alta notoriedad<\/p>\n<\/div>\n<\/div><\/div><\/div><\/div><div id=\"pgc-3708-0-2\"  class=\"panel-grid-cell panel-grid-cell-empty\" ><\/div><\/div><\/div><div id=\"pg-3708-1\"  class=\"panel-grid panel-no-style\" ><div id=\"pgc-3708-1-0\"  class=\"panel-grid-cell\" ><div id=\"panel-3708-1-0-0\" class=\"so-panel widget widget_sow-image panel-first-child panel-last-child\" data-index=\"1\" ><div class=\"panel-widget-style panel-widget-style-for-3708-1-0-0\" ><div\n\t\t\t\n\t\t\tclass=\"so-widget-sow-image so-widget-sow-image-default-a258e6bfa2d8-3708\"\n\t\t\t\n\t\t>\n<div class=\"sow-image-container\">\n\t\t<img \n\tsrc=\"https:\/\/estudiografico21.pt\/wp-content\/uploads\/2023\/01\/package-estudio-grafico-21-print-3d-uv-varnish-inline-stamping-27.jpg\" width=\"355\" height=\"315\" srcset=\"https:\/\/estudiografico21.pt\/wp-content\/uploads\/2023\/01\/package-estudio-grafico-21-print-3d-uv-varnish-inline-stamping-27.jpg 355w, https:\/\/estudiografico21.pt\/wp-content\/uploads\/2023\/01\/package-estudio-grafico-21-print-3d-uv-varnish-inline-stamping-27-300x266.jpg 300w\" sizes=\"(max-width: 355px) 100vw, 355px\" alt=\"\" \t\tclass=\"so-widget-image\"\/>\n\t<\/div>\n\n<\/div><\/div><\/div><\/div><div id=\"pgc-3708-1-1\"  class=\"panel-grid-cell\" ><div id=\"panel-3708-1-1-0\" class=\"so-panel widget widget_sow-image panel-first-child panel-last-child\" data-index=\"2\" ><div\n\t\t\t\n\t\t\tclass=\"so-widget-sow-image so-widget-sow-image-default-dbf295114b96-3708\"\n\t\t\t\n\t\t>\n<div class=\"sow-image-container\">\n\t\t<img \n\tsrc=\"https:\/\/estudiografico21.pt\/wp-content\/uploads\/2022\/12\/produtos_05.jpg\" width=\"355\" height=\"315\" srcset=\"https:\/\/estudiografico21.pt\/wp-content\/uploads\/2022\/12\/produtos_05.jpg 355w, https:\/\/estudiografico21.pt\/wp-content\/uploads\/2022\/12\/produtos_05-300x266.jpg 300w\" sizes=\"(max-width: 355px) 100vw, 355px\" alt=\"\" \t\tclass=\"so-widget-image\"\/>\n\t<\/div>\n\n<\/div><\/div><\/div><div id=\"pgc-3708-1-2\"  class=\"panel-grid-cell\" ><div id=\"panel-3708-1-2-0\" class=\"so-panel widget widget_sow-image panel-first-child panel-last-child\" data-index=\"3\" ><div\n\t\t\t\n\t\t\tclass=\"so-widget-sow-image so-widget-sow-image-default-dbf295114b96-3708\"\n\t\t\t\n\t\t>\n<div class=\"sow-image-container\">\n\t\t<img \n\tsrc=\"https:\/\/estudiografico21.pt\/wp-content\/uploads\/2023\/01\/estudio-grafico-21-print-3d-uv-varnish-inline-stamping-package-4-1.jpg\" width=\"355\" height=\"315\" srcset=\"https:\/\/estudiografico21.pt\/wp-content\/uploads\/2023\/01\/estudio-grafico-21-print-3d-uv-varnish-inline-stamping-package-4-1.jpg 355w, https:\/\/estudiografico21.pt\/wp-content\/uploads\/2023\/01\/estudio-grafico-21-print-3d-uv-varnish-inline-stamping-package-4-1-300x266.jpg 300w\" sizes=\"(max-width: 355px) 100vw, 355px\" title=\"estudio-grafico-21-print-3d-uv-varnish-inline-stamping-package-4\" alt=\"estudio-grafico-21-print-3d-uv-varnish-inline-stamping-package-4\" \t\tclass=\"so-widget-image\"\/>\n\t<\/div>\n\n<\/div><\/div><\/div><div id=\"pgc-3708-1-3\"  class=\"panel-grid-cell\" ><div id=\"panel-3708-1-3-0\" class=\"so-panel widget widget_sow-image panel-first-child panel-last-child\" data-index=\"4\" ><div\n\t\t\t\n\t\t\tclass=\"so-widget-sow-image so-widget-sow-image-default-dbf295114b96-3708\"\n\t\t\t\n\t\t>\n<div class=\"sow-image-container\">\n\t\t<img \n\tsrc=\"https:\/\/estudiografico21.pt\/wp-content\/uploads\/2023\/01\/package-estudio-grafico-21-print-3d-uv-varnish-inline-stamping-9.jpg\" width=\"355\" height=\"315\" srcset=\"https:\/\/estudiografico21.pt\/wp-content\/uploads\/2023\/01\/package-estudio-grafico-21-print-3d-uv-varnish-inline-stamping-9.jpg 355w, https:\/\/estudiografico21.pt\/wp-content\/uploads\/2023\/01\/package-estudio-grafico-21-print-3d-uv-varnish-inline-stamping-9-300x266.jpg 300w\" sizes=\"(max-width: 355px) 100vw, 355px\" title=\"package-estudio-grafico-21-print-3d-uv-varnish-inline-stamping-9\" alt=\"package-estudio-grafico-21-print-3d-uv-varnish-inline-stamping-9\" \t\tclass=\"so-widget-image\"\/>\n\t<\/div>\n\n<\/div><\/div><\/div><\/div><div id=\"pg-3708-2\"  class=\"panel-grid panel-no-style\" ><div id=\"pgc-3708-2-0\"  class=\"panel-grid-cell\" ><div id=\"panel-3708-2-0-0\" class=\"so-panel widget widget_sow-image panel-first-child panel-last-child\" data-index=\"5\" ><div class=\"panel-widget-style panel-widget-style-for-3708-2-0-0\" ><div\n\t\t\t\n\t\t\tclass=\"so-widget-sow-image so-widget-sow-image-default-a258e6bfa2d8-3708\"\n\t\t\t\n\t\t>\n<div class=\"sow-image-container\">\n\t\t<img \n\tsrc=\"https:\/\/estudiografico21.pt\/wp-content\/uploads\/2022\/12\/produtos_08.jpg\" width=\"355\" height=\"315\" srcset=\"https:\/\/estudiografico21.pt\/wp-content\/uploads\/2022\/12\/produtos_08.jpg 355w, https:\/\/estudiografico21.pt\/wp-content\/uploads\/2022\/12\/produtos_08-300x266.jpg 300w\" sizes=\"(max-width: 355px) 100vw, 355px\" title=\"package-gold-print\" alt=\"\" \t\tclass=\"so-widget-image\"\/>\n\t<\/div>\n\n<\/div><\/div><\/div><\/div><div id=\"pgc-3708-2-1\"  class=\"panel-grid-cell\" ><div id=\"panel-3708-2-1-0\" class=\"so-panel widget widget_sow-image panel-first-child panel-last-child\" data-index=\"6\" ><div\n\t\t\t\n\t\t\tclass=\"so-widget-sow-image so-widget-sow-image-default-dbf295114b96-3708\"\n\t\t\t\n\t\t>\n<div class=\"sow-image-container\">\n\t\t<img \n\tsrc=\"https:\/\/estudiografico21.pt\/wp-content\/uploads\/2023\/01\/estudio-grafico-21-print-3d-uv-varnish-inline-stamping-package-3-1.jpg\" width=\"355\" height=\"315\" srcset=\"https:\/\/estudiografico21.pt\/wp-content\/uploads\/2023\/01\/estudio-grafico-21-print-3d-uv-varnish-inline-stamping-package-3-1.jpg 355w, https:\/\/estudiografico21.pt\/wp-content\/uploads\/2023\/01\/estudio-grafico-21-print-3d-uv-varnish-inline-stamping-package-3-1-300x266.jpg 300w\" sizes=\"(max-width: 355px) 100vw, 355px\" title=\"estudio-grafico-21-print-3d-uv-varnish-inline-stamping-package-3\" alt=\"estudio-grafico-21-print-3d-uv-varnish-inline-stamping-package-3\" \t\tclass=\"so-widget-image\"\/>\n\t<\/div>\n\n<\/div><\/div><\/div><div id=\"pgc-3708-2-2\"  class=\"panel-grid-cell\" ><div id=\"panel-3708-2-2-0\" class=\"so-panel widget widget_sow-image panel-first-child panel-last-child\" data-index=\"7\" ><div\n\t\t\t\n\t\t\tclass=\"so-widget-sow-image so-widget-sow-image-default-dbf295114b96-3708\"\n\t\t\t\n\t\t>\n<div class=\"sow-image-container\">\n\t\t<img \n\tsrc=\"https:\/\/estudiografico21.pt\/wp-content\/uploads\/2023\/01\/estudio-grafico-21-print-3d-uv-varnish-inline-stamping-package-6-copy-2.jpg\" width=\"355\" height=\"315\" srcset=\"https:\/\/estudiografico21.pt\/wp-content\/uploads\/2023\/01\/estudio-grafico-21-print-3d-uv-varnish-inline-stamping-package-6-copy-2.jpg 355w, https:\/\/estudiografico21.pt\/wp-content\/uploads\/2023\/01\/estudio-grafico-21-print-3d-uv-varnish-inline-stamping-package-6-copy-2-300x266.jpg 300w\" sizes=\"(max-width: 355px) 100vw, 355px\" title=\"estudio-grafico-21-print-3d-uv-varnish-inline-stamping-package-6 copy\" alt=\"\" \t\tclass=\"so-widget-image\"\/>\n\t<\/div>\n\n<\/div><\/div><\/div><div id=\"pgc-3708-2-3\"  class=\"panel-grid-cell\" ><div id=\"panel-3708-2-3-0\" class=\"so-panel widget widget_sow-image panel-first-child panel-last-child\" data-index=\"8\" ><div\n\t\t\t\n\t\t\tclass=\"so-widget-sow-image so-widget-sow-image-default-dbf295114b96-3708\"\n\t\t\t\n\t\t>\n<div class=\"sow-image-container\">\n\t\t<img \n\tsrc=\"https:\/\/estudiografico21.pt\/wp-content\/uploads\/2023\/01\/estudio-grafico-21-print-3d-uv-varnish-inline-stamping-package-7-1.jpg\" width=\"355\" height=\"315\" srcset=\"https:\/\/estudiografico21.pt\/wp-content\/uploads\/2023\/01\/estudio-grafico-21-print-3d-uv-varnish-inline-stamping-package-7-1.jpg 355w, https:\/\/estudiografico21.pt\/wp-content\/uploads\/2023\/01\/estudio-grafico-21-print-3d-uv-varnish-inline-stamping-package-7-1-300x266.jpg 300w\" sizes=\"(max-width: 355px) 100vw, 355px\" title=\"estudio-grafico-21-print-3d-uv-varnish-inline-stamping-package-7\" alt=\"\" \t\tclass=\"so-widget-image\"\/>\n\t<\/div>\n\n<\/div><\/div><\/div><\/div><div id=\"pg-3708-3\"  class=\"panel-grid panel-has-style\" ><div style=\"background-color: #000000; \" class=\"panel-row-style panel-row-style-for-3708-3\" ><div id=\"pgc-3708-3-0\"  class=\"panel-grid-cell panel-grid-cell-empty\" ><\/div><div id=\"pgc-3708-3-1\"  class=\"panel-grid-cell panel-grid-cell-mobile-last\" ><div id=\"panel-3708-3-1-0\" class=\"so-panel widget widget_sow-editor panel-first-child panel-last-child\" data-index=\"9\" ><div class=\"produtos panel-widget-style panel-widget-style-for-3708-3-1-0\" ><div\n\t\t\t\n\t\t\tclass=\"so-widget-sow-editor so-widget-sow-editor-base\"\n\t\t\t\n\t\t><h3 class=\"widget-title\">Otros productos<\/h3>\n<div class=\"siteorigin-widget-tinymce textwidget\">\n\t<\/div>\n<\/div><\/div><\/div><\/div><div id=\"pgc-3708-3-2\"  class=\"panel-grid-cell panel-grid-cell-empty\" ><\/div><\/div><\/div><div id=\"pg-3708-4\"  class=\"panel-grid panel-has-style\" ><div class=\"panel-row-style panel-row-style-for-3708-4\" ><div id=\"pgc-3708-4-0\"  class=\"panel-grid-cell\" ><div class=\"panel-cell-style panel-cell-style-for-3708-4-0\" ><div id=\"panel-3708-4-0-0\" class=\"so-panel widget widget_text panel-first-child panel-last-child\" data-index=\"10\" ><div class=\"panel-widget-style panel-widget-style-for-3708-4-0-0\" >\t\t\t<div class=\"textwidget\"><p>Revistas<\/p>\n<div>Bolsas de papel<\/div>\n<p>Displays<\/p>\n<div>Libros<\/div>\n<\/div>\n\t\t<\/div><\/div><\/div><\/div><div id=\"pgc-3708-4-1\"  class=\"panel-grid-cell\" ><div class=\"panel-cell-style panel-cell-style-for-3708-4-1\" ><div id=\"panel-3708-4-1-0\" class=\"so-panel widget widget_sow-image panel-first-child panel-last-child\" data-index=\"11\" ><div\n\t\t\t\n\t\t\tclass=\"so-widget-sow-image so-widget-sow-image-default-a258e6bfa2d8-3708\"\n\t\t\t\n\t\t>\n<div class=\"sow-image-container\">\n\t\t<img \n\tsrc=\"https:\/\/estudiografico21.pt\/wp-content\/uploads\/2022\/05\/Pagina-PRODUTOS-eg21.-9jpg.jpg\" width=\"362\" height=\"341\" srcset=\"https:\/\/estudiografico21.pt\/wp-content\/uploads\/2022\/05\/Pagina-PRODUTOS-eg21.-9jpg.jpg 362w, https:\/\/estudiografico21.pt\/wp-content\/uploads\/2022\/05\/Pagina-PRODUTOS-eg21.-9jpg-300x283.jpg 300w\" sizes=\"(max-width: 362px) 100vw, 362px\" title=\"Pagina-PRODUTOS-eg21.&#8211;9jpg\" alt=\"\" \t\tclass=\"so-widget-image\"\/>\n\t<\/div>\n\n<\/div><\/div><\/div><\/div><div id=\"pgc-3708-4-2\"  class=\"panel-grid-cell\" ><div class=\"panel-cell-style panel-cell-style-for-3708-4-2\" ><div id=\"panel-3708-4-2-0\" class=\"so-panel widget widget_text panel-first-child panel-last-child\" data-index=\"12\" ><div class=\"panel-widget-style panel-widget-style-for-3708-4-2-0\" >\t\t\t<div class=\"textwidget\"><p>Invitaciones y tarjetas<\/p>\n<div>P\u00f3sters<\/div>\n<p>Papel de regalo<\/p>\n<\/div>\n\t\t<\/div><\/div><\/div><\/div><div id=\"pgc-3708-4-3\"  class=\"panel-grid-cell\" ><div class=\"panel-cell-style panel-cell-style-for-3708-4-3\" ><div id=\"panel-3708-4-3-0\" class=\"so-panel widget widget_sow-image panel-first-child panel-last-child\" data-index=\"13\" ><div\n\t\t\t\n\t\t\tclass=\"so-widget-sow-image so-widget-sow-image-default-58576722bc06-3708\"\n\t\t\t\n\t\t>\n<div class=\"sow-image-container\">\n\t\t<img \n\tsrc=\"https:\/\/estudiografico21.pt\/wp-content\/uploads\/2022\/05\/Pagina-PRODUTOS-eg21.-10jpg.jpg\" width=\"363\" height=\"339\" srcset=\"https:\/\/estudiografico21.pt\/wp-content\/uploads\/2022\/05\/Pagina-PRODUTOS-eg21.-10jpg.jpg 363w, https:\/\/estudiografico21.pt\/wp-content\/uploads\/2022\/05\/Pagina-PRODUTOS-eg21.-10jpg-300x280.jpg 300w\" sizes=\"(max-width: 363px) 100vw, 363px\" title=\"Pagina-PRODUTOS-eg21.&#8211;10jpg\" alt=\"\" \t\tclass=\"so-widget-image\"\/>\n\t<\/div>\n\n<\/div><\/div><\/div><\/div><\/div><\/div><div id=\"pg-3708-5\"  class=\"panel-grid panel-has-style\" ><div class=\"panel-row-style panel-row-style-for-3708-5\" ><div id=\"pgc-3708-5-0\"  class=\"panel-grid-cell\" ><div class=\"panel-cell-style panel-cell-style-for-3708-5-0\" ><div id=\"panel-3708-5-0-0\" class=\"so-panel widget widget_sow-image panel-first-child panel-last-child\" data-index=\"14\" ><div\n\t\t\t\n\t\t\tclass=\"so-widget-sow-image so-widget-sow-image-default-a258e6bfa2d8-3708\"\n\t\t\t\n\t\t>\n<div class=\"sow-image-container\">\n\t\t<img \n\tsrc=\"https:\/\/estudiografico21.pt\/wp-content\/uploads\/2022\/12\/produtos_11_1.jpg\" width=\"353\" height=\"348\" srcset=\"https:\/\/estudiografico21.pt\/wp-content\/uploads\/2022\/12\/produtos_11_1.jpg 353w, https:\/\/estudiografico21.pt\/wp-content\/uploads\/2022\/12\/produtos_11_1-300x296.jpg 300w\" sizes=\"(max-width: 353px) 100vw, 353px\" alt=\"\" \t\tclass=\"so-widget-image\"\/>\n\t<\/div>\n\n<\/div><\/div><\/div><\/div><div id=\"pgc-3708-5-1\"  class=\"panel-grid-cell\" ><div class=\"panel-cell-style panel-cell-style-for-3708-5-1\" ><div id=\"panel-3708-5-1-0\" class=\"so-panel widget widget_text panel-first-child panel-last-child\" data-index=\"15\" ><div class=\"panel-widget-style panel-widget-style-for-3708-5-1-0\" >\t\t\t<div class=\"textwidget\"><div>Papeler\u00eda<\/div>\n<p>Cat\u00e1logos<\/p>\n<div>Carpetas y dossiers<\/div>\n<\/div>\n\t\t<\/div><\/div><\/div><\/div><div id=\"pgc-3708-5-2\"  class=\"panel-grid-cell\" ><div class=\"panel-cell-style panel-cell-style-for-3708-5-2\" ><div id=\"panel-3708-5-2-0\" class=\"so-panel widget widget_sow-image panel-first-child panel-last-child\" data-index=\"16\" ><div\n\t\t\t\n\t\t\tclass=\"so-widget-sow-image so-widget-sow-image-default-58576722bc06-3708\"\n\t\t\t\n\t\t>\n<div class=\"sow-image-container\">\n\t\t<img \n\tsrc=\"https:\/\/estudiografico21.pt\/wp-content\/uploads\/2022\/06\/lotaria.jpg\" width=\"353\" height=\"348\" srcset=\"https:\/\/estudiografico21.pt\/wp-content\/uploads\/2022\/06\/lotaria.jpg 353w, https:\/\/estudiografico21.pt\/wp-content\/uploads\/2022\/06\/lotaria-300x296.jpg 300w\" sizes=\"(max-width: 353px) 100vw, 353px\" alt=\"\" \t\tclass=\"so-widget-image\"\/>\n\t<\/div>\n\n<\/div><\/div><\/div><\/div><div id=\"pgc-3708-5-3\"  class=\"panel-grid-cell\" ><div class=\"panel-cell-style panel-cell-style-for-3708-5-3\" ><div id=\"panel-3708-5-3-0\" class=\"so-panel widget widget_text panel-first-child panel-last-child\" data-index=\"17\" ><div class=\"panel-widget-style panel-widget-style-for-3708-5-3-0\" >\t\t\t<div class=\"textwidget\"><div>Folletos institucionales<\/div>\n<p>Folletos<\/p>\n<div>Flyers<\/div>\n<\/div>\n\t\t<\/div><\/div><\/div><\/div><\/div><\/div><div id=\"pg-3708-6\"  class=\"panel-grid panel-has-style\" ><div class=\"panel-row-style panel-row-style-for-3708-6\" ><div id=\"pgc-3708-6-0\"  class=\"panel-grid-cell panel-grid-cell-empty\" ><div class=\"panel-cell-style panel-cell-style-for-3708-6-0\" ><\/div><\/div><\/div><\/div><div id=\"pg-3708-7\"  class=\"panel-grid panel-no-style\" ><div id=\"pgc-3708-7-0\"  class=\"panel-grid-cell panel-grid-cell-empty\" ><\/div><div id=\"pgc-3708-7-1\"  class=\"panel-grid-cell panel-grid-cell-mobile-last\" ><div id=\"panel-3708-7-1-0\" class=\"so-panel widget widget_text panel-first-child\" data-index=\"18\" ><div class=\"titContacte panel-widget-style panel-widget-style-for-3708-7-1-0\" ><h3 class=\"widget-title\">cont\u00e1ctenos<\/h3>\t\t\t<div class=\"textwidget\"><\/div>\n\t\t<\/div><\/div><div id=\"panel-3708-7-1-1\" class=\"so-panel widget widget_sow-editor panel-last-child\" data-index=\"19\" ><div class=\"panel-widget-style panel-widget-style-for-3708-7-1-1\" ><div\n\t\t\t\n\t\t\tclass=\"so-widget-sow-editor so-widget-sow-editor-base\"\n\t\t\t\n\t\t>\n<div class=\"siteorigin-widget-tinymce textwidget\">\n\t\n<div class=\"wpcf7 no-js\" id=\"wpcf7-f3737-o1\" lang=\"pt-PT\" dir=\"ltr\" data-wpcf7-id=\"3737\">\n<div class=\"screen-reader-response\"><p role=\"status\" aria-live=\"polite\" aria-atomic=\"true\"><\/p> <ul><\/ul><\/div>\n<form action=\"\/es\/wp-json\/wp\/v2\/pages\/3708#wpcf7-f3737-o1\" method=\"post\" class=\"wpcf7-form init\" aria-label=\"Formul\u00e1rio de contacto\" novalidate=\"novalidate\" data-status=\"init\">\n<fieldset class=\"hidden-fields-container\"><input type=\"hidden\" name=\"_wpcf7\" value=\"3737\" \/><input type=\"hidden\" name=\"_wpcf7_version\" value=\"6.1.4\" \/><input type=\"hidden\" name=\"_wpcf7_locale\" value=\"pt_PT\" \/><input type=\"hidden\" name=\"_wpcf7_unit_tag\" value=\"wpcf7-f3737-o1\" \/><input type=\"hidden\" name=\"_wpcf7_container_post\" value=\"0\" \/><input type=\"hidden\" name=\"_wpcf7_posted_data_hash\" value=\"\" \/>\n<\/fieldset>\n<p><span class=\"wpcf7-form-control-wrap\" data-name=\"nome\"><input size=\"40\" maxlength=\"400\" class=\"wpcf7-form-control wpcf7-text wpcf7-validates-as-required\" aria-required=\"true\" aria-invalid=\"false\" placeholder=\"Nombre\" value=\"\" type=\"text\" name=\"nome\" \/><\/span>\n<\/p>\n<p><span class=\"wpcf7-form-control-wrap\" data-name=\"telefonecontacto\"><input size=\"40\" maxlength=\"400\" class=\"wpcf7-form-control wpcf7-tel wpcf7-validates-as-required wpcf7-text wpcf7-validates-as-tel\" aria-required=\"true\" aria-invalid=\"false\" placeholder=\"Tel\u00e9fono\" value=\"\" type=\"tel\" name=\"telefonecontacto\" \/><\/span>\n<\/p>\n<p><span class=\"wpcf7-form-control-wrap\" data-name=\"email\"><input size=\"40\" maxlength=\"400\" class=\"wpcf7-form-control wpcf7-email wpcf7-validates-as-required wpcf7-text wpcf7-validates-as-email\" aria-required=\"true\" aria-invalid=\"false\" placeholder=\"Email\" value=\"\" type=\"email\" name=\"email\" \/><\/span>\n<\/p>\n<p><span class=\"wpcf7-form-control-wrap\" data-name=\"mensagens\"><textarea cols=\"40\" rows=\"10\" maxlength=\"2000\" class=\"wpcf7-form-control wpcf7-textarea\" aria-invalid=\"false\" placeholder=\"Mensaje\" name=\"mensagens\"><\/textarea><\/span>\n<\/p>\n<p style=\"text-align: center;\"><input class=\"wpcf7-form-control wpcf7-submit has-spinner\" type=\"submit\" value=\"Enviar\" \/><img decoding=\"async\" class=\"form-img\" src=\"\/wp-content\/uploads\/2022\/06\/small-circle.png\" style=\"margin-left:-5px;\" \/>\n<\/p><div class=\"wpcf7-response-output\" aria-hidden=\"true\"><\/div>\n<\/form>\n<\/div>\n\n<\/div>\n<\/div><\/div><\/div><\/div><div id=\"pgc-3708-7-2\"  class=\"panel-grid-cell panel-grid-cell-empty\" ><\/div><\/div><\/div>","protected":false},"excerpt":{"rendered":"<p>Fabricaci\u00f3n de envases de cart\u00f3n con alta notoriedad<\/p>\n","protected":false},"author":7,"featured_media":0,"parent":0,"menu_order":6,"comment_status":"closed","ping_status":"closed","template":"templates\/template-full-notitle.php","meta":{"footnotes":""},"class_list":["post-3708","page","type-page","status-publish","hentry","post"],"yoast_head":"<!-- This site is optimized with the Yoast SEO plugin v26.6 - https:\/\/yoast.com\/wordpress\/plugins\/seo\/ -->\n<title>Productos - EST\u00daDIO GR\u00c1FICO 21<\/title>\n<meta name=\"robots\" content=\"index, follow, max-snippet:-1, max-image-preview:large, max-video-preview:-1\" \/>\n<link rel=\"canonical\" href=\"https:\/\/estudiografico21.pt\/es\/productos\/\" \/>\n<meta property=\"og:locale\" content=\"es_ES\" \/>\n<meta property=\"og:type\" content=\"article\" \/>\n<meta property=\"og:title\" content=\"Productos - EST\u00daDIO GR\u00c1FICO 21\" \/>\n<meta property=\"og:description\" content=\"Fabricaci\u00f3n de envases de cart\u00f3n con alta notoriedad\" \/>\n<meta property=\"og:url\" content=\"https:\/\/estudiografico21.pt\/es\/productos\/\" \/>\n<meta property=\"og:site_name\" content=\"EST\u00daDIO GR\u00c1FICO 21\" \/>\n<meta property=\"article:modified_time\" content=\"2023-01-12T16:41:01+00:00\" \/>\n<meta name=\"twitter:label1\" content=\"Tiempo de lectura\" \/>\n\t<meta name=\"twitter:data1\" content=\"1 minuto\" \/>\n<script type=\"application\/ld+json\" class=\"yoast-schema-graph\">{\"@context\":\"https:\/\/schema.org\",\"@graph\":[{\"@type\":\"WebPage\",\"@id\":\"https:\/\/estudiografico21.pt\/es\/productos\/\",\"url\":\"https:\/\/estudiografico21.pt\/es\/productos\/\",\"name\":\"Productos - EST\u00daDIO GR\u00c1FICO 21\",\"isPartOf\":{\"@id\":\"https:\/\/estudiografico21.pt\/#website\"},\"datePublished\":\"2022-11-05T10:20:42+00:00\",\"dateModified\":\"2023-01-12T16:41:01+00:00\",\"breadcrumb\":{\"@id\":\"https:\/\/estudiografico21.pt\/es\/productos\/#breadcrumb\"},\"inLanguage\":\"es\",\"potentialAction\":[{\"@type\":\"ReadAction\",\"target\":[\"https:\/\/estudiografico21.pt\/es\/productos\/\"]}]},{\"@type\":\"BreadcrumbList\",\"@id\":\"https:\/\/estudiografico21.pt\/es\/productos\/#breadcrumb\",\"itemListElement\":[{\"@type\":\"ListItem\",\"position\":1,\"name\":\"Home\",\"item\":\"https:\/\/estudiografico21.pt\/es\/\"},{\"@type\":\"ListItem\",\"position\":2,\"name\":\"Productos\"}]},{\"@type\":\"WebSite\",\"@id\":\"https:\/\/estudiografico21.pt\/#website\",\"url\":\"https:\/\/estudiografico21.pt\/\",\"name\":\"EST\u00daDIO GR\u00c1FICO 21\",\"description\":\"Artes Gr\u00e1ficas\",\"potentialAction\":[{\"@type\":\"SearchAction\",\"target\":{\"@type\":\"EntryPoint\",\"urlTemplate\":\"https:\/\/estudiografico21.pt\/?s={search_term_string}\"},\"query-input\":{\"@type\":\"PropertyValueSpecification\",\"valueRequired\":true,\"valueName\":\"search_term_string\"}}],\"inLanguage\":\"es\"}]}<\/script>\n<!-- \/ Yoast SEO plugin. -->","yoast_head_json":{"title":"Productos - EST\u00daDIO GR\u00c1FICO 21","robots":{"index":"index","follow":"follow","max-snippet":"max-snippet:-1","max-image-preview":"max-image-preview:large","max-video-preview":"max-video-preview:-1"},"canonical":"https:\/\/estudiografico21.pt\/es\/productos\/","og_locale":"es_ES","og_type":"article","og_title":"Productos - EST\u00daDIO GR\u00c1FICO 21","og_description":"Fabricaci\u00f3n de envases de cart\u00f3n con alta notoriedad","og_url":"https:\/\/estudiografico21.pt\/es\/productos\/","og_site_name":"EST\u00daDIO GR\u00c1FICO 21","article_modified_time":"2023-01-12T16:41:01+00:00","twitter_misc":{"Tiempo de lectura":"1 minuto"},"schema":{"@context":"https:\/\/schema.org","@graph":[{"@type":"WebPage","@id":"https:\/\/estudiografico21.pt\/es\/productos\/","url":"https:\/\/estudiografico21.pt\/es\/productos\/","name":"Productos - EST\u00daDIO GR\u00c1FICO 21","isPartOf":{"@id":"https:\/\/estudiografico21.pt\/#website"},"datePublished":"2022-11-05T10:20:42+00:00","dateModified":"2023-01-12T16:41:01+00:00","breadcrumb":{"@id":"https:\/\/estudiografico21.pt\/es\/productos\/#breadcrumb"},"inLanguage":"es","potentialAction":[{"@type":"ReadAction","target":["https:\/\/estudiografico21.pt\/es\/productos\/"]}]},{"@type":"BreadcrumbList","@id":"https:\/\/estudiografico21.pt\/es\/productos\/#breadcrumb","itemListElement":[{"@type":"ListItem","position":1,"name":"Home","item":"https:\/\/estudiografico21.pt\/es\/"},{"@type":"ListItem","position":2,"name":"Productos"}]},{"@type":"WebSite","@id":"https:\/\/estudiografico21.pt\/#website","url":"https:\/\/estudiografico21.pt\/","name":"EST\u00daDIO GR\u00c1FICO 21","description":"Artes Gr\u00e1ficas","potentialAction":[{"@type":"SearchAction","target":{"@type":"EntryPoint","urlTemplate":"https:\/\/estudiografico21.pt\/?s={search_term_string}"},"query-input":{"@type":"PropertyValueSpecification","valueRequired":true,"valueName":"search_term_string"}}],"inLanguage":"es"}]}},"_links":{"self":[{"href":"https:\/\/estudiografico21.pt\/es\/wp-json\/wp\/v2\/pages\/3708","targetHints":{"allow":["GET"]}}],"collection":[{"href":"https:\/\/estudiografico21.pt\/es\/wp-json\/wp\/v2\/pages"}],"about":[{"href":"https:\/\/estudiografico21.pt\/es\/wp-json\/wp\/v2\/types\/page"}],"author":[{"embeddable":true,"href":"https:\/\/estudiografico21.pt\/es\/wp-json\/wp\/v2\/users\/7"}],"replies":[{"embeddable":true,"href":"https:\/\/estudiografico21.pt\/es\/wp-json\/wp\/v2\/comments?post=3708"}],"version-history":[{"count":17,"href":"https:\/\/estudiografico21.pt\/es\/wp-json\/wp\/v2\/pages\/3708\/revisions"}],"predecessor-version":[{"id":5722,"href":"https:\/\/estudiografico21.pt\/es\/wp-json\/wp\/v2\/pages\/3708\/revisions\/5722"}],"wp:attachment":[{"href":"https:\/\/estudiografico21.pt\/es\/wp-json\/wp\/v2\/media?parent=3708"}],"curies":[{"name":"wp","href":"https:\/\/api.w.org\/{rel}","templated":true}]}}