{"id":3693,"date":"2022-11-05T10:12:17","date_gmt":"2022-11-05T10:12:17","guid":{"rendered":"https:\/\/estudiografico21.pt\/?page_id=3693"},"modified":"2023-01-12T18:11:46","modified_gmt":"2023-01-12T18:11:46","slug":"barniz-uv-digital-3d-3","status":"publish","type":"page","link":"https:\/\/estudiografico21.pt\/es\/barniz-uv-digital-3d-3\/","title":{"rendered":"Barniz UV Digital 3D"},"content":{"rendered":"<div id=\"pl-3693\"  class=\"panel-layout\" ><div id=\"pg-3693-0\"  class=\"panel-grid panel-has-style\" ><div id=\"headers\" class=\"panel-row-style panel-row-style-for-3693-0\" ><div id=\"pgc-3693-0-0\"  class=\"panel-grid-cell panel-grid-cell-empty\" ><\/div><div id=\"pgc-3693-0-1\"  class=\"panel-grid-cell panel-grid-cell-mobile-last\" ><div id=\"panel-3693-0-1-0\" class=\"so-panel widget widget_sow-editor panel-first-child panel-last-child\" data-index=\"0\" ><div class=\"panel-widget-style panel-widget-style-for-3693-0-1-0\" ><div\n\t\t\t\n\t\t\tclass=\"so-widget-sow-editor so-widget-sow-editor-base\"\n\t\t\t\n\t\t>\n<div class=\"siteorigin-widget-tinymce textwidget\">\n\t<p>Creaci\u00f3n de efectos y texturas \u00fanicos<br \/>\na un precio accesible<\/p>\n<\/div>\n<\/div><\/div><\/div><\/div><div id=\"pgc-3693-0-2\"  class=\"panel-grid-cell panel-grid-cell-empty\" ><\/div><\/div><\/div><div id=\"pg-3693-1\"  class=\"panel-grid panel-has-style\" ><div style=\"background-color: #ffffff; \" class=\"panel-row-style panel-row-style-for-3693-1\" ><div id=\"pgc-3693-1-0\"  class=\"panel-grid-cell panel-grid-cell-empty\" ><div class=\"panel-cell-style panel-cell-style-for-3693-1-0\" ><\/div><\/div><div id=\"pgc-3693-1-1\"  class=\"panel-grid-cell\" ><div class=\"circle-right panel-cell-style panel-cell-style-for-3693-1-1\" ><div id=\"panel-3693-1-1-0\" class=\"so-panel widget widget_text panel-first-child panel-last-child\" data-index=\"1\" ><div class=\"panel-widget-style panel-widget-style-for-3693-1-1-0\" >\t\t\t<div class=\"textwidget\"><h4>Scodix Ultra-Pro<\/h4>\n<p>Este sistema ha abierto una nueva perspectiva en los procesos y acabados gr\u00e1ficos, con una mayor \u201cdemocratizaci\u00f3n\u201d del barniz UV (localizado y\/o espesado), otorgando a los trabajos impresos una nueva dimensi\u00f3n, con la posibilidad de crear efectos y texturas por un precio asequible. De este modo, la comunicaci\u00f3n visual impresa adquiere una expresi\u00f3n \u00fanica, de gran impacto sensorial, y con una gran proyecci\u00f3n en t\u00e9rminos de valorizaci\u00f3n de la imagen y\/o el mensaje deseado.<\/p>\n<\/div>\n\t\t<\/div><\/div><\/div><\/div><\/div><\/div><div id=\"pg-3693-2\"  class=\"panel-grid panel-has-style\" ><div style=\"background-color: #000000; \" class=\"panel-row-style panel-row-style-for-3693-2\" ><div id=\"pgc-3693-2-0\"  class=\"panel-grid-cell panel-grid-cell-empty\" ><\/div><div id=\"pgc-3693-2-1\"  class=\"panel-grid-cell panel-grid-cell-mobile-last\" ><div id=\"panel-3693-2-1-0\" class=\"so-panel widget widget_sow-editor panel-first-child panel-last-child\" data-index=\"2\" ><div class=\"produtos panel-widget-style panel-widget-style-for-3693-2-1-0\" ><div\n\t\t\t\n\t\t\tclass=\"so-widget-sow-editor so-widget-sow-editor-base\"\n\t\t\t\n\t\t><h3 class=\"widget-title\">Principales ventajas<\/h3>\n<div class=\"siteorigin-widget-tinymce textwidget\">\n\t<\/div>\n<\/div><\/div><\/div><\/div><div id=\"pgc-3693-2-2\"  class=\"panel-grid-cell panel-grid-cell-empty\" ><div class=\"panel-cell-style panel-cell-style-for-3693-2-2\" ><\/div><\/div><\/div><\/div><div id=\"pg-3693-3\"  class=\"panel-grid panel-has-style\" ><div class=\"boxes panel-row-style panel-row-style-for-3693-3\" ><div id=\"pgc-3693-3-0\"  class=\"panel-grid-cell\" ><div class=\"panel-cell-style panel-cell-style-for-3693-3-0\" ><div id=\"panel-3693-3-0-0\" class=\"so-panel widget widget_sow-image panel-first-child panel-last-child\" data-index=\"3\" ><div\n\t\t\t\n\t\t\tclass=\"so-widget-sow-image so-widget-sow-image-default-a258e6bfa2d8-3693\"\n\t\t\t\n\t\t>\n<div class=\"sow-image-container\">\n\t\t<img \n\tsrc=\"https:\/\/estudiografico21.pt\/wp-content\/uploads\/2023\/01\/estudio-grafico-21-print-3d-uv-varnish-inline-stamping-package-44-1.jpg\" width=\"357\" height=\"347\" srcset=\"https:\/\/estudiografico21.pt\/wp-content\/uploads\/2023\/01\/estudio-grafico-21-print-3d-uv-varnish-inline-stamping-package-44-1.jpg 357w, https:\/\/estudiografico21.pt\/wp-content\/uploads\/2023\/01\/estudio-grafico-21-print-3d-uv-varnish-inline-stamping-package-44-1-300x292.jpg 300w\" sizes=\"(max-width: 357px) 100vw, 357px\" title=\"estudio-grafico-21-print-3d-uv-varnish-inline-stamping-package-44\" alt=\"\" \t\tclass=\"so-widget-image\"\/>\n\t<\/div>\n\n<\/div><\/div><\/div><\/div><div id=\"pgc-3693-3-1\"  class=\"panel-grid-cell\" ><div class=\"panel-cell-style panel-cell-style-for-3693-3-1\" ><div id=\"panel-3693-3-1-0\" class=\"so-panel widget widget_text panel-first-child panel-last-child\" data-index=\"4\" ><div class=\"panel-widget-style panel-widget-style-for-3693-3-1-0\" >\t\t\t<div class=\"textwidget\"><p><strong>Problema peque\u00f1o o grande<\/strong><br \/>\nEs digital, por lo que no existen limitaciones de cantidad, de manera que se pueden realizar tiradas peque\u00f1as o grandes.<\/p>\n<p><strong>Sistema de registro avanzado<\/strong><br \/>\nDispone de un sistema de registro avanzado, realizado a partir de un sistema de c\u00e1maras CCD, que permite una lectura hoja por hoja, corrigiendo as\u00ed eventuales desviaciones de impresi\u00f3n.<\/p>\n<\/div>\n\t\t<\/div><\/div><\/div><\/div><div id=\"pgc-3693-3-2\"  class=\"panel-grid-cell\" ><div class=\"panel-cell-style panel-cell-style-for-3693-3-2\" ><div id=\"panel-3693-3-2-0\" class=\"so-panel widget widget_sow-image panel-first-child panel-last-child\" data-index=\"5\" ><div\n\t\t\t\n\t\t\tclass=\"so-widget-sow-image so-widget-sow-image-default-58576722bc06-3693\"\n\t\t\t\n\t\t>\n<div class=\"sow-image-container\">\n\t\t<img \n\tsrc=\"https:\/\/estudiografico21.pt\/wp-content\/uploads\/2022\/05\/Pagina-Verniz-UV-Digital-3D.jpg-3.jpg\" width=\"353\" height=\"348\" srcset=\"https:\/\/estudiografico21.pt\/wp-content\/uploads\/2022\/05\/Pagina-Verniz-UV-Digital-3D.jpg-3.jpg 353w, https:\/\/estudiografico21.pt\/wp-content\/uploads\/2022\/05\/Pagina-Verniz-UV-Digital-3D.jpg-3-300x296.jpg 300w\" sizes=\"(max-width: 353px) 100vw, 353px\" alt=\"\" \t\tclass=\"so-widget-image\"\/>\n\t<\/div>\n\n<\/div><\/div><\/div><\/div><div id=\"pgc-3693-3-3\"  class=\"panel-grid-cell\" ><div class=\"panel-cell-style panel-cell-style-for-3693-3-3\" ><div id=\"panel-3693-3-3-0\" class=\"so-panel widget widget_text panel-first-child panel-last-child\" data-index=\"6\" ><div class=\"panel-widget-style panel-widget-style-for-3693-3-3-0\" >\t\t\t<div class=\"textwidget\"><p><strong>Permite el uso de papel de gramaje variado<\/strong><br \/>\nPermite la utilizaci\u00f3n de papel de diversos gramajes, desde gramajes bajos hasta 700 g, as\u00ed como otros materiales \/ suportes, como por ejemplo, el PVC.<\/p>\n<p><strong>Impresi\u00f3n\u00a0Braille<\/strong><br \/>\nPermite obtener hasta 99 GU (unidades de brillo), el nivel de brillo y transparencia m\u00e1s elevado disponible en este tipo de acabado en materiales impresos.<\/p>\n<\/div>\n\t\t<\/div><\/div><\/div><\/div><\/div><\/div><div id=\"pg-3693-4\"  class=\"panel-grid panel-has-style\" ><div class=\"boxes panel-row-style panel-row-style-for-3693-4\" ><div id=\"pgc-3693-4-0\"  class=\"panel-grid-cell\" ><div class=\"panel-cell-style panel-cell-style-for-3693-4-0\" ><div id=\"panel-3693-4-0-0\" class=\"so-panel widget widget_text panel-first-child panel-last-child\" data-index=\"7\" ><div class=\"panel-widget-style panel-widget-style-for-3693-4-0-0\" >\t\t\t<div class=\"textwidget\"><p><strong>M\u00e1ximo Brillo y transparencia<\/strong><br \/>\nAdmite hasta 250 micrones de altura de pol\u00edmero (nivel considerado para la impresi\u00f3n de Braille), con la posibilidad de densidad variable del 1 al 100%.<\/p>\n<\/div>\n\t\t<\/div><\/div><\/div><\/div><div id=\"pgc-3693-4-1\"  class=\"panel-grid-cell\" ><div class=\"panel-cell-style panel-cell-style-for-3693-4-1\" ><div id=\"panel-3693-4-1-0\" class=\"so-panel widget widget_sow-image panel-first-child panel-last-child\" data-index=\"8\" ><div\n\t\t\t\n\t\t\tclass=\"so-widget-sow-image so-widget-sow-image-default-a258e6bfa2d8-3693\"\n\t\t\t\n\t\t>\n<div class=\"sow-image-container\">\n\t\t<img \n\tsrc=\"https:\/\/estudiografico21.pt\/wp-content\/uploads\/2022\/05\/Pagina-Verniz-UV-Digital-3D.jpg-4.jpg\" width=\"359\" height=\"349\" srcset=\"https:\/\/estudiografico21.pt\/wp-content\/uploads\/2022\/05\/Pagina-Verniz-UV-Digital-3D.jpg-4.jpg 359w, https:\/\/estudiografico21.pt\/wp-content\/uploads\/2022\/05\/Pagina-Verniz-UV-Digital-3D.jpg-4-300x292.jpg 300w\" sizes=\"(max-width: 359px) 100vw, 359px\" alt=\"\" \t\tclass=\"so-widget-image\"\/>\n\t<\/div>\n\n<\/div><\/div><\/div><\/div><div id=\"pgc-3693-4-2\"  class=\"panel-grid-cell\" ><div class=\"panel-cell-style panel-cell-style-for-3693-4-2\" ><div id=\"panel-3693-4-2-0\" class=\"so-panel widget widget_text panel-first-child panel-last-child\" data-index=\"9\" ><div class=\"panel-widget-style panel-widget-style-for-3693-4-2-0\" >\t\t\t<div class=\"textwidget\"><p><strong>Personalizaci\u00f3n<\/strong><br \/>\nPermite la personalizaci\u00f3n con datos variables en barniz.<\/p>\n<\/div>\n\t\t<\/div><\/div><\/div><\/div><div id=\"pgc-3693-4-3\"  class=\"panel-grid-cell\" ><div class=\"panel-cell-style panel-cell-style-for-3693-4-3\" ><div id=\"panel-3693-4-3-0\" class=\"so-panel widget widget_sow-image panel-first-child panel-last-child\" data-index=\"10\" ><div\n\t\t\t\n\t\t\tclass=\"so-widget-sow-image so-widget-sow-image-default-58576722bc06-3693\"\n\t\t\t\n\t\t>\n<div class=\"sow-image-container\">\n\t\t<img \n\tsrc=\"https:\/\/estudiografico21.pt\/wp-content\/uploads\/2022\/05\/Pagina-Verniz-UV-Digital-3D.jpg-5.jpg\" width=\"359\" height=\"346\" srcset=\"https:\/\/estudiografico21.pt\/wp-content\/uploads\/2022\/05\/Pagina-Verniz-UV-Digital-3D.jpg-5.jpg 359w, https:\/\/estudiografico21.pt\/wp-content\/uploads\/2022\/05\/Pagina-Verniz-UV-Digital-3D.jpg-5-300x289.jpg 300w\" sizes=\"(max-width: 359px) 100vw, 359px\" alt=\"\" \t\tclass=\"so-widget-image\"\/>\n\t<\/div>\n\n<\/div><\/div><\/div><\/div><\/div><\/div><div id=\"pg-3693-5\"  class=\"panel-grid panel-has-style\" ><div class=\"panel-row-style panel-row-style-for-3693-5\" ><div id=\"pgc-3693-5-0\"  class=\"panel-grid-cell panel-grid-cell-empty\" ><div class=\"panel-cell-style panel-cell-style-for-3693-5-0\" ><\/div><\/div><\/div><\/div><div id=\"pg-3693-6\"  class=\"panel-grid panel-no-style\" ><div id=\"pgc-3693-6-0\"  class=\"panel-grid-cell panel-grid-cell-empty\" ><\/div><div id=\"pgc-3693-6-1\"  class=\"panel-grid-cell panel-grid-cell-mobile-last\" ><div id=\"panel-3693-6-1-0\" class=\"so-panel widget widget_text panel-first-child\" data-index=\"11\" ><div class=\"titContacte panel-widget-style panel-widget-style-for-3693-6-1-0\" ><h3 class=\"widget-title\">cont\u00e1ctenos<\/h3>\t\t\t<div class=\"textwidget\"><\/div>\n\t\t<\/div><\/div><div id=\"panel-3693-6-1-1\" class=\"so-panel widget widget_sow-editor panel-last-child\" data-index=\"12\" ><div class=\"panel-widget-style panel-widget-style-for-3693-6-1-1\" ><div\n\t\t\t\n\t\t\tclass=\"so-widget-sow-editor so-widget-sow-editor-base\"\n\t\t\t\n\t\t>\n<div class=\"siteorigin-widget-tinymce textwidget\">\n\t\n<div class=\"wpcf7 no-js\" id=\"wpcf7-f3737-o1\" lang=\"pt-PT\" dir=\"ltr\" data-wpcf7-id=\"3737\">\n<div class=\"screen-reader-response\"><p role=\"status\" aria-live=\"polite\" aria-atomic=\"true\"><\/p> <ul><\/ul><\/div>\n<form action=\"\/es\/wp-json\/wp\/v2\/pages\/3693#wpcf7-f3737-o1\" method=\"post\" class=\"wpcf7-form init\" aria-label=\"Formul\u00e1rio de contacto\" novalidate=\"novalidate\" data-status=\"init\">\n<fieldset class=\"hidden-fields-container\"><input type=\"hidden\" name=\"_wpcf7\" value=\"3737\" \/><input type=\"hidden\" name=\"_wpcf7_version\" value=\"6.1.4\" \/><input type=\"hidden\" name=\"_wpcf7_locale\" value=\"pt_PT\" \/><input type=\"hidden\" name=\"_wpcf7_unit_tag\" value=\"wpcf7-f3737-o1\" \/><input type=\"hidden\" name=\"_wpcf7_container_post\" value=\"0\" \/><input type=\"hidden\" name=\"_wpcf7_posted_data_hash\" value=\"\" \/>\n<\/fieldset>\n<p><span class=\"wpcf7-form-control-wrap\" data-name=\"nome\"><input size=\"40\" maxlength=\"400\" class=\"wpcf7-form-control wpcf7-text wpcf7-validates-as-required\" aria-required=\"true\" aria-invalid=\"false\" placeholder=\"Nombre\" value=\"\" type=\"text\" name=\"nome\" \/><\/span>\n<\/p>\n<p><span class=\"wpcf7-form-control-wrap\" data-name=\"telefonecontacto\"><input size=\"40\" maxlength=\"400\" class=\"wpcf7-form-control wpcf7-tel wpcf7-validates-as-required wpcf7-text wpcf7-validates-as-tel\" aria-required=\"true\" aria-invalid=\"false\" placeholder=\"Tel\u00e9fono\" value=\"\" type=\"tel\" name=\"telefonecontacto\" \/><\/span>\n<\/p>\n<p><span class=\"wpcf7-form-control-wrap\" data-name=\"email\"><input size=\"40\" maxlength=\"400\" class=\"wpcf7-form-control wpcf7-email wpcf7-validates-as-required wpcf7-text wpcf7-validates-as-email\" aria-required=\"true\" aria-invalid=\"false\" placeholder=\"Email\" value=\"\" type=\"email\" name=\"email\" \/><\/span>\n<\/p>\n<p><span class=\"wpcf7-form-control-wrap\" data-name=\"mensagens\"><textarea cols=\"40\" rows=\"10\" maxlength=\"2000\" class=\"wpcf7-form-control wpcf7-textarea\" aria-invalid=\"false\" placeholder=\"Mensaje\" name=\"mensagens\"><\/textarea><\/span>\n<\/p>\n<p style=\"text-align: center;\"><input class=\"wpcf7-form-control wpcf7-submit has-spinner\" type=\"submit\" value=\"Enviar\" \/><img decoding=\"async\" class=\"form-img\" src=\"\/wp-content\/uploads\/2022\/06\/small-circle.png\" style=\"margin-left:-5px;\" \/>\n<\/p><div class=\"wpcf7-response-output\" aria-hidden=\"true\"><\/div>\n<\/form>\n<\/div>\n\n<\/div>\n<\/div><\/div><\/div><\/div><div id=\"pgc-3693-6-2\"  class=\"panel-grid-cell panel-grid-cell-empty\" ><\/div><\/div><\/div>","protected":false},"excerpt":{"rendered":"<p>Creaci\u00f3n de efectos y texturas \u00fanicos a un precio accesible Scodix Ultra-Pro Este sistema ha abierto una nueva perspectiva en los procesos y acabados gr\u00e1ficos, con una mayor \u201cdemocratizaci\u00f3n\u201d del barniz UV (localizado y\/o espesado), otorgando a los trabajos impresos una nueva dimensi\u00f3n, con la posibilidad de crear efectos y texturas por un precio asequible. [&hellip;]<\/p>\n","protected":false},"author":7,"featured_media":0,"parent":0,"menu_order":7,"comment_status":"closed","ping_status":"closed","template":"templates\/template-full-notitle.php","meta":{"footnotes":""},"class_list":["post-3693","page","type-page","status-publish","hentry","post"],"yoast_head":"<!-- This site is optimized with the Yoast SEO plugin v26.6 - https:\/\/yoast.com\/wordpress\/plugins\/seo\/ -->\n<title>Barniz UV Digital 3D - EST\u00daDIO GR\u00c1FICO 21<\/title>\n<meta name=\"robots\" content=\"index, follow, max-snippet:-1, max-image-preview:large, max-video-preview:-1\" \/>\n<link rel=\"canonical\" href=\"https:\/\/estudiografico21.pt\/es\/barniz-uv-digital-3d-3\/\" \/>\n<meta property=\"og:locale\" content=\"es_ES\" \/>\n<meta property=\"og:type\" content=\"article\" \/>\n<meta property=\"og:title\" content=\"Barniz UV Digital 3D - EST\u00daDIO GR\u00c1FICO 21\" \/>\n<meta property=\"og:description\" content=\"Creaci\u00f3n de efectos y texturas \u00fanicos a un precio accesible Scodix Ultra-Pro Este sistema ha abierto una nueva perspectiva en los procesos y acabados gr\u00e1ficos, con una mayor \u201cdemocratizaci\u00f3n\u201d del barniz UV (localizado y\/o espesado), otorgando a los trabajos impresos una nueva dimensi\u00f3n, con la posibilidad de crear efectos y texturas por un precio asequible. [&hellip;]\" \/>\n<meta property=\"og:url\" content=\"https:\/\/estudiografico21.pt\/es\/barniz-uv-digital-3d-3\/\" \/>\n<meta property=\"og:site_name\" content=\"EST\u00daDIO GR\u00c1FICO 21\" \/>\n<meta property=\"article:modified_time\" content=\"2023-01-12T18:11:46+00:00\" \/>\n<meta name=\"twitter:label1\" content=\"Tiempo de lectura\" \/>\n\t<meta name=\"twitter:data1\" content=\"2 minutos\" \/>\n<script type=\"application\/ld+json\" class=\"yoast-schema-graph\">{\"@context\":\"https:\/\/schema.org\",\"@graph\":[{\"@type\":\"WebPage\",\"@id\":\"https:\/\/estudiografico21.pt\/es\/barniz-uv-digital-3d-3\/\",\"url\":\"https:\/\/estudiografico21.pt\/es\/barniz-uv-digital-3d-3\/\",\"name\":\"Barniz UV Digital 3D - EST\u00daDIO GR\u00c1FICO 21\",\"isPartOf\":{\"@id\":\"https:\/\/estudiografico21.pt\/#website\"},\"datePublished\":\"2022-11-05T10:12:17+00:00\",\"dateModified\":\"2023-01-12T18:11:46+00:00\",\"breadcrumb\":{\"@id\":\"https:\/\/estudiografico21.pt\/es\/barniz-uv-digital-3d-3\/#breadcrumb\"},\"inLanguage\":\"es\",\"potentialAction\":[{\"@type\":\"ReadAction\",\"target\":[\"https:\/\/estudiografico21.pt\/es\/barniz-uv-digital-3d-3\/\"]}]},{\"@type\":\"BreadcrumbList\",\"@id\":\"https:\/\/estudiografico21.pt\/es\/barniz-uv-digital-3d-3\/#breadcrumb\",\"itemListElement\":[{\"@type\":\"ListItem\",\"position\":1,\"name\":\"Home\",\"item\":\"https:\/\/estudiografico21.pt\/es\/\"},{\"@type\":\"ListItem\",\"position\":2,\"name\":\"Barniz UV Digital 3D\"}]},{\"@type\":\"WebSite\",\"@id\":\"https:\/\/estudiografico21.pt\/#website\",\"url\":\"https:\/\/estudiografico21.pt\/\",\"name\":\"EST\u00daDIO GR\u00c1FICO 21\",\"description\":\"Artes Gr\u00e1ficas\",\"potentialAction\":[{\"@type\":\"SearchAction\",\"target\":{\"@type\":\"EntryPoint\",\"urlTemplate\":\"https:\/\/estudiografico21.pt\/?s={search_term_string}\"},\"query-input\":{\"@type\":\"PropertyValueSpecification\",\"valueRequired\":true,\"valueName\":\"search_term_string\"}}],\"inLanguage\":\"es\"}]}<\/script>\n<!-- \/ Yoast SEO plugin. -->","yoast_head_json":{"title":"Barniz UV Digital 3D - EST\u00daDIO GR\u00c1FICO 21","robots":{"index":"index","follow":"follow","max-snippet":"max-snippet:-1","max-image-preview":"max-image-preview:large","max-video-preview":"max-video-preview:-1"},"canonical":"https:\/\/estudiografico21.pt\/es\/barniz-uv-digital-3d-3\/","og_locale":"es_ES","og_type":"article","og_title":"Barniz UV Digital 3D - EST\u00daDIO GR\u00c1FICO 21","og_description":"Creaci\u00f3n de efectos y texturas \u00fanicos a un precio accesible Scodix Ultra-Pro Este sistema ha abierto una nueva perspectiva en los procesos y acabados gr\u00e1ficos, con una mayor \u201cdemocratizaci\u00f3n\u201d del barniz UV (localizado y\/o espesado), otorgando a los trabajos impresos una nueva dimensi\u00f3n, con la posibilidad de crear efectos y texturas por un precio asequible. [&hellip;]","og_url":"https:\/\/estudiografico21.pt\/es\/barniz-uv-digital-3d-3\/","og_site_name":"EST\u00daDIO GR\u00c1FICO 21","article_modified_time":"2023-01-12T18:11:46+00:00","twitter_misc":{"Tiempo de lectura":"2 minutos"},"schema":{"@context":"https:\/\/schema.org","@graph":[{"@type":"WebPage","@id":"https:\/\/estudiografico21.pt\/es\/barniz-uv-digital-3d-3\/","url":"https:\/\/estudiografico21.pt\/es\/barniz-uv-digital-3d-3\/","name":"Barniz UV Digital 3D - EST\u00daDIO GR\u00c1FICO 21","isPartOf":{"@id":"https:\/\/estudiografico21.pt\/#website"},"datePublished":"2022-11-05T10:12:17+00:00","dateModified":"2023-01-12T18:11:46+00:00","breadcrumb":{"@id":"https:\/\/estudiografico21.pt\/es\/barniz-uv-digital-3d-3\/#breadcrumb"},"inLanguage":"es","potentialAction":[{"@type":"ReadAction","target":["https:\/\/estudiografico21.pt\/es\/barniz-uv-digital-3d-3\/"]}]},{"@type":"BreadcrumbList","@id":"https:\/\/estudiografico21.pt\/es\/barniz-uv-digital-3d-3\/#breadcrumb","itemListElement":[{"@type":"ListItem","position":1,"name":"Home","item":"https:\/\/estudiografico21.pt\/es\/"},{"@type":"ListItem","position":2,"name":"Barniz UV Digital 3D"}]},{"@type":"WebSite","@id":"https:\/\/estudiografico21.pt\/#website","url":"https:\/\/estudiografico21.pt\/","name":"EST\u00daDIO GR\u00c1FICO 21","description":"Artes Gr\u00e1ficas","potentialAction":[{"@type":"SearchAction","target":{"@type":"EntryPoint","urlTemplate":"https:\/\/estudiografico21.pt\/?s={search_term_string}"},"query-input":{"@type":"PropertyValueSpecification","valueRequired":true,"valueName":"search_term_string"}}],"inLanguage":"es"}]}},"_links":{"self":[{"href":"https:\/\/estudiografico21.pt\/es\/wp-json\/wp\/v2\/pages\/3693","targetHints":{"allow":["GET"]}}],"collection":[{"href":"https:\/\/estudiografico21.pt\/es\/wp-json\/wp\/v2\/pages"}],"about":[{"href":"https:\/\/estudiografico21.pt\/es\/wp-json\/wp\/v2\/types\/page"}],"author":[{"embeddable":true,"href":"https:\/\/estudiografico21.pt\/es\/wp-json\/wp\/v2\/users\/7"}],"replies":[{"embeddable":true,"href":"https:\/\/estudiografico21.pt\/es\/wp-json\/wp\/v2\/comments?post=3693"}],"version-history":[{"count":31,"href":"https:\/\/estudiografico21.pt\/es\/wp-json\/wp\/v2\/pages\/3693\/revisions"}],"predecessor-version":[{"id":5760,"href":"https:\/\/estudiografico21.pt\/es\/wp-json\/wp\/v2\/pages\/3693\/revisions\/5760"}],"wp:attachment":[{"href":"https:\/\/estudiografico21.pt\/es\/wp-json\/wp\/v2\/media?parent=3693"}],"curies":[{"name":"wp","href":"https:\/\/api.w.org\/{rel}","templated":true}]}}