{"id":3580,"date":"2022-10-29T14:15:28","date_gmt":"2022-10-29T14:15:28","guid":{"rendered":"https:\/\/estudiografico21.pt\/?page_id=3580"},"modified":"2023-01-11T16:12:39","modified_gmt":"2023-01-11T16:12:39","slug":"estampacion-en-frio-en-linea","status":"publish","type":"page","link":"https:\/\/estudiografico21.pt\/es\/estampacion-en-frio-en-linea\/","title":{"rendered":"Estampaci\u00f3n en fr\u00edo en l\u00ednea"},"content":{"rendered":"<div id=\"pl-3580\"  class=\"panel-layout\" ><div id=\"pg-3580-0\"  class=\"panel-grid panel-has-style\" ><div id=\"headers\" class=\"panel-row-style panel-row-style-for-3580-0\" ><div id=\"pgc-3580-0-0\"  class=\"panel-grid-cell panel-grid-cell-empty\" ><\/div><div id=\"pgc-3580-0-1\"  class=\"panel-grid-cell panel-grid-cell-mobile-last\" ><div id=\"panel-3580-0-1-0\" class=\"so-panel widget widget_sow-editor panel-first-child panel-last-child\" data-index=\"0\" ><div class=\"panel-widget-style panel-widget-style-for-3580-0-1-0\" ><div\n\t\t\t\n\t\t\tclass=\"so-widget-sow-editor so-widget-sow-editor-base\"\n\t\t\t\n\t\t>\n<div class=\"siteorigin-widget-tinymce textwidget\">\n\t<p>La estampaci\u00f3n en fr\u00edo en l\u00ednea permite una gama ilimitada<br \/>\nde contrastes y colores met\u00e1licos<\/p>\n<\/div>\n<\/div><\/div><\/div><\/div><div id=\"pgc-3580-0-2\"  class=\"panel-grid-cell panel-grid-cell-empty\" ><\/div><\/div><\/div><div id=\"pg-3580-1\"  class=\"panel-grid panel-has-style\" ><div class=\"lnIntro panel-row-style panel-row-style-for-3580-1\" ><div id=\"pgc-3580-1-0\"  class=\"panel-grid-cell panel-grid-cell-empty\" ><div class=\"panel-cell-style panel-cell-style-for-3580-1-0\" ><\/div><\/div><div id=\"pgc-3580-1-1\"  class=\"panel-grid-cell panel-grid-cell-mobile-last\" ><div id=\"panel-3580-1-1-0\" class=\"so-panel widget widget_sow-editor panel-first-child panel-last-child\" data-index=\"1\" ><div class=\"grafica panel-widget-style panel-widget-style-for-3580-1-1-0\" ><div\n\t\t\t\n\t\t\tclass=\"so-widget-sow-editor so-widget-sow-editor-base\"\n\t\t\t\n\t\t>\n<div class=\"siteorigin-widget-tinymce textwidget\">\n\t<h4>Est\u00fadio Gr\u00e1fico 21 es la \u00fanica imprenta en Portugal que cuenta con un sistema de estampaci\u00f3n en fr\u00edo en l\u00ednea en una m\u00e1quina offset.<\/h4>\n<p>Una de las ventajas de la estampaci\u00f3n en fr\u00edo es que se realiza en l\u00ednea en una m\u00e1quina offset, lo que permite un abanico ilimitado de contrastes y colores met\u00e1licos. Su flexibilidad la ha convertido en una herramienta \u00fanica para la creaci\u00f3n de efectos estampados, tanto en grandes superficies de impresi\u00f3n como en la creaci\u00f3n de detalles. La estampaci\u00f3n en fr\u00edo se puede utilizar tanto en peque\u00f1as como en grandes tiradas.<\/p>\n<\/div>\n<\/div><\/div><\/div><\/div><div id=\"pgc-3580-1-2\"  class=\"panel-grid-cell panel-grid-cell-empty\" ><\/div><\/div><\/div><div id=\"pg-3580-2\"  class=\"panel-grid panel-has-style\" ><div class=\"ln panel-row-style panel-row-style-for-3580-2\" ><div id=\"pgc-3580-2-0\"  class=\"panel-grid-cell panel-grid-cell-empty\" ><div class=\"colImg panel-cell-style panel-cell-style-for-3580-2-0\" ><\/div><\/div><div id=\"pgc-3580-2-1\"  class=\"panel-grid-cell\" ><div class=\"colTxt panel-cell-style panel-cell-style-for-3580-2-1\" ><div id=\"panel-3580-2-1-0\" class=\"so-panel widget widget_text panel-first-child panel-last-child\" data-index=\"2\" ><div class=\"panel-widget-style panel-widget-style-for-3580-2-1-0\" >\t\t\t<div class=\"textwidget\"><p>La estampaci\u00f3n en fr\u00edo en l\u00ednea en equipos offset permite realizar el trabajo (estampaci\u00f3n + impresi\u00f3n) de forma m\u00e1s r\u00e1pida y precisa, en una solo pase de m\u00e1quina. El uso de este m\u00e9todo de impresi\u00f3n nos permite obtener envases y productos gr\u00e1ficos metalizados realmente impactantes, contribuyendo as\u00ed a la valorizaci\u00f3n de las marcas y los productos de nuestros clientes. <\/p>\n<p>Por lo tanto, la estampaci\u00f3n en fr\u00edo es un proceso de impresi\u00f3n que permite que nuestros clientes, independientemente de su tama\u00f1o, adquieran prestigio y visibilidad para sus productos con un \u00abpackaging\u00bb diferenciador.<\/p>\n<\/div>\n\t\t<\/div><\/div><\/div><\/div><\/div><\/div><div id=\"pg-3580-3\"  class=\"panel-grid panel-no-style\" ><div id=\"pgc-3580-3-0\"  class=\"panel-grid-cell panel-grid-cell-empty\" ><\/div><div id=\"pgc-3580-3-1\"  class=\"panel-grid-cell panel-grid-cell-mobile-last\" ><div id=\"panel-3580-3-1-0\" class=\"so-panel widget widget_text panel-first-child panel-last-child\" data-index=\"3\" ><div class=\"panel-widget-style panel-widget-style-for-3580-3-1-0\" >\t\t\t<div class=\"textwidget\"><p><strong>Los efectos met\u00e1licos est\u00e1n cada vez m\u00e1s de moda y se encuentran en revistas, libros, publicaciones, envases, etiquetas, folletos y otras numerosas aplicaciones gr\u00e1ficas que, debido a su elevado impacto visual, captan la atenci\u00f3n de los consumidores.\u2028<\/strong><\/p>\n<p>La impresi\u00f3n mediante estampaci\u00f3n en fr\u00edo es dif\u00edcil de falsificar e imposible de copiar, por lo que ofrece una protecci\u00f3n adicional contra la falsificaci\u00f3n.<\/p>\n<p>&nbsp;<\/p>\n<p>&nbsp;<\/p>\n<\/div>\n\t\t<\/div><\/div><\/div><div id=\"pgc-3580-3-2\"  class=\"panel-grid-cell panel-grid-cell-empty\" ><\/div><\/div><div id=\"pg-3580-4\"  class=\"panel-grid panel-no-style\" ><div id=\"pgc-3580-4-0\"  class=\"panel-grid-cell\" ><div id=\"panel-3580-4-0-0\" class=\"so-panel widget widget_sow-image panel-first-child panel-last-child\" data-index=\"4\" ><div\n\t\t\t\n\t\t\tclass=\"so-widget-sow-image so-widget-sow-image-default-e4c2d9f6c920-3580\"\n\t\t\t\n\t\t>\n<div class=\"sow-image-container\">\n\t\t<img \n\tsrc=\"https:\/\/estudiografico21.pt\/wp-content\/uploads\/2023\/01\/package-estudio-grafico-21-print-3d-uv-varnish-inline-stamping-13.jpg\" width=\"2100\" height=\"1025\" srcset=\"https:\/\/estudiografico21.pt\/wp-content\/uploads\/2023\/01\/package-estudio-grafico-21-print-3d-uv-varnish-inline-stamping-13.jpg 2100w, https:\/\/estudiografico21.pt\/wp-content\/uploads\/2023\/01\/package-estudio-grafico-21-print-3d-uv-varnish-inline-stamping-13-300x146.jpg 300w, https:\/\/estudiografico21.pt\/wp-content\/uploads\/2023\/01\/package-estudio-grafico-21-print-3d-uv-varnish-inline-stamping-13-1080x527.jpg 1080w, https:\/\/estudiografico21.pt\/wp-content\/uploads\/2023\/01\/package-estudio-grafico-21-print-3d-uv-varnish-inline-stamping-13-768x375.jpg 768w, https:\/\/estudiografico21.pt\/wp-content\/uploads\/2023\/01\/package-estudio-grafico-21-print-3d-uv-varnish-inline-stamping-13-1536x750.jpg 1536w, https:\/\/estudiografico21.pt\/wp-content\/uploads\/2023\/01\/package-estudio-grafico-21-print-3d-uv-varnish-inline-stamping-13-2048x1000.jpg 2048w\" sizes=\"(max-width: 2100px) 100vw, 2100px\" title=\"package-estudio-grafico-21-print-3d-uv-varnish-inline-stamping-13\" alt=\"\" \t\tclass=\"so-widget-image\"\/>\n\t<\/div>\n\n<\/div><\/div><\/div><\/div><div id=\"pg-3580-5\"  class=\"panel-grid panel-has-style\" ><div style=\"background-color: #0a0a0a; \" class=\"panel-row-style panel-row-style-for-3580-5\" ><div id=\"pgc-3580-5-0\"  class=\"panel-grid-cell panel-grid-cell-empty\" ><\/div><div id=\"pgc-3580-5-1\"  class=\"panel-grid-cell panel-grid-cell-mobile-last\" ><div id=\"panel-3580-5-1-0\" class=\"so-panel widget widget_sow-editor panel-first-child panel-last-child\" data-index=\"5\" ><div class=\"clients panel-widget-style panel-widget-style-for-3580-5-1-0\" ><div\n\t\t\t\n\t\t\tclass=\"so-widget-sow-editor so-widget-sow-editor-base\"\n\t\t\t\n\t\t><h3 class=\"widget-title\">C\u00f3mo funciona la estampaci\u00f3n en fr\u00edo en l\u00ednea<\/h3>\n<div class=\"siteorigin-widget-tinymce textwidget\">\n\t<p>La m\u00e1quina de impresi\u00f3n offset funciona con 7 cuerpos distintos:<\/p>\n<p>\u2022 En la primera torre se aplica la tinta adhesiva (cola) con la plancha de offset convencional, donde la cola se imprime con la m\u00e1xima precisi\u00f3n sobre la hoja de papel;<\/p>\n<p>\u2022 En la segunda torre la l\u00e1mina met\u00e1lica \u00fanicamente se adhiere al papel en la capa donde se aplic\u00f3 la tinta adhesiva;<\/p>\n<p>\u2022 De la tercera a la sexta torre comienza la impresi\u00f3n offset en selecci\u00f3n de colores, que se realiza sobre la zona estampada (overprint) y sobre la zona blanca del papel;<\/p>\n<p>\u2022 Finalmente, en la s\u00e9ptima torre, se aplica un barniz especial que protege toda la superficie de impresi\u00f3n (con o sin estampaci\u00f3n).<\/p>\n<\/div>\n<\/div><\/div><\/div><\/div><div id=\"pgc-3580-5-2\"  class=\"panel-grid-cell panel-grid-cell-empty\" ><\/div><\/div><\/div><div id=\"pg-3580-6\"  class=\"panel-grid panel-has-style\" ><div class=\"panel-row-style panel-row-style-for-3580-6\" ><div id=\"pgc-3580-6-0\"  class=\"panel-grid-cell panel-grid-cell-empty\" ><div class=\"panel-cell-style panel-cell-style-for-3580-6-0\" ><\/div><\/div><\/div><\/div><div id=\"pg-3580-7\"  class=\"panel-grid panel-no-style\" ><div id=\"pgc-3580-7-0\"  class=\"panel-grid-cell panel-grid-cell-empty\" ><\/div><div id=\"pgc-3580-7-1\"  class=\"panel-grid-cell panel-grid-cell-mobile-last\" ><div id=\"panel-3580-7-1-0\" class=\"so-panel widget widget_text panel-first-child\" data-index=\"6\" ><div class=\"titContacte panel-widget-style panel-widget-style-for-3580-7-1-0\" ><h3 class=\"widget-title\">cont\u00e1ctenos<\/h3>\t\t\t<div class=\"textwidget\"><\/div>\n\t\t<\/div><\/div><div id=\"panel-3580-7-1-1\" class=\"so-panel widget widget_sow-editor panel-last-child\" data-index=\"7\" ><div class=\"panel-widget-style panel-widget-style-for-3580-7-1-1\" ><div\n\t\t\t\n\t\t\tclass=\"so-widget-sow-editor so-widget-sow-editor-base\"\n\t\t\t\n\t\t>\n<div class=\"siteorigin-widget-tinymce textwidget\">\n\t\n<div class=\"wpcf7 no-js\" id=\"wpcf7-f3737-o1\" lang=\"pt-PT\" dir=\"ltr\" data-wpcf7-id=\"3737\">\n<div class=\"screen-reader-response\"><p role=\"status\" aria-live=\"polite\" aria-atomic=\"true\"><\/p> <ul><\/ul><\/div>\n<form action=\"\/es\/wp-json\/wp\/v2\/pages\/3580#wpcf7-f3737-o1\" method=\"post\" class=\"wpcf7-form init\" aria-label=\"Formul\u00e1rio de contacto\" novalidate=\"novalidate\" data-status=\"init\">\n<fieldset class=\"hidden-fields-container\"><input type=\"hidden\" name=\"_wpcf7\" value=\"3737\" \/><input type=\"hidden\" name=\"_wpcf7_version\" value=\"6.1.4\" \/><input type=\"hidden\" name=\"_wpcf7_locale\" value=\"pt_PT\" \/><input type=\"hidden\" name=\"_wpcf7_unit_tag\" value=\"wpcf7-f3737-o1\" \/><input type=\"hidden\" name=\"_wpcf7_container_post\" value=\"0\" \/><input type=\"hidden\" name=\"_wpcf7_posted_data_hash\" value=\"\" \/>\n<\/fieldset>\n<p><span class=\"wpcf7-form-control-wrap\" data-name=\"nome\"><input size=\"40\" maxlength=\"400\" class=\"wpcf7-form-control wpcf7-text wpcf7-validates-as-required\" aria-required=\"true\" aria-invalid=\"false\" placeholder=\"Nombre\" value=\"\" type=\"text\" name=\"nome\" \/><\/span>\n<\/p>\n<p><span class=\"wpcf7-form-control-wrap\" data-name=\"telefonecontacto\"><input size=\"40\" maxlength=\"400\" class=\"wpcf7-form-control wpcf7-tel wpcf7-validates-as-required wpcf7-text wpcf7-validates-as-tel\" aria-required=\"true\" aria-invalid=\"false\" placeholder=\"Tel\u00e9fono\" value=\"\" type=\"tel\" name=\"telefonecontacto\" \/><\/span>\n<\/p>\n<p><span class=\"wpcf7-form-control-wrap\" data-name=\"email\"><input size=\"40\" maxlength=\"400\" class=\"wpcf7-form-control wpcf7-email wpcf7-validates-as-required wpcf7-text wpcf7-validates-as-email\" aria-required=\"true\" aria-invalid=\"false\" placeholder=\"Email\" value=\"\" type=\"email\" name=\"email\" \/><\/span>\n<\/p>\n<p><span class=\"wpcf7-form-control-wrap\" data-name=\"mensagens\"><textarea cols=\"40\" rows=\"10\" maxlength=\"2000\" class=\"wpcf7-form-control wpcf7-textarea\" aria-invalid=\"false\" placeholder=\"Mensaje\" name=\"mensagens\"><\/textarea><\/span>\n<\/p>\n<p style=\"text-align: center;\"><input class=\"wpcf7-form-control wpcf7-submit has-spinner\" type=\"submit\" value=\"Enviar\" \/><img decoding=\"async\" class=\"form-img\" src=\"\/wp-content\/uploads\/2022\/06\/small-circle.png\" style=\"margin-left:-5px;\" \/>\n<\/p><div class=\"wpcf7-response-output\" aria-hidden=\"true\"><\/div>\n<\/form>\n<\/div>\n\n<\/div>\n<\/div><\/div><\/div><\/div><div id=\"pgc-3580-7-2\"  class=\"panel-grid-cell panel-grid-cell-empty\" ><\/div><\/div><\/div>","protected":false},"excerpt":{"rendered":"<p>La estampaci\u00f3n en fr\u00edo en l\u00ednea permite una gama ilimitada de contrastes y colores met\u00e1licos Est\u00fadio Gr\u00e1fico 21 es la \u00fanica imprenta en Portugal que cuenta con un sistema de estampaci\u00f3n en fr\u00edo en l\u00ednea en una m\u00e1quina offset. Una de las ventajas de la estampaci\u00f3n en fr\u00edo es que se realiza en l\u00ednea en [&hellip;]<\/p>\n","protected":false},"author":7,"featured_media":0,"parent":0,"menu_order":4,"comment_status":"closed","ping_status":"closed","template":"templates\/template-full-notitle.php","meta":{"footnotes":""},"class_list":["post-3580","page","type-page","status-publish","hentry","post"],"yoast_head":"<!-- This site is optimized with the Yoast SEO plugin v26.6 - https:\/\/yoast.com\/wordpress\/plugins\/seo\/ -->\n<title>Estampaci\u00f3n en fr\u00edo en l\u00ednea - EST\u00daDIO GR\u00c1FICO 21<\/title>\n<meta name=\"robots\" content=\"index, follow, max-snippet:-1, max-image-preview:large, max-video-preview:-1\" \/>\n<link rel=\"canonical\" href=\"https:\/\/estudiografico21.pt\/es\/estampacion-en-frio-en-linea\/\" \/>\n<meta property=\"og:locale\" content=\"es_ES\" \/>\n<meta property=\"og:type\" content=\"article\" \/>\n<meta property=\"og:title\" content=\"Estampaci\u00f3n en fr\u00edo en l\u00ednea - EST\u00daDIO GR\u00c1FICO 21\" \/>\n<meta property=\"og:description\" content=\"La estampaci\u00f3n en fr\u00edo en l\u00ednea permite una gama ilimitada de contrastes y colores met\u00e1licos Est\u00fadio Gr\u00e1fico 21 es la \u00fanica imprenta en Portugal que cuenta con un sistema de estampaci\u00f3n en fr\u00edo en l\u00ednea en una m\u00e1quina offset. Una de las ventajas de la estampaci\u00f3n en fr\u00edo es que se realiza en l\u00ednea en [&hellip;]\" \/>\n<meta property=\"og:url\" content=\"https:\/\/estudiografico21.pt\/es\/estampacion-en-frio-en-linea\/\" \/>\n<meta property=\"og:site_name\" content=\"EST\u00daDIO GR\u00c1FICO 21\" \/>\n<meta property=\"article:modified_time\" content=\"2023-01-11T16:12:39+00:00\" \/>\n<meta name=\"twitter:label1\" content=\"Tiempo de lectura\" \/>\n\t<meta name=\"twitter:data1\" content=\"3 minutos\" \/>\n<script type=\"application\/ld+json\" class=\"yoast-schema-graph\">{\"@context\":\"https:\/\/schema.org\",\"@graph\":[{\"@type\":\"WebPage\",\"@id\":\"https:\/\/estudiografico21.pt\/es\/estampacion-en-frio-en-linea\/\",\"url\":\"https:\/\/estudiografico21.pt\/es\/estampacion-en-frio-en-linea\/\",\"name\":\"Estampaci\u00f3n en fr\u00edo en l\u00ednea - EST\u00daDIO GR\u00c1FICO 21\",\"isPartOf\":{\"@id\":\"https:\/\/estudiografico21.pt\/#website\"},\"datePublished\":\"2022-10-29T14:15:28+00:00\",\"dateModified\":\"2023-01-11T16:12:39+00:00\",\"breadcrumb\":{\"@id\":\"https:\/\/estudiografico21.pt\/es\/estampacion-en-frio-en-linea\/#breadcrumb\"},\"inLanguage\":\"es\",\"potentialAction\":[{\"@type\":\"ReadAction\",\"target\":[\"https:\/\/estudiografico21.pt\/es\/estampacion-en-frio-en-linea\/\"]}]},{\"@type\":\"BreadcrumbList\",\"@id\":\"https:\/\/estudiografico21.pt\/es\/estampacion-en-frio-en-linea\/#breadcrumb\",\"itemListElement\":[{\"@type\":\"ListItem\",\"position\":1,\"name\":\"Home\",\"item\":\"https:\/\/estudiografico21.pt\/es\/\"},{\"@type\":\"ListItem\",\"position\":2,\"name\":\"Estampaci\u00f3n en fr\u00edo en l\u00ednea\"}]},{\"@type\":\"WebSite\",\"@id\":\"https:\/\/estudiografico21.pt\/#website\",\"url\":\"https:\/\/estudiografico21.pt\/\",\"name\":\"EST\u00daDIO GR\u00c1FICO 21\",\"description\":\"Artes Gr\u00e1ficas\",\"potentialAction\":[{\"@type\":\"SearchAction\",\"target\":{\"@type\":\"EntryPoint\",\"urlTemplate\":\"https:\/\/estudiografico21.pt\/?s={search_term_string}\"},\"query-input\":{\"@type\":\"PropertyValueSpecification\",\"valueRequired\":true,\"valueName\":\"search_term_string\"}}],\"inLanguage\":\"es\"}]}<\/script>\n<!-- \/ Yoast SEO plugin. -->","yoast_head_json":{"title":"Estampaci\u00f3n en fr\u00edo en l\u00ednea - EST\u00daDIO GR\u00c1FICO 21","robots":{"index":"index","follow":"follow","max-snippet":"max-snippet:-1","max-image-preview":"max-image-preview:large","max-video-preview":"max-video-preview:-1"},"canonical":"https:\/\/estudiografico21.pt\/es\/estampacion-en-frio-en-linea\/","og_locale":"es_ES","og_type":"article","og_title":"Estampaci\u00f3n en fr\u00edo en l\u00ednea - EST\u00daDIO GR\u00c1FICO 21","og_description":"La estampaci\u00f3n en fr\u00edo en l\u00ednea permite una gama ilimitada de contrastes y colores met\u00e1licos Est\u00fadio Gr\u00e1fico 21 es la \u00fanica imprenta en Portugal que cuenta con un sistema de estampaci\u00f3n en fr\u00edo en l\u00ednea en una m\u00e1quina offset. Una de las ventajas de la estampaci\u00f3n en fr\u00edo es que se realiza en l\u00ednea en [&hellip;]","og_url":"https:\/\/estudiografico21.pt\/es\/estampacion-en-frio-en-linea\/","og_site_name":"EST\u00daDIO GR\u00c1FICO 21","article_modified_time":"2023-01-11T16:12:39+00:00","twitter_misc":{"Tiempo de lectura":"3 minutos"},"schema":{"@context":"https:\/\/schema.org","@graph":[{"@type":"WebPage","@id":"https:\/\/estudiografico21.pt\/es\/estampacion-en-frio-en-linea\/","url":"https:\/\/estudiografico21.pt\/es\/estampacion-en-frio-en-linea\/","name":"Estampaci\u00f3n en fr\u00edo en l\u00ednea - EST\u00daDIO GR\u00c1FICO 21","isPartOf":{"@id":"https:\/\/estudiografico21.pt\/#website"},"datePublished":"2022-10-29T14:15:28+00:00","dateModified":"2023-01-11T16:12:39+00:00","breadcrumb":{"@id":"https:\/\/estudiografico21.pt\/es\/estampacion-en-frio-en-linea\/#breadcrumb"},"inLanguage":"es","potentialAction":[{"@type":"ReadAction","target":["https:\/\/estudiografico21.pt\/es\/estampacion-en-frio-en-linea\/"]}]},{"@type":"BreadcrumbList","@id":"https:\/\/estudiografico21.pt\/es\/estampacion-en-frio-en-linea\/#breadcrumb","itemListElement":[{"@type":"ListItem","position":1,"name":"Home","item":"https:\/\/estudiografico21.pt\/es\/"},{"@type":"ListItem","position":2,"name":"Estampaci\u00f3n en fr\u00edo en l\u00ednea"}]},{"@type":"WebSite","@id":"https:\/\/estudiografico21.pt\/#website","url":"https:\/\/estudiografico21.pt\/","name":"EST\u00daDIO GR\u00c1FICO 21","description":"Artes Gr\u00e1ficas","potentialAction":[{"@type":"SearchAction","target":{"@type":"EntryPoint","urlTemplate":"https:\/\/estudiografico21.pt\/?s={search_term_string}"},"query-input":{"@type":"PropertyValueSpecification","valueRequired":true,"valueName":"search_term_string"}}],"inLanguage":"es"}]}},"_links":{"self":[{"href":"https:\/\/estudiografico21.pt\/es\/wp-json\/wp\/v2\/pages\/3580","targetHints":{"allow":["GET"]}}],"collection":[{"href":"https:\/\/estudiografico21.pt\/es\/wp-json\/wp\/v2\/pages"}],"about":[{"href":"https:\/\/estudiografico21.pt\/es\/wp-json\/wp\/v2\/types\/page"}],"author":[{"embeddable":true,"href":"https:\/\/estudiografico21.pt\/es\/wp-json\/wp\/v2\/users\/7"}],"replies":[{"embeddable":true,"href":"https:\/\/estudiografico21.pt\/es\/wp-json\/wp\/v2\/comments?post=3580"}],"version-history":[{"count":21,"href":"https:\/\/estudiografico21.pt\/es\/wp-json\/wp\/v2\/pages\/3580\/revisions"}],"predecessor-version":[{"id":5485,"href":"https:\/\/estudiografico21.pt\/es\/wp-json\/wp\/v2\/pages\/3580\/revisions\/5485"}],"wp:attachment":[{"href":"https:\/\/estudiografico21.pt\/es\/wp-json\/wp\/v2\/media?parent=3580"}],"curies":[{"name":"wp","href":"https:\/\/api.w.org\/{rel}","templated":true}]}}