{"id":3549,"date":"2022-10-29T13:55:07","date_gmt":"2022-10-29T13:55:07","guid":{"rendered":"https:\/\/estudiografico21.pt\/?page_id=3549"},"modified":"2023-01-11T17:16:08","modified_gmt":"2023-01-11T17:16:08","slug":"quienes-somos","status":"publish","type":"page","link":"https:\/\/estudiografico21.pt\/es\/quienes-somos\/","title":{"rendered":"Qui\u00e9nes somos"},"content":{"rendered":"<div id=\"pl-3549\"  class=\"panel-layout\" ><div id=\"pg-3549-0\"  class=\"panel-grid panel-has-style\" ><div id=\"headers\" class=\"panel-row-style panel-row-style-for-3549-0\" ><div id=\"pgc-3549-0-0\"  class=\"panel-grid-cell panel-grid-cell-empty\" ><\/div><div id=\"pgc-3549-0-1\"  class=\"panel-grid-cell panel-grid-cell-mobile-last\" ><div id=\"panel-3549-0-1-0\" class=\"so-panel widget widget_sow-editor panel-first-child panel-last-child\" data-index=\"0\" ><div class=\"panel-widget-style panel-widget-style-for-3549-0-1-0\" ><div\n\t\t\t\n\t\t\tclass=\"so-widget-sow-editor so-widget-sow-editor-base\"\n\t\t\t\n\t\t>\n<div class=\"siteorigin-widget-tinymce textwidget\">\n\t<p>La calidad es nuestra prioridad<\/p>\n<\/div>\n<\/div><\/div><\/div><\/div><div id=\"pgc-3549-0-2\"  class=\"panel-grid-cell panel-grid-cell-empty\" ><\/div><\/div><\/div><div id=\"pg-3549-1\"  class=\"panel-grid panel-has-style\" ><div class=\"lnIntro panel-row-style panel-row-style-for-3549-1\" ><div id=\"pgc-3549-1-0\"  class=\"panel-grid-cell panel-grid-cell-empty\" ><div class=\"panel-cell-style panel-cell-style-for-3549-1-0\" ><\/div><\/div><div id=\"pgc-3549-1-1\"  class=\"panel-grid-cell panel-grid-cell-mobile-last\" ><div id=\"panel-3549-1-1-0\" class=\"so-panel widget widget_sow-editor panel-first-child panel-last-child\" data-index=\"1\" ><div class=\"quem-somos panel-widget-style panel-widget-style-for-3549-1-1-0\" ><div\n\t\t\t\n\t\t\tclass=\"so-widget-sow-editor so-widget-sow-editor-base\"\n\t\t\t\n\t\t><h3 class=\"widget-title\">Qui\u00e9nes somos<\/h3>\n<div class=\"siteorigin-widget-tinymce textwidget\">\n\t<p><strong>Est\u00fadio Gr\u00e1fico 21 es una empresa de artes gr\u00e1ficas especializada en la fabricaci\u00f3n de envases de cart\u00f3n y la impresi\u00f3n de peque\u00f1o y mediano formato. Cuenta con equipos y empleados que le permiten ofrecer un servicio completo desde la preimpresi\u00f3n hasta el acabado final.<br \/>\n<\/strong><\/p>\n<p>Nuestras prioridades son la calidad y el cumplimiento de los plazos. Para lograrlo, mantenemos una pol\u00edtica continua de inversi\u00f3n en tecnolog\u00eda y actualizaci\u00f3n de los procesos de producci\u00f3n, as\u00ed como de formaci\u00f3n de nuestros empleados.<\/p>\n<p>Nuestro objetivo es crear colaboraciones duraderas con nuestros clientes proporcionando un servicio innovador y que marca la diferencia.<\/p>\n<\/div>\n<\/div><\/div><\/div><\/div><div id=\"pgc-3549-1-2\"  class=\"panel-grid-cell panel-grid-cell-empty\" ><\/div><\/div><\/div><div id=\"pg-3549-2\"  class=\"panel-grid panel-has-style\" ><div class=\"ln panel-row-style panel-row-style-for-3549-2\" ><div id=\"pgc-3549-2-0\"  class=\"panel-grid-cell panel-grid-cell-empty\" ><div class=\"colImg panel-cell-style panel-cell-style-for-3549-2-0\" ><\/div><\/div><div id=\"pgc-3549-2-1\"  class=\"panel-grid-cell\" ><div class=\"colTxt panel-cell-style panel-cell-style-for-3549-2-1\" ><div id=\"panel-3549-2-1-0\" class=\"so-panel widget widget_text panel-first-child panel-last-child\" data-index=\"2\" ><div class=\"panel-widget-style panel-widget-style-for-3549-2-1-0\" ><h3 class=\"widget-title\">Visi\u00f3n<\/h3>\t\t\t<div class=\"textwidget\"><p class=\"p1\">Ser reconocida por los clientes como una de las mejores empresas del sector gr\u00e1fico.<span class=\"Apple-converted-space\">\u00a0<\/span><\/p>\n<\/div>\n\t\t<\/div><\/div><\/div><\/div><\/div><\/div><div id=\"pg-3549-3\"  class=\"panel-grid panel-has-style\" ><div class=\"ln panel-row-style panel-row-style-for-3549-3\" ><div id=\"pgc-3549-3-0\"  class=\"panel-grid-cell panel-grid-cell-mobile-last\" ><div class=\"colTxt panel-cell-style panel-cell-style-for-3549-3-0\" ><div id=\"panel-3549-3-0-0\" class=\"so-panel widget widget_text panel-first-child panel-last-child\" data-index=\"3\" ><div class=\"panel-widget-style panel-widget-style-for-3549-3-0-0\" ><h3 class=\"widget-title\">Valores<\/h3>\t\t\t<div class=\"textwidget\"><ul>\n<li>Integridad<\/li>\n<li>Centrarse en el cliente<\/li>\n<li>Valorar a las personas<\/li>\n<li>Respeto por el medio ambiente<\/li>\n<li>Inter\u00e9s por innovar<\/li>\n<\/ul>\n<\/div>\n\t\t<\/div><\/div><\/div><\/div><div id=\"pgc-3549-3-1\"  class=\"panel-grid-cell panel-grid-cell-empty\" ><div class=\"colImg panel-cell-style panel-cell-style-for-3549-3-1\" ><\/div><\/div><\/div><\/div><div id=\"pg-3549-4\"  class=\"panel-grid panel-has-style\" ><div class=\"ln panel-row-style panel-row-style-for-3549-4\" ><div id=\"pgc-3549-4-0\"  class=\"panel-grid-cell panel-grid-cell-empty\" ><div class=\"colImg panel-cell-style panel-cell-style-for-3549-4-0\" ><\/div><\/div><div id=\"pgc-3549-4-1\"  class=\"panel-grid-cell\" ><div class=\"colTxt panel-cell-style panel-cell-style-for-3549-4-1\" ><div id=\"panel-3549-4-1-0\" class=\"so-panel widget widget_text panel-first-child panel-last-child\" data-index=\"4\" ><div class=\"panel-widget-style panel-widget-style-for-3549-4-1-0\" ><h3 class=\"widget-title\">Misi\u00f3n<\/h3>\t\t\t<div class=\"textwidget\"><p>Permanecer en la vanguardia, tanto en equipamiento como en personalizaci\u00f3n del servicio prestado al cliente. Ser conscientes de que el \u00e9xito de nuestro trabajo depende de la atenci\u00f3n y el rigor en cada detalle.<\/p>\n<h4>\u201cSu creatividad es nuestro l\u00edmite\u201d.<\/h4>\n<\/div>\n\t\t<\/div><\/div><\/div><\/div><\/div><\/div><div id=\"pg-3549-5\"  class=\"panel-grid panel-has-style\" ><div class=\"panel-row-style panel-row-style-for-3549-5\" ><div id=\"pgc-3549-5-0\"  class=\"panel-grid-cell panel-grid-cell-empty\" ><div class=\"panel-cell-style panel-cell-style-for-3549-5-0\" ><\/div><\/div><\/div><\/div><div id=\"pg-3549-6\"  class=\"panel-grid panel-no-style\" ><div id=\"pgc-3549-6-0\"  class=\"panel-grid-cell panel-grid-cell-empty\" ><\/div><div id=\"pgc-3549-6-1\"  class=\"panel-grid-cell panel-grid-cell-mobile-last\" ><div id=\"panel-3549-6-1-0\" class=\"so-panel widget widget_text panel-first-child\" data-index=\"5\" ><div class=\"titContacte panel-widget-style panel-widget-style-for-3549-6-1-0\" ><h3 class=\"widget-title\">cont\u00e1ctenos<\/h3>\t\t\t<div class=\"textwidget\"><\/div>\n\t\t<\/div><\/div><div id=\"panel-3549-6-1-1\" class=\"so-panel widget widget_sow-editor panel-last-child\" data-index=\"6\" ><div class=\"panel-widget-style panel-widget-style-for-3549-6-1-1\" ><div\n\t\t\t\n\t\t\tclass=\"so-widget-sow-editor so-widget-sow-editor-base\"\n\t\t\t\n\t\t>\n<div class=\"siteorigin-widget-tinymce textwidget\">\n\t\n<div class=\"wpcf7 no-js\" id=\"wpcf7-f3737-o1\" lang=\"pt-PT\" dir=\"ltr\" data-wpcf7-id=\"3737\">\n<div class=\"screen-reader-response\"><p role=\"status\" aria-live=\"polite\" aria-atomic=\"true\"><\/p> <ul><\/ul><\/div>\n<form action=\"\/es\/wp-json\/wp\/v2\/pages\/3549#wpcf7-f3737-o1\" method=\"post\" class=\"wpcf7-form init\" aria-label=\"Formul\u00e1rio de contacto\" novalidate=\"novalidate\" data-status=\"init\">\n<fieldset class=\"hidden-fields-container\"><input type=\"hidden\" name=\"_wpcf7\" value=\"3737\" \/><input type=\"hidden\" name=\"_wpcf7_version\" value=\"6.1.4\" \/><input type=\"hidden\" name=\"_wpcf7_locale\" value=\"pt_PT\" \/><input type=\"hidden\" name=\"_wpcf7_unit_tag\" value=\"wpcf7-f3737-o1\" \/><input type=\"hidden\" name=\"_wpcf7_container_post\" value=\"0\" \/><input type=\"hidden\" name=\"_wpcf7_posted_data_hash\" value=\"\" \/>\n<\/fieldset>\n<p><span class=\"wpcf7-form-control-wrap\" data-name=\"nome\"><input size=\"40\" maxlength=\"400\" class=\"wpcf7-form-control wpcf7-text wpcf7-validates-as-required\" aria-required=\"true\" aria-invalid=\"false\" placeholder=\"Nombre\" value=\"\" type=\"text\" name=\"nome\" \/><\/span>\n<\/p>\n<p><span class=\"wpcf7-form-control-wrap\" data-name=\"telefonecontacto\"><input size=\"40\" maxlength=\"400\" class=\"wpcf7-form-control wpcf7-tel wpcf7-validates-as-required wpcf7-text wpcf7-validates-as-tel\" aria-required=\"true\" aria-invalid=\"false\" placeholder=\"Tel\u00e9fono\" value=\"\" type=\"tel\" name=\"telefonecontacto\" \/><\/span>\n<\/p>\n<p><span class=\"wpcf7-form-control-wrap\" data-name=\"email\"><input size=\"40\" maxlength=\"400\" class=\"wpcf7-form-control wpcf7-email wpcf7-validates-as-required wpcf7-text wpcf7-validates-as-email\" aria-required=\"true\" aria-invalid=\"false\" placeholder=\"Email\" value=\"\" type=\"email\" name=\"email\" \/><\/span>\n<\/p>\n<p><span class=\"wpcf7-form-control-wrap\" data-name=\"mensagens\"><textarea cols=\"40\" rows=\"10\" maxlength=\"2000\" class=\"wpcf7-form-control wpcf7-textarea\" aria-invalid=\"false\" placeholder=\"Mensaje\" name=\"mensagens\"><\/textarea><\/span>\n<\/p>\n<p style=\"text-align: center;\"><input class=\"wpcf7-form-control wpcf7-submit has-spinner\" type=\"submit\" value=\"Enviar\" \/><img decoding=\"async\" class=\"form-img\" src=\"\/wp-content\/uploads\/2022\/06\/small-circle.png\" style=\"margin-left:-5px;\" \/>\n<\/p><div class=\"wpcf7-response-output\" aria-hidden=\"true\"><\/div>\n<\/form>\n<\/div>\n\n<\/div>\n<\/div><\/div><\/div><\/div><div id=\"pgc-3549-6-2\"  class=\"panel-grid-cell panel-grid-cell-empty\" ><\/div><\/div><\/div>","protected":false},"excerpt":{"rendered":"<p>La calidad es nuestra prioridad Est\u00fadio Gr\u00e1fico 21 es una empresa de artes gr\u00e1ficas especializada en la fabricaci\u00f3n de envases de cart\u00f3n y la impresi\u00f3n de peque\u00f1o y mediano formato. Cuenta con equipos y empleados que le permiten ofrecer un servicio completo desde la preimpresi\u00f3n hasta el acabado final. Nuestras prioridades son la calidad y [&hellip;]<\/p>\n","protected":false},"author":7,"featured_media":0,"parent":0,"menu_order":8,"comment_status":"closed","ping_status":"closed","template":"templates\/template-full-notitle.php","meta":{"footnotes":""},"class_list":["post-3549","page","type-page","status-publish","hentry","post"],"yoast_head":"<!-- This site is optimized with the Yoast SEO plugin v26.6 - https:\/\/yoast.com\/wordpress\/plugins\/seo\/ -->\n<title>Qui\u00e9nes somos - EST\u00daDIO GR\u00c1FICO 21<\/title>\n<meta name=\"robots\" content=\"index, follow, max-snippet:-1, max-image-preview:large, max-video-preview:-1\" \/>\n<link rel=\"canonical\" href=\"https:\/\/estudiografico21.pt\/es\/quienes-somos\/\" \/>\n<meta property=\"og:locale\" content=\"es_ES\" \/>\n<meta property=\"og:type\" content=\"article\" \/>\n<meta property=\"og:title\" content=\"Qui\u00e9nes somos - EST\u00daDIO GR\u00c1FICO 21\" \/>\n<meta property=\"og:description\" content=\"La calidad es nuestra prioridad Est\u00fadio Gr\u00e1fico 21 es una empresa de artes gr\u00e1ficas especializada en la fabricaci\u00f3n de envases de cart\u00f3n y la impresi\u00f3n de peque\u00f1o y mediano formato. Cuenta con equipos y empleados que le permiten ofrecer un servicio completo desde la preimpresi\u00f3n hasta el acabado final. Nuestras prioridades son la calidad y [&hellip;]\" \/>\n<meta property=\"og:url\" content=\"https:\/\/estudiografico21.pt\/es\/quienes-somos\/\" \/>\n<meta property=\"og:site_name\" content=\"EST\u00daDIO GR\u00c1FICO 21\" \/>\n<meta property=\"article:modified_time\" content=\"2023-01-11T17:16:08+00:00\" \/>\n<meta name=\"twitter:label1\" content=\"Tiempo de lectura\" \/>\n\t<meta name=\"twitter:data1\" content=\"2 minutos\" \/>\n<script type=\"application\/ld+json\" class=\"yoast-schema-graph\">{\"@context\":\"https:\/\/schema.org\",\"@graph\":[{\"@type\":\"WebPage\",\"@id\":\"https:\/\/estudiografico21.pt\/es\/quienes-somos\/\",\"url\":\"https:\/\/estudiografico21.pt\/es\/quienes-somos\/\",\"name\":\"Qui\u00e9nes somos - EST\u00daDIO GR\u00c1FICO 21\",\"isPartOf\":{\"@id\":\"https:\/\/estudiografico21.pt\/#website\"},\"datePublished\":\"2022-10-29T13:55:07+00:00\",\"dateModified\":\"2023-01-11T17:16:08+00:00\",\"breadcrumb\":{\"@id\":\"https:\/\/estudiografico21.pt\/es\/quienes-somos\/#breadcrumb\"},\"inLanguage\":\"es\",\"potentialAction\":[{\"@type\":\"ReadAction\",\"target\":[\"https:\/\/estudiografico21.pt\/es\/quienes-somos\/\"]}]},{\"@type\":\"BreadcrumbList\",\"@id\":\"https:\/\/estudiografico21.pt\/es\/quienes-somos\/#breadcrumb\",\"itemListElement\":[{\"@type\":\"ListItem\",\"position\":1,\"name\":\"Home\",\"item\":\"https:\/\/estudiografico21.pt\/es\/\"},{\"@type\":\"ListItem\",\"position\":2,\"name\":\"Qui\u00e9nes somos\"}]},{\"@type\":\"WebSite\",\"@id\":\"https:\/\/estudiografico21.pt\/#website\",\"url\":\"https:\/\/estudiografico21.pt\/\",\"name\":\"EST\u00daDIO GR\u00c1FICO 21\",\"description\":\"Artes Gr\u00e1ficas\",\"potentialAction\":[{\"@type\":\"SearchAction\",\"target\":{\"@type\":\"EntryPoint\",\"urlTemplate\":\"https:\/\/estudiografico21.pt\/?s={search_term_string}\"},\"query-input\":{\"@type\":\"PropertyValueSpecification\",\"valueRequired\":true,\"valueName\":\"search_term_string\"}}],\"inLanguage\":\"es\"}]}<\/script>\n<!-- \/ Yoast SEO plugin. -->","yoast_head_json":{"title":"Qui\u00e9nes somos - EST\u00daDIO GR\u00c1FICO 21","robots":{"index":"index","follow":"follow","max-snippet":"max-snippet:-1","max-image-preview":"max-image-preview:large","max-video-preview":"max-video-preview:-1"},"canonical":"https:\/\/estudiografico21.pt\/es\/quienes-somos\/","og_locale":"es_ES","og_type":"article","og_title":"Qui\u00e9nes somos - EST\u00daDIO GR\u00c1FICO 21","og_description":"La calidad es nuestra prioridad Est\u00fadio Gr\u00e1fico 21 es una empresa de artes gr\u00e1ficas especializada en la fabricaci\u00f3n de envases de cart\u00f3n y la impresi\u00f3n de peque\u00f1o y mediano formato. Cuenta con equipos y empleados que le permiten ofrecer un servicio completo desde la preimpresi\u00f3n hasta el acabado final. Nuestras prioridades son la calidad y [&hellip;]","og_url":"https:\/\/estudiografico21.pt\/es\/quienes-somos\/","og_site_name":"EST\u00daDIO GR\u00c1FICO 21","article_modified_time":"2023-01-11T17:16:08+00:00","twitter_misc":{"Tiempo de lectura":"2 minutos"},"schema":{"@context":"https:\/\/schema.org","@graph":[{"@type":"WebPage","@id":"https:\/\/estudiografico21.pt\/es\/quienes-somos\/","url":"https:\/\/estudiografico21.pt\/es\/quienes-somos\/","name":"Qui\u00e9nes somos - EST\u00daDIO GR\u00c1FICO 21","isPartOf":{"@id":"https:\/\/estudiografico21.pt\/#website"},"datePublished":"2022-10-29T13:55:07+00:00","dateModified":"2023-01-11T17:16:08+00:00","breadcrumb":{"@id":"https:\/\/estudiografico21.pt\/es\/quienes-somos\/#breadcrumb"},"inLanguage":"es","potentialAction":[{"@type":"ReadAction","target":["https:\/\/estudiografico21.pt\/es\/quienes-somos\/"]}]},{"@type":"BreadcrumbList","@id":"https:\/\/estudiografico21.pt\/es\/quienes-somos\/#breadcrumb","itemListElement":[{"@type":"ListItem","position":1,"name":"Home","item":"https:\/\/estudiografico21.pt\/es\/"},{"@type":"ListItem","position":2,"name":"Qui\u00e9nes somos"}]},{"@type":"WebSite","@id":"https:\/\/estudiografico21.pt\/#website","url":"https:\/\/estudiografico21.pt\/","name":"EST\u00daDIO GR\u00c1FICO 21","description":"Artes Gr\u00e1ficas","potentialAction":[{"@type":"SearchAction","target":{"@type":"EntryPoint","urlTemplate":"https:\/\/estudiografico21.pt\/?s={search_term_string}"},"query-input":{"@type":"PropertyValueSpecification","valueRequired":true,"valueName":"search_term_string"}}],"inLanguage":"es"}]}},"_links":{"self":[{"href":"https:\/\/estudiografico21.pt\/es\/wp-json\/wp\/v2\/pages\/3549","targetHints":{"allow":["GET"]}}],"collection":[{"href":"https:\/\/estudiografico21.pt\/es\/wp-json\/wp\/v2\/pages"}],"about":[{"href":"https:\/\/estudiografico21.pt\/es\/wp-json\/wp\/v2\/types\/page"}],"author":[{"embeddable":true,"href":"https:\/\/estudiografico21.pt\/es\/wp-json\/wp\/v2\/users\/7"}],"replies":[{"embeddable":true,"href":"https:\/\/estudiografico21.pt\/es\/wp-json\/wp\/v2\/comments?post=3549"}],"version-history":[{"count":16,"href":"https:\/\/estudiografico21.pt\/es\/wp-json\/wp\/v2\/pages\/3549\/revisions"}],"predecessor-version":[{"id":5528,"href":"https:\/\/estudiografico21.pt\/es\/wp-json\/wp\/v2\/pages\/3549\/revisions\/5528"}],"wp:attachment":[{"href":"https:\/\/estudiografico21.pt\/es\/wp-json\/wp\/v2\/media?parent=3549"}],"curies":[{"name":"wp","href":"https:\/\/api.w.org\/{rel}","templated":true}]}}