{"id":3258,"date":"2022-04-27T14:24:49","date_gmt":"2022-04-27T14:24:49","guid":{"rendered":"https:\/\/estudiografico21.pt\/hp-new\/"},"modified":"2023-01-18T15:12:04","modified_gmt":"2023-01-18T15:12:04","slug":"hp-new","status":"publish","type":"page","link":"https:\/\/estudiografico21.pt\/es\/","title":{"rendered":"Homepage"},"content":{"rendered":"<div id=\"pl-3258\"  class=\"panel-layout\" ><div id=\"pg-3258-0\"  class=\"panel-grid panel-has-style\" ><div id=\"headers\" class=\"panel-row-style panel-row-style-for-3258-0\" ><div id=\"pgc-3258-0-0\"  class=\"panel-grid-cell panel-grid-cell-empty\" ><\/div><div id=\"pgc-3258-0-1\"  class=\"panel-grid-cell panel-grid-cell-mobile-last\" ><div id=\"panel-3258-0-1-0\" class=\"so-panel widget widget_sow-editor panel-first-child panel-last-child\" data-index=\"0\" ><div class=\"panel-widget-style panel-widget-style-for-3258-0-1-0\" ><div\n\t\t\t\n\t\t\tclass=\"so-widget-sow-editor so-widget-sow-editor-base\"\n\t\t\t\n\t\t>\n<div class=\"siteorigin-widget-tinymce textwidget\">\n\t<p>Inspired by color, powered by technology<\/p>\n<\/div>\n<\/div><\/div><\/div><\/div><div id=\"pgc-3258-0-2\"  class=\"panel-grid-cell panel-grid-cell-empty\" ><\/div><\/div><\/div><div id=\"pg-3258-1\"  class=\"panel-grid panel-has-style\" ><div class=\"ln panel-row-style panel-row-style-for-3258-1\" ><div id=\"pgc-3258-1-0\"  class=\"panel-grid-cell panel-grid-cell-mobile-last\" ><div class=\"colTxt panel-cell-style panel-cell-style-for-3258-1-0\" ><div id=\"panel-3258-1-0-0\" class=\"so-panel widget widget_text panel-first-child\" data-index=\"1\" ><div class=\"panel-widget-style panel-widget-style-for-3258-1-0-0\" ><h3 class=\"widget-title\">Estampaci\u00f3n en frio<\/h3>\t\t\t<div class=\"textwidget\"><p>Est\u00fadio Gr\u00e1fico 21 es la \u00fanica empresa en Portugal y una de las primeras en el mercado europeo con el innovador sistema de estampaci\u00f3n en fr\u00edo en l\u00ednea en una m\u00e1quina offset.<\/p>\n<\/div>\n\t\t<\/div><\/div><div id=\"panel-3258-1-0-1\" class=\"so-panel widget widget_sow-button panel-last-child\" data-index=\"2\" ><div class=\"btSaibaMais panel-widget-style panel-widget-style-for-3258-1-0-1\" ><div\n\t\t\t\n\t\t\tclass=\"so-widget-sow-button so-widget-sow-button-wire-af5bd3bab7c9-3258\"\n\t\t\t\n\t\t><div class=\"ow-button-base ow-button-align-left\"\n>\n\t\t\t<a\n\t\t\t\t\thref=\"\/es\/estampacion-en-frio-en-linea\/\"\n\t\t\t\t\tclass=\"sowb-button ow-icon-placement-left ow-button-hover\" \t>\n\t\t<span>\n\t\t\t\n\t\t\tSaber m\u00e1s &gt;&gt;\t\t<\/span>\n\t\t\t<\/a>\n\t<\/div>\n<\/div><\/div><\/div><\/div><\/div><div id=\"pgc-3258-1-1\"  class=\"panel-grid-cell panel-grid-cell-empty\" ><div class=\"colImg panel-cell-style panel-cell-style-for-3258-1-1\" ><\/div><\/div><\/div><\/div><div id=\"pg-3258-2\"  class=\"panel-grid panel-has-style\" ><div class=\"ln panel-row-style panel-row-style-for-3258-2\" ><div id=\"pgc-3258-2-0\"  class=\"panel-grid-cell panel-grid-cell-empty\" ><div class=\"colImg panel-cell-style panel-cell-style-for-3258-2-0\" ><\/div><\/div><div id=\"pgc-3258-2-1\"  class=\"panel-grid-cell\" ><div class=\"colTxt panel-cell-style panel-cell-style-for-3258-2-1\" ><div id=\"panel-3258-2-1-0\" class=\"so-panel widget widget_text panel-first-child\" data-index=\"3\" ><div class=\"panel-widget-style panel-widget-style-for-3258-2-1-0\" ><h3 class=\"widget-title\">Barniz UV Digital 3D<\/h3>\t\t\t<div class=\"textwidget\"><p>En l\u00ednea con su estrategia de innovaci\u00f3n, Graphic Studio 21 cuenta con un equipamiento tecnol\u00f3gicamente avanzado para la aplicaci\u00f3n del barniz UV Digital 3D, el Scodix Ultra-Pro.<\/p>\n<\/div>\n\t\t<\/div><\/div><div id=\"panel-3258-2-1-1\" class=\"so-panel widget widget_sow-button panel-last-child\" data-index=\"4\" ><div class=\"btSaibaMais panel-widget-style panel-widget-style-for-3258-2-1-1\" ><div\n\t\t\t\n\t\t\tclass=\"so-widget-sow-button so-widget-sow-button-wire-af5bd3bab7c9-3258\"\n\t\t\t\n\t\t><div class=\"ow-button-base ow-button-align-left\"\n>\n\t\t\t<a\n\t\t\t\t\thref=\"\/es\/barniz-uv-digital-3d-3\/\"\n\t\t\t\t\tclass=\"sowb-button ow-icon-placement-left ow-button-hover\" \t>\n\t\t<span>\n\t\t\t\n\t\t\tSaber m\u00e1s &gt;&gt;\t\t<\/span>\n\t\t\t<\/a>\n\t<\/div>\n<\/div><\/div><\/div><\/div><\/div><\/div><\/div><div id=\"pg-3258-3\"  class=\"panel-grid panel-no-style\" ><div id=\"pgc-3258-3-0\"  class=\"panel-grid-cell\" ><div id=\"panel-3258-3-0-0\" class=\"so-panel widget widget_sow-image panel-first-child panel-last-child\" data-index=\"5\" ><div class=\"panel-widget-style panel-widget-style-for-3258-3-0-0\" ><div\n\t\t\t\n\t\t\tclass=\"so-widget-sow-image so-widget-sow-image-default-a258e6bfa2d8-3258\"\n\t\t\t\n\t\t>\n<div class=\"sow-image-container\">\n\t\t<img \n\tsrc=\"https:\/\/estudiografico21.pt\/wp-content\/uploads\/2022\/05\/home-1.jpg\" width=\"355\" height=\"315\" srcset=\"https:\/\/estudiografico21.pt\/wp-content\/uploads\/2022\/05\/home-1.jpg 355w, https:\/\/estudiografico21.pt\/wp-content\/uploads\/2022\/05\/home-1-300x266.jpg 300w\" sizes=\"(max-width: 355px) 100vw, 355px\" alt=\"\" \t\tclass=\"so-widget-image\"\/>\n\t<\/div>\n\n<\/div><\/div><\/div><\/div><div id=\"pgc-3258-3-1\"  class=\"panel-grid-cell\" ><div id=\"panel-3258-3-1-0\" class=\"so-panel widget widget_sow-image panel-first-child panel-last-child\" data-index=\"6\" ><div class=\"panel-widget-style panel-widget-style-for-3258-3-1-0\" ><div\n\t\t\t\n\t\t\tclass=\"so-widget-sow-image so-widget-sow-image-default-a258e6bfa2d8-3258\"\n\t\t\t\n\t\t>\n<div class=\"sow-image-container\">\n\t\t<img \n\tsrc=\"https:\/\/estudiografico21.pt\/wp-content\/uploads\/2022\/12\/hp_eg21-6-1.jpg\" width=\"355\" height=\"315\" srcset=\"https:\/\/estudiografico21.pt\/wp-content\/uploads\/2022\/12\/hp_eg21-6-1.jpg 355w, https:\/\/estudiografico21.pt\/wp-content\/uploads\/2022\/12\/hp_eg21-6-1-300x266.jpg 300w\" sizes=\"(max-width: 355px) 100vw, 355px\" title=\"estudio-gr\u00e1fico-21-package-print-gold\" alt=\"\" \t\tclass=\"so-widget-image\"\/>\n\t<\/div>\n\n<\/div><\/div><\/div><\/div><div id=\"pgc-3258-3-2\"  class=\"panel-grid-cell\" ><div id=\"panel-3258-3-2-0\" class=\"so-panel widget widget_sow-image panel-first-child panel-last-child\" data-index=\"7\" ><div class=\"panel-widget-style panel-widget-style-for-3258-3-2-0\" ><div\n\t\t\t\n\t\t\tclass=\"so-widget-sow-image so-widget-sow-image-default-a258e6bfa2d8-3258\"\n\t\t\t\n\t\t>\n<div class=\"sow-image-container\">\n\t\t<img \n\tsrc=\"https:\/\/estudiografico21.pt\/wp-content\/uploads\/2022\/05\/home-3.jpg\" width=\"355\" height=\"315\" srcset=\"https:\/\/estudiografico21.pt\/wp-content\/uploads\/2022\/05\/home-3.jpg 355w, https:\/\/estudiografico21.pt\/wp-content\/uploads\/2022\/05\/home-3-300x266.jpg 300w\" sizes=\"(max-width: 355px) 100vw, 355px\" alt=\"\" \t\tclass=\"so-widget-image\"\/>\n\t<\/div>\n\n<\/div><\/div><\/div><\/div><div id=\"pgc-3258-3-3\"  class=\"panel-grid-cell\" ><div id=\"panel-3258-3-3-0\" class=\"so-panel widget widget_sow-image panel-first-child panel-last-child\" data-index=\"8\" ><div class=\"panel-widget-style panel-widget-style-for-3258-3-3-0\" ><div\n\t\t\t\n\t\t\tclass=\"so-widget-sow-image so-widget-sow-image-default-a258e6bfa2d8-3258\"\n\t\t\t\n\t\t>\n<div class=\"sow-image-container\">\n\t\t<img \n\tsrc=\"https:\/\/estudiografico21.pt\/wp-content\/uploads\/2023\/01\/estudio-grafico-21-print-3d-uv-varnish-inline-stamping2-2.jpg\" width=\"355\" height=\"315\" srcset=\"https:\/\/estudiografico21.pt\/wp-content\/uploads\/2023\/01\/estudio-grafico-21-print-3d-uv-varnish-inline-stamping2-2.jpg 355w, https:\/\/estudiografico21.pt\/wp-content\/uploads\/2023\/01\/estudio-grafico-21-print-3d-uv-varnish-inline-stamping2-2-300x266.jpg 300w\" sizes=\"(max-width: 355px) 100vw, 355px\" title=\"estudio-grafico-21-print-3d-uv-varnish-inline-stamping2\" alt=\"\" \t\tclass=\"so-widget-image\"\/>\n\t<\/div>\n\n<\/div><\/div><\/div><\/div><\/div><div id=\"pg-3258-4\"  class=\"panel-grid panel-no-style\" ><div id=\"pgc-3258-4-0\"  class=\"panel-grid-cell\" ><div id=\"panel-3258-4-0-0\" class=\"so-panel widget widget_sow-image panel-first-child panel-last-child\" data-index=\"9\" ><div class=\"panel-widget-style panel-widget-style-for-3258-4-0-0\" ><div\n\t\t\t\n\t\t\tclass=\"so-widget-sow-image so-widget-sow-image-default-a258e6bfa2d8-3258\"\n\t\t\t\n\t\t>\n<div class=\"sow-image-container\">\n\t\t<img \n\tsrc=\"https:\/\/estudiografico21.pt\/wp-content\/uploads\/2022\/05\/home-5.jpg\" width=\"355\" height=\"315\" srcset=\"https:\/\/estudiografico21.pt\/wp-content\/uploads\/2022\/05\/home-5.jpg 355w, https:\/\/estudiografico21.pt\/wp-content\/uploads\/2022\/05\/home-5-300x266.jpg 300w\" sizes=\"(max-width: 355px) 100vw, 355px\" alt=\"\" \t\tclass=\"so-widget-image\"\/>\n\t<\/div>\n\n<\/div><\/div><\/div><\/div><div id=\"pgc-3258-4-1\"  class=\"panel-grid-cell\" ><div id=\"panel-3258-4-1-0\" class=\"so-panel widget widget_sow-image panel-first-child panel-last-child\" data-index=\"10\" ><div\n\t\t\t\n\t\t\tclass=\"so-widget-sow-image so-widget-sow-image-default-dbf295114b96-3258\"\n\t\t\t\n\t\t>\n<div class=\"sow-image-container\">\n\t\t<img \n\tsrc=\"https:\/\/estudiografico21.pt\/wp-content\/uploads\/2022\/05\/home-6.jpg\" width=\"355\" height=\"315\" srcset=\"https:\/\/estudiografico21.pt\/wp-content\/uploads\/2022\/05\/home-6.jpg 355w, https:\/\/estudiografico21.pt\/wp-content\/uploads\/2022\/05\/home-6-300x266.jpg 300w\" sizes=\"(max-width: 355px) 100vw, 355px\" alt=\"\" \t\tclass=\"so-widget-image\"\/>\n\t<\/div>\n\n<\/div><\/div><\/div><div id=\"pgc-3258-4-2\"  class=\"panel-grid-cell\" ><div id=\"panel-3258-4-2-0\" class=\"so-panel widget widget_sow-image panel-first-child panel-last-child\" data-index=\"11\" ><div\n\t\t\t\n\t\t\tclass=\"so-widget-sow-image so-widget-sow-image-default-dbf295114b96-3258\"\n\t\t\t\n\t\t>\n<div class=\"sow-image-container\">\n\t\t<img \n\tsrc=\"https:\/\/estudiografico21.pt\/wp-content\/uploads\/2023\/01\/estudio-grafico-21-print-3d-uv-varnish-inline-stamping1.jpg\" width=\"795\" height=\"702\" srcset=\"https:\/\/estudiografico21.pt\/wp-content\/uploads\/2023\/01\/estudio-grafico-21-print-3d-uv-varnish-inline-stamping1.jpg 795w, https:\/\/estudiografico21.pt\/wp-content\/uploads\/2023\/01\/estudio-grafico-21-print-3d-uv-varnish-inline-stamping1-300x265.jpg 300w, https:\/\/estudiografico21.pt\/wp-content\/uploads\/2023\/01\/estudio-grafico-21-print-3d-uv-varnish-inline-stamping1-768x678.jpg 768w\" sizes=\"(max-width: 795px) 100vw, 795px\" alt=\"\" \t\tclass=\"so-widget-image\"\/>\n\t<\/div>\n\n<\/div><\/div><\/div><div id=\"pgc-3258-4-3\"  class=\"panel-grid-cell\" ><div id=\"panel-3258-4-3-0\" class=\"so-panel widget widget_sow-image panel-first-child panel-last-child\" data-index=\"12\" ><div\n\t\t\t\n\t\t\tclass=\"so-widget-sow-image so-widget-sow-image-default-dbf295114b96-3258\"\n\t\t\t\n\t\t>\n<div class=\"sow-image-container\">\n\t\t<img \n\tsrc=\"https:\/\/estudiografico21.pt\/wp-content\/uploads\/2022\/12\/hp_eg21-10.jpg\" width=\"355\" height=\"315\" srcset=\"https:\/\/estudiografico21.pt\/wp-content\/uploads\/2022\/12\/hp_eg21-10.jpg 355w, https:\/\/estudiografico21.pt\/wp-content\/uploads\/2022\/12\/hp_eg21-10-300x266.jpg 300w\" sizes=\"(max-width: 355px) 100vw, 355px\" alt=\"\" \t\tclass=\"so-widget-image\"\/>\n\t<\/div>\n\n<\/div><\/div><\/div><\/div><div id=\"pg-3258-5\"  class=\"panel-grid panel-has-style\" ><div style=\"background-color: #0a0a0a; \" class=\"panel-row-style panel-row-style-for-3258-5\" ><div id=\"pgc-3258-5-0\"  class=\"panel-grid-cell panel-grid-cell-empty\" ><\/div><div id=\"pgc-3258-5-1\"  class=\"panel-grid-cell panel-grid-cell-mobile-last\" ><div class=\"panel-cell-style panel-cell-style-for-3258-5-1\" ><div id=\"panel-3258-5-1-0\" class=\"so-panel widget widget_sow-editor panel-first-child panel-last-child\" data-index=\"13\" ><div class=\"clients panel-widget-style panel-widget-style-for-3258-5-1-0\" ><div\n\t\t\t\n\t\t\tclass=\"so-widget-sow-editor so-widget-sow-editor-base\"\n\t\t\t\n\t\t><h3 class=\"widget-title\">Clientes<\/h3>\n<div class=\"siteorigin-widget-tinymce textwidget\">\n\t<p><strong>Los clientes del Est\u00fadio Gr\u00e1fico 21 son su mayor activo.<\/strong><\/p>\n<p>El objetivo principal es crear un servicio innovador y personalizado con miras a construir asociaciones a largo plazo con sus clientes.<\/p>\n<\/div>\n<\/div><\/div><\/div><\/div><\/div><div id=\"pgc-3258-5-2\"  class=\"panel-grid-cell panel-grid-cell-empty\" ><\/div><\/div><\/div><div id=\"pg-3258-6\"  class=\"panel-grid panel-has-style\" ><div class=\"panel-row-style panel-row-style-for-3258-6\" ><div id=\"pgc-3258-6-0\"  class=\"panel-grid-cell panel-grid-cell-empty\" ><div class=\"panel-cell-style panel-cell-style-for-3258-6-0\" ><\/div><\/div><\/div><\/div><div id=\"pg-3258-7\"  class=\"panel-grid panel-no-style\" ><div id=\"pgc-3258-7-0\"  class=\"panel-grid-cell panel-grid-cell-empty\" ><\/div><div id=\"pgc-3258-7-1\"  class=\"panel-grid-cell panel-grid-cell-mobile-last\" ><div class=\"panel-cell-style panel-cell-style-for-3258-7-1\" ><div id=\"panel-3258-7-1-0\" class=\"so-panel widget widget_text panel-first-child\" data-index=\"14\" ><div class=\"titContacte panel-widget-style panel-widget-style-for-3258-7-1-0\" ><h3 class=\"widget-title\">cont\u00e1ctenos<\/h3>\t\t\t<div class=\"textwidget\"><\/div>\n\t\t<\/div><\/div><div id=\"panel-3258-7-1-1\" class=\"so-panel widget widget_sow-editor panel-last-child\" data-index=\"15\" ><div\n\t\t\t\n\t\t\tclass=\"so-widget-sow-editor so-widget-sow-editor-base\"\n\t\t\t\n\t\t>\n<div class=\"siteorigin-widget-tinymce textwidget\">\n\t\n<div class=\"wpcf7 no-js\" id=\"wpcf7-f3737-o1\" lang=\"pt-PT\" dir=\"ltr\" data-wpcf7-id=\"3737\">\n<div class=\"screen-reader-response\"><p role=\"status\" aria-live=\"polite\" aria-atomic=\"true\"><\/p> <ul><\/ul><\/div>\n<form action=\"\/es\/wp-json\/wp\/v2\/pages\/3258#wpcf7-f3737-o1\" method=\"post\" class=\"wpcf7-form init\" aria-label=\"Formul\u00e1rio de contacto\" novalidate=\"novalidate\" data-status=\"init\">\n<fieldset class=\"hidden-fields-container\"><input type=\"hidden\" name=\"_wpcf7\" value=\"3737\" \/><input type=\"hidden\" name=\"_wpcf7_version\" value=\"6.1.4\" \/><input type=\"hidden\" name=\"_wpcf7_locale\" value=\"pt_PT\" \/><input type=\"hidden\" name=\"_wpcf7_unit_tag\" value=\"wpcf7-f3737-o1\" \/><input type=\"hidden\" name=\"_wpcf7_container_post\" value=\"0\" \/><input type=\"hidden\" name=\"_wpcf7_posted_data_hash\" value=\"\" \/>\n<\/fieldset>\n<p><span class=\"wpcf7-form-control-wrap\" data-name=\"nome\"><input size=\"40\" maxlength=\"400\" class=\"wpcf7-form-control wpcf7-text wpcf7-validates-as-required\" aria-required=\"true\" aria-invalid=\"false\" placeholder=\"Nombre\" value=\"\" type=\"text\" name=\"nome\" \/><\/span>\n<\/p>\n<p><span class=\"wpcf7-form-control-wrap\" data-name=\"telefonecontacto\"><input size=\"40\" maxlength=\"400\" class=\"wpcf7-form-control wpcf7-tel wpcf7-validates-as-required wpcf7-text wpcf7-validates-as-tel\" aria-required=\"true\" aria-invalid=\"false\" placeholder=\"Tel\u00e9fono\" value=\"\" type=\"tel\" name=\"telefonecontacto\" \/><\/span>\n<\/p>\n<p><span class=\"wpcf7-form-control-wrap\" data-name=\"email\"><input size=\"40\" maxlength=\"400\" class=\"wpcf7-form-control wpcf7-email wpcf7-validates-as-required wpcf7-text wpcf7-validates-as-email\" aria-required=\"true\" aria-invalid=\"false\" placeholder=\"Email\" value=\"\" type=\"email\" name=\"email\" \/><\/span>\n<\/p>\n<p><span class=\"wpcf7-form-control-wrap\" data-name=\"mensagens\"><textarea cols=\"40\" rows=\"10\" maxlength=\"2000\" class=\"wpcf7-form-control wpcf7-textarea\" aria-invalid=\"false\" placeholder=\"Mensaje\" name=\"mensagens\"><\/textarea><\/span>\n<\/p>\n<p style=\"text-align: center;\"><input class=\"wpcf7-form-control wpcf7-submit has-spinner\" type=\"submit\" value=\"Enviar\" \/><img decoding=\"async\" class=\"form-img\" src=\"\/wp-content\/uploads\/2022\/06\/small-circle.png\" style=\"margin-left:-5px;\" \/>\n<\/p><div class=\"wpcf7-response-output\" aria-hidden=\"true\"><\/div>\n<\/form>\n<\/div>\n\n<\/div>\n<\/div><\/div><\/div><\/div><div id=\"pgc-3258-7-2\"  class=\"panel-grid-cell panel-grid-cell-empty\" ><\/div><\/div><\/div>","protected":false},"excerpt":{"rendered":"<p>Inspired by color, powered by technology Est\u00fadio Gr\u00e1fico 21 es la \u00fanica empresa en Portugal y una de las primeras en el mercado europeo con el innovador sistema de estampaci\u00f3n en fr\u00edo en l\u00ednea en una m\u00e1quina offset.<\/p>\n","protected":false},"author":7,"featured_media":0,"parent":0,"menu_order":2,"comment_status":"closed","ping_status":"closed","template":"templates\/template-full-notitle.php","meta":{"footnotes":""},"class_list":["post-3258","page","type-page","status-publish","hentry","post"],"yoast_head":"<!-- This site is optimized with the Yoast SEO plugin v26.6 - https:\/\/yoast.com\/wordpress\/plugins\/seo\/ -->\n<title>Homepage - EST\u00daDIO GR\u00c1FICO 21<\/title>\n<meta name=\"robots\" content=\"index, follow, max-snippet:-1, max-image-preview:large, max-video-preview:-1\" \/>\n<link rel=\"canonical\" href=\"https:\/\/estudiografico21.pt\/es\/\" \/>\n<meta property=\"og:locale\" content=\"es_ES\" \/>\n<meta property=\"og:type\" content=\"article\" \/>\n<meta property=\"og:title\" content=\"Homepage - EST\u00daDIO GR\u00c1FICO 21\" \/>\n<meta property=\"og:description\" content=\"Inspired by color, powered by technology Est\u00fadio Gr\u00e1fico 21 es la \u00fanica empresa en Portugal y una de las primeras en el mercado europeo con el innovador sistema de estampaci\u00f3n en fr\u00edo en l\u00ednea en una m\u00e1quina offset.\" \/>\n<meta property=\"og:url\" content=\"https:\/\/estudiografico21.pt\/es\/\" \/>\n<meta property=\"og:site_name\" content=\"EST\u00daDIO GR\u00c1FICO 21\" \/>\n<meta property=\"article:modified_time\" content=\"2023-01-18T15:12:04+00:00\" \/>\n<meta name=\"twitter:label1\" content=\"Tiempo de lectura\" \/>\n\t<meta name=\"twitter:data1\" content=\"1 minuto\" \/>\n<script type=\"application\/ld+json\" class=\"yoast-schema-graph\">{\"@context\":\"https:\/\/schema.org\",\"@graph\":[{\"@type\":\"WebPage\",\"@id\":\"https:\/\/estudiografico21.pt\/es\/\",\"url\":\"https:\/\/estudiografico21.pt\/es\/\",\"name\":\"Homepage - EST\u00daDIO GR\u00c1FICO 21\",\"isPartOf\":{\"@id\":\"https:\/\/estudiografico21.pt\/#website\"},\"datePublished\":\"2022-04-27T14:24:49+00:00\",\"dateModified\":\"2023-01-18T15:12:04+00:00\",\"breadcrumb\":{\"@id\":\"https:\/\/estudiografico21.pt\/es\/#breadcrumb\"},\"inLanguage\":\"es\",\"potentialAction\":[{\"@type\":\"ReadAction\",\"target\":[\"https:\/\/estudiografico21.pt\/es\/\"]}]},{\"@type\":\"BreadcrumbList\",\"@id\":\"https:\/\/estudiografico21.pt\/es\/#breadcrumb\",\"itemListElement\":[{\"@type\":\"ListItem\",\"position\":1,\"name\":\"Home\",\"item\":\"https:\/\/estudiografico21.pt\/es\/\"},{\"@type\":\"ListItem\",\"position\":2,\"name\":\"Homepage\"}]},{\"@type\":\"WebSite\",\"@id\":\"https:\/\/estudiografico21.pt\/#website\",\"url\":\"https:\/\/estudiografico21.pt\/\",\"name\":\"EST\u00daDIO GR\u00c1FICO 21\",\"description\":\"Artes Gr\u00e1ficas\",\"potentialAction\":[{\"@type\":\"SearchAction\",\"target\":{\"@type\":\"EntryPoint\",\"urlTemplate\":\"https:\/\/estudiografico21.pt\/?s={search_term_string}\"},\"query-input\":{\"@type\":\"PropertyValueSpecification\",\"valueRequired\":true,\"valueName\":\"search_term_string\"}}],\"inLanguage\":\"es\"}]}<\/script>\n<!-- \/ Yoast SEO plugin. -->","yoast_head_json":{"title":"Homepage - EST\u00daDIO GR\u00c1FICO 21","robots":{"index":"index","follow":"follow","max-snippet":"max-snippet:-1","max-image-preview":"max-image-preview:large","max-video-preview":"max-video-preview:-1"},"canonical":"https:\/\/estudiografico21.pt\/es\/","og_locale":"es_ES","og_type":"article","og_title":"Homepage - EST\u00daDIO GR\u00c1FICO 21","og_description":"Inspired by color, powered by technology Est\u00fadio Gr\u00e1fico 21 es la \u00fanica empresa en Portugal y una de las primeras en el mercado europeo con el innovador sistema de estampaci\u00f3n en fr\u00edo en l\u00ednea en una m\u00e1quina offset.","og_url":"https:\/\/estudiografico21.pt\/es\/","og_site_name":"EST\u00daDIO GR\u00c1FICO 21","article_modified_time":"2023-01-18T15:12:04+00:00","twitter_misc":{"Tiempo de lectura":"1 minuto"},"schema":{"@context":"https:\/\/schema.org","@graph":[{"@type":"WebPage","@id":"https:\/\/estudiografico21.pt\/es\/","url":"https:\/\/estudiografico21.pt\/es\/","name":"Homepage - EST\u00daDIO GR\u00c1FICO 21","isPartOf":{"@id":"https:\/\/estudiografico21.pt\/#website"},"datePublished":"2022-04-27T14:24:49+00:00","dateModified":"2023-01-18T15:12:04+00:00","breadcrumb":{"@id":"https:\/\/estudiografico21.pt\/es\/#breadcrumb"},"inLanguage":"es","potentialAction":[{"@type":"ReadAction","target":["https:\/\/estudiografico21.pt\/es\/"]}]},{"@type":"BreadcrumbList","@id":"https:\/\/estudiografico21.pt\/es\/#breadcrumb","itemListElement":[{"@type":"ListItem","position":1,"name":"Home","item":"https:\/\/estudiografico21.pt\/es\/"},{"@type":"ListItem","position":2,"name":"Homepage"}]},{"@type":"WebSite","@id":"https:\/\/estudiografico21.pt\/#website","url":"https:\/\/estudiografico21.pt\/","name":"EST\u00daDIO GR\u00c1FICO 21","description":"Artes Gr\u00e1ficas","potentialAction":[{"@type":"SearchAction","target":{"@type":"EntryPoint","urlTemplate":"https:\/\/estudiografico21.pt\/?s={search_term_string}"},"query-input":{"@type":"PropertyValueSpecification","valueRequired":true,"valueName":"search_term_string"}}],"inLanguage":"es"}]}},"_links":{"self":[{"href":"https:\/\/estudiografico21.pt\/es\/wp-json\/wp\/v2\/pages\/3258","targetHints":{"allow":["GET"]}}],"collection":[{"href":"https:\/\/estudiografico21.pt\/es\/wp-json\/wp\/v2\/pages"}],"about":[{"href":"https:\/\/estudiografico21.pt\/es\/wp-json\/wp\/v2\/types\/page"}],"author":[{"embeddable":true,"href":"https:\/\/estudiografico21.pt\/es\/wp-json\/wp\/v2\/users\/7"}],"replies":[{"embeddable":true,"href":"https:\/\/estudiografico21.pt\/es\/wp-json\/wp\/v2\/comments?post=3258"}],"version-history":[{"count":25,"href":"https:\/\/estudiografico21.pt\/es\/wp-json\/wp\/v2\/pages\/3258\/revisions"}],"predecessor-version":[{"id":5783,"href":"https:\/\/estudiografico21.pt\/es\/wp-json\/wp\/v2\/pages\/3258\/revisions\/5783"}],"wp:attachment":[{"href":"https:\/\/estudiografico21.pt\/es\/wp-json\/wp\/v2\/media?parent=3258"}],"curies":[{"name":"wp","href":"https:\/\/api.w.org\/{rel}","templated":true}]}}