{"id":146,"date":"2015-02-23T12:17:12","date_gmt":"2015-02-23T12:17:12","guid":{"rendered":"https:\/\/estudiografico21.pt\/wp\/?page_id=146"},"modified":"2023-01-18T15:48:11","modified_gmt":"2023-01-18T15:48:11","slug":"contactos","status":"publish","type":"page","link":"https:\/\/estudiografico21.pt\/es\/contactos\/","title":{"rendered":"Contactos"},"content":{"rendered":"<h3 class=\"widget-title\">Portugal<\/h3>\n<p>R. Marciano Tom\u00e1s da Costa, 3C &#8211; Armaz\u00e9m K<br \/>\n2735-512 S\u00e3o Marcos &#8211; Cac\u00e9m &#8211; PORTUGAL<br \/>\nTel.: +351 219 199 174\/5<br \/>\nTlm.: +351 966 831 784<br \/>\n<a href=\"mailto:contacto@estudiografico21.pt\" rel=\"nofollow\">contacto@estudiografico21.pt<\/a><\/p>\n<h3 class=\"widget-title\">Delegaci\u00f3n Comercial Espa\u00f1a<\/h3>\n<p>Jordi Puigbo<br \/>\nTel.: +34 638 135 898<br \/>\nTlm.: +351 219 199 174\/5<br \/>\n<a href=\"mailto:jpuigbo@estudiografico21.es\" rel=\"nofollow\">jpuigbo@estudiografico21.es<\/a><\/p>\n<p><iframe loading=\"lazy\" style=\"max-width: 100%;\" src=\"https:\/\/www.google.com\/maps\/embed?pb=!1m18!1m12!1m3!1d3111.208732278281!2d-9.308298284328147!3d38.75891626269944!2m3!1f0!2f0!3f0!3m2!1i1024!2i768!4f13.1!3m3!1m2!1s0xd1ece423224def3%3A0xd8fef4052021ae2b!2zRXN0w7pkaW8gR3LDoWZpY28gMjE!5e0!3m2!1spt-PT!2spt!4v1655294802068!5m2!1spt-PT!2spt\" width=\"1080\" height=\"600\" allowfullscreen=\"allowfullscreen\"><\/iframe><\/p>\n","protected":false},"excerpt":{"rendered":"<p>Portugal R. Marciano Tom\u00e1s da Costa, 3C &#8211; Armaz\u00e9m K 2735-512 S\u00e3o Marcos &#8211; Cac\u00e9m &#8211; PORTUGAL Tel.: +351 219 199 174\/5 Tlm.: +351 966 831 784 contacto@estudiografico21.pt Delegaci\u00f3n Comercial Espa\u00f1a Jordi Puigbo Tel.: +34 638 135 898 Tlm.: +351 219 199 174\/5 jpuigbo@estudiografico21.es<\/p>\n","protected":false},"author":6,"featured_media":0,"parent":0,"menu_order":63,"comment_status":"closed","ping_status":"closed","template":"templates\/template-full.php","meta":{"footnotes":""},"class_list":["post-146","page","type-page","status-publish","hentry","post"],"yoast_head":"<!-- This site is optimized with the Yoast SEO plugin v26.6 - https:\/\/yoast.com\/wordpress\/plugins\/seo\/ -->\n<title>Contactos - EST\u00daDIO GR\u00c1FICO 21<\/title>\n<meta name=\"robots\" content=\"index, follow, max-snippet:-1, max-image-preview:large, max-video-preview:-1\" \/>\n<link rel=\"canonical\" href=\"https:\/\/estudiografico21.pt\/es\/contactos\/\" \/>\n<meta property=\"og:locale\" content=\"es_ES\" \/>\n<meta property=\"og:type\" content=\"article\" \/>\n<meta property=\"og:title\" content=\"Contactos - EST\u00daDIO GR\u00c1FICO 21\" \/>\n<meta property=\"og:description\" content=\"Portugal R. Marciano Tom\u00e1s da Costa, 3C &#8211; Armaz\u00e9m K 2735-512 S\u00e3o Marcos &#8211; Cac\u00e9m &#8211; PORTUGAL Tel.: +351 219 199 174\/5 Tlm.: +351 966 831 784 contacto@estudiografico21.pt Delegaci\u00f3n Comercial Espa\u00f1a Jordi Puigbo Tel.: +34 638 135 898 Tlm.: +351 219 199 174\/5 jpuigbo@estudiografico21.es\" \/>\n<meta property=\"og:url\" content=\"https:\/\/estudiografico21.pt\/es\/contactos\/\" \/>\n<meta property=\"og:site_name\" content=\"EST\u00daDIO GR\u00c1FICO 21\" \/>\n<meta property=\"article:modified_time\" content=\"2023-01-18T15:48:11+00:00\" \/>\n<meta name=\"twitter:label1\" content=\"Tiempo de lectura\" \/>\n\t<meta name=\"twitter:data1\" content=\"1 minuto\" \/>\n<script type=\"application\/ld+json\" class=\"yoast-schema-graph\">{\"@context\":\"https:\/\/schema.org\",\"@graph\":[{\"@type\":\"WebPage\",\"@id\":\"https:\/\/estudiografico21.pt\/es\/contactos\/\",\"url\":\"https:\/\/estudiografico21.pt\/es\/contactos\/\",\"name\":\"Contactos - EST\u00daDIO GR\u00c1FICO 21\",\"isPartOf\":{\"@id\":\"https:\/\/estudiografico21.pt\/#website\"},\"datePublished\":\"2015-02-23T12:17:12+00:00\",\"dateModified\":\"2023-01-18T15:48:11+00:00\",\"breadcrumb\":{\"@id\":\"https:\/\/estudiografico21.pt\/es\/contactos\/#breadcrumb\"},\"inLanguage\":\"es\",\"potentialAction\":[{\"@type\":\"ReadAction\",\"target\":[\"https:\/\/estudiografico21.pt\/es\/contactos\/\"]}]},{\"@type\":\"BreadcrumbList\",\"@id\":\"https:\/\/estudiografico21.pt\/es\/contactos\/#breadcrumb\",\"itemListElement\":[{\"@type\":\"ListItem\",\"position\":1,\"name\":\"Home\",\"item\":\"https:\/\/estudiografico21.pt\/es\/\"},{\"@type\":\"ListItem\",\"position\":2,\"name\":\"Contactos\"}]},{\"@type\":\"WebSite\",\"@id\":\"https:\/\/estudiografico21.pt\/#website\",\"url\":\"https:\/\/estudiografico21.pt\/\",\"name\":\"EST\u00daDIO GR\u00c1FICO 21\",\"description\":\"Artes Gr\u00e1ficas\",\"potentialAction\":[{\"@type\":\"SearchAction\",\"target\":{\"@type\":\"EntryPoint\",\"urlTemplate\":\"https:\/\/estudiografico21.pt\/?s={search_term_string}\"},\"query-input\":{\"@type\":\"PropertyValueSpecification\",\"valueRequired\":true,\"valueName\":\"search_term_string\"}}],\"inLanguage\":\"es\"}]}<\/script>\n<!-- \/ Yoast SEO plugin. -->","yoast_head_json":{"title":"Contactos - EST\u00daDIO GR\u00c1FICO 21","robots":{"index":"index","follow":"follow","max-snippet":"max-snippet:-1","max-image-preview":"max-image-preview:large","max-video-preview":"max-video-preview:-1"},"canonical":"https:\/\/estudiografico21.pt\/es\/contactos\/","og_locale":"es_ES","og_type":"article","og_title":"Contactos - EST\u00daDIO GR\u00c1FICO 21","og_description":"Portugal R. Marciano Tom\u00e1s da Costa, 3C &#8211; Armaz\u00e9m K 2735-512 S\u00e3o Marcos &#8211; Cac\u00e9m &#8211; PORTUGAL Tel.: +351 219 199 174\/5 Tlm.: +351 966 831 784 contacto@estudiografico21.pt Delegaci\u00f3n Comercial Espa\u00f1a Jordi Puigbo Tel.: +34 638 135 898 Tlm.: +351 219 199 174\/5 jpuigbo@estudiografico21.es","og_url":"https:\/\/estudiografico21.pt\/es\/contactos\/","og_site_name":"EST\u00daDIO GR\u00c1FICO 21","article_modified_time":"2023-01-18T15:48:11+00:00","twitter_misc":{"Tiempo de lectura":"1 minuto"},"schema":{"@context":"https:\/\/schema.org","@graph":[{"@type":"WebPage","@id":"https:\/\/estudiografico21.pt\/es\/contactos\/","url":"https:\/\/estudiografico21.pt\/es\/contactos\/","name":"Contactos - EST\u00daDIO GR\u00c1FICO 21","isPartOf":{"@id":"https:\/\/estudiografico21.pt\/#website"},"datePublished":"2015-02-23T12:17:12+00:00","dateModified":"2023-01-18T15:48:11+00:00","breadcrumb":{"@id":"https:\/\/estudiografico21.pt\/es\/contactos\/#breadcrumb"},"inLanguage":"es","potentialAction":[{"@type":"ReadAction","target":["https:\/\/estudiografico21.pt\/es\/contactos\/"]}]},{"@type":"BreadcrumbList","@id":"https:\/\/estudiografico21.pt\/es\/contactos\/#breadcrumb","itemListElement":[{"@type":"ListItem","position":1,"name":"Home","item":"https:\/\/estudiografico21.pt\/es\/"},{"@type":"ListItem","position":2,"name":"Contactos"}]},{"@type":"WebSite","@id":"https:\/\/estudiografico21.pt\/#website","url":"https:\/\/estudiografico21.pt\/","name":"EST\u00daDIO GR\u00c1FICO 21","description":"Artes Gr\u00e1ficas","potentialAction":[{"@type":"SearchAction","target":{"@type":"EntryPoint","urlTemplate":"https:\/\/estudiografico21.pt\/?s={search_term_string}"},"query-input":{"@type":"PropertyValueSpecification","valueRequired":true,"valueName":"search_term_string"}}],"inLanguage":"es"}]}},"_links":{"self":[{"href":"https:\/\/estudiografico21.pt\/es\/wp-json\/wp\/v2\/pages\/146","targetHints":{"allow":["GET"]}}],"collection":[{"href":"https:\/\/estudiografico21.pt\/es\/wp-json\/wp\/v2\/pages"}],"about":[{"href":"https:\/\/estudiografico21.pt\/es\/wp-json\/wp\/v2\/types\/page"}],"author":[{"embeddable":true,"href":"https:\/\/estudiografico21.pt\/es\/wp-json\/wp\/v2\/users\/6"}],"replies":[{"embeddable":true,"href":"https:\/\/estudiografico21.pt\/es\/wp-json\/wp\/v2\/comments?post=146"}],"version-history":[{"count":11,"href":"https:\/\/estudiografico21.pt\/es\/wp-json\/wp\/v2\/pages\/146\/revisions"}],"predecessor-version":[{"id":5787,"href":"https:\/\/estudiografico21.pt\/es\/wp-json\/wp\/v2\/pages\/146\/revisions\/5787"}],"wp:attachment":[{"href":"https:\/\/estudiografico21.pt\/es\/wp-json\/wp\/v2\/media?parent=146"}],"curies":[{"name":"wp","href":"https:\/\/api.w.org\/{rel}","templated":true}]}}