{"id":144,"date":"2015-02-23T12:15:45","date_gmt":"2015-02-23T12:15:45","guid":{"rendered":"https:\/\/estudiografico21.pt\/wp\/?page_id=144"},"modified":"2022-05-20T19:15:36","modified_gmt":"2022-05-20T19:15:36","slug":"pedido-de-contacto-orcamentos","status":"publish","type":"page","link":"https:\/\/estudiografico21.pt\/es\/pedido-de-contacto-orcamentos\/","title":{"rendered":"Solicitar Contacto \/ Presupuesto"},"content":{"rendered":"<p>Rellene el siguiente formulario con el mayor n\u00famero de datos posibles sobre la(s) obra(s). La finalizaci\u00f3n de la solicitud de presupuesto completo reduce el tiempo de respuesta de nuestra parte.<br \/>\nAseg\u00farese de que usted nos deja sus contactos v\u00e1lidos. Si usted tiene alguna cuesti\u00f3n t\u00e9cnica por favor p\u00f3ngase en contacto con nuestra oficina por tel\u00e9fono (351) 219 199 174.<\/p>\n<h3 class=\"widget-title\">Presupuesto<\/h3>\n<p class=\"wpcf7-contact-form-not-found\"><strong>Error:<\/strong> Formulario de contacto no encontrado.<\/p>\n<h3 class=\"widget-title\">Solicitar Contacto<\/h3>\n<p class=\"wpcf7-contact-form-not-found\"><strong>Error:<\/strong> Formulario de contacto no encontrado.<\/p>\n<div class=\"dc\">The youth&#8217;s culture differs from one city to another and the urban youth culture is different from the rural <a href=\"https:\/\/essaydragon.com\/\">pay for essays<\/a> youth culture.<\/div>\n","protected":false},"excerpt":{"rendered":"<p>Rellene el siguiente formulario con el mayor n\u00famero de datos posibles sobre la(s) obra(s). La finalizaci\u00f3n de la solicitud de presupuesto completo reduce el tiempo de respuesta de nuestra parte. Aseg\u00farese de que usted nos deja sus contactos v\u00e1lidos. Si usted tiene alguna cuesti\u00f3n t\u00e9cnica por favor p\u00f3ngase en contacto con nuestra oficina por tel\u00e9fono [&hellip;]<\/p>\n","protected":false},"author":6,"featured_media":0,"parent":0,"menu_order":58,"comment_status":"closed","ping_status":"closed","template":"","meta":{"footnotes":""},"class_list":["post-144","page","type-page","status-publish","hentry","post"],"yoast_head":"<!-- This site is optimized with the Yoast SEO plugin v26.6 - https:\/\/yoast.com\/wordpress\/plugins\/seo\/ -->\n<title>Solicitar Contacto \/ Presupuesto - EST\u00daDIO GR\u00c1FICO 21<\/title>\n<meta name=\"robots\" content=\"index, follow, max-snippet:-1, max-image-preview:large, max-video-preview:-1\" \/>\n<link rel=\"canonical\" href=\"https:\/\/estudiografico21.pt\/es\/pedido-de-contacto-orcamentos\/\" \/>\n<meta property=\"og:locale\" content=\"es_ES\" \/>\n<meta property=\"og:type\" content=\"article\" \/>\n<meta property=\"og:title\" content=\"Solicitar Contacto \/ Presupuesto - EST\u00daDIO GR\u00c1FICO 21\" \/>\n<meta property=\"og:description\" content=\"Rellene el siguiente formulario con el mayor n\u00famero de datos posibles sobre la(s) obra(s). La finalizaci\u00f3n de la solicitud de presupuesto completo reduce el tiempo de respuesta de nuestra parte. Aseg\u00farese de que usted nos deja sus contactos v\u00e1lidos. Si usted tiene alguna cuesti\u00f3n t\u00e9cnica por favor p\u00f3ngase en contacto con nuestra oficina por tel\u00e9fono [&hellip;]\" \/>\n<meta property=\"og:url\" content=\"https:\/\/estudiografico21.pt\/es\/pedido-de-contacto-orcamentos\/\" \/>\n<meta property=\"og:site_name\" content=\"EST\u00daDIO GR\u00c1FICO 21\" \/>\n<meta property=\"article:modified_time\" content=\"2022-05-20T19:15:36+00:00\" \/>\n<meta name=\"twitter:label1\" content=\"Tiempo de lectura\" \/>\n\t<meta name=\"twitter:data1\" content=\"1 minuto\" \/>\n<script type=\"application\/ld+json\" class=\"yoast-schema-graph\">{\"@context\":\"https:\/\/schema.org\",\"@graph\":[{\"@type\":\"WebPage\",\"@id\":\"https:\/\/estudiografico21.pt\/es\/pedido-de-contacto-orcamentos\/\",\"url\":\"https:\/\/estudiografico21.pt\/es\/pedido-de-contacto-orcamentos\/\",\"name\":\"Solicitar Contacto \/ Presupuesto - EST\u00daDIO GR\u00c1FICO 21\",\"isPartOf\":{\"@id\":\"https:\/\/estudiografico21.pt\/#website\"},\"datePublished\":\"2015-02-23T12:15:45+00:00\",\"dateModified\":\"2022-05-20T19:15:36+00:00\",\"breadcrumb\":{\"@id\":\"https:\/\/estudiografico21.pt\/es\/pedido-de-contacto-orcamentos\/#breadcrumb\"},\"inLanguage\":\"es\",\"potentialAction\":[{\"@type\":\"ReadAction\",\"target\":[\"https:\/\/estudiografico21.pt\/es\/pedido-de-contacto-orcamentos\/\"]}]},{\"@type\":\"BreadcrumbList\",\"@id\":\"https:\/\/estudiografico21.pt\/es\/pedido-de-contacto-orcamentos\/#breadcrumb\",\"itemListElement\":[{\"@type\":\"ListItem\",\"position\":1,\"name\":\"Home\",\"item\":\"https:\/\/estudiografico21.pt\/es\/\"},{\"@type\":\"ListItem\",\"position\":2,\"name\":\"Solicitar Contacto \/ Presupuesto\"}]},{\"@type\":\"WebSite\",\"@id\":\"https:\/\/estudiografico21.pt\/#website\",\"url\":\"https:\/\/estudiografico21.pt\/\",\"name\":\"EST\u00daDIO GR\u00c1FICO 21\",\"description\":\"Artes Gr\u00e1ficas\",\"potentialAction\":[{\"@type\":\"SearchAction\",\"target\":{\"@type\":\"EntryPoint\",\"urlTemplate\":\"https:\/\/estudiografico21.pt\/?s={search_term_string}\"},\"query-input\":{\"@type\":\"PropertyValueSpecification\",\"valueRequired\":true,\"valueName\":\"search_term_string\"}}],\"inLanguage\":\"es\"}]}<\/script>\n<!-- \/ Yoast SEO plugin. -->","yoast_head_json":{"title":"Solicitar Contacto \/ Presupuesto - EST\u00daDIO GR\u00c1FICO 21","robots":{"index":"index","follow":"follow","max-snippet":"max-snippet:-1","max-image-preview":"max-image-preview:large","max-video-preview":"max-video-preview:-1"},"canonical":"https:\/\/estudiografico21.pt\/es\/pedido-de-contacto-orcamentos\/","og_locale":"es_ES","og_type":"article","og_title":"Solicitar Contacto \/ Presupuesto - EST\u00daDIO GR\u00c1FICO 21","og_description":"Rellene el siguiente formulario con el mayor n\u00famero de datos posibles sobre la(s) obra(s). La finalizaci\u00f3n de la solicitud de presupuesto completo reduce el tiempo de respuesta de nuestra parte. Aseg\u00farese de que usted nos deja sus contactos v\u00e1lidos. Si usted tiene alguna cuesti\u00f3n t\u00e9cnica por favor p\u00f3ngase en contacto con nuestra oficina por tel\u00e9fono [&hellip;]","og_url":"https:\/\/estudiografico21.pt\/es\/pedido-de-contacto-orcamentos\/","og_site_name":"EST\u00daDIO GR\u00c1FICO 21","article_modified_time":"2022-05-20T19:15:36+00:00","twitter_misc":{"Tiempo de lectura":"1 minuto"},"schema":{"@context":"https:\/\/schema.org","@graph":[{"@type":"WebPage","@id":"https:\/\/estudiografico21.pt\/es\/pedido-de-contacto-orcamentos\/","url":"https:\/\/estudiografico21.pt\/es\/pedido-de-contacto-orcamentos\/","name":"Solicitar Contacto \/ Presupuesto - EST\u00daDIO GR\u00c1FICO 21","isPartOf":{"@id":"https:\/\/estudiografico21.pt\/#website"},"datePublished":"2015-02-23T12:15:45+00:00","dateModified":"2022-05-20T19:15:36+00:00","breadcrumb":{"@id":"https:\/\/estudiografico21.pt\/es\/pedido-de-contacto-orcamentos\/#breadcrumb"},"inLanguage":"es","potentialAction":[{"@type":"ReadAction","target":["https:\/\/estudiografico21.pt\/es\/pedido-de-contacto-orcamentos\/"]}]},{"@type":"BreadcrumbList","@id":"https:\/\/estudiografico21.pt\/es\/pedido-de-contacto-orcamentos\/#breadcrumb","itemListElement":[{"@type":"ListItem","position":1,"name":"Home","item":"https:\/\/estudiografico21.pt\/es\/"},{"@type":"ListItem","position":2,"name":"Solicitar Contacto \/ Presupuesto"}]},{"@type":"WebSite","@id":"https:\/\/estudiografico21.pt\/#website","url":"https:\/\/estudiografico21.pt\/","name":"EST\u00daDIO GR\u00c1FICO 21","description":"Artes Gr\u00e1ficas","potentialAction":[{"@type":"SearchAction","target":{"@type":"EntryPoint","urlTemplate":"https:\/\/estudiografico21.pt\/?s={search_term_string}"},"query-input":{"@type":"PropertyValueSpecification","valueRequired":true,"valueName":"search_term_string"}}],"inLanguage":"es"}]}},"_links":{"self":[{"href":"https:\/\/estudiografico21.pt\/es\/wp-json\/wp\/v2\/pages\/144","targetHints":{"allow":["GET"]}}],"collection":[{"href":"https:\/\/estudiografico21.pt\/es\/wp-json\/wp\/v2\/pages"}],"about":[{"href":"https:\/\/estudiografico21.pt\/es\/wp-json\/wp\/v2\/types\/page"}],"author":[{"embeddable":true,"href":"https:\/\/estudiografico21.pt\/es\/wp-json\/wp\/v2\/users\/6"}],"replies":[{"embeddable":true,"href":"https:\/\/estudiografico21.pt\/es\/wp-json\/wp\/v2\/comments?post=144"}],"version-history":[{"count":7,"href":"https:\/\/estudiografico21.pt\/es\/wp-json\/wp\/v2\/pages\/144\/revisions"}],"predecessor-version":[{"id":1525,"href":"https:\/\/estudiografico21.pt\/es\/wp-json\/wp\/v2\/pages\/144\/revisions\/1525"}],"wp:attachment":[{"href":"https:\/\/estudiografico21.pt\/es\/wp-json\/wp\/v2\/media?parent=144"}],"curies":[{"name":"wp","href":"https:\/\/api.w.org\/{rel}","templated":true}]}}