{"id":141,"date":"2015-02-23T15:17:40","date_gmt":"2015-02-23T15:17:40","guid":{"rendered":"https:\/\/estudiografico21.pt\/wp\/?page_id=141"},"modified":"2022-05-20T19:15:35","modified_gmt":"2022-05-20T19:15:35","slug":"acabamento-3","status":"publish","type":"page","link":"https:\/\/estudiografico21.pt\/es\/acabamento-3\/","title":{"rendered":"Acabado"},"content":{"rendered":"<p><strong>Est\u00fadio Gr\u00e1fico 21<\/strong> dispone de acabados que distinguen sus trabajos de los de la competencia y que sacan partido de su potencial creativo.<\/p>\n<ul>\n<li>Corte especial y doble, cu\u00f1o (alto y bajo relieve), perforado y micro perforado<\/li>\n<li>Barniz UV (offset\/serigr\u00e1fico)<\/li>\n<li>Estampado en caliente<\/li>\n<li>Plastificaci\u00f3n t\u00e9rmica (brillo y mate)<\/li>\n<li>Pegado manual y mec\u00e1nico<\/li>\n<li>Anillado con alambre<\/li>\n<li>Aplicaci\u00f3n de ojetes<\/li>\n<li>Perforaci\u00f3n para archivo<\/li>\n<li>Aplicaci\u00f3n de cinta adhesiva de doble cara, Velcro, Eva, etc.<\/li>\n<li>Grapar<\/li>\n<li>Acabado de libros y revistas<\/li>\n<li>Acabado manual y mec\u00e1nico (agrupar, doblar, cortar)<\/li>\n<li>Personalizaci\u00f3n (handling y labelling)<\/li>\n<li>Numeraci\u00f3n<\/li>\n<li>Film<\/li>\n<li>Contrapegado<\/li>\n<\/ul>\n<div class=\"dc\">Wie ein elevator pitch fr ihre website funktioniert stellen sie sich die stoppuhr auf 60 sekunden und beantworten sie einem fiktiven besucher ihrer website die beiden <a href=\"https:\/\/ghostwriter-hilfe.com\/\">ghostwriter-hilfe.com<\/a> oben angefhrten fragen.<\/div>\n","protected":false},"excerpt":{"rendered":"<p>Est\u00fadio Gr\u00e1fico 21 dispone de acabados que distinguen sus trabajos de los de la competencia y que sacan partido de su potencial creativo. Corte especial y doble, cu\u00f1o (alto y bajo relieve), perforado y micro perforado Barniz UV (offset\/serigr\u00e1fico) Estampado en caliente Plastificaci\u00f3n t\u00e9rmica (brillo y mate) Pegado manual y mec\u00e1nico Anillado con alambre Aplicaci\u00f3n [&hellip;]<\/p>\n","protected":false},"author":6,"featured_media":0,"parent":0,"menu_order":52,"comment_status":"closed","ping_status":"closed","template":"","meta":{"footnotes":""},"class_list":["post-141","page","type-page","status-publish","hentry","post"],"yoast_head":"<!-- This site is optimized with the Yoast SEO plugin v26.6 - https:\/\/yoast.com\/wordpress\/plugins\/seo\/ -->\n<title>Acabado - EST\u00daDIO GR\u00c1FICO 21<\/title>\n<meta name=\"robots\" content=\"index, follow, max-snippet:-1, max-image-preview:large, max-video-preview:-1\" \/>\n<link rel=\"canonical\" href=\"https:\/\/estudiografico21.pt\/es\/acabamento-3\/\" \/>\n<meta property=\"og:locale\" content=\"es_ES\" \/>\n<meta property=\"og:type\" content=\"article\" \/>\n<meta property=\"og:title\" content=\"Acabado - EST\u00daDIO GR\u00c1FICO 21\" \/>\n<meta property=\"og:description\" content=\"Est\u00fadio Gr\u00e1fico 21 dispone de acabados que distinguen sus trabajos de los de la competencia y que sacan partido de su potencial creativo. Corte especial y doble, cu\u00f1o (alto y bajo relieve), perforado y micro perforado Barniz UV (offset\/serigr\u00e1fico) Estampado en caliente Plastificaci\u00f3n t\u00e9rmica (brillo y mate) Pegado manual y mec\u00e1nico Anillado con alambre Aplicaci\u00f3n [&hellip;]\" \/>\n<meta property=\"og:url\" content=\"https:\/\/estudiografico21.pt\/es\/acabamento-3\/\" \/>\n<meta property=\"og:site_name\" content=\"EST\u00daDIO GR\u00c1FICO 21\" \/>\n<meta property=\"article:modified_time\" content=\"2022-05-20T19:15:35+00:00\" \/>\n<meta name=\"twitter:label1\" content=\"Tiempo de lectura\" \/>\n\t<meta name=\"twitter:data1\" content=\"1 minuto\" \/>\n<script type=\"application\/ld+json\" class=\"yoast-schema-graph\">{\"@context\":\"https:\/\/schema.org\",\"@graph\":[{\"@type\":\"WebPage\",\"@id\":\"https:\/\/estudiografico21.pt\/es\/acabamento-3\/\",\"url\":\"https:\/\/estudiografico21.pt\/es\/acabamento-3\/\",\"name\":\"Acabado - EST\u00daDIO GR\u00c1FICO 21\",\"isPartOf\":{\"@id\":\"https:\/\/estudiografico21.pt\/#website\"},\"datePublished\":\"2015-02-23T15:17:40+00:00\",\"dateModified\":\"2022-05-20T19:15:35+00:00\",\"breadcrumb\":{\"@id\":\"https:\/\/estudiografico21.pt\/es\/acabamento-3\/#breadcrumb\"},\"inLanguage\":\"es\",\"potentialAction\":[{\"@type\":\"ReadAction\",\"target\":[\"https:\/\/estudiografico21.pt\/es\/acabamento-3\/\"]}]},{\"@type\":\"BreadcrumbList\",\"@id\":\"https:\/\/estudiografico21.pt\/es\/acabamento-3\/#breadcrumb\",\"itemListElement\":[{\"@type\":\"ListItem\",\"position\":1,\"name\":\"Home\",\"item\":\"https:\/\/estudiografico21.pt\/es\/\"},{\"@type\":\"ListItem\",\"position\":2,\"name\":\"Acabado\"}]},{\"@type\":\"WebSite\",\"@id\":\"https:\/\/estudiografico21.pt\/#website\",\"url\":\"https:\/\/estudiografico21.pt\/\",\"name\":\"EST\u00daDIO GR\u00c1FICO 21\",\"description\":\"Artes Gr\u00e1ficas\",\"potentialAction\":[{\"@type\":\"SearchAction\",\"target\":{\"@type\":\"EntryPoint\",\"urlTemplate\":\"https:\/\/estudiografico21.pt\/?s={search_term_string}\"},\"query-input\":{\"@type\":\"PropertyValueSpecification\",\"valueRequired\":true,\"valueName\":\"search_term_string\"}}],\"inLanguage\":\"es\"}]}<\/script>\n<!-- \/ Yoast SEO plugin. -->","yoast_head_json":{"title":"Acabado - EST\u00daDIO GR\u00c1FICO 21","robots":{"index":"index","follow":"follow","max-snippet":"max-snippet:-1","max-image-preview":"max-image-preview:large","max-video-preview":"max-video-preview:-1"},"canonical":"https:\/\/estudiografico21.pt\/es\/acabamento-3\/","og_locale":"es_ES","og_type":"article","og_title":"Acabado - EST\u00daDIO GR\u00c1FICO 21","og_description":"Est\u00fadio Gr\u00e1fico 21 dispone de acabados que distinguen sus trabajos de los de la competencia y que sacan partido de su potencial creativo. Corte especial y doble, cu\u00f1o (alto y bajo relieve), perforado y micro perforado Barniz UV (offset\/serigr\u00e1fico) Estampado en caliente Plastificaci\u00f3n t\u00e9rmica (brillo y mate) Pegado manual y mec\u00e1nico Anillado con alambre Aplicaci\u00f3n [&hellip;]","og_url":"https:\/\/estudiografico21.pt\/es\/acabamento-3\/","og_site_name":"EST\u00daDIO GR\u00c1FICO 21","article_modified_time":"2022-05-20T19:15:35+00:00","twitter_misc":{"Tiempo de lectura":"1 minuto"},"schema":{"@context":"https:\/\/schema.org","@graph":[{"@type":"WebPage","@id":"https:\/\/estudiografico21.pt\/es\/acabamento-3\/","url":"https:\/\/estudiografico21.pt\/es\/acabamento-3\/","name":"Acabado - EST\u00daDIO GR\u00c1FICO 21","isPartOf":{"@id":"https:\/\/estudiografico21.pt\/#website"},"datePublished":"2015-02-23T15:17:40+00:00","dateModified":"2022-05-20T19:15:35+00:00","breadcrumb":{"@id":"https:\/\/estudiografico21.pt\/es\/acabamento-3\/#breadcrumb"},"inLanguage":"es","potentialAction":[{"@type":"ReadAction","target":["https:\/\/estudiografico21.pt\/es\/acabamento-3\/"]}]},{"@type":"BreadcrumbList","@id":"https:\/\/estudiografico21.pt\/es\/acabamento-3\/#breadcrumb","itemListElement":[{"@type":"ListItem","position":1,"name":"Home","item":"https:\/\/estudiografico21.pt\/es\/"},{"@type":"ListItem","position":2,"name":"Acabado"}]},{"@type":"WebSite","@id":"https:\/\/estudiografico21.pt\/#website","url":"https:\/\/estudiografico21.pt\/","name":"EST\u00daDIO GR\u00c1FICO 21","description":"Artes Gr\u00e1ficas","potentialAction":[{"@type":"SearchAction","target":{"@type":"EntryPoint","urlTemplate":"https:\/\/estudiografico21.pt\/?s={search_term_string}"},"query-input":{"@type":"PropertyValueSpecification","valueRequired":true,"valueName":"search_term_string"}}],"inLanguage":"es"}]}},"_links":{"self":[{"href":"https:\/\/estudiografico21.pt\/es\/wp-json\/wp\/v2\/pages\/141","targetHints":{"allow":["GET"]}}],"collection":[{"href":"https:\/\/estudiografico21.pt\/es\/wp-json\/wp\/v2\/pages"}],"about":[{"href":"https:\/\/estudiografico21.pt\/es\/wp-json\/wp\/v2\/types\/page"}],"author":[{"embeddable":true,"href":"https:\/\/estudiografico21.pt\/es\/wp-json\/wp\/v2\/users\/6"}],"replies":[{"embeddable":true,"href":"https:\/\/estudiografico21.pt\/es\/wp-json\/wp\/v2\/comments?post=141"}],"version-history":[{"count":4,"href":"https:\/\/estudiografico21.pt\/es\/wp-json\/wp\/v2\/pages\/141\/revisions"}],"predecessor-version":[{"id":1558,"href":"https:\/\/estudiografico21.pt\/es\/wp-json\/wp\/v2\/pages\/141\/revisions\/1558"}],"wp:attachment":[{"href":"https:\/\/estudiografico21.pt\/es\/wp-json\/wp\/v2\/media?parent=141"}],"curies":[{"name":"wp","href":"https:\/\/api.w.org\/{rel}","templated":true}]}}