{"id":139,"date":"2015-02-23T15:17:44","date_gmt":"2015-02-23T15:17:44","guid":{"rendered":"https:\/\/estudiografico21.pt\/wp\/?page_id=139"},"modified":"2022-05-20T19:15:35","modified_gmt":"2022-05-20T19:15:35","slug":"pre-impressao-3","status":"publish","type":"page","link":"https:\/\/estudiografico21.pt\/es\/pre-impressao-3\/","title":{"rendered":"Preimpresi\u00f3n"},"content":{"rendered":"<p><strong>Est\u00fadio Gr\u00e1fico 21<\/strong> invierte constantemente en su departamento de preimpresi\u00f3n con el objetivo de aumentar su capacidad para aceptar todos los trabajos en soporte digital f\u00edsico o a trav\u00e9s de Internet. Trabaja con programas inform\u00e1ticos que le permiten la integraci\u00f3n de todo el tipo de programas de Mac o PC (Illustrator, InDesign, Quarkxpress, Acrobat, entre otros).<br \/>\nSi el cliente lo solicita, Est\u00fadio Gr\u00e1fico 21 cuenta con los medios humanos y t\u00e9cnicos para preparar artes finales, paginaci\u00f3n, tratamiento de imagen y pruebas de color digitales.<\/p>\n<div class=\"dc\">Nina jeron I is a postgraduate student of english and german and a celta-certified teacher at the beginning of her <a href=\"https:\/\/resumecvwriter.com\/\">https:\/\/resumecvwriter.com\/<\/a> professional path.<\/div>\n","protected":false},"excerpt":{"rendered":"<p>Est\u00fadio Gr\u00e1fico 21 invierte constantemente en su departamento de preimpresi\u00f3n con el objetivo de aumentar su capacidad para aceptar todos los trabajos en soporte digital f\u00edsico o a trav\u00e9s de Internet. Trabaja con programas inform\u00e1ticos que le permiten la integraci\u00f3n de todo el tipo de programas de Mac o PC (Illustrator, InDesign, Quarkxpress, Acrobat, entre [&hellip;]<\/p>\n","protected":false},"author":6,"featured_media":0,"parent":0,"menu_order":45,"comment_status":"closed","ping_status":"closed","template":"","meta":{"footnotes":""},"class_list":["post-139","page","type-page","status-publish","hentry","post"],"yoast_head":"<!-- This site is optimized with the Yoast SEO plugin v26.6 - https:\/\/yoast.com\/wordpress\/plugins\/seo\/ -->\n<title>Preimpresi\u00f3n - EST\u00daDIO GR\u00c1FICO 21<\/title>\n<meta name=\"robots\" content=\"index, follow, max-snippet:-1, max-image-preview:large, max-video-preview:-1\" \/>\n<link rel=\"canonical\" href=\"https:\/\/estudiografico21.pt\/es\/pre-impressao-3\/\" \/>\n<meta property=\"og:locale\" content=\"es_ES\" \/>\n<meta property=\"og:type\" content=\"article\" \/>\n<meta property=\"og:title\" content=\"Preimpresi\u00f3n - EST\u00daDIO GR\u00c1FICO 21\" \/>\n<meta property=\"og:description\" content=\"Est\u00fadio Gr\u00e1fico 21 invierte constantemente en su departamento de preimpresi\u00f3n con el objetivo de aumentar su capacidad para aceptar todos los trabajos en soporte digital f\u00edsico o a trav\u00e9s de Internet. Trabaja con programas inform\u00e1ticos que le permiten la integraci\u00f3n de todo el tipo de programas de Mac o PC (Illustrator, InDesign, Quarkxpress, Acrobat, entre [&hellip;]\" \/>\n<meta property=\"og:url\" content=\"https:\/\/estudiografico21.pt\/es\/pre-impressao-3\/\" \/>\n<meta property=\"og:site_name\" content=\"EST\u00daDIO GR\u00c1FICO 21\" \/>\n<meta property=\"article:modified_time\" content=\"2022-05-20T19:15:35+00:00\" \/>\n<meta name=\"twitter:label1\" content=\"Tiempo de lectura\" \/>\n\t<meta name=\"twitter:data1\" content=\"1 minuto\" \/>\n<script type=\"application\/ld+json\" class=\"yoast-schema-graph\">{\"@context\":\"https:\/\/schema.org\",\"@graph\":[{\"@type\":\"WebPage\",\"@id\":\"https:\/\/estudiografico21.pt\/es\/pre-impressao-3\/\",\"url\":\"https:\/\/estudiografico21.pt\/es\/pre-impressao-3\/\",\"name\":\"Preimpresi\u00f3n - EST\u00daDIO GR\u00c1FICO 21\",\"isPartOf\":{\"@id\":\"https:\/\/estudiografico21.pt\/#website\"},\"datePublished\":\"2015-02-23T15:17:44+00:00\",\"dateModified\":\"2022-05-20T19:15:35+00:00\",\"breadcrumb\":{\"@id\":\"https:\/\/estudiografico21.pt\/es\/pre-impressao-3\/#breadcrumb\"},\"inLanguage\":\"es\",\"potentialAction\":[{\"@type\":\"ReadAction\",\"target\":[\"https:\/\/estudiografico21.pt\/es\/pre-impressao-3\/\"]}]},{\"@type\":\"BreadcrumbList\",\"@id\":\"https:\/\/estudiografico21.pt\/es\/pre-impressao-3\/#breadcrumb\",\"itemListElement\":[{\"@type\":\"ListItem\",\"position\":1,\"name\":\"Home\",\"item\":\"https:\/\/estudiografico21.pt\/es\/\"},{\"@type\":\"ListItem\",\"position\":2,\"name\":\"Preimpresi\u00f3n\"}]},{\"@type\":\"WebSite\",\"@id\":\"https:\/\/estudiografico21.pt\/#website\",\"url\":\"https:\/\/estudiografico21.pt\/\",\"name\":\"EST\u00daDIO GR\u00c1FICO 21\",\"description\":\"Artes Gr\u00e1ficas\",\"potentialAction\":[{\"@type\":\"SearchAction\",\"target\":{\"@type\":\"EntryPoint\",\"urlTemplate\":\"https:\/\/estudiografico21.pt\/?s={search_term_string}\"},\"query-input\":{\"@type\":\"PropertyValueSpecification\",\"valueRequired\":true,\"valueName\":\"search_term_string\"}}],\"inLanguage\":\"es\"}]}<\/script>\n<!-- \/ Yoast SEO plugin. -->","yoast_head_json":{"title":"Preimpresi\u00f3n - EST\u00daDIO GR\u00c1FICO 21","robots":{"index":"index","follow":"follow","max-snippet":"max-snippet:-1","max-image-preview":"max-image-preview:large","max-video-preview":"max-video-preview:-1"},"canonical":"https:\/\/estudiografico21.pt\/es\/pre-impressao-3\/","og_locale":"es_ES","og_type":"article","og_title":"Preimpresi\u00f3n - EST\u00daDIO GR\u00c1FICO 21","og_description":"Est\u00fadio Gr\u00e1fico 21 invierte constantemente en su departamento de preimpresi\u00f3n con el objetivo de aumentar su capacidad para aceptar todos los trabajos en soporte digital f\u00edsico o a trav\u00e9s de Internet. Trabaja con programas inform\u00e1ticos que le permiten la integraci\u00f3n de todo el tipo de programas de Mac o PC (Illustrator, InDesign, Quarkxpress, Acrobat, entre [&hellip;]","og_url":"https:\/\/estudiografico21.pt\/es\/pre-impressao-3\/","og_site_name":"EST\u00daDIO GR\u00c1FICO 21","article_modified_time":"2022-05-20T19:15:35+00:00","twitter_misc":{"Tiempo de lectura":"1 minuto"},"schema":{"@context":"https:\/\/schema.org","@graph":[{"@type":"WebPage","@id":"https:\/\/estudiografico21.pt\/es\/pre-impressao-3\/","url":"https:\/\/estudiografico21.pt\/es\/pre-impressao-3\/","name":"Preimpresi\u00f3n - EST\u00daDIO GR\u00c1FICO 21","isPartOf":{"@id":"https:\/\/estudiografico21.pt\/#website"},"datePublished":"2015-02-23T15:17:44+00:00","dateModified":"2022-05-20T19:15:35+00:00","breadcrumb":{"@id":"https:\/\/estudiografico21.pt\/es\/pre-impressao-3\/#breadcrumb"},"inLanguage":"es","potentialAction":[{"@type":"ReadAction","target":["https:\/\/estudiografico21.pt\/es\/pre-impressao-3\/"]}]},{"@type":"BreadcrumbList","@id":"https:\/\/estudiografico21.pt\/es\/pre-impressao-3\/#breadcrumb","itemListElement":[{"@type":"ListItem","position":1,"name":"Home","item":"https:\/\/estudiografico21.pt\/es\/"},{"@type":"ListItem","position":2,"name":"Preimpresi\u00f3n"}]},{"@type":"WebSite","@id":"https:\/\/estudiografico21.pt\/#website","url":"https:\/\/estudiografico21.pt\/","name":"EST\u00daDIO GR\u00c1FICO 21","description":"Artes Gr\u00e1ficas","potentialAction":[{"@type":"SearchAction","target":{"@type":"EntryPoint","urlTemplate":"https:\/\/estudiografico21.pt\/?s={search_term_string}"},"query-input":{"@type":"PropertyValueSpecification","valueRequired":true,"valueName":"search_term_string"}}],"inLanguage":"es"}]}},"_links":{"self":[{"href":"https:\/\/estudiografico21.pt\/es\/wp-json\/wp\/v2\/pages\/139","targetHints":{"allow":["GET"]}}],"collection":[{"href":"https:\/\/estudiografico21.pt\/es\/wp-json\/wp\/v2\/pages"}],"about":[{"href":"https:\/\/estudiografico21.pt\/es\/wp-json\/wp\/v2\/types\/page"}],"author":[{"embeddable":true,"href":"https:\/\/estudiografico21.pt\/es\/wp-json\/wp\/v2\/users\/6"}],"replies":[{"embeddable":true,"href":"https:\/\/estudiografico21.pt\/es\/wp-json\/wp\/v2\/comments?post=139"}],"version-history":[{"count":3,"href":"https:\/\/estudiografico21.pt\/es\/wp-json\/wp\/v2\/pages\/139\/revisions"}],"predecessor-version":[{"id":1542,"href":"https:\/\/estudiografico21.pt\/es\/wp-json\/wp\/v2\/pages\/139\/revisions\/1542"}],"wp:attachment":[{"href":"https:\/\/estudiografico21.pt\/es\/wp-json\/wp\/v2\/media?parent=139"}],"curies":[{"name":"wp","href":"https:\/\/api.w.org\/{rel}","templated":true}]}}