{"id":138,"date":"2015-02-23T15:17:46","date_gmt":"2015-02-23T15:17:46","guid":{"rendered":"https:\/\/estudiografico21.pt\/wp\/?page_id=138"},"modified":"2022-05-20T19:15:35","modified_gmt":"2022-05-20T19:15:35","slug":"estampagem-a-frio-em-linha-3","status":"publish","type":"page","link":"https:\/\/estudiografico21.pt\/es\/estampagem-a-frio-em-linha-3\/","title":{"rendered":"Estampaci\u00f3n en Fr\u00edo en L\u00ednea"},"content":{"rendered":"<p class=\"textomain\"> <strong>Est\u00fadio Gr\u00e1fico 21 es la \u00fanica empresa en el mercado ib\u00e9rico y una de las primeras en el mercado europeo que utiliza el innovador sistema de estampaci\u00f3n en fr\u00edo en l\u00ednea en una m\u00e1quina de offset.<\/strong> <\/p>\n<p class=\"textomain\">Una de las ventajas del estampaci\u00f3n en fr\u00edo es que se hace en l\u00ednea en una m\u00e1quina de offset, permitiendo una cantidad ilimitada de contrastes y colores met\u00e1licos. En muchos casos, su flexibilidad le permite ser una excelente herramienta para crear efectos estampaci\u00f3ns, tanto en peque\u00f1as como en grandes tiradas, incluso en grandes \u00e1reas de estampaci\u00f3n o de peque\u00f1os detalles.<\/p>\n<p>El estampaci\u00f3n en fr\u00edo en una m\u00e1quina de offset permite ejecutar el trabajo (estampaci\u00f3n + impresi\u00f3n) de forma m\u00e1s r\u00e1pida, con m\u00e1s precisi\u00f3n e incluso permite evaluar el producto final (estampaci\u00f3n + impresi\u00f3n) con un solo paso por la m\u00e1quina.<br \/>\nLa utilizaci\u00f3n de este m\u00e9todo nos permite valorar las marcas, los productos y la comunicaci\u00f3n con el cliente, por lo que es un instrumento importante para conseguir notoriedad, prestigio, visibilidad y una gran diferenciaci\u00f3n frente a la competencia.<br \/>\nLos efectos met\u00e1licos, cada vez m\u00e1s de moda, se pueden ver en revistas, libros, publicaciones, envases, r\u00f3tulos, folletos y numerosas otras aplicaciones gr\u00e1ficas ya que su gran impacto visual despierta la atenci\u00f3n de los consumidores.<br \/>\nLa impresi\u00f3n con estampaci\u00f3n en fr\u00edo es dif\u00edcil de falsificar e imposible de copiar, de ah\u00ed su papel importante a la hora de garantizar la seguridad de productos y envases.<\/p>\n<h3>C\u00f3mo funciona el estampaci\u00f3n en fr\u00edo:<\/h3>\n<p>La m\u00e1quina de impresi\u00f3n offset funciona con 7 partes distintas:<\/p>\n<ul>\n<li> <span class=\"textomain\">En la primera torre se aplica la tinta adhesiva (pegamento) a trav\u00e9s de una plancha de offset convencional donde se imprime el pegamento en un folio con la m\u00e1xima precisi\u00f3n<\/span> <\/li>\n<li> <span class=\"textomain\">En la segunda torre, la hoja de pel\u00edcula met\u00e1lica solo se adhiere al papel en la capa adhesiva<\/span> <\/li>\n<li> <span class=\"textomain\">De la tercera a la sexta torre, se realiza la impresi\u00f3n offset en selecci\u00f3n de colores sobre la parte estampada (sobreimpresi\u00f3n) y sobre la parte blanca del papel<\/span> <\/li>\n<li> <span class=\"textomain\">En la s\u00e9tima torre, se coloca un barniz especial que protege todo el \u00e1rea de la impresi\u00f3n\/estampaci\u00f3n.<\/span> <\/li>\n<\/ul>\n<p><span class=\"textomain\"> <strong>\u00bfC\u00f3mo entregar los documentos para la impresi\u00f3n en estampaci\u00f3n en fr\u00edo en l\u00ednea?<\/strong><br \/>\n<a href=\"https:\/\/estudiografico21.pt\/html\/foil.pdf\" target=\"_blank\" rel=\"nofollow noopener noreferrer\">DOWNLOAD DE PDF<\/a> <\/span><\/p>\n<div class=\"dc\">Do you want your students to stop <a href=\"https:\/\/essay4today.com\/\">essay4today.com<\/a> trolling you, facepalming at you.<\/div>\n","protected":false},"excerpt":{"rendered":"<p>Est\u00fadio Gr\u00e1fico 21 es la \u00fanica empresa en el mercado ib\u00e9rico y una de las primeras en el mercado europeo que utiliza el innovador sistema de estampaci\u00f3n en fr\u00edo en l\u00ednea en una m\u00e1quina de offset. Una de las ventajas del estampaci\u00f3n en fr\u00edo es que se hace en l\u00ednea en una m\u00e1quina de offset, [&hellip;]<\/p>\n","protected":false},"author":6,"featured_media":0,"parent":0,"menu_order":41,"comment_status":"closed","ping_status":"closed","template":"","meta":{"footnotes":""},"class_list":["post-138","page","type-page","status-publish","hentry","post"],"yoast_head":"<!-- This site is optimized with the Yoast SEO plugin v26.6 - https:\/\/yoast.com\/wordpress\/plugins\/seo\/ -->\n<title>Estampaci\u00f3n en Fr\u00edo en L\u00ednea - EST\u00daDIO GR\u00c1FICO 21<\/title>\n<meta name=\"robots\" content=\"index, follow, max-snippet:-1, max-image-preview:large, max-video-preview:-1\" \/>\n<link rel=\"canonical\" href=\"https:\/\/estudiografico21.pt\/es\/estampagem-a-frio-em-linha-3\/\" \/>\n<meta property=\"og:locale\" content=\"es_ES\" \/>\n<meta property=\"og:type\" content=\"article\" \/>\n<meta property=\"og:title\" content=\"Estampaci\u00f3n en Fr\u00edo en L\u00ednea - EST\u00daDIO GR\u00c1FICO 21\" \/>\n<meta property=\"og:description\" content=\"Est\u00fadio Gr\u00e1fico 21 es la \u00fanica empresa en el mercado ib\u00e9rico y una de las primeras en el mercado europeo que utiliza el innovador sistema de estampaci\u00f3n en fr\u00edo en l\u00ednea en una m\u00e1quina de offset. Una de las ventajas del estampaci\u00f3n en fr\u00edo es que se hace en l\u00ednea en una m\u00e1quina de offset, [&hellip;]\" \/>\n<meta property=\"og:url\" content=\"https:\/\/estudiografico21.pt\/es\/estampagem-a-frio-em-linha-3\/\" \/>\n<meta property=\"og:site_name\" content=\"EST\u00daDIO GR\u00c1FICO 21\" \/>\n<meta property=\"article:modified_time\" content=\"2022-05-20T19:15:35+00:00\" \/>\n<meta name=\"twitter:label1\" content=\"Tiempo de lectura\" \/>\n\t<meta name=\"twitter:data1\" content=\"2 minutos\" \/>\n<script type=\"application\/ld+json\" class=\"yoast-schema-graph\">{\"@context\":\"https:\/\/schema.org\",\"@graph\":[{\"@type\":\"WebPage\",\"@id\":\"https:\/\/estudiografico21.pt\/es\/estampagem-a-frio-em-linha-3\/\",\"url\":\"https:\/\/estudiografico21.pt\/es\/estampagem-a-frio-em-linha-3\/\",\"name\":\"Estampaci\u00f3n en Fr\u00edo en L\u00ednea - EST\u00daDIO GR\u00c1FICO 21\",\"isPartOf\":{\"@id\":\"https:\/\/estudiografico21.pt\/#website\"},\"datePublished\":\"2015-02-23T15:17:46+00:00\",\"dateModified\":\"2022-05-20T19:15:35+00:00\",\"breadcrumb\":{\"@id\":\"https:\/\/estudiografico21.pt\/es\/estampagem-a-frio-em-linha-3\/#breadcrumb\"},\"inLanguage\":\"es\",\"potentialAction\":[{\"@type\":\"ReadAction\",\"target\":[\"https:\/\/estudiografico21.pt\/es\/estampagem-a-frio-em-linha-3\/\"]}]},{\"@type\":\"BreadcrumbList\",\"@id\":\"https:\/\/estudiografico21.pt\/es\/estampagem-a-frio-em-linha-3\/#breadcrumb\",\"itemListElement\":[{\"@type\":\"ListItem\",\"position\":1,\"name\":\"Home\",\"item\":\"https:\/\/estudiografico21.pt\/es\/\"},{\"@type\":\"ListItem\",\"position\":2,\"name\":\"Estampaci\u00f3n en Fr\u00edo en L\u00ednea\"}]},{\"@type\":\"WebSite\",\"@id\":\"https:\/\/estudiografico21.pt\/#website\",\"url\":\"https:\/\/estudiografico21.pt\/\",\"name\":\"EST\u00daDIO GR\u00c1FICO 21\",\"description\":\"Artes Gr\u00e1ficas\",\"potentialAction\":[{\"@type\":\"SearchAction\",\"target\":{\"@type\":\"EntryPoint\",\"urlTemplate\":\"https:\/\/estudiografico21.pt\/?s={search_term_string}\"},\"query-input\":{\"@type\":\"PropertyValueSpecification\",\"valueRequired\":true,\"valueName\":\"search_term_string\"}}],\"inLanguage\":\"es\"}]}<\/script>\n<!-- \/ Yoast SEO plugin. -->","yoast_head_json":{"title":"Estampaci\u00f3n en Fr\u00edo en L\u00ednea - EST\u00daDIO GR\u00c1FICO 21","robots":{"index":"index","follow":"follow","max-snippet":"max-snippet:-1","max-image-preview":"max-image-preview:large","max-video-preview":"max-video-preview:-1"},"canonical":"https:\/\/estudiografico21.pt\/es\/estampagem-a-frio-em-linha-3\/","og_locale":"es_ES","og_type":"article","og_title":"Estampaci\u00f3n en Fr\u00edo en L\u00ednea - EST\u00daDIO GR\u00c1FICO 21","og_description":"Est\u00fadio Gr\u00e1fico 21 es la \u00fanica empresa en el mercado ib\u00e9rico y una de las primeras en el mercado europeo que utiliza el innovador sistema de estampaci\u00f3n en fr\u00edo en l\u00ednea en una m\u00e1quina de offset. Una de las ventajas del estampaci\u00f3n en fr\u00edo es que se hace en l\u00ednea en una m\u00e1quina de offset, [&hellip;]","og_url":"https:\/\/estudiografico21.pt\/es\/estampagem-a-frio-em-linha-3\/","og_site_name":"EST\u00daDIO GR\u00c1FICO 21","article_modified_time":"2022-05-20T19:15:35+00:00","twitter_misc":{"Tiempo de lectura":"2 minutos"},"schema":{"@context":"https:\/\/schema.org","@graph":[{"@type":"WebPage","@id":"https:\/\/estudiografico21.pt\/es\/estampagem-a-frio-em-linha-3\/","url":"https:\/\/estudiografico21.pt\/es\/estampagem-a-frio-em-linha-3\/","name":"Estampaci\u00f3n en Fr\u00edo en L\u00ednea - EST\u00daDIO GR\u00c1FICO 21","isPartOf":{"@id":"https:\/\/estudiografico21.pt\/#website"},"datePublished":"2015-02-23T15:17:46+00:00","dateModified":"2022-05-20T19:15:35+00:00","breadcrumb":{"@id":"https:\/\/estudiografico21.pt\/es\/estampagem-a-frio-em-linha-3\/#breadcrumb"},"inLanguage":"es","potentialAction":[{"@type":"ReadAction","target":["https:\/\/estudiografico21.pt\/es\/estampagem-a-frio-em-linha-3\/"]}]},{"@type":"BreadcrumbList","@id":"https:\/\/estudiografico21.pt\/es\/estampagem-a-frio-em-linha-3\/#breadcrumb","itemListElement":[{"@type":"ListItem","position":1,"name":"Home","item":"https:\/\/estudiografico21.pt\/es\/"},{"@type":"ListItem","position":2,"name":"Estampaci\u00f3n en Fr\u00edo en L\u00ednea"}]},{"@type":"WebSite","@id":"https:\/\/estudiografico21.pt\/#website","url":"https:\/\/estudiografico21.pt\/","name":"EST\u00daDIO GR\u00c1FICO 21","description":"Artes Gr\u00e1ficas","potentialAction":[{"@type":"SearchAction","target":{"@type":"EntryPoint","urlTemplate":"https:\/\/estudiografico21.pt\/?s={search_term_string}"},"query-input":{"@type":"PropertyValueSpecification","valueRequired":true,"valueName":"search_term_string"}}],"inLanguage":"es"}]}},"_links":{"self":[{"href":"https:\/\/estudiografico21.pt\/es\/wp-json\/wp\/v2\/pages\/138","targetHints":{"allow":["GET"]}}],"collection":[{"href":"https:\/\/estudiografico21.pt\/es\/wp-json\/wp\/v2\/pages"}],"about":[{"href":"https:\/\/estudiografico21.pt\/es\/wp-json\/wp\/v2\/types\/page"}],"author":[{"embeddable":true,"href":"https:\/\/estudiografico21.pt\/es\/wp-json\/wp\/v2\/users\/6"}],"replies":[{"embeddable":true,"href":"https:\/\/estudiografico21.pt\/es\/wp-json\/wp\/v2\/comments?post=138"}],"version-history":[{"count":7,"href":"https:\/\/estudiografico21.pt\/es\/wp-json\/wp\/v2\/pages\/138\/revisions"}],"predecessor-version":[{"id":1554,"href":"https:\/\/estudiografico21.pt\/es\/wp-json\/wp\/v2\/pages\/138\/revisions\/1554"}],"wp:attachment":[{"href":"https:\/\/estudiografico21.pt\/es\/wp-json\/wp\/v2\/media?parent=138"}],"curies":[{"name":"wp","href":"https:\/\/api.w.org\/{rel}","templated":true}]}}