{"id":136,"date":"2015-02-23T15:17:49","date_gmt":"2015-02-23T15:17:49","guid":{"rendered":"https:\/\/estudiografico21.pt\/wp\/?page_id=136"},"modified":"2022-05-20T19:15:34","modified_gmt":"2022-05-20T19:15:34","slug":"politica-de-qualidade-4","status":"publish","type":"page","link":"https:\/\/estudiografico21.pt\/es\/politica-de-qualidade-4\/","title":{"rendered":"Pol\u00edtica de Calidad"},"content":{"rendered":"<div class=\"textomain\">\n<h3>\u201cSu creatividad es nuestro l\u00edmite\u201d<\/h3>\n<h3> <\/h3>\n<\/div>\n<div class=\"textomain\"> <strong>MISION:<\/strong> Innovar. Estar a la vanguardia tanto en la maquinaria como en la personalizaci\u00f3n del servicio al cliente. Sabemos mejor que nadie que el \u00e9xito de nuestro trabajo depende de la atenci\u00f3n y del rigor que ponemos en cada detalle.<\/div>\n<div class=\"textomain\"> <\/div>\n<div class=\"textomain\"> <strong>VISI\u00d3N:&nbsp;<\/strong>Situarnos entre las mejores empresas del sector gr\u00e1fico, trabajar con clientes importantes y consolidar nuestra posici\u00f3n entre ellos.<\/div>\n<div class=\"textomain\"> <\/div>\n<div class=\"textomain\">\n<strong>VALORES:<\/strong><\/p>\n<ul>\n<li>Integridad<\/li>\n<li>Orientaci\u00f3n al cliente<\/li>\n<li>Respeto por el individuo<\/li>\n<li>Respeto por el medio ambiente<\/li>\n<li>M\u00e1xima responsabilidad en todas las fases del trabajo<\/li>\n<li>Responsabilidad Social<\/li>\n<\/ul>\n<p>En este sentido, el Est\u00fadio Gr\u00e1fico 21, a entendido como esencial para lograr la certificaci\u00f3n del Sistema de Gesti\u00f3n de Calidad seg\u00fan la norma NP EN ISO 9001: 2008 y en la Cadena de Custodia Forestal de acuerdo con los est\u00e1ndares FSC y PEFC. Tomando la filosof\u00eda de mejora continua el Est\u00fadio Gr\u00e1fico 21 se ha comprometido a:<\/p>\n<ul>\n<li>Satisfacer, superar las necesidades y expectativas expresadas por los clientes;<\/li>\n<li>Garantizar el cumplimiento de los requisitos de las normas, leyes, reglamentos, aplicables a su actividad;<\/li>\n<li>Desarrollar la satisfacci\u00f3n, la motivaci\u00f3n y la implicaci\u00f3n de los trabajadores;<\/li>\n<li>Promover la calidad de los procesos y m\u00e9todos de trabajo con el fin de ofrecer servicios de mayor valor a\u00f1adido para los clientes;<\/li>\n<li>Mejorar continuamente la eficacia de su Sistema de Gesti\u00f3n de Calidad, mediante el establecimiento y seguimiento de objetivos e indicadores.<\/li>\n<\/ul>\n<\/div>\n<div class=\"dc\">Always bear in mind <a href=\"https:\/\/essaydragon.com\/\" target=\"_blank\" rel=\"noopener noreferrer\">pay someone to do my essay in https:\/\/essaydragon.com<\/a> that essay should develop an argument that will also make reader wonder.<\/div>\n","protected":false},"excerpt":{"rendered":"<p>\u201cSu creatividad es nuestro l\u00edmite\u201d MISION: Innovar. Estar a la vanguardia tanto en la maquinaria como en la personalizaci\u00f3n del servicio al cliente. Sabemos mejor que nadie que el \u00e9xito de nuestro trabajo depende de la atenci\u00f3n y del rigor que ponemos en cada detalle. VISI\u00d3N:&nbsp;Situarnos entre las mejores empresas del sector gr\u00e1fico, trabajar con [&hellip;]<\/p>\n","protected":false},"author":6,"featured_media":0,"parent":0,"menu_order":36,"comment_status":"closed","ping_status":"closed","template":"","meta":{"footnotes":""},"class_list":["post-136","page","type-page","status-publish","hentry","post"],"yoast_head":"<!-- This site is optimized with the Yoast SEO plugin v26.6 - https:\/\/yoast.com\/wordpress\/plugins\/seo\/ -->\n<title>Pol\u00edtica de Calidad - EST\u00daDIO GR\u00c1FICO 21<\/title>\n<meta name=\"robots\" content=\"index, follow, max-snippet:-1, max-image-preview:large, max-video-preview:-1\" \/>\n<link rel=\"canonical\" href=\"https:\/\/estudiografico21.pt\/es\/politica-de-qualidade-4\/\" \/>\n<meta property=\"og:locale\" content=\"es_ES\" \/>\n<meta property=\"og:type\" content=\"article\" \/>\n<meta property=\"og:title\" content=\"Pol\u00edtica de Calidad - EST\u00daDIO GR\u00c1FICO 21\" \/>\n<meta property=\"og:description\" content=\"\u201cSu creatividad es nuestro l\u00edmite\u201d MISION: Innovar. Estar a la vanguardia tanto en la maquinaria como en la personalizaci\u00f3n del servicio al cliente. Sabemos mejor que nadie que el \u00e9xito de nuestro trabajo depende de la atenci\u00f3n y del rigor que ponemos en cada detalle. VISI\u00d3N:&nbsp;Situarnos entre las mejores empresas del sector gr\u00e1fico, trabajar con [&hellip;]\" \/>\n<meta property=\"og:url\" content=\"https:\/\/estudiografico21.pt\/es\/politica-de-qualidade-4\/\" \/>\n<meta property=\"og:site_name\" content=\"EST\u00daDIO GR\u00c1FICO 21\" \/>\n<meta property=\"article:modified_time\" content=\"2022-05-20T19:15:34+00:00\" \/>\n<meta name=\"twitter:label1\" content=\"Tiempo de lectura\" \/>\n\t<meta name=\"twitter:data1\" content=\"1 minuto\" \/>\n<script type=\"application\/ld+json\" class=\"yoast-schema-graph\">{\"@context\":\"https:\/\/schema.org\",\"@graph\":[{\"@type\":\"WebPage\",\"@id\":\"https:\/\/estudiografico21.pt\/es\/politica-de-qualidade-4\/\",\"url\":\"https:\/\/estudiografico21.pt\/es\/politica-de-qualidade-4\/\",\"name\":\"Pol\u00edtica de Calidad - EST\u00daDIO GR\u00c1FICO 21\",\"isPartOf\":{\"@id\":\"https:\/\/estudiografico21.pt\/#website\"},\"datePublished\":\"2015-02-23T15:17:49+00:00\",\"dateModified\":\"2022-05-20T19:15:34+00:00\",\"breadcrumb\":{\"@id\":\"https:\/\/estudiografico21.pt\/es\/politica-de-qualidade-4\/#breadcrumb\"},\"inLanguage\":\"es\",\"potentialAction\":[{\"@type\":\"ReadAction\",\"target\":[\"https:\/\/estudiografico21.pt\/es\/politica-de-qualidade-4\/\"]}]},{\"@type\":\"BreadcrumbList\",\"@id\":\"https:\/\/estudiografico21.pt\/es\/politica-de-qualidade-4\/#breadcrumb\",\"itemListElement\":[{\"@type\":\"ListItem\",\"position\":1,\"name\":\"Home\",\"item\":\"https:\/\/estudiografico21.pt\/es\/\"},{\"@type\":\"ListItem\",\"position\":2,\"name\":\"Pol\u00edtica de Calidad\"}]},{\"@type\":\"WebSite\",\"@id\":\"https:\/\/estudiografico21.pt\/#website\",\"url\":\"https:\/\/estudiografico21.pt\/\",\"name\":\"EST\u00daDIO GR\u00c1FICO 21\",\"description\":\"Artes Gr\u00e1ficas\",\"potentialAction\":[{\"@type\":\"SearchAction\",\"target\":{\"@type\":\"EntryPoint\",\"urlTemplate\":\"https:\/\/estudiografico21.pt\/?s={search_term_string}\"},\"query-input\":{\"@type\":\"PropertyValueSpecification\",\"valueRequired\":true,\"valueName\":\"search_term_string\"}}],\"inLanguage\":\"es\"}]}<\/script>\n<!-- \/ Yoast SEO plugin. -->","yoast_head_json":{"title":"Pol\u00edtica de Calidad - EST\u00daDIO GR\u00c1FICO 21","robots":{"index":"index","follow":"follow","max-snippet":"max-snippet:-1","max-image-preview":"max-image-preview:large","max-video-preview":"max-video-preview:-1"},"canonical":"https:\/\/estudiografico21.pt\/es\/politica-de-qualidade-4\/","og_locale":"es_ES","og_type":"article","og_title":"Pol\u00edtica de Calidad - EST\u00daDIO GR\u00c1FICO 21","og_description":"\u201cSu creatividad es nuestro l\u00edmite\u201d MISION: Innovar. Estar a la vanguardia tanto en la maquinaria como en la personalizaci\u00f3n del servicio al cliente. Sabemos mejor que nadie que el \u00e9xito de nuestro trabajo depende de la atenci\u00f3n y del rigor que ponemos en cada detalle. VISI\u00d3N:&nbsp;Situarnos entre las mejores empresas del sector gr\u00e1fico, trabajar con [&hellip;]","og_url":"https:\/\/estudiografico21.pt\/es\/politica-de-qualidade-4\/","og_site_name":"EST\u00daDIO GR\u00c1FICO 21","article_modified_time":"2022-05-20T19:15:34+00:00","twitter_misc":{"Tiempo de lectura":"1 minuto"},"schema":{"@context":"https:\/\/schema.org","@graph":[{"@type":"WebPage","@id":"https:\/\/estudiografico21.pt\/es\/politica-de-qualidade-4\/","url":"https:\/\/estudiografico21.pt\/es\/politica-de-qualidade-4\/","name":"Pol\u00edtica de Calidad - EST\u00daDIO GR\u00c1FICO 21","isPartOf":{"@id":"https:\/\/estudiografico21.pt\/#website"},"datePublished":"2015-02-23T15:17:49+00:00","dateModified":"2022-05-20T19:15:34+00:00","breadcrumb":{"@id":"https:\/\/estudiografico21.pt\/es\/politica-de-qualidade-4\/#breadcrumb"},"inLanguage":"es","potentialAction":[{"@type":"ReadAction","target":["https:\/\/estudiografico21.pt\/es\/politica-de-qualidade-4\/"]}]},{"@type":"BreadcrumbList","@id":"https:\/\/estudiografico21.pt\/es\/politica-de-qualidade-4\/#breadcrumb","itemListElement":[{"@type":"ListItem","position":1,"name":"Home","item":"https:\/\/estudiografico21.pt\/es\/"},{"@type":"ListItem","position":2,"name":"Pol\u00edtica de Calidad"}]},{"@type":"WebSite","@id":"https:\/\/estudiografico21.pt\/#website","url":"https:\/\/estudiografico21.pt\/","name":"EST\u00daDIO GR\u00c1FICO 21","description":"Artes Gr\u00e1ficas","potentialAction":[{"@type":"SearchAction","target":{"@type":"EntryPoint","urlTemplate":"https:\/\/estudiografico21.pt\/?s={search_term_string}"},"query-input":{"@type":"PropertyValueSpecification","valueRequired":true,"valueName":"search_term_string"}}],"inLanguage":"es"}]}},"_links":{"self":[{"href":"https:\/\/estudiografico21.pt\/es\/wp-json\/wp\/v2\/pages\/136","targetHints":{"allow":["GET"]}}],"collection":[{"href":"https:\/\/estudiografico21.pt\/es\/wp-json\/wp\/v2\/pages"}],"about":[{"href":"https:\/\/estudiografico21.pt\/es\/wp-json\/wp\/v2\/types\/page"}],"author":[{"embeddable":true,"href":"https:\/\/estudiografico21.pt\/es\/wp-json\/wp\/v2\/users\/6"}],"replies":[{"embeddable":true,"href":"https:\/\/estudiografico21.pt\/es\/wp-json\/wp\/v2\/comments?post=136"}],"version-history":[{"count":9,"href":"https:\/\/estudiografico21.pt\/es\/wp-json\/wp\/v2\/pages\/136\/revisions"}],"predecessor-version":[{"id":1560,"href":"https:\/\/estudiografico21.pt\/es\/wp-json\/wp\/v2\/pages\/136\/revisions\/1560"}],"wp:attachment":[{"href":"https:\/\/estudiografico21.pt\/es\/wp-json\/wp\/v2\/media?parent=136"}],"curies":[{"name":"wp","href":"https:\/\/api.w.org\/{rel}","templated":true}]}}