{"id":135,"date":"2015-02-23T15:17:52","date_gmt":"2015-02-23T15:17:52","guid":{"rendered":"https:\/\/estudiografico21.pt\/wp\/?page_id=135"},"modified":"2022-05-20T19:15:34","modified_gmt":"2022-05-20T19:15:34","slug":"certificacoes-3","status":"publish","type":"page","link":"https:\/\/estudiografico21.pt\/es\/certificacoes-3\/","title":{"rendered":"Certificaciones"},"content":{"rendered":"<h3>Cadena de Custodia&nbsp;FSC\u00ae<\/h3>\n<p><strong>M\u00e1s verde no significa necesariamente m\u00e1s dispendioso.<\/strong><br \/>\nM\u00e1s verde no significa necesariamente m\u00e1s dispendioso.<br \/>\nEn cuanto empresa dedicada a la impresi\u00f3n en soporte papel, necesitamos garantizar que nuestra principal materia prima es inagotable.<br \/>\nHa sido en base a esa necesidad de garantizar la conservaci\u00f3n ambiental y el desarrollo responsable de las florestas que hemos establecido directrices para la certificaci\u00f3n de la Cadena de Custodia Forestal FSC\u00ae, la cual nos ha sido atribuida en Octubre de 2013 por SQS-Swiss Association for Quality and Management Systems, habiendo cambiado su certificaci\u00f3n de esta entidad a APCER \u2013 Associa\u00e7\u00e3o Portuguesa de Certifica\u00e7\u00e3o, en Septiembre de 2015, y, m\u00e1s tarde, en 2018, a SGS Soci\u00e9t\u00e9 G\u00e9n\u00e9rale de Surveillance SA..<br \/>\nVoluntariamente, nos comprometemos a emprender pr\u00e1cticas responsables de producci\u00f3n mediante la adquisici\u00f3n de papel certificado proveniente de florestas bien gestionadas que ofrecen beneficios ambientales, sociales y econ\u00f3micos.<br \/>\nA nuestros clientes les dejamos la garant\u00eda de que, al elegir la impresi\u00f3n en material certificado FSC\u00ae, estos podr\u00e1n, por el mismo precio, garantizar a largo plazo la existencia de la floresta, asumiendo tambi\u00e9n su propio compromiso ambiental.<br \/>\n<a href=\"https:\/\/estudiografico21.pt\/wp-content\/uploads\/2019\/05\/EstudioGrafico_Certificado-FSC.pdf\" target=\"_blank\" rel=\"nofollow noopener noreferrer\">Ver Certificado<\/a><\/p>\n<div class=\"dc\">Avoid storing art materials anywhere near food or <a href=\"https:\/\/domyhomework.guru\/\">https:\/\/domyhomework.guru\/<\/a> drink, and if possible try to maintain a strict policy of no food or drink in the studio itself.<\/div>\n","protected":false},"excerpt":{"rendered":"<p>Cadena de Custodia&nbsp;FSC\u00ae M\u00e1s verde no significa necesariamente m\u00e1s dispendioso. M\u00e1s verde no significa necesariamente m\u00e1s dispendioso. En cuanto empresa dedicada a la impresi\u00f3n en soporte papel, necesitamos garantizar que nuestra principal materia prima es inagotable. Ha sido en base a esa necesidad de garantizar la conservaci\u00f3n ambiental y el desarrollo responsable de las florestas [&hellip;]<\/p>\n","protected":false},"author":6,"featured_media":0,"parent":0,"menu_order":32,"comment_status":"closed","ping_status":"closed","template":"","meta":{"footnotes":""},"class_list":["post-135","page","type-page","status-publish","hentry","post"],"yoast_head":"<!-- This site is optimized with the Yoast SEO plugin v26.6 - https:\/\/yoast.com\/wordpress\/plugins\/seo\/ -->\n<title>Certificaciones - EST\u00daDIO GR\u00c1FICO 21<\/title>\n<meta name=\"robots\" content=\"index, follow, max-snippet:-1, max-image-preview:large, max-video-preview:-1\" \/>\n<link rel=\"canonical\" href=\"https:\/\/estudiografico21.pt\/es\/certificacoes-3\/\" \/>\n<meta property=\"og:locale\" content=\"es_ES\" \/>\n<meta property=\"og:type\" content=\"article\" \/>\n<meta property=\"og:title\" content=\"Certificaciones - EST\u00daDIO GR\u00c1FICO 21\" \/>\n<meta property=\"og:description\" content=\"Cadena de Custodia&nbsp;FSC\u00ae M\u00e1s verde no significa necesariamente m\u00e1s dispendioso. M\u00e1s verde no significa necesariamente m\u00e1s dispendioso. En cuanto empresa dedicada a la impresi\u00f3n en soporte papel, necesitamos garantizar que nuestra principal materia prima es inagotable. Ha sido en base a esa necesidad de garantizar la conservaci\u00f3n ambiental y el desarrollo responsable de las florestas [&hellip;]\" \/>\n<meta property=\"og:url\" content=\"https:\/\/estudiografico21.pt\/es\/certificacoes-3\/\" \/>\n<meta property=\"og:site_name\" content=\"EST\u00daDIO GR\u00c1FICO 21\" \/>\n<meta property=\"article:modified_time\" content=\"2022-05-20T19:15:34+00:00\" \/>\n<meta name=\"twitter:label1\" content=\"Tiempo de lectura\" \/>\n\t<meta name=\"twitter:data1\" content=\"1 minuto\" \/>\n<script type=\"application\/ld+json\" class=\"yoast-schema-graph\">{\"@context\":\"https:\/\/schema.org\",\"@graph\":[{\"@type\":\"WebPage\",\"@id\":\"https:\/\/estudiografico21.pt\/es\/certificacoes-3\/\",\"url\":\"https:\/\/estudiografico21.pt\/es\/certificacoes-3\/\",\"name\":\"Certificaciones - EST\u00daDIO GR\u00c1FICO 21\",\"isPartOf\":{\"@id\":\"https:\/\/estudiografico21.pt\/#website\"},\"datePublished\":\"2015-02-23T15:17:52+00:00\",\"dateModified\":\"2022-05-20T19:15:34+00:00\",\"breadcrumb\":{\"@id\":\"https:\/\/estudiografico21.pt\/es\/certificacoes-3\/#breadcrumb\"},\"inLanguage\":\"es\",\"potentialAction\":[{\"@type\":\"ReadAction\",\"target\":[\"https:\/\/estudiografico21.pt\/es\/certificacoes-3\/\"]}]},{\"@type\":\"BreadcrumbList\",\"@id\":\"https:\/\/estudiografico21.pt\/es\/certificacoes-3\/#breadcrumb\",\"itemListElement\":[{\"@type\":\"ListItem\",\"position\":1,\"name\":\"Home\",\"item\":\"https:\/\/estudiografico21.pt\/es\/\"},{\"@type\":\"ListItem\",\"position\":2,\"name\":\"Certificaciones\"}]},{\"@type\":\"WebSite\",\"@id\":\"https:\/\/estudiografico21.pt\/#website\",\"url\":\"https:\/\/estudiografico21.pt\/\",\"name\":\"EST\u00daDIO GR\u00c1FICO 21\",\"description\":\"Artes Gr\u00e1ficas\",\"potentialAction\":[{\"@type\":\"SearchAction\",\"target\":{\"@type\":\"EntryPoint\",\"urlTemplate\":\"https:\/\/estudiografico21.pt\/?s={search_term_string}\"},\"query-input\":{\"@type\":\"PropertyValueSpecification\",\"valueRequired\":true,\"valueName\":\"search_term_string\"}}],\"inLanguage\":\"es\"}]}<\/script>\n<!-- \/ Yoast SEO plugin. -->","yoast_head_json":{"title":"Certificaciones - EST\u00daDIO GR\u00c1FICO 21","robots":{"index":"index","follow":"follow","max-snippet":"max-snippet:-1","max-image-preview":"max-image-preview:large","max-video-preview":"max-video-preview:-1"},"canonical":"https:\/\/estudiografico21.pt\/es\/certificacoes-3\/","og_locale":"es_ES","og_type":"article","og_title":"Certificaciones - EST\u00daDIO GR\u00c1FICO 21","og_description":"Cadena de Custodia&nbsp;FSC\u00ae M\u00e1s verde no significa necesariamente m\u00e1s dispendioso. M\u00e1s verde no significa necesariamente m\u00e1s dispendioso. En cuanto empresa dedicada a la impresi\u00f3n en soporte papel, necesitamos garantizar que nuestra principal materia prima es inagotable. Ha sido en base a esa necesidad de garantizar la conservaci\u00f3n ambiental y el desarrollo responsable de las florestas [&hellip;]","og_url":"https:\/\/estudiografico21.pt\/es\/certificacoes-3\/","og_site_name":"EST\u00daDIO GR\u00c1FICO 21","article_modified_time":"2022-05-20T19:15:34+00:00","twitter_misc":{"Tiempo de lectura":"1 minuto"},"schema":{"@context":"https:\/\/schema.org","@graph":[{"@type":"WebPage","@id":"https:\/\/estudiografico21.pt\/es\/certificacoes-3\/","url":"https:\/\/estudiografico21.pt\/es\/certificacoes-3\/","name":"Certificaciones - EST\u00daDIO GR\u00c1FICO 21","isPartOf":{"@id":"https:\/\/estudiografico21.pt\/#website"},"datePublished":"2015-02-23T15:17:52+00:00","dateModified":"2022-05-20T19:15:34+00:00","breadcrumb":{"@id":"https:\/\/estudiografico21.pt\/es\/certificacoes-3\/#breadcrumb"},"inLanguage":"es","potentialAction":[{"@type":"ReadAction","target":["https:\/\/estudiografico21.pt\/es\/certificacoes-3\/"]}]},{"@type":"BreadcrumbList","@id":"https:\/\/estudiografico21.pt\/es\/certificacoes-3\/#breadcrumb","itemListElement":[{"@type":"ListItem","position":1,"name":"Home","item":"https:\/\/estudiografico21.pt\/es\/"},{"@type":"ListItem","position":2,"name":"Certificaciones"}]},{"@type":"WebSite","@id":"https:\/\/estudiografico21.pt\/#website","url":"https:\/\/estudiografico21.pt\/","name":"EST\u00daDIO GR\u00c1FICO 21","description":"Artes Gr\u00e1ficas","potentialAction":[{"@type":"SearchAction","target":{"@type":"EntryPoint","urlTemplate":"https:\/\/estudiografico21.pt\/?s={search_term_string}"},"query-input":{"@type":"PropertyValueSpecification","valueRequired":true,"valueName":"search_term_string"}}],"inLanguage":"es"}]}},"_links":{"self":[{"href":"https:\/\/estudiografico21.pt\/es\/wp-json\/wp\/v2\/pages\/135","targetHints":{"allow":["GET"]}}],"collection":[{"href":"https:\/\/estudiografico21.pt\/es\/wp-json\/wp\/v2\/pages"}],"about":[{"href":"https:\/\/estudiografico21.pt\/es\/wp-json\/wp\/v2\/types\/page"}],"author":[{"embeddable":true,"href":"https:\/\/estudiografico21.pt\/es\/wp-json\/wp\/v2\/users\/6"}],"replies":[{"embeddable":true,"href":"https:\/\/estudiografico21.pt\/es\/wp-json\/wp\/v2\/comments?post=135"}],"version-history":[{"count":17,"href":"https:\/\/estudiografico21.pt\/es\/wp-json\/wp\/v2\/pages\/135\/revisions"}],"predecessor-version":[{"id":2149,"href":"https:\/\/estudiografico21.pt\/es\/wp-json\/wp\/v2\/pages\/135\/revisions\/2149"}],"wp:attachment":[{"href":"https:\/\/estudiografico21.pt\/es\/wp-json\/wp\/v2\/media?parent=135"}],"curies":[{"name":"wp","href":"https:\/\/api.w.org\/{rel}","templated":true}]}}