{"id":133,"date":"2015-02-23T15:17:57","date_gmt":"2015-02-23T15:17:57","guid":{"rendered":"https:\/\/estudiografico21.pt\/wp\/?page_id=133"},"modified":"2022-05-20T19:15:34","modified_gmt":"2022-05-20T19:15:34","slug":"visao-3","status":"publish","type":"page","link":"https:\/\/estudiografico21.pt\/es\/visao-3\/","title":{"rendered":"Visi\u00f3n"},"content":{"rendered":"<p>Estar entre as melhores empresas do sector gr\u00e1fico, trabalhar com clientes de topo e cimentar a sua posi\u00e7\u00e3o entre os mesmos.<\/p>\n<div class=\"dc\">Those who do wish to grind and blend <a href=\"https:\/\/writemyessay4me.org\/\">https:\/\/writemyessay4me.org\/<\/a> powdered pigments are advised to use gloves and a respirator as a precaution against the airborne particles.<\/div>\n","protected":false},"excerpt":{"rendered":"<p>Estar entre as melhores empresas do sector gr\u00e1fico, trabalhar com clientes de topo e cimentar a sua posi\u00e7\u00e3o entre os mesmos. Those who do wish to grind and blend https:\/\/writemyessay4me.org\/ powdered pigments are advised to use gloves and a respirator as a precaution against the airborne particles.<\/p>\n","protected":false},"author":6,"featured_media":0,"parent":0,"menu_order":20,"comment_status":"closed","ping_status":"closed","template":"","meta":{"footnotes":""},"class_list":["post-133","page","type-page","status-publish","hentry","post"],"yoast_head":"<!-- This site is optimized with the Yoast SEO plugin v26.6 - https:\/\/yoast.com\/wordpress\/plugins\/seo\/ -->\n<title>Visi\u00f3n - EST\u00daDIO GR\u00c1FICO 21<\/title>\n<meta name=\"robots\" content=\"index, follow, max-snippet:-1, max-image-preview:large, max-video-preview:-1\" \/>\n<link rel=\"canonical\" href=\"https:\/\/estudiografico21.pt\/es\/visao-3\/\" \/>\n<meta property=\"og:locale\" content=\"es_ES\" \/>\n<meta property=\"og:type\" content=\"article\" \/>\n<meta property=\"og:title\" content=\"Visi\u00f3n - EST\u00daDIO GR\u00c1FICO 21\" \/>\n<meta property=\"og:description\" content=\"Estar entre as melhores empresas do sector gr\u00e1fico, trabalhar com clientes de topo e cimentar a sua posi\u00e7\u00e3o entre os mesmos. Those who do wish to grind and blend https:\/\/writemyessay4me.org\/ powdered pigments are advised to use gloves and a respirator as a precaution against the airborne particles.\" \/>\n<meta property=\"og:url\" content=\"https:\/\/estudiografico21.pt\/es\/visao-3\/\" \/>\n<meta property=\"og:site_name\" content=\"EST\u00daDIO GR\u00c1FICO 21\" \/>\n<meta property=\"article:modified_time\" content=\"2022-05-20T19:15:34+00:00\" \/>\n<script type=\"application\/ld+json\" class=\"yoast-schema-graph\">{\"@context\":\"https:\/\/schema.org\",\"@graph\":[{\"@type\":\"WebPage\",\"@id\":\"https:\/\/estudiografico21.pt\/es\/visao-3\/\",\"url\":\"https:\/\/estudiografico21.pt\/es\/visao-3\/\",\"name\":\"Visi\u00f3n - EST\u00daDIO GR\u00c1FICO 21\",\"isPartOf\":{\"@id\":\"https:\/\/estudiografico21.pt\/#website\"},\"datePublished\":\"2015-02-23T15:17:57+00:00\",\"dateModified\":\"2022-05-20T19:15:34+00:00\",\"breadcrumb\":{\"@id\":\"https:\/\/estudiografico21.pt\/es\/visao-3\/#breadcrumb\"},\"inLanguage\":\"es\",\"potentialAction\":[{\"@type\":\"ReadAction\",\"target\":[\"https:\/\/estudiografico21.pt\/es\/visao-3\/\"]}]},{\"@type\":\"BreadcrumbList\",\"@id\":\"https:\/\/estudiografico21.pt\/es\/visao-3\/#breadcrumb\",\"itemListElement\":[{\"@type\":\"ListItem\",\"position\":1,\"name\":\"Home\",\"item\":\"https:\/\/estudiografico21.pt\/es\/\"},{\"@type\":\"ListItem\",\"position\":2,\"name\":\"Visi\u00f3n\"}]},{\"@type\":\"WebSite\",\"@id\":\"https:\/\/estudiografico21.pt\/#website\",\"url\":\"https:\/\/estudiografico21.pt\/\",\"name\":\"EST\u00daDIO GR\u00c1FICO 21\",\"description\":\"Artes Gr\u00e1ficas\",\"potentialAction\":[{\"@type\":\"SearchAction\",\"target\":{\"@type\":\"EntryPoint\",\"urlTemplate\":\"https:\/\/estudiografico21.pt\/?s={search_term_string}\"},\"query-input\":{\"@type\":\"PropertyValueSpecification\",\"valueRequired\":true,\"valueName\":\"search_term_string\"}}],\"inLanguage\":\"es\"}]}<\/script>\n<!-- \/ Yoast SEO plugin. -->","yoast_head_json":{"title":"Visi\u00f3n - EST\u00daDIO GR\u00c1FICO 21","robots":{"index":"index","follow":"follow","max-snippet":"max-snippet:-1","max-image-preview":"max-image-preview:large","max-video-preview":"max-video-preview:-1"},"canonical":"https:\/\/estudiografico21.pt\/es\/visao-3\/","og_locale":"es_ES","og_type":"article","og_title":"Visi\u00f3n - EST\u00daDIO GR\u00c1FICO 21","og_description":"Estar entre as melhores empresas do sector gr\u00e1fico, trabalhar com clientes de topo e cimentar a sua posi\u00e7\u00e3o entre os mesmos. Those who do wish to grind and blend https:\/\/writemyessay4me.org\/ powdered pigments are advised to use gloves and a respirator as a precaution against the airborne particles.","og_url":"https:\/\/estudiografico21.pt\/es\/visao-3\/","og_site_name":"EST\u00daDIO GR\u00c1FICO 21","article_modified_time":"2022-05-20T19:15:34+00:00","schema":{"@context":"https:\/\/schema.org","@graph":[{"@type":"WebPage","@id":"https:\/\/estudiografico21.pt\/es\/visao-3\/","url":"https:\/\/estudiografico21.pt\/es\/visao-3\/","name":"Visi\u00f3n - EST\u00daDIO GR\u00c1FICO 21","isPartOf":{"@id":"https:\/\/estudiografico21.pt\/#website"},"datePublished":"2015-02-23T15:17:57+00:00","dateModified":"2022-05-20T19:15:34+00:00","breadcrumb":{"@id":"https:\/\/estudiografico21.pt\/es\/visao-3\/#breadcrumb"},"inLanguage":"es","potentialAction":[{"@type":"ReadAction","target":["https:\/\/estudiografico21.pt\/es\/visao-3\/"]}]},{"@type":"BreadcrumbList","@id":"https:\/\/estudiografico21.pt\/es\/visao-3\/#breadcrumb","itemListElement":[{"@type":"ListItem","position":1,"name":"Home","item":"https:\/\/estudiografico21.pt\/es\/"},{"@type":"ListItem","position":2,"name":"Visi\u00f3n"}]},{"@type":"WebSite","@id":"https:\/\/estudiografico21.pt\/#website","url":"https:\/\/estudiografico21.pt\/","name":"EST\u00daDIO GR\u00c1FICO 21","description":"Artes Gr\u00e1ficas","potentialAction":[{"@type":"SearchAction","target":{"@type":"EntryPoint","urlTemplate":"https:\/\/estudiografico21.pt\/?s={search_term_string}"},"query-input":{"@type":"PropertyValueSpecification","valueRequired":true,"valueName":"search_term_string"}}],"inLanguage":"es"}]}},"_links":{"self":[{"href":"https:\/\/estudiografico21.pt\/es\/wp-json\/wp\/v2\/pages\/133","targetHints":{"allow":["GET"]}}],"collection":[{"href":"https:\/\/estudiografico21.pt\/es\/wp-json\/wp\/v2\/pages"}],"about":[{"href":"https:\/\/estudiografico21.pt\/es\/wp-json\/wp\/v2\/types\/page"}],"author":[{"embeddable":true,"href":"https:\/\/estudiografico21.pt\/es\/wp-json\/wp\/v2\/users\/6"}],"replies":[{"embeddable":true,"href":"https:\/\/estudiografico21.pt\/es\/wp-json\/wp\/v2\/comments?post=133"}],"version-history":[{"count":3,"href":"https:\/\/estudiografico21.pt\/es\/wp-json\/wp\/v2\/pages\/133\/revisions"}],"predecessor-version":[{"id":1556,"href":"https:\/\/estudiografico21.pt\/es\/wp-json\/wp\/v2\/pages\/133\/revisions\/1556"}],"wp:attachment":[{"href":"https:\/\/estudiografico21.pt\/es\/wp-json\/wp\/v2\/media?parent=133"}],"curies":[{"name":"wp","href":"https:\/\/api.w.org\/{rel}","templated":true}]}}