{"id":510,"date":"2016-03-30T11:17:44","date_gmt":"2016-03-30T11:17:44","guid":{"rendered":"https:\/\/estudiografico21.pt\/?page_id=510"},"modified":"2022-05-20T19:15:35","modified_gmt":"2022-05-20T19:15:35","slug":"3d-digital-uv-varnish","status":"publish","type":"page","link":"https:\/\/estudiografico21.pt\/en\/3d-digital-uv-varnish\/","title":{"rendered":"3D Digital UV Varnish"},"content":{"rendered":"<p><strong>After the cold foil printing, Est\u00fadio Gr\u00e1fico 21, following its implementation of the innovation strategy and scale of values, offers the market and its clients a new technology \u2013 the 3D Digital UV Varnish.<\/strong><br \/>\nWith this system a new paradigm is created within the printing processes and finishing, with a higher UV varnish democratization (spot and\/or coating thickness), raising the printing works to a new dimension with the possibility to create effects and textures.<br \/>\nThus, the printed visual communication acquires a unique sensory and tactile expression with high impact, enhancement of the message and efficiency.<\/p>\n<h3> <\/h3>\n<h3>The 3D Digital UV Varnish technology has also the following main advantages:<\/h3>\n<ul>\n<li> <span class=\"textomain\">It is digital meaning there are no constraints of quantities, therefore a balanced ratio enables small or large printings;<\/span> <\/li>\n<li> <span class=\"textomain\">Advanced recording system from a CCD camera system which allows sheet by sheet reading as well as to amend any printing gaps;<\/span> <\/li>\n<li> <span class=\"textomain\">The possibility to use paper of small grammage up to 700g and other materials\/supports such as pvc;<\/span> <\/li>\n<li> <span class=\"textomain\">99 GU (gloss units) is the highest gloss and transparency available in this type of finishing in printed materials;<\/span> <\/li>\n<li>Up to 25 microns high of polymer (the level for Braille printing) with the possibility of variable density from 1 to 100%;<\/li>\n<li>Double-sided inkjet Braille solution;<\/li>\n<li>The possibility to customise with variable data in vanish.<\/li>\n<\/ul>\n<div class=\"dc\">Wenn sie in wien studieren, sollten sie auf jeden <a href=\"https:\/\/hausarbeithilfe.com\/facharbeit-schreiben-lassen\/\">facharbeit \u00fcberschrift einleitung<\/a> fall mit der universittsbibliothek und die sterreichischen nationalbibliothek gut vertraut sein.<\/div>\n","protected":false},"excerpt":{"rendered":"<p>After the cold foil printing, Est\u00fadio Gr\u00e1fico 21, following its implementation of the innovation strategy and scale of values, offers the market and its clients a new technology \u2013 the 3D Digital UV Varnish. With this system a new paradigm is created within the printing processes and finishing, with a higher UV varnish democratization (spot [&hellip;]<\/p>\n","protected":false},"author":6,"featured_media":0,"parent":0,"menu_order":44,"comment_status":"closed","ping_status":"closed","template":"","meta":{"footnotes":""},"class_list":["post-510","page","type-page","status-publish","hentry","post"],"yoast_head":"<!-- This site is optimized with the Yoast SEO plugin v26.6 - https:\/\/yoast.com\/wordpress\/plugins\/seo\/ -->\n<title>3D Digital UV Varnish - EST\u00daDIO GR\u00c1FICO 21<\/title>\n<meta name=\"robots\" content=\"index, follow, max-snippet:-1, max-image-preview:large, max-video-preview:-1\" \/>\n<link rel=\"canonical\" href=\"https:\/\/estudiografico21.pt\/en\/3d-digital-uv-varnish\/\" \/>\n<meta property=\"og:locale\" content=\"en_US\" \/>\n<meta property=\"og:type\" content=\"article\" \/>\n<meta property=\"og:title\" content=\"3D Digital UV Varnish - EST\u00daDIO GR\u00c1FICO 21\" \/>\n<meta property=\"og:description\" content=\"After the cold foil printing, Est\u00fadio Gr\u00e1fico 21, following its implementation of the innovation strategy and scale of values, offers the market and its clients a new technology \u2013 the 3D Digital UV Varnish. With this system a new paradigm is created within the printing processes and finishing, with a higher UV varnish democratization (spot [&hellip;]\" \/>\n<meta property=\"og:url\" content=\"https:\/\/estudiografico21.pt\/en\/3d-digital-uv-varnish\/\" \/>\n<meta property=\"og:site_name\" content=\"EST\u00daDIO GR\u00c1FICO 21\" \/>\n<meta property=\"article:modified_time\" content=\"2022-05-20T19:15:35+00:00\" \/>\n<meta name=\"twitter:label1\" content=\"Est. reading time\" \/>\n\t<meta name=\"twitter:data1\" content=\"1 minute\" \/>\n<script type=\"application\/ld+json\" class=\"yoast-schema-graph\">{\"@context\":\"https:\/\/schema.org\",\"@graph\":[{\"@type\":\"WebPage\",\"@id\":\"https:\/\/estudiografico21.pt\/en\/3d-digital-uv-varnish\/\",\"url\":\"https:\/\/estudiografico21.pt\/en\/3d-digital-uv-varnish\/\",\"name\":\"3D Digital UV Varnish - EST\u00daDIO GR\u00c1FICO 21\",\"isPartOf\":{\"@id\":\"https:\/\/estudiografico21.pt\/#website\"},\"datePublished\":\"2016-03-30T11:17:44+00:00\",\"dateModified\":\"2022-05-20T19:15:35+00:00\",\"breadcrumb\":{\"@id\":\"https:\/\/estudiografico21.pt\/en\/3d-digital-uv-varnish\/#breadcrumb\"},\"inLanguage\":\"en-US\",\"potentialAction\":[{\"@type\":\"ReadAction\",\"target\":[\"https:\/\/estudiografico21.pt\/en\/3d-digital-uv-varnish\/\"]}]},{\"@type\":\"BreadcrumbList\",\"@id\":\"https:\/\/estudiografico21.pt\/en\/3d-digital-uv-varnish\/#breadcrumb\",\"itemListElement\":[{\"@type\":\"ListItem\",\"position\":1,\"name\":\"Home\",\"item\":\"https:\/\/estudiografico21.pt\/en\/\"},{\"@type\":\"ListItem\",\"position\":2,\"name\":\"3D Digital UV Varnish\"}]},{\"@type\":\"WebSite\",\"@id\":\"https:\/\/estudiografico21.pt\/#website\",\"url\":\"https:\/\/estudiografico21.pt\/\",\"name\":\"EST\u00daDIO GR\u00c1FICO 21\",\"description\":\"Artes Gr\u00e1ficas\",\"potentialAction\":[{\"@type\":\"SearchAction\",\"target\":{\"@type\":\"EntryPoint\",\"urlTemplate\":\"https:\/\/estudiografico21.pt\/?s={search_term_string}\"},\"query-input\":{\"@type\":\"PropertyValueSpecification\",\"valueRequired\":true,\"valueName\":\"search_term_string\"}}],\"inLanguage\":\"en-US\"}]}<\/script>\n<!-- \/ Yoast SEO plugin. -->","yoast_head_json":{"title":"3D Digital UV Varnish - EST\u00daDIO GR\u00c1FICO 21","robots":{"index":"index","follow":"follow","max-snippet":"max-snippet:-1","max-image-preview":"max-image-preview:large","max-video-preview":"max-video-preview:-1"},"canonical":"https:\/\/estudiografico21.pt\/en\/3d-digital-uv-varnish\/","og_locale":"en_US","og_type":"article","og_title":"3D Digital UV Varnish - EST\u00daDIO GR\u00c1FICO 21","og_description":"After the cold foil printing, Est\u00fadio Gr\u00e1fico 21, following its implementation of the innovation strategy and scale of values, offers the market and its clients a new technology \u2013 the 3D Digital UV Varnish. With this system a new paradigm is created within the printing processes and finishing, with a higher UV varnish democratization (spot [&hellip;]","og_url":"https:\/\/estudiografico21.pt\/en\/3d-digital-uv-varnish\/","og_site_name":"EST\u00daDIO GR\u00c1FICO 21","article_modified_time":"2022-05-20T19:15:35+00:00","twitter_misc":{"Est. reading time":"1 minute"},"schema":{"@context":"https:\/\/schema.org","@graph":[{"@type":"WebPage","@id":"https:\/\/estudiografico21.pt\/en\/3d-digital-uv-varnish\/","url":"https:\/\/estudiografico21.pt\/en\/3d-digital-uv-varnish\/","name":"3D Digital UV Varnish - EST\u00daDIO GR\u00c1FICO 21","isPartOf":{"@id":"https:\/\/estudiografico21.pt\/#website"},"datePublished":"2016-03-30T11:17:44+00:00","dateModified":"2022-05-20T19:15:35+00:00","breadcrumb":{"@id":"https:\/\/estudiografico21.pt\/en\/3d-digital-uv-varnish\/#breadcrumb"},"inLanguage":"en-US","potentialAction":[{"@type":"ReadAction","target":["https:\/\/estudiografico21.pt\/en\/3d-digital-uv-varnish\/"]}]},{"@type":"BreadcrumbList","@id":"https:\/\/estudiografico21.pt\/en\/3d-digital-uv-varnish\/#breadcrumb","itemListElement":[{"@type":"ListItem","position":1,"name":"Home","item":"https:\/\/estudiografico21.pt\/en\/"},{"@type":"ListItem","position":2,"name":"3D Digital UV Varnish"}]},{"@type":"WebSite","@id":"https:\/\/estudiografico21.pt\/#website","url":"https:\/\/estudiografico21.pt\/","name":"EST\u00daDIO GR\u00c1FICO 21","description":"Artes Gr\u00e1ficas","potentialAction":[{"@type":"SearchAction","target":{"@type":"EntryPoint","urlTemplate":"https:\/\/estudiografico21.pt\/?s={search_term_string}"},"query-input":{"@type":"PropertyValueSpecification","valueRequired":true,"valueName":"search_term_string"}}],"inLanguage":"en-US"}]}},"_links":{"self":[{"href":"https:\/\/estudiografico21.pt\/en\/wp-json\/wp\/v2\/pages\/510","targetHints":{"allow":["GET"]}}],"collection":[{"href":"https:\/\/estudiografico21.pt\/en\/wp-json\/wp\/v2\/pages"}],"about":[{"href":"https:\/\/estudiografico21.pt\/en\/wp-json\/wp\/v2\/types\/page"}],"author":[{"embeddable":true,"href":"https:\/\/estudiografico21.pt\/en\/wp-json\/wp\/v2\/users\/6"}],"replies":[{"embeddable":true,"href":"https:\/\/estudiografico21.pt\/en\/wp-json\/wp\/v2\/comments?post=510"}],"version-history":[{"count":3,"href":"https:\/\/estudiografico21.pt\/en\/wp-json\/wp\/v2\/pages\/510\/revisions"}],"predecessor-version":[{"id":1549,"href":"https:\/\/estudiografico21.pt\/en\/wp-json\/wp\/v2\/pages\/510\/revisions\/1549"}],"wp:attachment":[{"href":"https:\/\/estudiografico21.pt\/en\/wp-json\/wp\/v2\/media?parent=510"}],"curies":[{"name":"wp","href":"https:\/\/api.w.org\/{rel}","templated":true}]}}