{"id":3672,"date":"2022-11-05T09:52:11","date_gmt":"2022-11-05T09:52:11","guid":{"rendered":"https:\/\/estudiografico21.pt\/?page_id=3672"},"modified":"2023-01-17T15:57:18","modified_gmt":"2023-01-17T15:57:18","slug":"services","status":"publish","type":"page","link":"https:\/\/estudiografico21.pt\/en\/services\/","title":{"rendered":"Services"},"content":{"rendered":"<div id=\"pl-3672\"  class=\"panel-layout\" ><div id=\"pg-3672-0\"  class=\"panel-grid panel-has-style\" ><div id=\"headers\" class=\"panel-row-style panel-row-style-for-3672-0\" ><div id=\"pgc-3672-0-0\"  class=\"panel-grid-cell panel-grid-cell-empty\" ><\/div><div id=\"pgc-3672-0-1\"  class=\"panel-grid-cell panel-grid-cell-mobile-last\" ><div id=\"panel-3672-0-1-0\" class=\"so-panel widget widget_sow-editor panel-first-child panel-last-child\" data-index=\"0\" ><div class=\"panel-widget-style panel-widget-style-for-3672-0-1-0\" ><div\n\t\t\t\n\t\t\tclass=\"so-widget-sow-editor so-widget-sow-editor-base\"\n\t\t\t\n\t\t>\n<div class=\"siteorigin-widget-tinymce textwidget\">\n\t<p>High printing quality<\/p>\n<\/div>\n<\/div><\/div><\/div><\/div><div id=\"pgc-3672-0-2\"  class=\"panel-grid-cell panel-grid-cell-empty\" ><\/div><\/div><\/div><div id=\"pg-3672-1\"  class=\"panel-grid panel-has-style\" ><div class=\"ln panel-row-style panel-row-style-for-3672-1\" ><div id=\"pgc-3672-1-0\"  class=\"panel-grid-cell panel-grid-cell-mobile-last\" ><div class=\"colTxt panel-cell-style panel-cell-style-for-3672-1-0\" ><div id=\"panel-3672-1-0-0\" class=\"so-panel widget widget_text panel-first-child panel-last-child\" data-index=\"1\" ><div class=\"panel-widget-style panel-widget-style-for-3672-1-0-0\" ><h3 class=\"widget-title\">Pre-press<\/h3>\t\t\t<div class=\"textwidget\"><p class=\"p1\">Est\u00fadio Gr\u00e1fico 21 is equipped to receive all works in digital format through the internet. It has software that allows the integration of all type of programs such as Illustrator, InDesign, Quarkxpress, Acrobat, among others. Whenever required, our technical staff can prepare final arts or pagination, image treatment and digital colour testing.<span class=\"Apple-converted-space\">\u00a0<\/span><\/p>\n<\/div>\n\t\t<\/div><\/div><\/div><\/div><div id=\"pgc-3672-1-1\"  class=\"panel-grid-cell panel-grid-cell-empty\" ><div class=\"colImg panel-cell-style panel-cell-style-for-3672-1-1\" ><\/div><\/div><\/div><\/div><div id=\"pg-3672-2\"  class=\"panel-grid panel-has-style\" ><div class=\"ln panel-row-style panel-row-style-for-3672-2\" ><div id=\"pgc-3672-2-0\"  class=\"panel-grid-cell panel-grid-cell-empty\" ><div class=\"colImg panel-cell-style panel-cell-style-for-3672-2-0\" ><\/div><\/div><div id=\"pgc-3672-2-1\"  class=\"panel-grid-cell\" ><div class=\"colTxt panel-cell-style panel-cell-style-for-3672-2-1\" ><div id=\"panel-3672-2-1-0\" class=\"so-panel widget widget_text panel-first-child panel-last-child\" data-index=\"2\" ><div class=\"panel-widget-style panel-widget-style-for-3672-2-1-0\" ><h3 class=\"widget-title\">Printing<\/h3>\t\t\t<div class=\"textwidget\"><p class=\"p1\">Est\u00fadio Gr\u00e1fico 21 is equipped with a mid-sized (59 x 74 cm) Rolland 500 with six offset printing units and an inline (cold) foil tower and varnish body.<\/p>\n<p class=\"p1\">Our printing services can include substrates of polypropylene (up to 5 micron) and digital printing of small formats.<\/p>\n<\/div>\n\t\t<\/div><\/div><\/div><\/div><\/div><\/div><div id=\"pg-3672-3\"  class=\"panel-grid panel-has-style\" ><div class=\"ln panel-row-style panel-row-style-for-3672-3\" ><div id=\"pgc-3672-3-0\"  class=\"panel-grid-cell panel-grid-cell-mobile-last\" ><div class=\"colTxt panel-cell-style panel-cell-style-for-3672-3-0\" ><div id=\"panel-3672-3-0-0\" class=\"so-panel widget widget_text panel-first-child panel-last-child\" data-index=\"3\" ><div class=\"panel-widget-style panel-widget-style-for-3672-3-0-0\" ><h3 class=\"widget-title\">Finishing<\/h3>\t\t\t<div class=\"textwidget\"><p>Est\u00fadio Gr\u00e1fico 21 has experienced professionals and is equipped with the tooling and systems needed to offer a wide range of in-house finishing, including:<\/p>\n<ul>\n<li>Special cut and creasing, stamping (high and low relief), perforation and micro perforation<\/li>\n<li>UV varnishing (offset and serigraphic)<\/li>\n<li>Hot stamping<\/li>\n<li>Thermal lamination (glossy and matte)<\/li>\n<li>Manual and mechanical gluing<\/li>\n<li>Ring wiring<\/li>\n<li>Application of eyelets<\/li>\n<li>Punching for files<\/li>\n<li>Application of double-sided tape, Velcro and EVA material<\/li>\n<li>Saddle stitching<\/li>\n<li>Books and magazines finishing (bending, trimming and gluing)<\/li>\n<li>Customised labelling and handling<\/li>\n<li>Plastic wrapping<\/li>\n<\/ul>\n<\/div>\n\t\t<\/div><\/div><\/div><\/div><div id=\"pgc-3672-3-1\"  class=\"panel-grid-cell panel-grid-cell-empty\" ><div class=\"colImg panel-cell-style panel-cell-style-for-3672-3-1\" ><\/div><\/div><\/div><\/div><div id=\"pg-3672-4\"  class=\"panel-grid panel-has-style\" ><div class=\"panel-row-style panel-row-style-for-3672-4\" ><div id=\"pgc-3672-4-0\"  class=\"panel-grid-cell panel-grid-cell-empty\" ><div class=\"panel-cell-style panel-cell-style-for-3672-4-0\" ><\/div><\/div><\/div><\/div><div id=\"pg-3672-5\"  class=\"panel-grid panel-no-style\" ><div id=\"pgc-3672-5-0\"  class=\"panel-grid-cell panel-grid-cell-empty\" ><\/div><div id=\"pgc-3672-5-1\"  class=\"panel-grid-cell panel-grid-cell-mobile-last\" ><div id=\"panel-3672-5-1-0\" class=\"so-panel widget widget_text panel-first-child\" data-index=\"4\" ><div class=\"titContacte panel-widget-style panel-widget-style-for-3672-5-1-0\" ><h3 class=\"widget-title\">contact us<\/h3>\t\t\t<div class=\"textwidget\"><\/div>\n\t\t<\/div><\/div><div id=\"panel-3672-5-1-1\" class=\"so-panel widget widget_sow-editor panel-last-child\" data-index=\"5\" ><div class=\"panel-widget-style panel-widget-style-for-3672-5-1-1\" ><div\n\t\t\t\n\t\t\tclass=\"so-widget-sow-editor so-widget-sow-editor-base\"\n\t\t\t\n\t\t>\n<div class=\"siteorigin-widget-tinymce textwidget\">\n\t\n<div class=\"wpcf7 no-js\" id=\"wpcf7-f3445-o1\" lang=\"pt-PT\" dir=\"ltr\" data-wpcf7-id=\"3445\">\n<div class=\"screen-reader-response\"><p role=\"status\" aria-live=\"polite\" aria-atomic=\"true\"><\/p> <ul><\/ul><\/div>\n<form action=\"\/en\/wp-json\/wp\/v2\/pages\/3672#wpcf7-f3445-o1\" method=\"post\" class=\"wpcf7-form init\" aria-label=\"Formul\u00e1rio de contacto\" novalidate=\"novalidate\" data-status=\"init\">\n<fieldset class=\"hidden-fields-container\"><input type=\"hidden\" name=\"_wpcf7\" value=\"3445\" \/><input type=\"hidden\" name=\"_wpcf7_version\" value=\"6.1.4\" \/><input type=\"hidden\" name=\"_wpcf7_locale\" value=\"pt_PT\" \/><input type=\"hidden\" name=\"_wpcf7_unit_tag\" value=\"wpcf7-f3445-o1\" \/><input type=\"hidden\" name=\"_wpcf7_container_post\" value=\"0\" \/><input type=\"hidden\" name=\"_wpcf7_posted_data_hash\" value=\"\" \/>\n<\/fieldset>\n<p><span class=\"wpcf7-form-control-wrap\" data-name=\"nome\"><input size=\"40\" maxlength=\"400\" class=\"wpcf7-form-control wpcf7-text wpcf7-validates-as-required\" aria-required=\"true\" aria-invalid=\"false\" placeholder=\"Name\" value=\"\" type=\"text\" name=\"nome\" \/><\/span>\n<\/p>\n<p><span class=\"wpcf7-form-control-wrap\" data-name=\"telefonecontacto\"><input size=\"40\" maxlength=\"400\" class=\"wpcf7-form-control wpcf7-tel wpcf7-validates-as-required wpcf7-text wpcf7-validates-as-tel\" aria-required=\"true\" aria-invalid=\"false\" placeholder=\"Phone\" value=\"\" type=\"tel\" name=\"telefonecontacto\" \/><\/span>\n<\/p>\n<p><span class=\"wpcf7-form-control-wrap\" data-name=\"email\"><input size=\"40\" maxlength=\"400\" class=\"wpcf7-form-control wpcf7-email wpcf7-validates-as-required wpcf7-text wpcf7-validates-as-email\" aria-required=\"true\" aria-invalid=\"false\" placeholder=\"E-mail\" value=\"\" type=\"email\" name=\"email\" \/><\/span>\n<\/p>\n<p><span class=\"wpcf7-form-control-wrap\" data-name=\"mensagens\"><textarea cols=\"40\" rows=\"10\" maxlength=\"2000\" class=\"wpcf7-form-control wpcf7-textarea\" aria-invalid=\"false\" placeholder=\"Message\" name=\"mensagens\"><\/textarea><\/span>\n<\/p>\n<p style=\"text-align: center;\"><input class=\"wpcf7-form-control wpcf7-submit has-spinner\" type=\"submit\" value=\"Send\" \/><img decoding=\"async\" class=\"form-img\" src=\"\/wp-content\/uploads\/2022\/06\/small-circle.png\" style=\"margin-left:-5px;\" \/>\n<\/p><div class=\"wpcf7-response-output\" aria-hidden=\"true\"><\/div>\n<\/form>\n<\/div>\n\n<\/div>\n<\/div><\/div><\/div><\/div><div id=\"pgc-3672-5-2\"  class=\"panel-grid-cell panel-grid-cell-empty\" ><\/div><\/div><\/div>","protected":false},"excerpt":{"rendered":"<p>High printing quality Est\u00fadio Gr\u00e1fico 21 is equipped to receive all works in digital format through the internet. It has software that allows the integration of all type of programs such as Illustrator, InDesign, Quarkxpress, Acrobat, among others. Whenever required, our technical staff can prepare final arts or pagination, image treatment and digital colour testing.\u00a0<\/p>\n","protected":false},"author":7,"featured_media":0,"parent":0,"menu_order":9,"comment_status":"closed","ping_status":"closed","template":"templates\/template-full-notitle.php","meta":{"footnotes":""},"class_list":["post-3672","page","type-page","status-publish","hentry","post"],"yoast_head":"<!-- This site is optimized with the Yoast SEO plugin v26.6 - https:\/\/yoast.com\/wordpress\/plugins\/seo\/ -->\n<title>Services - EST\u00daDIO GR\u00c1FICO 21<\/title>\n<meta name=\"robots\" content=\"index, follow, max-snippet:-1, max-image-preview:large, max-video-preview:-1\" \/>\n<link rel=\"canonical\" href=\"https:\/\/estudiografico21.pt\/en\/services\/\" \/>\n<meta property=\"og:locale\" content=\"en_US\" \/>\n<meta property=\"og:type\" content=\"article\" \/>\n<meta property=\"og:title\" content=\"Services - EST\u00daDIO GR\u00c1FICO 21\" \/>\n<meta property=\"og:description\" content=\"High printing quality Est\u00fadio Gr\u00e1fico 21 is equipped to receive all works in digital format through the internet. It has software that allows the integration of all type of programs such as Illustrator, InDesign, Quarkxpress, Acrobat, among others. Whenever required, our technical staff can prepare final arts or pagination, image treatment and digital colour testing.\u00a0\" \/>\n<meta property=\"og:url\" content=\"https:\/\/estudiografico21.pt\/en\/services\/\" \/>\n<meta property=\"og:site_name\" content=\"EST\u00daDIO GR\u00c1FICO 21\" \/>\n<meta property=\"article:modified_time\" content=\"2023-01-17T15:57:18+00:00\" \/>\n<meta name=\"twitter:label1\" content=\"Est. reading time\" \/>\n\t<meta name=\"twitter:data1\" content=\"2 minutes\" \/>\n<script type=\"application\/ld+json\" class=\"yoast-schema-graph\">{\"@context\":\"https:\/\/schema.org\",\"@graph\":[{\"@type\":\"WebPage\",\"@id\":\"https:\/\/estudiografico21.pt\/en\/services\/\",\"url\":\"https:\/\/estudiografico21.pt\/en\/services\/\",\"name\":\"Services - EST\u00daDIO GR\u00c1FICO 21\",\"isPartOf\":{\"@id\":\"https:\/\/estudiografico21.pt\/#website\"},\"datePublished\":\"2022-11-05T09:52:11+00:00\",\"dateModified\":\"2023-01-17T15:57:18+00:00\",\"breadcrumb\":{\"@id\":\"https:\/\/estudiografico21.pt\/en\/services\/#breadcrumb\"},\"inLanguage\":\"en-US\",\"potentialAction\":[{\"@type\":\"ReadAction\",\"target\":[\"https:\/\/estudiografico21.pt\/en\/services\/\"]}]},{\"@type\":\"BreadcrumbList\",\"@id\":\"https:\/\/estudiografico21.pt\/en\/services\/#breadcrumb\",\"itemListElement\":[{\"@type\":\"ListItem\",\"position\":1,\"name\":\"Home\",\"item\":\"https:\/\/estudiografico21.pt\/en\/\"},{\"@type\":\"ListItem\",\"position\":2,\"name\":\"Services\"}]},{\"@type\":\"WebSite\",\"@id\":\"https:\/\/estudiografico21.pt\/#website\",\"url\":\"https:\/\/estudiografico21.pt\/\",\"name\":\"EST\u00daDIO GR\u00c1FICO 21\",\"description\":\"Artes Gr\u00e1ficas\",\"potentialAction\":[{\"@type\":\"SearchAction\",\"target\":{\"@type\":\"EntryPoint\",\"urlTemplate\":\"https:\/\/estudiografico21.pt\/?s={search_term_string}\"},\"query-input\":{\"@type\":\"PropertyValueSpecification\",\"valueRequired\":true,\"valueName\":\"search_term_string\"}}],\"inLanguage\":\"en-US\"}]}<\/script>\n<!-- \/ Yoast SEO plugin. -->","yoast_head_json":{"title":"Services - EST\u00daDIO GR\u00c1FICO 21","robots":{"index":"index","follow":"follow","max-snippet":"max-snippet:-1","max-image-preview":"max-image-preview:large","max-video-preview":"max-video-preview:-1"},"canonical":"https:\/\/estudiografico21.pt\/en\/services\/","og_locale":"en_US","og_type":"article","og_title":"Services - EST\u00daDIO GR\u00c1FICO 21","og_description":"High printing quality Est\u00fadio Gr\u00e1fico 21 is equipped to receive all works in digital format through the internet. It has software that allows the integration of all type of programs such as Illustrator, InDesign, Quarkxpress, Acrobat, among others. Whenever required, our technical staff can prepare final arts or pagination, image treatment and digital colour testing.\u00a0","og_url":"https:\/\/estudiografico21.pt\/en\/services\/","og_site_name":"EST\u00daDIO GR\u00c1FICO 21","article_modified_time":"2023-01-17T15:57:18+00:00","twitter_misc":{"Est. reading time":"2 minutes"},"schema":{"@context":"https:\/\/schema.org","@graph":[{"@type":"WebPage","@id":"https:\/\/estudiografico21.pt\/en\/services\/","url":"https:\/\/estudiografico21.pt\/en\/services\/","name":"Services - EST\u00daDIO GR\u00c1FICO 21","isPartOf":{"@id":"https:\/\/estudiografico21.pt\/#website"},"datePublished":"2022-11-05T09:52:11+00:00","dateModified":"2023-01-17T15:57:18+00:00","breadcrumb":{"@id":"https:\/\/estudiografico21.pt\/en\/services\/#breadcrumb"},"inLanguage":"en-US","potentialAction":[{"@type":"ReadAction","target":["https:\/\/estudiografico21.pt\/en\/services\/"]}]},{"@type":"BreadcrumbList","@id":"https:\/\/estudiografico21.pt\/en\/services\/#breadcrumb","itemListElement":[{"@type":"ListItem","position":1,"name":"Home","item":"https:\/\/estudiografico21.pt\/en\/"},{"@type":"ListItem","position":2,"name":"Services"}]},{"@type":"WebSite","@id":"https:\/\/estudiografico21.pt\/#website","url":"https:\/\/estudiografico21.pt\/","name":"EST\u00daDIO GR\u00c1FICO 21","description":"Artes Gr\u00e1ficas","potentialAction":[{"@type":"SearchAction","target":{"@type":"EntryPoint","urlTemplate":"https:\/\/estudiografico21.pt\/?s={search_term_string}"},"query-input":{"@type":"PropertyValueSpecification","valueRequired":true,"valueName":"search_term_string"}}],"inLanguage":"en-US"}]}},"_links":{"self":[{"href":"https:\/\/estudiografico21.pt\/en\/wp-json\/wp\/v2\/pages\/3672","targetHints":{"allow":["GET"]}}],"collection":[{"href":"https:\/\/estudiografico21.pt\/en\/wp-json\/wp\/v2\/pages"}],"about":[{"href":"https:\/\/estudiografico21.pt\/en\/wp-json\/wp\/v2\/types\/page"}],"author":[{"embeddable":true,"href":"https:\/\/estudiografico21.pt\/en\/wp-json\/wp\/v2\/users\/7"}],"replies":[{"embeddable":true,"href":"https:\/\/estudiografico21.pt\/en\/wp-json\/wp\/v2\/comments?post=3672"}],"version-history":[{"count":18,"href":"https:\/\/estudiografico21.pt\/en\/wp-json\/wp\/v2\/pages\/3672\/revisions"}],"predecessor-version":[{"id":5777,"href":"https:\/\/estudiografico21.pt\/en\/wp-json\/wp\/v2\/pages\/3672\/revisions\/5777"}],"wp:attachment":[{"href":"https:\/\/estudiografico21.pt\/en\/wp-json\/wp\/v2\/media?parent=3672"}],"curies":[{"name":"wp","href":"https:\/\/api.w.org\/{rel}","templated":true}]}}