{"id":3636,"date":"2022-11-01T09:50:58","date_gmt":"2022-11-01T09:50:58","guid":{"rendered":"https:\/\/estudiografico21.pt\/?page_id=3636"},"modified":"2023-01-12T15:50:21","modified_gmt":"2023-01-12T15:50:21","slug":"inline-cold-foil-stamping","status":"publish","type":"page","link":"https:\/\/estudiografico21.pt\/en\/inline-cold-foil-stamping\/","title":{"rendered":"Inline Cold Foil Stamping"},"content":{"rendered":"<div id=\"pl-3636\"  class=\"panel-layout\" ><div id=\"pg-3636-0\"  class=\"panel-grid panel-has-style\" ><div id=\"headers\" class=\"panel-row-style panel-row-style-for-3636-0\" ><div id=\"pgc-3636-0-0\"  class=\"panel-grid-cell panel-grid-cell-empty\" ><\/div><div id=\"pgc-3636-0-1\"  class=\"panel-grid-cell panel-grid-cell-mobile-last\" ><div id=\"panel-3636-0-1-0\" class=\"so-panel widget widget_sow-editor panel-first-child panel-last-child\" data-index=\"0\" ><div class=\"panel-widget-style panel-widget-style-for-3636-0-1-0\" ><div\n\t\t\t\n\t\t\tclass=\"so-widget-sow-editor so-widget-sow-editor-base\"\n\t\t\t\n\t\t>\n<div class=\"siteorigin-widget-tinymce textwidget\">\n\t<p>Inline cold stamping allows for an unlimited range<br \/>\nof contrasts and metallic colours<\/p>\n<\/div>\n<\/div><\/div><\/div><\/div><div id=\"pgc-3636-0-2\"  class=\"panel-grid-cell panel-grid-cell-empty\" ><\/div><\/div><\/div><div id=\"pg-3636-1\"  class=\"panel-grid panel-has-style\" ><div class=\"lnIntro panel-row-style panel-row-style-for-3636-1\" ><div id=\"pgc-3636-1-0\"  class=\"panel-grid-cell panel-grid-cell-empty\" ><div class=\"panel-cell-style panel-cell-style-for-3636-1-0\" ><\/div><\/div><div id=\"pgc-3636-1-1\"  class=\"panel-grid-cell panel-grid-cell-mobile-last\" ><div id=\"panel-3636-1-1-0\" class=\"so-panel widget widget_sow-editor panel-first-child panel-last-child\" data-index=\"1\" ><div class=\"grafica panel-widget-style panel-widget-style-for-3636-1-1-0\" ><div\n\t\t\t\n\t\t\tclass=\"so-widget-sow-editor so-widget-sow-editor-base\"\n\t\t\t\n\t\t>\n<div class=\"siteorigin-widget-tinymce textwidget\">\n\t<h4>Est\u00fadio Gr\u00e1fico 21 is the only printing company in Portugal equipped with a cold foil stamping system on an offset printer.<\/h4>\n<p>An important advantage of cold foil stamping is that it provides greater flexibility as cold foil is applied in the first 2 printing stations, leaving the remaining stations for additional printing options such as the CMYK process and PMS colours. This set up allows for the broadest range of metallic colour in one application and a countless range of possibilities.<\/p>\n<\/div>\n<\/div><\/div><\/div><\/div><div id=\"pgc-3636-1-2\"  class=\"panel-grid-cell panel-grid-cell-empty\" ><\/div><\/div><\/div><div id=\"pg-3636-2\"  class=\"panel-grid panel-has-style\" ><div class=\"ln panel-row-style panel-row-style-for-3636-2\" ><div id=\"pgc-3636-2-0\"  class=\"panel-grid-cell panel-grid-cell-empty\" ><div class=\"colImg panel-cell-style panel-cell-style-for-3636-2-0\" ><\/div><\/div><div id=\"pgc-3636-2-1\"  class=\"panel-grid-cell\" ><div class=\"colTxt panel-cell-style panel-cell-style-for-3636-2-1\" ><div id=\"panel-3636-2-1-0\" class=\"so-panel widget widget_sow-editor panel-first-child panel-last-child\" data-index=\"2\" ><div class=\"panel-widget-style panel-widget-style-for-3636-2-1-0\" ><div\n\t\t\t\n\t\t\tclass=\"so-widget-sow-editor so-widget-sow-editor-base\"\n\t\t\t\n\t\t>\n<div class=\"siteorigin-widget-tinymce textwidget\">\n\t<p class=\"p1\"><span class=\"s1\">Cold foil printing is done inline on the press, thus<\/span> meaning that cold foil stamping can be a cost-effective choice<span class=\"s1\"> if the foil area (the area on the sheet that will be foiled) is large, <\/span>as the (large) foil area needed on the sheet will allow maximum use of the foil ribbon.<\/p>\n<p class=\"p1\">Being an inline process also means that inks, varnishes and coatings can be applied over the cold foil on press, eliminating the need for a second off-line operation, as it usually happens with hot foil stamping.<\/p>\n<p class=\"p3\">Cold foil is applied on press at production speeds and does not require special UV inks\u00a0and dryers, which add cost to the printing process.<\/p>\n<\/div>\n<\/div><\/div><\/div><\/div><\/div><\/div><\/div><div id=\"pg-3636-3\"  class=\"panel-grid panel-no-style\" ><div id=\"pgc-3636-3-0\"  class=\"panel-grid-cell panel-grid-cell-empty\" ><\/div><div id=\"pgc-3636-3-1\"  class=\"panel-grid-cell panel-grid-cell-mobile-last\" ><div id=\"panel-3636-3-1-0\" class=\"so-panel widget widget_sow-editor panel-first-child panel-last-child\" data-index=\"3\" ><div class=\"panel-widget-style panel-widget-style-for-3636-3-1-0\" ><div\n\t\t\t\n\t\t\tclass=\"so-widget-sow-editor so-widget-sow-editor-base\"\n\t\t\t\n\t\t>\n<div class=\"siteorigin-widget-tinymce textwidget\">\n\t<p><strong> Environmentally friendly <\/strong><\/p>\n<p>Unlike printing on metalized film-laminated paper boards, cold foil printing leaves the smallest possible environmental footprint. Lithographic cold foil is pulpable and 100% recyclable.<\/p>\n<p>&nbsp;<\/p>\n<p>&nbsp;<\/p>\n<\/div>\n<\/div><\/div><\/div><\/div><div id=\"pgc-3636-3-2\"  class=\"panel-grid-cell panel-grid-cell-empty\" ><\/div><\/div><div id=\"pg-3636-4\"  class=\"panel-grid panel-no-style\" ><div id=\"pgc-3636-4-0\"  class=\"panel-grid-cell\" ><div id=\"panel-3636-4-0-0\" class=\"so-panel widget widget_sow-image panel-first-child panel-last-child\" data-index=\"4\" ><div\n\t\t\t\n\t\t\tclass=\"so-widget-sow-image so-widget-sow-image-default-e4c2d9f6c920-3636\"\n\t\t\t\n\t\t>\n<div class=\"sow-image-container\">\n\t\t<img \n\tsrc=\"https:\/\/estudiografico21.pt\/wp-content\/uploads\/2023\/01\/package-estudio-grafico-21-print-3d-uv-varnish-inline-stamping-13.jpg\" width=\"2100\" height=\"1025\" srcset=\"https:\/\/estudiografico21.pt\/wp-content\/uploads\/2023\/01\/package-estudio-grafico-21-print-3d-uv-varnish-inline-stamping-13.jpg 2100w, https:\/\/estudiografico21.pt\/wp-content\/uploads\/2023\/01\/package-estudio-grafico-21-print-3d-uv-varnish-inline-stamping-13-300x146.jpg 300w, https:\/\/estudiografico21.pt\/wp-content\/uploads\/2023\/01\/package-estudio-grafico-21-print-3d-uv-varnish-inline-stamping-13-1080x527.jpg 1080w, https:\/\/estudiografico21.pt\/wp-content\/uploads\/2023\/01\/package-estudio-grafico-21-print-3d-uv-varnish-inline-stamping-13-768x375.jpg 768w, https:\/\/estudiografico21.pt\/wp-content\/uploads\/2023\/01\/package-estudio-grafico-21-print-3d-uv-varnish-inline-stamping-13-1536x750.jpg 1536w, https:\/\/estudiografico21.pt\/wp-content\/uploads\/2023\/01\/package-estudio-grafico-21-print-3d-uv-varnish-inline-stamping-13-2048x1000.jpg 2048w\" sizes=\"(max-width: 2100px) 100vw, 2100px\" title=\"package-estudio-grafico-21-print-3d-uv-varnish-inline-stamping-13\" alt=\"\" \t\tclass=\"so-widget-image\"\/>\n\t<\/div>\n\n<\/div><\/div><\/div><\/div><div id=\"pg-3636-5\"  class=\"panel-grid panel-has-style\" ><div style=\"background-color: #0a0a0a; \" class=\"panel-row-style panel-row-style-for-3636-5\" ><div id=\"pgc-3636-5-0\"  class=\"panel-grid-cell panel-grid-cell-empty\" ><\/div><div id=\"pgc-3636-5-1\"  class=\"panel-grid-cell panel-grid-cell-mobile-last\" ><div id=\"panel-3636-5-1-0\" class=\"so-panel widget widget_sow-editor panel-first-child panel-last-child\" data-index=\"5\" ><div class=\"clients panel-widget-style panel-widget-style-for-3636-5-1-0\" ><div\n\t\t\t\n\t\t\tclass=\"so-widget-sow-editor so-widget-sow-editor-base\"\n\t\t\t\n\t\t><h3 class=\"widget-title\">How does it work?<\/h3>\n<div class=\"siteorigin-widget-tinymce textwidget\">\n\t<div class=\"siteorigin-widget-tinymce textwidget\">\n<p>Cold foil is a metallic film with a removable liner that is applied to the press sheet inline on press. The cold foil unit is attached above the second printing station on the press and the roll of foils runs from an unwind roller, through the printing unit between the blanket and impression cylinder and back out the press to a take-up roller. An adhesive pulls the metallic foil off the polyester liner in the second station adhering it to the press sheet. The foil can be overprinted in the subsequent printing stations to achieve a wide spectrum of metallic colours.<\/p>\n<p>Cold foil is very flexible in terms of varnishes and coatings that can be applied to the cold foil and press sheet. Because cold foil is printed inline, one can print CMYK and PMS colours and still apply varnishes and coatings. The standard cold foil uses a silver base but silver holographic is also on offer along with gold foil. Cold foil works best on papers with smooth finishes, i.e. gloss and coated papers.<\/p>\n<\/div>\n<\/div>\n<\/div><\/div><\/div><\/div><div id=\"pgc-3636-5-2\"  class=\"panel-grid-cell panel-grid-cell-empty\" ><\/div><\/div><\/div><div id=\"pg-3636-6\"  class=\"panel-grid panel-has-style\" ><div class=\"panel-row-style panel-row-style-for-3636-6\" ><div id=\"pgc-3636-6-0\"  class=\"panel-grid-cell panel-grid-cell-empty\" ><div class=\"panel-cell-style panel-cell-style-for-3636-6-0\" ><\/div><\/div><\/div><\/div><div id=\"pg-3636-7\"  class=\"panel-grid panel-no-style\" ><div id=\"pgc-3636-7-0\"  class=\"panel-grid-cell panel-grid-cell-empty\" ><\/div><div id=\"pgc-3636-7-1\"  class=\"panel-grid-cell panel-grid-cell-mobile-last\" ><div id=\"panel-3636-7-1-0\" class=\"so-panel widget widget_sow-editor panel-first-child\" data-index=\"6\" ><div class=\"titContacte panel-widget-style panel-widget-style-for-3636-7-1-0\" ><div\n\t\t\t\n\t\t\tclass=\"so-widget-sow-editor so-widget-sow-editor-base\"\n\t\t\t\n\t\t><h3 class=\"widget-title\">contact us<\/h3>\n<div class=\"siteorigin-widget-tinymce textwidget\">\n\t\n<div class=\"textwidget\"><\/div>\n<\/div>\n<\/div><\/div><\/div><div id=\"panel-3636-7-1-1\" class=\"so-panel widget widget_sow-editor panel-last-child\" data-index=\"7\" ><div class=\"panel-widget-style panel-widget-style-for-3636-7-1-1\" ><div\n\t\t\t\n\t\t\tclass=\"so-widget-sow-editor so-widget-sow-editor-base\"\n\t\t\t\n\t\t>\n<div class=\"siteorigin-widget-tinymce textwidget\">\n\t\n<div class=\"wpcf7 no-js\" id=\"wpcf7-f3445-o1\" lang=\"pt-PT\" dir=\"ltr\" data-wpcf7-id=\"3445\">\n<div class=\"screen-reader-response\"><p role=\"status\" aria-live=\"polite\" aria-atomic=\"true\"><\/p> <ul><\/ul><\/div>\n<form action=\"\/en\/wp-json\/wp\/v2\/pages\/3636#wpcf7-f3445-o1\" method=\"post\" class=\"wpcf7-form init\" aria-label=\"Formul\u00e1rio de contacto\" novalidate=\"novalidate\" data-status=\"init\">\n<fieldset class=\"hidden-fields-container\"><input type=\"hidden\" name=\"_wpcf7\" value=\"3445\" \/><input type=\"hidden\" name=\"_wpcf7_version\" value=\"6.1.4\" \/><input type=\"hidden\" name=\"_wpcf7_locale\" value=\"pt_PT\" \/><input type=\"hidden\" name=\"_wpcf7_unit_tag\" value=\"wpcf7-f3445-o1\" \/><input type=\"hidden\" name=\"_wpcf7_container_post\" value=\"0\" \/><input type=\"hidden\" name=\"_wpcf7_posted_data_hash\" value=\"\" \/>\n<\/fieldset>\n<p><span class=\"wpcf7-form-control-wrap\" data-name=\"nome\"><input size=\"40\" maxlength=\"400\" class=\"wpcf7-form-control wpcf7-text wpcf7-validates-as-required\" aria-required=\"true\" aria-invalid=\"false\" placeholder=\"Name\" value=\"\" type=\"text\" name=\"nome\" \/><\/span>\n<\/p>\n<p><span class=\"wpcf7-form-control-wrap\" data-name=\"telefonecontacto\"><input size=\"40\" maxlength=\"400\" class=\"wpcf7-form-control wpcf7-tel wpcf7-validates-as-required wpcf7-text wpcf7-validates-as-tel\" aria-required=\"true\" aria-invalid=\"false\" placeholder=\"Phone\" value=\"\" type=\"tel\" name=\"telefonecontacto\" \/><\/span>\n<\/p>\n<p><span class=\"wpcf7-form-control-wrap\" data-name=\"email\"><input size=\"40\" maxlength=\"400\" class=\"wpcf7-form-control wpcf7-email wpcf7-validates-as-required wpcf7-text wpcf7-validates-as-email\" aria-required=\"true\" aria-invalid=\"false\" placeholder=\"E-mail\" value=\"\" type=\"email\" name=\"email\" \/><\/span>\n<\/p>\n<p><span class=\"wpcf7-form-control-wrap\" data-name=\"mensagens\"><textarea cols=\"40\" rows=\"10\" maxlength=\"2000\" class=\"wpcf7-form-control wpcf7-textarea\" aria-invalid=\"false\" placeholder=\"Message\" name=\"mensagens\"><\/textarea><\/span>\n<\/p>\n<p style=\"text-align: center;\"><input class=\"wpcf7-form-control wpcf7-submit has-spinner\" type=\"submit\" value=\"Send\" \/><img decoding=\"async\" class=\"form-img\" src=\"\/wp-content\/uploads\/2022\/06\/small-circle.png\" style=\"margin-left:-5px;\" \/>\n<\/p><div class=\"wpcf7-response-output\" aria-hidden=\"true\"><\/div>\n<\/form>\n<\/div>\n\n<\/div>\n<\/div><\/div><\/div><\/div><div id=\"pgc-3636-7-2\"  class=\"panel-grid-cell panel-grid-cell-empty\" ><\/div><\/div><\/div>","protected":false},"excerpt":{"rendered":"<p>Inline cold stamping allows for an unlimited range of contrasts and metallic colours Est\u00fadio Gr\u00e1fico 21 is the only printing company in Portugal equipped with a cold foil stamping system on an offset printer. An important advantage of cold foil stamping is that it provides greater flexibility as cold foil is applied in the first [&hellip;]<\/p>\n","protected":false},"author":7,"featured_media":0,"parent":0,"menu_order":4,"comment_status":"closed","ping_status":"closed","template":"templates\/template-full-notitle.php","meta":{"footnotes":""},"class_list":["post-3636","page","type-page","status-publish","hentry","post"],"yoast_head":"<!-- This site is optimized with the Yoast SEO plugin v26.6 - https:\/\/yoast.com\/wordpress\/plugins\/seo\/ -->\n<title>Inline Cold Foil Stamping - EST\u00daDIO GR\u00c1FICO 21<\/title>\n<meta name=\"robots\" content=\"index, follow, max-snippet:-1, max-image-preview:large, max-video-preview:-1\" \/>\n<link rel=\"canonical\" href=\"https:\/\/estudiografico21.pt\/en\/inline-cold-foil-stamping\/\" \/>\n<meta property=\"og:locale\" content=\"en_US\" \/>\n<meta property=\"og:type\" content=\"article\" \/>\n<meta property=\"og:title\" content=\"Inline Cold Foil Stamping - EST\u00daDIO GR\u00c1FICO 21\" \/>\n<meta property=\"og:description\" content=\"Inline cold stamping allows for an unlimited range of contrasts and metallic colours Est\u00fadio Gr\u00e1fico 21 is the only printing company in Portugal equipped with a cold foil stamping system on an offset printer. An important advantage of cold foil stamping is that it provides greater flexibility as cold foil is applied in the first [&hellip;]\" \/>\n<meta property=\"og:url\" content=\"https:\/\/estudiografico21.pt\/en\/inline-cold-foil-stamping\/\" \/>\n<meta property=\"og:site_name\" content=\"EST\u00daDIO GR\u00c1FICO 21\" \/>\n<meta property=\"article:modified_time\" content=\"2023-01-12T15:50:21+00:00\" \/>\n<meta name=\"twitter:label1\" content=\"Est. reading time\" \/>\n\t<meta name=\"twitter:data1\" content=\"3 minutes\" \/>\n<script type=\"application\/ld+json\" class=\"yoast-schema-graph\">{\"@context\":\"https:\/\/schema.org\",\"@graph\":[{\"@type\":\"WebPage\",\"@id\":\"https:\/\/estudiografico21.pt\/en\/inline-cold-foil-stamping\/\",\"url\":\"https:\/\/estudiografico21.pt\/en\/inline-cold-foil-stamping\/\",\"name\":\"Inline Cold Foil Stamping - EST\u00daDIO GR\u00c1FICO 21\",\"isPartOf\":{\"@id\":\"https:\/\/estudiografico21.pt\/#website\"},\"datePublished\":\"2022-11-01T09:50:58+00:00\",\"dateModified\":\"2023-01-12T15:50:21+00:00\",\"breadcrumb\":{\"@id\":\"https:\/\/estudiografico21.pt\/en\/inline-cold-foil-stamping\/#breadcrumb\"},\"inLanguage\":\"en-US\",\"potentialAction\":[{\"@type\":\"ReadAction\",\"target\":[\"https:\/\/estudiografico21.pt\/en\/inline-cold-foil-stamping\/\"]}]},{\"@type\":\"BreadcrumbList\",\"@id\":\"https:\/\/estudiografico21.pt\/en\/inline-cold-foil-stamping\/#breadcrumb\",\"itemListElement\":[{\"@type\":\"ListItem\",\"position\":1,\"name\":\"Home\",\"item\":\"https:\/\/estudiografico21.pt\/en\/\"},{\"@type\":\"ListItem\",\"position\":2,\"name\":\"Inline Cold Foil Stamping\"}]},{\"@type\":\"WebSite\",\"@id\":\"https:\/\/estudiografico21.pt\/#website\",\"url\":\"https:\/\/estudiografico21.pt\/\",\"name\":\"EST\u00daDIO GR\u00c1FICO 21\",\"description\":\"Artes Gr\u00e1ficas\",\"potentialAction\":[{\"@type\":\"SearchAction\",\"target\":{\"@type\":\"EntryPoint\",\"urlTemplate\":\"https:\/\/estudiografico21.pt\/?s={search_term_string}\"},\"query-input\":{\"@type\":\"PropertyValueSpecification\",\"valueRequired\":true,\"valueName\":\"search_term_string\"}}],\"inLanguage\":\"en-US\"}]}<\/script>\n<!-- \/ Yoast SEO plugin. -->","yoast_head_json":{"title":"Inline Cold Foil Stamping - EST\u00daDIO GR\u00c1FICO 21","robots":{"index":"index","follow":"follow","max-snippet":"max-snippet:-1","max-image-preview":"max-image-preview:large","max-video-preview":"max-video-preview:-1"},"canonical":"https:\/\/estudiografico21.pt\/en\/inline-cold-foil-stamping\/","og_locale":"en_US","og_type":"article","og_title":"Inline Cold Foil Stamping - EST\u00daDIO GR\u00c1FICO 21","og_description":"Inline cold stamping allows for an unlimited range of contrasts and metallic colours Est\u00fadio Gr\u00e1fico 21 is the only printing company in Portugal equipped with a cold foil stamping system on an offset printer. An important advantage of cold foil stamping is that it provides greater flexibility as cold foil is applied in the first [&hellip;]","og_url":"https:\/\/estudiografico21.pt\/en\/inline-cold-foil-stamping\/","og_site_name":"EST\u00daDIO GR\u00c1FICO 21","article_modified_time":"2023-01-12T15:50:21+00:00","twitter_misc":{"Est. reading time":"3 minutes"},"schema":{"@context":"https:\/\/schema.org","@graph":[{"@type":"WebPage","@id":"https:\/\/estudiografico21.pt\/en\/inline-cold-foil-stamping\/","url":"https:\/\/estudiografico21.pt\/en\/inline-cold-foil-stamping\/","name":"Inline Cold Foil Stamping - EST\u00daDIO GR\u00c1FICO 21","isPartOf":{"@id":"https:\/\/estudiografico21.pt\/#website"},"datePublished":"2022-11-01T09:50:58+00:00","dateModified":"2023-01-12T15:50:21+00:00","breadcrumb":{"@id":"https:\/\/estudiografico21.pt\/en\/inline-cold-foil-stamping\/#breadcrumb"},"inLanguage":"en-US","potentialAction":[{"@type":"ReadAction","target":["https:\/\/estudiografico21.pt\/en\/inline-cold-foil-stamping\/"]}]},{"@type":"BreadcrumbList","@id":"https:\/\/estudiografico21.pt\/en\/inline-cold-foil-stamping\/#breadcrumb","itemListElement":[{"@type":"ListItem","position":1,"name":"Home","item":"https:\/\/estudiografico21.pt\/en\/"},{"@type":"ListItem","position":2,"name":"Inline Cold Foil Stamping"}]},{"@type":"WebSite","@id":"https:\/\/estudiografico21.pt\/#website","url":"https:\/\/estudiografico21.pt\/","name":"EST\u00daDIO GR\u00c1FICO 21","description":"Artes Gr\u00e1ficas","potentialAction":[{"@type":"SearchAction","target":{"@type":"EntryPoint","urlTemplate":"https:\/\/estudiografico21.pt\/?s={search_term_string}"},"query-input":{"@type":"PropertyValueSpecification","valueRequired":true,"valueName":"search_term_string"}}],"inLanguage":"en-US"}]}},"_links":{"self":[{"href":"https:\/\/estudiografico21.pt\/en\/wp-json\/wp\/v2\/pages\/3636","targetHints":{"allow":["GET"]}}],"collection":[{"href":"https:\/\/estudiografico21.pt\/en\/wp-json\/wp\/v2\/pages"}],"about":[{"href":"https:\/\/estudiografico21.pt\/en\/wp-json\/wp\/v2\/types\/page"}],"author":[{"embeddable":true,"href":"https:\/\/estudiografico21.pt\/en\/wp-json\/wp\/v2\/users\/7"}],"replies":[{"embeddable":true,"href":"https:\/\/estudiografico21.pt\/en\/wp-json\/wp\/v2\/comments?post=3636"}],"version-history":[{"count":22,"href":"https:\/\/estudiografico21.pt\/en\/wp-json\/wp\/v2\/pages\/3636\/revisions"}],"predecessor-version":[{"id":5702,"href":"https:\/\/estudiografico21.pt\/en\/wp-json\/wp\/v2\/pages\/3636\/revisions\/5702"}],"wp:attachment":[{"href":"https:\/\/estudiografico21.pt\/en\/wp-json\/wp\/v2\/media?parent=3636"}],"curies":[{"name":"wp","href":"https:\/\/api.w.org\/{rel}","templated":true}]}}