{"id":3499,"date":"2022-10-29T10:22:54","date_gmt":"2022-10-29T10:22:54","guid":{"rendered":"https:\/\/estudiografico21.pt\/?page_id=3499"},"modified":"2023-01-17T15:55:59","modified_gmt":"2023-01-17T15:55:59","slug":"3d-uv-varnish","status":"publish","type":"page","link":"https:\/\/estudiografico21.pt\/en\/3d-uv-varnish\/","title":{"rendered":"3D UV Varnish"},"content":{"rendered":"<div id=\"pl-3499\"  class=\"panel-layout\" ><div id=\"pg-3499-0\"  class=\"panel-grid panel-has-style\" ><div id=\"headers\" class=\"panel-row-style panel-row-style-for-3499-0\" ><div id=\"pgc-3499-0-0\"  class=\"panel-grid-cell panel-grid-cell-empty\" ><\/div><div id=\"pgc-3499-0-1\"  class=\"panel-grid-cell panel-grid-cell-mobile-last\" ><div id=\"panel-3499-0-1-0\" class=\"so-panel widget widget_sow-editor panel-first-child panel-last-child\" data-index=\"0\" ><div class=\"panel-widget-style panel-widget-style-for-3499-0-1-0\" ><div\n\t\t\t\n\t\t\tclass=\"so-widget-sow-editor so-widget-sow-editor-base\"\n\t\t\t\n\t\t>\n<div class=\"siteorigin-widget-tinymce textwidget\">\n\t<p>Creating unique effects and textures<br \/>\nat an affordable price<\/p>\n<\/div>\n<\/div><\/div><\/div><\/div><div id=\"pgc-3499-0-2\"  class=\"panel-grid-cell panel-grid-cell-empty\" ><\/div><\/div><\/div><div id=\"pg-3499-1\"  class=\"panel-grid panel-has-style\" ><div style=\"background-color: #ffffff; \" class=\"panel-row-style panel-row-style-for-3499-1\" ><div id=\"pgc-3499-1-0\"  class=\"panel-grid-cell panel-grid-cell-empty\" ><div class=\"panel-cell-style panel-cell-style-for-3499-1-0\" ><\/div><\/div><div id=\"pgc-3499-1-1\"  class=\"panel-grid-cell\" ><div class=\"circle-right panel-cell-style panel-cell-style-for-3499-1-1\" ><div id=\"panel-3499-1-1-0\" class=\"so-panel widget widget_text panel-first-child panel-last-child\" data-index=\"1\" ><div class=\"panel-widget-style panel-widget-style-for-3499-1-1-0\" >\t\t\t<div class=\"textwidget\"><h4>Scodix Ultra-Pro<\/h4>\n<p>This technology enables a folding carton manufacturer such as Est\u00fadio Gr\u00e1fico 21 to cost-effectively deliver highly differentiated carton folding by resorting to its in-house capabilities. Surface finishing can be applied over laminated or non-laminated substrates without the need for complex setup.<\/p>\n<p>Products that resort to this fine finishing include packaging, folders, business cards, brochures, book covers and labels, with substrate weights from 135 to 550 gm and polymer densities from 1-100% in a single pass.<\/p>\n<p>The company\u2019s 3D UV varnishing system is a clean process, containing no polluting additives or dangerous gases, nor VOC (Volatile Organic Compounds).<\/p>\n<\/div>\n\t\t<\/div><\/div><\/div><\/div><\/div><\/div><div id=\"pg-3499-2\"  class=\"panel-grid panel-has-style\" ><div style=\"background-color: #000000; \" class=\"panel-row-style panel-row-style-for-3499-2\" ><div id=\"pgc-3499-2-0\"  class=\"panel-grid-cell panel-grid-cell-empty\" ><\/div><div id=\"pgc-3499-2-1\"  class=\"panel-grid-cell panel-grid-cell-mobile-last\" ><div id=\"panel-3499-2-1-0\" class=\"so-panel widget widget_sow-editor panel-first-child panel-last-child\" data-index=\"2\" ><div class=\"produtos panel-widget-style panel-widget-style-for-3499-2-1-0\" ><div\n\t\t\t\n\t\t\tclass=\"so-widget-sow-editor so-widget-sow-editor-base\"\n\t\t\t\n\t\t><h3 class=\"widget-title\">Main advantages<\/h3>\n<div class=\"siteorigin-widget-tinymce textwidget\">\n\t<\/div>\n<\/div><\/div><\/div><\/div><div id=\"pgc-3499-2-2\"  class=\"panel-grid-cell panel-grid-cell-empty\" ><div class=\"panel-cell-style panel-cell-style-for-3499-2-2\" ><\/div><\/div><\/div><\/div><div id=\"pg-3499-3\"  class=\"panel-grid panel-has-style\" ><div class=\"boxes panel-row-style panel-row-style-for-3499-3\" ><div id=\"pgc-3499-3-0\"  class=\"panel-grid-cell\" ><div class=\"panel-cell-style panel-cell-style-for-3499-3-0\" ><div id=\"panel-3499-3-0-0\" class=\"so-panel widget widget_sow-image panel-first-child panel-last-child\" data-index=\"3\" ><div\n\t\t\t\n\t\t\tclass=\"so-widget-sow-image so-widget-sow-image-default-a258e6bfa2d8-3499\"\n\t\t\t\n\t\t>\n<div class=\"sow-image-container\">\n\t\t<img \n\tsrc=\"https:\/\/estudiografico21.pt\/wp-content\/uploads\/2023\/01\/estudio-grafico-21-print-3d-uv-varnish-inline-stamping-package-44-1.jpg\" width=\"357\" height=\"347\" srcset=\"https:\/\/estudiografico21.pt\/wp-content\/uploads\/2023\/01\/estudio-grafico-21-print-3d-uv-varnish-inline-stamping-package-44-1.jpg 357w, https:\/\/estudiografico21.pt\/wp-content\/uploads\/2023\/01\/estudio-grafico-21-print-3d-uv-varnish-inline-stamping-package-44-1-300x292.jpg 300w\" sizes=\"(max-width: 357px) 100vw, 357px\" title=\"estudio-grafico-21-print-3d-uv-varnish-inline-stamping-package-44\" alt=\"\" \t\tclass=\"so-widget-image\"\/>\n\t<\/div>\n\n<\/div><\/div><\/div><\/div><div id=\"pgc-3499-3-1\"  class=\"panel-grid-cell\" ><div class=\"panel-cell-style panel-cell-style-for-3499-3-1\" ><div id=\"panel-3499-3-1-0\" class=\"so-panel widget widget_text panel-first-child panel-last-child\" data-index=\"4\" ><div class=\"panel-widget-style panel-widget-style-for-3499-3-1-0\" >\t\t\t<div class=\"textwidget\"><p><strong>Short or medium-sized runs<\/strong><br \/>\nAs a digital system, there are no constraints on minimum volumes.<strong><br \/>\n<\/strong><\/p>\n<p><strong>Advanced reading system<\/strong><br \/>\nBased on a system of CCD cameras, screening is made sheet by sheet thus enabling amendments of printing gaps.<strong><br \/>\n<\/strong><\/p>\n<\/div>\n\t\t<\/div><\/div><\/div><\/div><div id=\"pgc-3499-3-2\"  class=\"panel-grid-cell\" ><div class=\"panel-cell-style panel-cell-style-for-3499-3-2\" ><div id=\"panel-3499-3-2-0\" class=\"so-panel widget widget_sow-image panel-first-child panel-last-child\" data-index=\"5\" ><div\n\t\t\t\n\t\t\tclass=\"so-widget-sow-image so-widget-sow-image-default-58576722bc06-3499\"\n\t\t\t\n\t\t>\n<div class=\"sow-image-container\">\n\t\t<img \n\tsrc=\"https:\/\/estudiografico21.pt\/wp-content\/uploads\/2022\/05\/Pagina-Verniz-UV-Digital-3D.jpg-3.jpg\" width=\"353\" height=\"348\" srcset=\"https:\/\/estudiografico21.pt\/wp-content\/uploads\/2022\/05\/Pagina-Verniz-UV-Digital-3D.jpg-3.jpg 353w, https:\/\/estudiografico21.pt\/wp-content\/uploads\/2022\/05\/Pagina-Verniz-UV-Digital-3D.jpg-3-300x296.jpg 300w\" sizes=\"(max-width: 353px) 100vw, 353px\" alt=\"\" \t\tclass=\"so-widget-image\"\/>\n\t<\/div>\n\n<\/div><\/div><\/div><\/div><div id=\"pgc-3499-3-3\"  class=\"panel-grid-cell\" ><div class=\"panel-cell-style panel-cell-style-for-3499-3-3\" ><div id=\"panel-3499-3-3-0\" class=\"so-panel widget widget_text panel-first-child panel-last-child\" data-index=\"6\" ><div class=\"panel-widget-style panel-widget-style-for-3499-3-3-0\" >\t\t\t<div class=\"textwidget\"><p><strong>Use of diversified materials<br \/>\n<\/strong>Enables the use of a wide range of carton weights and up to 550 gm, as well as the use of other supports such as pvc.<\/p>\n<p><strong>Braille<\/strong><br \/>\nEquipped with a double-sided inkjet braille solution and accommodates varnish thickness of up to 250 microns.<\/p>\n<\/div>\n\t\t<\/div><\/div><\/div><\/div><\/div><\/div><div id=\"pg-3499-4\"  class=\"panel-grid panel-has-style\" ><div class=\"boxes panel-row-style panel-row-style-for-3499-4\" ><div id=\"pgc-3499-4-0\"  class=\"panel-grid-cell\" ><div class=\"panel-cell-style panel-cell-style-for-3499-4-0\" ><div id=\"panel-3499-4-0-0\" class=\"so-panel widget widget_text panel-first-child panel-last-child\" data-index=\"7\" ><div class=\"panel-widget-style panel-widget-style-for-3499-4-0-0\" >\t\t\t<div class=\"textwidget\"><p><strong>Glossier and more transparent <\/strong><br \/>\nAt 99 GU (gloss units), varnish finishing under the Scodix system is the most performant in the market.<\/p>\n<\/div>\n\t\t<\/div><\/div><\/div><\/div><div id=\"pgc-3499-4-1\"  class=\"panel-grid-cell\" ><div class=\"panel-cell-style panel-cell-style-for-3499-4-1\" ><div id=\"panel-3499-4-1-0\" class=\"so-panel widget widget_sow-image panel-first-child panel-last-child\" data-index=\"8\" ><div\n\t\t\t\n\t\t\tclass=\"so-widget-sow-image so-widget-sow-image-default-a258e6bfa2d8-3499\"\n\t\t\t\n\t\t>\n<div class=\"sow-image-container\">\n\t\t<img \n\tsrc=\"https:\/\/estudiografico21.pt\/wp-content\/uploads\/2022\/05\/Pagina-Verniz-UV-Digital-3D.jpg-4.jpg\" width=\"359\" height=\"349\" srcset=\"https:\/\/estudiografico21.pt\/wp-content\/uploads\/2022\/05\/Pagina-Verniz-UV-Digital-3D.jpg-4.jpg 359w, https:\/\/estudiografico21.pt\/wp-content\/uploads\/2022\/05\/Pagina-Verniz-UV-Digital-3D.jpg-4-300x292.jpg 300w\" sizes=\"(max-width: 359px) 100vw, 359px\" alt=\"\" \t\tclass=\"so-widget-image\"\/>\n\t<\/div>\n\n<\/div><\/div><\/div><\/div><div id=\"pgc-3499-4-2\"  class=\"panel-grid-cell\" ><div class=\"panel-cell-style panel-cell-style-for-3499-4-2\" ><div id=\"panel-3499-4-2-0\" class=\"so-panel widget widget_text panel-first-child panel-last-child\" data-index=\"9\" ><div class=\"panel-widget-style panel-widget-style-for-3499-4-2-0\" >\t\t\t<div class=\"textwidget\"><p><strong>Customization<\/strong><br \/>\nThe Scodix system allows for differentiated finishing through customization.<b><span lang=\"EN-GB\"><br \/>\n<\/span><\/b><\/p>\n<\/div>\n\t\t<\/div><\/div><\/div><\/div><div id=\"pgc-3499-4-3\"  class=\"panel-grid-cell\" ><div class=\"panel-cell-style panel-cell-style-for-3499-4-3\" ><div id=\"panel-3499-4-3-0\" class=\"so-panel widget widget_sow-image panel-first-child panel-last-child\" data-index=\"10\" ><div\n\t\t\t\n\t\t\tclass=\"so-widget-sow-image so-widget-sow-image-default-58576722bc06-3499\"\n\t\t\t\n\t\t>\n<div class=\"sow-image-container\">\n\t\t<img \n\tsrc=\"https:\/\/estudiografico21.pt\/wp-content\/uploads\/2022\/05\/Pagina-Verniz-UV-Digital-3D.jpg-5.jpg\" width=\"359\" height=\"346\" srcset=\"https:\/\/estudiografico21.pt\/wp-content\/uploads\/2022\/05\/Pagina-Verniz-UV-Digital-3D.jpg-5.jpg 359w, https:\/\/estudiografico21.pt\/wp-content\/uploads\/2022\/05\/Pagina-Verniz-UV-Digital-3D.jpg-5-300x289.jpg 300w\" sizes=\"(max-width: 359px) 100vw, 359px\" alt=\"\" \t\tclass=\"so-widget-image\"\/>\n\t<\/div>\n\n<\/div><\/div><\/div><\/div><\/div><\/div><div id=\"pg-3499-5\"  class=\"panel-grid panel-has-style\" ><div class=\"panel-row-style panel-row-style-for-3499-5\" ><div id=\"pgc-3499-5-0\"  class=\"panel-grid-cell panel-grid-cell-empty\" ><div class=\"panel-cell-style panel-cell-style-for-3499-5-0\" ><\/div><\/div><\/div><\/div><div id=\"pg-3499-6\"  class=\"panel-grid panel-no-style\" ><div id=\"pgc-3499-6-0\"  class=\"panel-grid-cell panel-grid-cell-empty\" ><\/div><div id=\"pgc-3499-6-1\"  class=\"panel-grid-cell panel-grid-cell-mobile-last\" ><div id=\"panel-3499-6-1-0\" class=\"so-panel widget widget_text panel-first-child\" data-index=\"11\" ><div class=\"titContacte panel-widget-style panel-widget-style-for-3499-6-1-0\" ><h3 class=\"widget-title\">contact us<\/h3>\t\t\t<div class=\"textwidget\"><\/div>\n\t\t<\/div><\/div><div id=\"panel-3499-6-1-1\" class=\"so-panel widget widget_sow-editor panel-last-child\" data-index=\"12\" ><div class=\"panel-widget-style panel-widget-style-for-3499-6-1-1\" ><div\n\t\t\t\n\t\t\tclass=\"so-widget-sow-editor so-widget-sow-editor-base\"\n\t\t\t\n\t\t>\n<div class=\"siteorigin-widget-tinymce textwidget\">\n\t\n<div class=\"wpcf7 no-js\" id=\"wpcf7-f3445-o1\" lang=\"pt-PT\" dir=\"ltr\" data-wpcf7-id=\"3445\">\n<div class=\"screen-reader-response\"><p role=\"status\" aria-live=\"polite\" aria-atomic=\"true\"><\/p> <ul><\/ul><\/div>\n<form action=\"\/en\/wp-json\/wp\/v2\/pages\/3499#wpcf7-f3445-o1\" method=\"post\" class=\"wpcf7-form init\" aria-label=\"Formul\u00e1rio de contacto\" novalidate=\"novalidate\" data-status=\"init\">\n<fieldset class=\"hidden-fields-container\"><input type=\"hidden\" name=\"_wpcf7\" value=\"3445\" \/><input type=\"hidden\" name=\"_wpcf7_version\" value=\"6.1.4\" \/><input type=\"hidden\" name=\"_wpcf7_locale\" value=\"pt_PT\" \/><input type=\"hidden\" name=\"_wpcf7_unit_tag\" value=\"wpcf7-f3445-o1\" \/><input type=\"hidden\" name=\"_wpcf7_container_post\" value=\"0\" \/><input type=\"hidden\" name=\"_wpcf7_posted_data_hash\" value=\"\" \/>\n<\/fieldset>\n<p><span class=\"wpcf7-form-control-wrap\" data-name=\"nome\"><input size=\"40\" maxlength=\"400\" class=\"wpcf7-form-control wpcf7-text wpcf7-validates-as-required\" aria-required=\"true\" aria-invalid=\"false\" placeholder=\"Name\" value=\"\" type=\"text\" name=\"nome\" \/><\/span>\n<\/p>\n<p><span class=\"wpcf7-form-control-wrap\" data-name=\"telefonecontacto\"><input size=\"40\" maxlength=\"400\" class=\"wpcf7-form-control wpcf7-tel wpcf7-validates-as-required wpcf7-text wpcf7-validates-as-tel\" aria-required=\"true\" aria-invalid=\"false\" placeholder=\"Phone\" value=\"\" type=\"tel\" name=\"telefonecontacto\" \/><\/span>\n<\/p>\n<p><span class=\"wpcf7-form-control-wrap\" data-name=\"email\"><input size=\"40\" maxlength=\"400\" class=\"wpcf7-form-control wpcf7-email wpcf7-validates-as-required wpcf7-text wpcf7-validates-as-email\" aria-required=\"true\" aria-invalid=\"false\" placeholder=\"E-mail\" value=\"\" type=\"email\" name=\"email\" \/><\/span>\n<\/p>\n<p><span class=\"wpcf7-form-control-wrap\" data-name=\"mensagens\"><textarea cols=\"40\" rows=\"10\" maxlength=\"2000\" class=\"wpcf7-form-control wpcf7-textarea\" aria-invalid=\"false\" placeholder=\"Message\" name=\"mensagens\"><\/textarea><\/span>\n<\/p>\n<p style=\"text-align: center;\"><input class=\"wpcf7-form-control wpcf7-submit has-spinner\" type=\"submit\" value=\"Send\" \/><img decoding=\"async\" class=\"form-img\" src=\"\/wp-content\/uploads\/2022\/06\/small-circle.png\" style=\"margin-left:-5px;\" \/>\n<\/p><div class=\"wpcf7-response-output\" aria-hidden=\"true\"><\/div>\n<\/form>\n<\/div>\n\n<\/div>\n<\/div><\/div><\/div><\/div><div id=\"pgc-3499-6-2\"  class=\"panel-grid-cell panel-grid-cell-empty\" ><\/div><\/div><\/div>","protected":false},"excerpt":{"rendered":"<p>Creating unique effects and textures at an affordable price Scodix Ultra-Pro This technology enables a folding carton manufacturer such as Est\u00fadio Gr\u00e1fico 21 to cost-effectively deliver highly differentiated carton folding by resorting to its in-house capabilities. Surface finishing can be applied over laminated or non-laminated substrates without the need for complex setup. Products that resort [&hellip;]<\/p>\n","protected":false},"author":7,"featured_media":0,"parent":0,"menu_order":7,"comment_status":"closed","ping_status":"closed","template":"templates\/template-full-notitle.php","meta":{"footnotes":""},"class_list":["post-3499","page","type-page","status-publish","hentry","post"],"yoast_head":"<!-- This site is optimized with the Yoast SEO plugin v26.6 - https:\/\/yoast.com\/wordpress\/plugins\/seo\/ -->\n<title>3D UV Varnish - EST\u00daDIO GR\u00c1FICO 21<\/title>\n<meta name=\"robots\" content=\"index, follow, max-snippet:-1, max-image-preview:large, max-video-preview:-1\" \/>\n<link rel=\"canonical\" href=\"https:\/\/estudiografico21.pt\/en\/3d-uv-varnish\/\" \/>\n<meta property=\"og:locale\" content=\"en_US\" \/>\n<meta property=\"og:type\" content=\"article\" \/>\n<meta property=\"og:title\" content=\"3D UV Varnish - EST\u00daDIO GR\u00c1FICO 21\" \/>\n<meta property=\"og:description\" content=\"Creating unique effects and textures at an affordable price Scodix Ultra-Pro This technology enables a folding carton manufacturer such as Est\u00fadio Gr\u00e1fico 21 to cost-effectively deliver highly differentiated carton folding by resorting to its in-house capabilities. Surface finishing can be applied over laminated or non-laminated substrates without the need for complex setup. Products that resort [&hellip;]\" \/>\n<meta property=\"og:url\" content=\"https:\/\/estudiografico21.pt\/en\/3d-uv-varnish\/\" \/>\n<meta property=\"og:site_name\" content=\"EST\u00daDIO GR\u00c1FICO 21\" \/>\n<meta property=\"article:modified_time\" content=\"2023-01-17T15:55:59+00:00\" \/>\n<meta name=\"twitter:label1\" content=\"Est. reading time\" \/>\n\t<meta name=\"twitter:data1\" content=\"2 minutes\" \/>\n<script type=\"application\/ld+json\" class=\"yoast-schema-graph\">{\"@context\":\"https:\/\/schema.org\",\"@graph\":[{\"@type\":\"WebPage\",\"@id\":\"https:\/\/estudiografico21.pt\/en\/3d-uv-varnish\/\",\"url\":\"https:\/\/estudiografico21.pt\/en\/3d-uv-varnish\/\",\"name\":\"3D UV Varnish - EST\u00daDIO GR\u00c1FICO 21\",\"isPartOf\":{\"@id\":\"https:\/\/estudiografico21.pt\/#website\"},\"datePublished\":\"2022-10-29T10:22:54+00:00\",\"dateModified\":\"2023-01-17T15:55:59+00:00\",\"breadcrumb\":{\"@id\":\"https:\/\/estudiografico21.pt\/en\/3d-uv-varnish\/#breadcrumb\"},\"inLanguage\":\"en-US\",\"potentialAction\":[{\"@type\":\"ReadAction\",\"target\":[\"https:\/\/estudiografico21.pt\/en\/3d-uv-varnish\/\"]}]},{\"@type\":\"BreadcrumbList\",\"@id\":\"https:\/\/estudiografico21.pt\/en\/3d-uv-varnish\/#breadcrumb\",\"itemListElement\":[{\"@type\":\"ListItem\",\"position\":1,\"name\":\"Home\",\"item\":\"https:\/\/estudiografico21.pt\/en\/\"},{\"@type\":\"ListItem\",\"position\":2,\"name\":\"3D UV Varnish\"}]},{\"@type\":\"WebSite\",\"@id\":\"https:\/\/estudiografico21.pt\/#website\",\"url\":\"https:\/\/estudiografico21.pt\/\",\"name\":\"EST\u00daDIO GR\u00c1FICO 21\",\"description\":\"Artes Gr\u00e1ficas\",\"potentialAction\":[{\"@type\":\"SearchAction\",\"target\":{\"@type\":\"EntryPoint\",\"urlTemplate\":\"https:\/\/estudiografico21.pt\/?s={search_term_string}\"},\"query-input\":{\"@type\":\"PropertyValueSpecification\",\"valueRequired\":true,\"valueName\":\"search_term_string\"}}],\"inLanguage\":\"en-US\"}]}<\/script>\n<!-- \/ Yoast SEO plugin. -->","yoast_head_json":{"title":"3D UV Varnish - EST\u00daDIO GR\u00c1FICO 21","robots":{"index":"index","follow":"follow","max-snippet":"max-snippet:-1","max-image-preview":"max-image-preview:large","max-video-preview":"max-video-preview:-1"},"canonical":"https:\/\/estudiografico21.pt\/en\/3d-uv-varnish\/","og_locale":"en_US","og_type":"article","og_title":"3D UV Varnish - EST\u00daDIO GR\u00c1FICO 21","og_description":"Creating unique effects and textures at an affordable price Scodix Ultra-Pro This technology enables a folding carton manufacturer such as Est\u00fadio Gr\u00e1fico 21 to cost-effectively deliver highly differentiated carton folding by resorting to its in-house capabilities. Surface finishing can be applied over laminated or non-laminated substrates without the need for complex setup. Products that resort [&hellip;]","og_url":"https:\/\/estudiografico21.pt\/en\/3d-uv-varnish\/","og_site_name":"EST\u00daDIO GR\u00c1FICO 21","article_modified_time":"2023-01-17T15:55:59+00:00","twitter_misc":{"Est. reading time":"2 minutes"},"schema":{"@context":"https:\/\/schema.org","@graph":[{"@type":"WebPage","@id":"https:\/\/estudiografico21.pt\/en\/3d-uv-varnish\/","url":"https:\/\/estudiografico21.pt\/en\/3d-uv-varnish\/","name":"3D UV Varnish - EST\u00daDIO GR\u00c1FICO 21","isPartOf":{"@id":"https:\/\/estudiografico21.pt\/#website"},"datePublished":"2022-10-29T10:22:54+00:00","dateModified":"2023-01-17T15:55:59+00:00","breadcrumb":{"@id":"https:\/\/estudiografico21.pt\/en\/3d-uv-varnish\/#breadcrumb"},"inLanguage":"en-US","potentialAction":[{"@type":"ReadAction","target":["https:\/\/estudiografico21.pt\/en\/3d-uv-varnish\/"]}]},{"@type":"BreadcrumbList","@id":"https:\/\/estudiografico21.pt\/en\/3d-uv-varnish\/#breadcrumb","itemListElement":[{"@type":"ListItem","position":1,"name":"Home","item":"https:\/\/estudiografico21.pt\/en\/"},{"@type":"ListItem","position":2,"name":"3D UV Varnish"}]},{"@type":"WebSite","@id":"https:\/\/estudiografico21.pt\/#website","url":"https:\/\/estudiografico21.pt\/","name":"EST\u00daDIO GR\u00c1FICO 21","description":"Artes Gr\u00e1ficas","potentialAction":[{"@type":"SearchAction","target":{"@type":"EntryPoint","urlTemplate":"https:\/\/estudiografico21.pt\/?s={search_term_string}"},"query-input":{"@type":"PropertyValueSpecification","valueRequired":true,"valueName":"search_term_string"}}],"inLanguage":"en-US"}]}},"_links":{"self":[{"href":"https:\/\/estudiografico21.pt\/en\/wp-json\/wp\/v2\/pages\/3499","targetHints":{"allow":["GET"]}}],"collection":[{"href":"https:\/\/estudiografico21.pt\/en\/wp-json\/wp\/v2\/pages"}],"about":[{"href":"https:\/\/estudiografico21.pt\/en\/wp-json\/wp\/v2\/types\/page"}],"author":[{"embeddable":true,"href":"https:\/\/estudiografico21.pt\/en\/wp-json\/wp\/v2\/users\/7"}],"replies":[{"embeddable":true,"href":"https:\/\/estudiografico21.pt\/en\/wp-json\/wp\/v2\/comments?post=3499"}],"version-history":[{"count":46,"href":"https:\/\/estudiografico21.pt\/en\/wp-json\/wp\/v2\/pages\/3499\/revisions"}],"predecessor-version":[{"id":5776,"href":"https:\/\/estudiografico21.pt\/en\/wp-json\/wp\/v2\/pages\/3499\/revisions\/5776"}],"wp:attachment":[{"href":"https:\/\/estudiografico21.pt\/en\/wp-json\/wp\/v2\/media?parent=3499"}],"curies":[{"name":"wp","href":"https:\/\/api.w.org\/{rel}","templated":true}]}}