{"id":3452,"date":"2022-10-29T09:26:07","date_gmt":"2022-10-29T09:26:07","guid":{"rendered":"https:\/\/estudiografico21.pt\/?page_id=3452"},"modified":"2023-05-12T15:03:12","modified_gmt":"2023-05-12T15:03:12","slug":"certifications","status":"publish","type":"page","link":"https:\/\/estudiografico21.pt\/en\/certifications\/","title":{"rendered":"Certifications"},"content":{"rendered":"<div id=\"pl-3452\"  class=\"panel-layout\" ><div id=\"pg-3452-0\"  class=\"panel-grid panel-has-style\" ><div id=\"headers\" class=\"panel-row-style panel-row-style-for-3452-0\" ><div id=\"pgc-3452-0-0\"  class=\"panel-grid-cell panel-grid-cell-empty\" ><\/div><div id=\"pgc-3452-0-1\"  class=\"panel-grid-cell panel-grid-cell-mobile-last\" ><div id=\"panel-3452-0-1-0\" class=\"so-panel widget widget_sow-editor panel-first-child panel-last-child\" data-index=\"0\" ><div class=\"panel-widget-style panel-widget-style-for-3452-0-1-0\" ><div\n\t\t\t\n\t\t\tclass=\"so-widget-sow-editor so-widget-sow-editor-base\"\n\t\t\t\n\t\t>\n<div class=\"siteorigin-widget-tinymce textwidget\">\n\t<p>FSC<sup>\u00ae<\/sup> Chain of Custody<\/p>\n<\/div>\n<\/div><\/div><\/div><\/div><div id=\"pgc-3452-0-2\"  class=\"panel-grid-cell panel-grid-cell-empty\" ><\/div><\/div><\/div><div id=\"pg-3452-1\"  class=\"panel-grid panel-has-style\" ><div style=\"background-color: #0a0a0a; \" class=\"panel-row-style panel-row-style-for-3452-1\" ><div id=\"pgc-3452-1-0\"  class=\"panel-grid-cell panel-grid-cell-empty\" ><div class=\"panel-cell-style panel-cell-style-for-3452-1-0\" ><\/div><\/div><div id=\"pgc-3452-1-1\"  class=\"panel-grid-cell panel-grid-cell-mobile-last\" ><div id=\"panel-3452-1-1-0\" class=\"so-panel widget widget_sow-editor panel-first-child panel-last-child\" data-index=\"1\" ><div class=\"grafica panel-widget-style panel-widget-style-for-3452-1-1-0\" ><div\n\t\t\t\n\t\t\tclass=\"so-widget-sow-editor so-widget-sow-editor-base\"\n\t\t\t\n\t\t><h3 class=\"widget-title\">Certifications<\/h3>\n<div class=\"siteorigin-widget-tinymce textwidget\">\n\t<div class=\"subtitle\">FSC<sup>\u00ae<\/sup> Chain of Custody<\/div>\n<p>As a printing company that uses paper as its main raw material, we need to ensure that our most needed resource is not exhausted.<\/p>\n<p>It was from the need for this guarantee of environmental conservation and responsible forest management that we established guidelines for the FSC<sup>\u00ae<\/sup> Chain of Custody Certification (FSC-C141815), which was awarded to us in October 2013 by SQS-Swiss Association for Quality and Management Systems, having been transferred in September 2015 to the certifying entity APCER - Associa\u00e7\u00e3o Portuguesa de Certifica\u00e7\u00e3o, and subsequently, in 2018, to the certifying entity SGS Soci\u00e9t\u00e9 G\u00e9n\u00e9rale de Surveillance SA.<\/p>\n<p>We have voluntarily committed to adopting responsible production practices, purchasing certified paper from responsibly managed forests that offer environmental, social and economic benefits.<\/p>\n<p>Our customers are assured that by choosing to print on FSC<sup>\u00ae<\/sup> certified material, they are contributing to the sustainable exploitation of forests, in harmony with the environment.<\/p>\n<\/div>\n<\/div><\/div><\/div><\/div><div id=\"pgc-3452-1-2\"  class=\"panel-grid-cell panel-grid-cell-empty\" ><\/div><\/div><\/div><div id=\"pg-3452-2\"  class=\"panel-grid panel-has-style\" ><div class=\"panel-row-style panel-row-style-for-3452-2\" ><div id=\"pgc-3452-2-0\"  class=\"panel-grid-cell panel-grid-cell-empty\" ><\/div><div id=\"pgc-3452-2-1\"  class=\"panel-grid-cell panel-grid-cell-mobile-last\" ><div id=\"panel-3452-2-1-0\" class=\"so-panel widget widget_sow-editor panel-first-child panel-last-child\" data-index=\"2\" ><div class=\"grafica panel-widget-style panel-widget-style-for-3452-2-1-0\" ><div\n\t\t\t\n\t\t\tclass=\"so-widget-sow-editor so-widget-sow-editor-base\"\n\t\t\t\n\t\t><h3 class=\"widget-title\">Quality policy<\/h3>\n<div class=\"siteorigin-widget-tinymce textwidget\">\n\t<div class=\"subtitle-pol\">\n<p>We embrace the policy of continuous improvement and are committed to:<\/p>\n<\/div>\n<ul style=\"margin-top: 15px;\">\n<li>Meet the needs and expectations of our customers;<\/li>\n<li>Ensure compliance with laws and regulations applicable to our activity;<\/li>\n<li>Foster the personal and professional development of our employees;<\/li>\n<li>Continuously improve working processes and methodologies in order to offer services with greater added value to our customers;<\/li>\n<li>Keep and maintain an effective Quality Management System through the definition and regular monitoring of objectives and indicators.<\/li>\n<\/ul>\n<p><strong style=\"display: inline-block; margin: 20px 0; color: #00a2e1;\">Policy for the association with FSC<sup>\u00ae<\/sup><\/strong><\/p>\n<p>The management of <strong>EG21<\/strong> with FSC<sup>\u00ae<\/sup> license number FSC-C141815 jointly declare that in accordance with the Policy for Association of Organizations with the FSC<sup>\u00ae<\/sup> (FSC-POL-01-004), <strong>EG21<\/strong> it is not directly or indirectly involved in the following activities:<\/p>\n<p>a) Illegal logging or illegal trade in forest or timber products.<br \/>\nb) Violation of traditional and human rights in forestry operations.<br \/>\nc) Destruction of high conservation value attributes in forestry operations.<br \/>\nd) Significant conversion of forests to plantations or non-forest use.<br \/>\ne) Introduction of genetically modified organisms in forestry operations.<br \/>\nf) Violation of any of the ILO Conventions (ILO Core Conventions) as defined in the ILO Declaration on Fundamental Principles and Rights at Work, 1998.<\/p>\n<p>In accordance with this last paragraph, <strong>EG21<\/strong> further undertakes:<\/p>\n<p>i. Not to use child labour.<br \/>\nii. To eliminate all forms of forced and compulsory labour.<br \/>\niii. To ensure that there is no discrimination in work and occupation.<br \/>\niv. To respect freedom of association and the effective right to collective bargaining.<\/p>\n<\/div>\n<\/div><\/div><\/div><\/div><div id=\"pgc-3452-2-2\"  class=\"panel-grid-cell panel-grid-cell-empty\" ><div class=\"panel-cell-style panel-cell-style-for-3452-2-2\" ><\/div><\/div><\/div><\/div><div id=\"pg-3452-3\"  class=\"panel-grid panel-no-style\" ><div id=\"pgc-3452-3-0\"  class=\"panel-grid-cell\" ><div id=\"panel-3452-3-0-0\" class=\"so-panel widget widget_sow-image panel-first-child panel-last-child\" data-index=\"3\" ><div\n\t\t\t\n\t\t\tclass=\"so-widget-sow-image so-widget-sow-image-default-a258e6bfa2d8-3452\"\n\t\t\t\n\t\t>\n<div class=\"sow-image-container\">\n\t\t<img \n\tsrc=\"https:\/\/estudiografico21.pt\/wp-content\/uploads\/2022\/06\/certificacoes-full-bottom-1.jpg\" width=\"1431\" height=\"667\" srcset=\"https:\/\/estudiografico21.pt\/wp-content\/uploads\/2022\/06\/certificacoes-full-bottom-1.jpg 1431w, https:\/\/estudiografico21.pt\/wp-content\/uploads\/2022\/06\/certificacoes-full-bottom-1-300x140.jpg 300w, https:\/\/estudiografico21.pt\/wp-content\/uploads\/2022\/06\/certificacoes-full-bottom-1-768x358.jpg 768w, https:\/\/estudiografico21.pt\/wp-content\/uploads\/2022\/06\/certificacoes-full-bottom-1-1080x503.jpg 1080w\" sizes=\"(max-width: 1431px) 100vw, 1431px\" title=\"certificacoes-full-bottom\" alt=\"\" \t\tclass=\"so-widget-image\"\/>\n\t<\/div>\n\n<\/div><\/div><\/div><\/div><div id=\"pg-3452-4\"  class=\"panel-grid panel-has-style\" ><div class=\"panel-row-style panel-row-style-for-3452-4\" ><div id=\"pgc-3452-4-0\"  class=\"panel-grid-cell panel-grid-cell-empty\" ><div class=\"panel-cell-style panel-cell-style-for-3452-4-0\" ><\/div><\/div><\/div><\/div><div id=\"pg-3452-5\"  class=\"panel-grid panel-no-style\" ><div id=\"pgc-3452-5-0\"  class=\"panel-grid-cell panel-grid-cell-empty\" ><\/div><div id=\"pgc-3452-5-1\"  class=\"panel-grid-cell panel-grid-cell-mobile-last\" ><div id=\"panel-3452-5-1-0\" class=\"so-panel widget widget_text panel-first-child\" data-index=\"4\" ><div class=\"titContacte panel-widget-style panel-widget-style-for-3452-5-1-0\" ><h3 class=\"widget-title\">contact us<\/h3>\t\t\t<div class=\"textwidget\"><\/div>\n\t\t<\/div><\/div><div id=\"panel-3452-5-1-1\" class=\"so-panel widget widget_sow-editor panel-last-child\" data-index=\"5\" ><div class=\"panel-widget-style panel-widget-style-for-3452-5-1-1\" ><div\n\t\t\t\n\t\t\tclass=\"so-widget-sow-editor so-widget-sow-editor-base\"\n\t\t\t\n\t\t>\n<div class=\"siteorigin-widget-tinymce textwidget\">\n\t\n<div class=\"wpcf7 no-js\" id=\"wpcf7-f3445-o1\" lang=\"pt-PT\" dir=\"ltr\" data-wpcf7-id=\"3445\">\n<div class=\"screen-reader-response\"><p role=\"status\" aria-live=\"polite\" aria-atomic=\"true\"><\/p> <ul><\/ul><\/div>\n<form action=\"\/en\/wp-json\/wp\/v2\/pages\/3452#wpcf7-f3445-o1\" method=\"post\" class=\"wpcf7-form init\" aria-label=\"Formul\u00e1rio de contacto\" novalidate=\"novalidate\" data-status=\"init\">\n<fieldset class=\"hidden-fields-container\"><input type=\"hidden\" name=\"_wpcf7\" value=\"3445\" \/><input type=\"hidden\" name=\"_wpcf7_version\" value=\"6.1.4\" \/><input type=\"hidden\" name=\"_wpcf7_locale\" value=\"pt_PT\" \/><input type=\"hidden\" name=\"_wpcf7_unit_tag\" value=\"wpcf7-f3445-o1\" \/><input type=\"hidden\" name=\"_wpcf7_container_post\" value=\"0\" \/><input type=\"hidden\" name=\"_wpcf7_posted_data_hash\" value=\"\" \/>\n<\/fieldset>\n<p><span class=\"wpcf7-form-control-wrap\" data-name=\"nome\"><input size=\"40\" maxlength=\"400\" class=\"wpcf7-form-control wpcf7-text wpcf7-validates-as-required\" aria-required=\"true\" aria-invalid=\"false\" placeholder=\"Name\" value=\"\" type=\"text\" name=\"nome\" \/><\/span>\n<\/p>\n<p><span class=\"wpcf7-form-control-wrap\" data-name=\"telefonecontacto\"><input size=\"40\" maxlength=\"400\" class=\"wpcf7-form-control wpcf7-tel wpcf7-validates-as-required wpcf7-text wpcf7-validates-as-tel\" aria-required=\"true\" aria-invalid=\"false\" placeholder=\"Phone\" value=\"\" type=\"tel\" name=\"telefonecontacto\" \/><\/span>\n<\/p>\n<p><span class=\"wpcf7-form-control-wrap\" data-name=\"email\"><input size=\"40\" maxlength=\"400\" class=\"wpcf7-form-control wpcf7-email wpcf7-validates-as-required wpcf7-text wpcf7-validates-as-email\" aria-required=\"true\" aria-invalid=\"false\" placeholder=\"E-mail\" value=\"\" type=\"email\" name=\"email\" \/><\/span>\n<\/p>\n<p><span class=\"wpcf7-form-control-wrap\" data-name=\"mensagens\"><textarea cols=\"40\" rows=\"10\" maxlength=\"2000\" class=\"wpcf7-form-control wpcf7-textarea\" aria-invalid=\"false\" placeholder=\"Message\" name=\"mensagens\"><\/textarea><\/span>\n<\/p>\n<p style=\"text-align: center;\"><input class=\"wpcf7-form-control wpcf7-submit has-spinner\" type=\"submit\" value=\"Send\" \/><img decoding=\"async\" class=\"form-img\" src=\"\/wp-content\/uploads\/2022\/06\/small-circle.png\" style=\"margin-left:-5px;\" \/>\n<\/p><div class=\"wpcf7-response-output\" aria-hidden=\"true\"><\/div>\n<\/form>\n<\/div>\n\n<\/div>\n<\/div><\/div><\/div><\/div><div id=\"pgc-3452-5-2\"  class=\"panel-grid-cell panel-grid-cell-empty\" ><\/div><\/div><\/div>","protected":false},"excerpt":{"rendered":"<p>FSC\u00ae Chain of Custody FSC\u00ae Chain of Custody As a printing company that uses paper as its main raw material, we need to ensure that our most needed resource is not exhausted. It was from the need for this guarantee of environmental conservation and responsible forest management that we established guidelines for the FSC\u00ae Chain [&hellip;]<\/p>\n","protected":false},"author":7,"featured_media":0,"parent":0,"menu_order":5,"comment_status":"closed","ping_status":"closed","template":"templates\/template-full-notitle.php","meta":{"footnotes":""},"class_list":["post-3452","page","type-page","status-publish","hentry","post"],"yoast_head":"<!-- This site is optimized with the Yoast SEO plugin v26.6 - https:\/\/yoast.com\/wordpress\/plugins\/seo\/ -->\n<title>Certifications - EST\u00daDIO GR\u00c1FICO 21<\/title>\n<meta name=\"robots\" content=\"index, follow, max-snippet:-1, max-image-preview:large, max-video-preview:-1\" \/>\n<link rel=\"canonical\" href=\"https:\/\/estudiografico21.pt\/en\/certifications\/\" \/>\n<meta property=\"og:locale\" content=\"en_US\" \/>\n<meta property=\"og:type\" content=\"article\" \/>\n<meta property=\"og:title\" content=\"Certifications - EST\u00daDIO GR\u00c1FICO 21\" \/>\n<meta property=\"og:description\" content=\"FSC\u00ae Chain of Custody FSC\u00ae Chain of Custody As a printing company that uses paper as its main raw material, we need to ensure that our most needed resource is not exhausted. It was from the need for this guarantee of environmental conservation and responsible forest management that we established guidelines for the FSC\u00ae Chain [&hellip;]\" \/>\n<meta property=\"og:url\" content=\"https:\/\/estudiografico21.pt\/en\/certifications\/\" \/>\n<meta property=\"og:site_name\" content=\"EST\u00daDIO GR\u00c1FICO 21\" \/>\n<meta property=\"article:modified_time\" content=\"2023-05-12T15:03:12+00:00\" \/>\n<meta name=\"twitter:label1\" content=\"Est. reading time\" \/>\n\t<meta name=\"twitter:data1\" content=\"3 minutes\" \/>\n<script type=\"application\/ld+json\" class=\"yoast-schema-graph\">{\"@context\":\"https:\/\/schema.org\",\"@graph\":[{\"@type\":\"WebPage\",\"@id\":\"https:\/\/estudiografico21.pt\/en\/certifications\/\",\"url\":\"https:\/\/estudiografico21.pt\/en\/certifications\/\",\"name\":\"Certifications - EST\u00daDIO GR\u00c1FICO 21\",\"isPartOf\":{\"@id\":\"https:\/\/estudiografico21.pt\/#website\"},\"datePublished\":\"2022-10-29T09:26:07+00:00\",\"dateModified\":\"2023-05-12T15:03:12+00:00\",\"breadcrumb\":{\"@id\":\"https:\/\/estudiografico21.pt\/en\/certifications\/#breadcrumb\"},\"inLanguage\":\"en-US\",\"potentialAction\":[{\"@type\":\"ReadAction\",\"target\":[\"https:\/\/estudiografico21.pt\/en\/certifications\/\"]}]},{\"@type\":\"BreadcrumbList\",\"@id\":\"https:\/\/estudiografico21.pt\/en\/certifications\/#breadcrumb\",\"itemListElement\":[{\"@type\":\"ListItem\",\"position\":1,\"name\":\"Home\",\"item\":\"https:\/\/estudiografico21.pt\/en\/\"},{\"@type\":\"ListItem\",\"position\":2,\"name\":\"Certifications\"}]},{\"@type\":\"WebSite\",\"@id\":\"https:\/\/estudiografico21.pt\/#website\",\"url\":\"https:\/\/estudiografico21.pt\/\",\"name\":\"EST\u00daDIO GR\u00c1FICO 21\",\"description\":\"Artes Gr\u00e1ficas\",\"potentialAction\":[{\"@type\":\"SearchAction\",\"target\":{\"@type\":\"EntryPoint\",\"urlTemplate\":\"https:\/\/estudiografico21.pt\/?s={search_term_string}\"},\"query-input\":{\"@type\":\"PropertyValueSpecification\",\"valueRequired\":true,\"valueName\":\"search_term_string\"}}],\"inLanguage\":\"en-US\"}]}<\/script>\n<!-- \/ Yoast SEO plugin. -->","yoast_head_json":{"title":"Certifications - EST\u00daDIO GR\u00c1FICO 21","robots":{"index":"index","follow":"follow","max-snippet":"max-snippet:-1","max-image-preview":"max-image-preview:large","max-video-preview":"max-video-preview:-1"},"canonical":"https:\/\/estudiografico21.pt\/en\/certifications\/","og_locale":"en_US","og_type":"article","og_title":"Certifications - EST\u00daDIO GR\u00c1FICO 21","og_description":"FSC\u00ae Chain of Custody FSC\u00ae Chain of Custody As a printing company that uses paper as its main raw material, we need to ensure that our most needed resource is not exhausted. It was from the need for this guarantee of environmental conservation and responsible forest management that we established guidelines for the FSC\u00ae Chain [&hellip;]","og_url":"https:\/\/estudiografico21.pt\/en\/certifications\/","og_site_name":"EST\u00daDIO GR\u00c1FICO 21","article_modified_time":"2023-05-12T15:03:12+00:00","twitter_misc":{"Est. reading time":"3 minutes"},"schema":{"@context":"https:\/\/schema.org","@graph":[{"@type":"WebPage","@id":"https:\/\/estudiografico21.pt\/en\/certifications\/","url":"https:\/\/estudiografico21.pt\/en\/certifications\/","name":"Certifications - EST\u00daDIO GR\u00c1FICO 21","isPartOf":{"@id":"https:\/\/estudiografico21.pt\/#website"},"datePublished":"2022-10-29T09:26:07+00:00","dateModified":"2023-05-12T15:03:12+00:00","breadcrumb":{"@id":"https:\/\/estudiografico21.pt\/en\/certifications\/#breadcrumb"},"inLanguage":"en-US","potentialAction":[{"@type":"ReadAction","target":["https:\/\/estudiografico21.pt\/en\/certifications\/"]}]},{"@type":"BreadcrumbList","@id":"https:\/\/estudiografico21.pt\/en\/certifications\/#breadcrumb","itemListElement":[{"@type":"ListItem","position":1,"name":"Home","item":"https:\/\/estudiografico21.pt\/en\/"},{"@type":"ListItem","position":2,"name":"Certifications"}]},{"@type":"WebSite","@id":"https:\/\/estudiografico21.pt\/#website","url":"https:\/\/estudiografico21.pt\/","name":"EST\u00daDIO GR\u00c1FICO 21","description":"Artes Gr\u00e1ficas","potentialAction":[{"@type":"SearchAction","target":{"@type":"EntryPoint","urlTemplate":"https:\/\/estudiografico21.pt\/?s={search_term_string}"},"query-input":{"@type":"PropertyValueSpecification","valueRequired":true,"valueName":"search_term_string"}}],"inLanguage":"en-US"}]}},"_links":{"self":[{"href":"https:\/\/estudiografico21.pt\/en\/wp-json\/wp\/v2\/pages\/3452","targetHints":{"allow":["GET"]}}],"collection":[{"href":"https:\/\/estudiografico21.pt\/en\/wp-json\/wp\/v2\/pages"}],"about":[{"href":"https:\/\/estudiografico21.pt\/en\/wp-json\/wp\/v2\/types\/page"}],"author":[{"embeddable":true,"href":"https:\/\/estudiografico21.pt\/en\/wp-json\/wp\/v2\/users\/7"}],"replies":[{"embeddable":true,"href":"https:\/\/estudiografico21.pt\/en\/wp-json\/wp\/v2\/comments?post=3452"}],"version-history":[{"count":23,"href":"https:\/\/estudiografico21.pt\/en\/wp-json\/wp\/v2\/pages\/3452\/revisions"}],"predecessor-version":[{"id":5838,"href":"https:\/\/estudiografico21.pt\/en\/wp-json\/wp\/v2\/pages\/3452\/revisions\/5838"}],"wp:attachment":[{"href":"https:\/\/estudiografico21.pt\/en\/wp-json\/wp\/v2\/media?parent=3452"}],"curies":[{"name":"wp","href":"https:\/\/api.w.org\/{rel}","templated":true}]}}