{"id":3257,"date":"2022-04-27T14:24:49","date_gmt":"2022-04-27T14:24:49","guid":{"rendered":"https:\/\/estudiografico21.pt\/hp-new\/"},"modified":"2023-01-17T15:53:27","modified_gmt":"2023-01-17T15:53:27","slug":"hp-new","status":"publish","type":"page","link":"https:\/\/estudiografico21.pt\/en\/","title":{"rendered":"Homepage"},"content":{"rendered":"<div id=\"pl-3257\"  class=\"panel-layout\" ><div id=\"pg-3257-0\"  class=\"panel-grid panel-has-style\" ><div id=\"headers\" class=\"panel-row-style panel-row-style-for-3257-0\" ><div id=\"pgc-3257-0-0\"  class=\"panel-grid-cell panel-grid-cell-empty\" ><\/div><div id=\"pgc-3257-0-1\"  class=\"panel-grid-cell panel-grid-cell-mobile-last\" ><div id=\"panel-3257-0-1-0\" class=\"so-panel widget widget_sow-editor panel-first-child panel-last-child\" data-index=\"0\" ><div class=\"panel-widget-style panel-widget-style-for-3257-0-1-0\" ><div\n\t\t\t\n\t\t\tclass=\"so-widget-sow-editor so-widget-sow-editor-base\"\n\t\t\t\n\t\t>\n<div class=\"siteorigin-widget-tinymce textwidget\">\n\t<p>Inspired by color, powered by technology<\/p>\n<\/div>\n<\/div><\/div><\/div><\/div><div id=\"pgc-3257-0-2\"  class=\"panel-grid-cell panel-grid-cell-empty\" ><\/div><\/div><\/div><div id=\"pg-3257-1\"  class=\"panel-grid panel-has-style\" ><div class=\"ln panel-row-style panel-row-style-for-3257-1\" ><div id=\"pgc-3257-1-0\"  class=\"panel-grid-cell panel-grid-cell-mobile-last\" ><div class=\"colTxt panel-cell-style panel-cell-style-for-3257-1-0\" ><div id=\"panel-3257-1-0-0\" class=\"so-panel widget widget_text panel-first-child\" data-index=\"1\" ><div class=\"panel-widget-style panel-widget-style-for-3257-1-0-0\" ><h3 class=\"widget-title\">Inline cold foil stamping<\/h3>\t\t\t<div class=\"textwidget\"><p>Est\u00fadio Gr\u00e1fico 21 is the only company in Portugal and the first in Southern Europe to use the innovative system of inline cold foil in an offset machine.<\/p>\n<\/div>\n\t\t<\/div><\/div><div id=\"panel-3257-1-0-1\" class=\"so-panel widget widget_sow-button panel-last-child\" data-index=\"2\" ><div class=\"btSaibaMais panel-widget-style panel-widget-style-for-3257-1-0-1\" ><div\n\t\t\t\n\t\t\tclass=\"so-widget-sow-button so-widget-sow-button-wire-af5bd3bab7c9-3257\"\n\t\t\t\n\t\t><div class=\"ow-button-base ow-button-align-left\"\n>\n\t\t\t<a\n\t\t\t\t\thref=\"\/en\/inline-cold-foil-stamping\/\"\n\t\t\t\t\tclass=\"sowb-button ow-icon-placement-left ow-button-hover\" \t>\n\t\t<span>\n\t\t\t\n\t\t\tView more &gt;&gt;\t\t<\/span>\n\t\t\t<\/a>\n\t<\/div>\n<\/div><\/div><\/div><\/div><\/div><div id=\"pgc-3257-1-1\"  class=\"panel-grid-cell panel-grid-cell-empty\" ><div class=\"colImg panel-cell-style panel-cell-style-for-3257-1-1\" ><\/div><\/div><\/div><\/div><div id=\"pg-3257-2\"  class=\"panel-grid panel-has-style\" ><div class=\"ln panel-row-style panel-row-style-for-3257-2\" ><div id=\"pgc-3257-2-0\"  class=\"panel-grid-cell panel-grid-cell-empty\" ><div class=\"colImg panel-cell-style panel-cell-style-for-3257-2-0\" ><\/div><\/div><div id=\"pgc-3257-2-1\"  class=\"panel-grid-cell\" ><div class=\"colTxt panel-cell-style panel-cell-style-for-3257-2-1\" ><div id=\"panel-3257-2-1-0\" class=\"so-panel widget widget_text panel-first-child\" data-index=\"3\" ><div class=\"panel-widget-style panel-widget-style-for-3257-2-1-0\" ><h3 class=\"widget-title\">3D UV Varnish<\/h3>\t\t\t<div class=\"textwidget\"><p>Est\u00fadio Gr\u00e1fico 21 followed up its inroad into cold foil stamping with the acquisition of a technological advanced equipment for 3D UV Varnishing, the Scodix Ultra-Pro press.<\/p>\n<\/div>\n\t\t<\/div><\/div><div id=\"panel-3257-2-1-1\" class=\"so-panel widget widget_sow-button panel-last-child\" data-index=\"4\" ><div class=\"btSaibaMais panel-widget-style panel-widget-style-for-3257-2-1-1\" ><div\n\t\t\t\n\t\t\tclass=\"so-widget-sow-button so-widget-sow-button-wire-af5bd3bab7c9-3257\"\n\t\t\t\n\t\t><div class=\"ow-button-base ow-button-align-left\"\n>\n\t\t\t<a\n\t\t\t\t\thref=\"\/en\/3d-uv-varnish\/\"\n\t\t\t\t\tclass=\"sowb-button ow-icon-placement-left ow-button-hover\" \t>\n\t\t<span>\n\t\t\t\n\t\t\tView more &gt;&gt;\t\t<\/span>\n\t\t\t<\/a>\n\t<\/div>\n<\/div><\/div><\/div><\/div><\/div><\/div><\/div><div id=\"pg-3257-3\"  class=\"panel-grid panel-no-style\" ><div id=\"pgc-3257-3-0\"  class=\"panel-grid-cell\" ><div id=\"panel-3257-3-0-0\" class=\"so-panel widget widget_sow-image panel-first-child panel-last-child\" data-index=\"5\" ><div class=\"panel-widget-style panel-widget-style-for-3257-3-0-0\" ><div\n\t\t\t\n\t\t\tclass=\"so-widget-sow-image so-widget-sow-image-default-a258e6bfa2d8-3257\"\n\t\t\t\n\t\t>\n<div class=\"sow-image-container\">\n\t\t<img \n\tsrc=\"https:\/\/estudiografico21.pt\/wp-content\/uploads\/2022\/05\/home-1.jpg\" width=\"355\" height=\"315\" srcset=\"https:\/\/estudiografico21.pt\/wp-content\/uploads\/2022\/05\/home-1.jpg 355w, https:\/\/estudiografico21.pt\/wp-content\/uploads\/2022\/05\/home-1-300x266.jpg 300w\" sizes=\"(max-width: 355px) 100vw, 355px\" alt=\"\" \t\tclass=\"so-widget-image\"\/>\n\t<\/div>\n\n<\/div><\/div><\/div><\/div><div id=\"pgc-3257-3-1\"  class=\"panel-grid-cell\" ><div id=\"panel-3257-3-1-0\" class=\"so-panel widget widget_sow-image panel-first-child panel-last-child\" data-index=\"6\" ><div\n\t\t\t\n\t\t\tclass=\"so-widget-sow-image so-widget-sow-image-default-a258e6bfa2d8-3257\"\n\t\t\t\n\t\t>\n<div class=\"sow-image-container\">\n\t\t<img \n\tsrc=\"https:\/\/estudiografico21.pt\/wp-content\/uploads\/2022\/12\/hp_eg21-6-1.jpg\" width=\"355\" height=\"315\" srcset=\"https:\/\/estudiografico21.pt\/wp-content\/uploads\/2022\/12\/hp_eg21-6-1.jpg 355w, https:\/\/estudiografico21.pt\/wp-content\/uploads\/2022\/12\/hp_eg21-6-1-300x266.jpg 300w\" sizes=\"(max-width: 355px) 100vw, 355px\" title=\"estudio-gr\u00e1fico-21-package-print-gold\" alt=\"\" \t\tclass=\"so-widget-image\"\/>\n\t<\/div>\n\n<\/div><\/div><\/div><div id=\"pgc-3257-3-2\"  class=\"panel-grid-cell\" ><div id=\"panel-3257-3-2-0\" class=\"so-panel widget widget_sow-image panel-first-child panel-last-child\" data-index=\"7\" ><div\n\t\t\t\n\t\t\tclass=\"so-widget-sow-image so-widget-sow-image-default-a258e6bfa2d8-3257\"\n\t\t\t\n\t\t>\n<div class=\"sow-image-container\">\n\t\t<img \n\tsrc=\"https:\/\/estudiografico21.pt\/wp-content\/uploads\/2022\/05\/home-3.jpg\" width=\"355\" height=\"315\" srcset=\"https:\/\/estudiografico21.pt\/wp-content\/uploads\/2022\/05\/home-3.jpg 355w, https:\/\/estudiografico21.pt\/wp-content\/uploads\/2022\/05\/home-3-300x266.jpg 300w\" sizes=\"(max-width: 355px) 100vw, 355px\" alt=\"\" \t\tclass=\"so-widget-image\"\/>\n\t<\/div>\n\n<\/div><\/div><\/div><div id=\"pgc-3257-3-3\"  class=\"panel-grid-cell\" ><div id=\"panel-3257-3-3-0\" class=\"so-panel widget widget_sow-image panel-first-child panel-last-child\" data-index=\"8\" ><div\n\t\t\t\n\t\t\tclass=\"so-widget-sow-image so-widget-sow-image-default-a258e6bfa2d8-3257\"\n\t\t\t\n\t\t>\n<div class=\"sow-image-container\">\n\t\t<img \n\tsrc=\"https:\/\/estudiografico21.pt\/wp-content\/uploads\/2023\/01\/estudio-grafico-21-print-3d-uv-varnish-inline-stamping2-2.jpg\" width=\"355\" height=\"315\" srcset=\"https:\/\/estudiografico21.pt\/wp-content\/uploads\/2023\/01\/estudio-grafico-21-print-3d-uv-varnish-inline-stamping2-2.jpg 355w, https:\/\/estudiografico21.pt\/wp-content\/uploads\/2023\/01\/estudio-grafico-21-print-3d-uv-varnish-inline-stamping2-2-300x266.jpg 300w\" sizes=\"(max-width: 355px) 100vw, 355px\" title=\"estudio-grafico-21-print-3d-uv-varnish-inline-stamping2\" alt=\"\" \t\tclass=\"so-widget-image\"\/>\n\t<\/div>\n\n<\/div><\/div><\/div><\/div><div id=\"pg-3257-4\"  class=\"panel-grid panel-no-style\" ><div id=\"pgc-3257-4-0\"  class=\"panel-grid-cell\" ><div id=\"panel-3257-4-0-0\" class=\"so-panel widget widget_sow-image panel-first-child panel-last-child\" data-index=\"9\" ><div class=\"panel-widget-style panel-widget-style-for-3257-4-0-0\" ><div\n\t\t\t\n\t\t\tclass=\"so-widget-sow-image so-widget-sow-image-default-a258e6bfa2d8-3257\"\n\t\t\t\n\t\t>\n<div class=\"sow-image-container\">\n\t\t<img \n\tsrc=\"https:\/\/estudiografico21.pt\/wp-content\/uploads\/2022\/05\/home-5.jpg\" width=\"355\" height=\"315\" srcset=\"https:\/\/estudiografico21.pt\/wp-content\/uploads\/2022\/05\/home-5.jpg 355w, https:\/\/estudiografico21.pt\/wp-content\/uploads\/2022\/05\/home-5-300x266.jpg 300w\" sizes=\"(max-width: 355px) 100vw, 355px\" alt=\"\" \t\tclass=\"so-widget-image\"\/>\n\t<\/div>\n\n<\/div><\/div><\/div><\/div><div id=\"pgc-3257-4-1\"  class=\"panel-grid-cell\" ><div id=\"panel-3257-4-1-0\" class=\"so-panel widget widget_sow-image panel-first-child panel-last-child\" data-index=\"10\" ><div\n\t\t\t\n\t\t\tclass=\"so-widget-sow-image so-widget-sow-image-default-dbf295114b96-3257\"\n\t\t\t\n\t\t>\n<div class=\"sow-image-container\">\n\t\t<img \n\tsrc=\"https:\/\/estudiografico21.pt\/wp-content\/uploads\/2022\/05\/home-6.jpg\" width=\"355\" height=\"315\" srcset=\"https:\/\/estudiografico21.pt\/wp-content\/uploads\/2022\/05\/home-6.jpg 355w, https:\/\/estudiografico21.pt\/wp-content\/uploads\/2022\/05\/home-6-300x266.jpg 300w\" sizes=\"(max-width: 355px) 100vw, 355px\" alt=\"\" \t\tclass=\"so-widget-image\"\/>\n\t<\/div>\n\n<\/div><\/div><\/div><div id=\"pgc-3257-4-2\"  class=\"panel-grid-cell\" ><div id=\"panel-3257-4-2-0\" class=\"so-panel widget widget_sow-image panel-first-child panel-last-child\" data-index=\"11\" ><div\n\t\t\t\n\t\t\tclass=\"so-widget-sow-image so-widget-sow-image-default-dbf295114b96-3257\"\n\t\t\t\n\t\t>\n<div class=\"sow-image-container\">\n\t\t<img \n\tsrc=\"https:\/\/estudiografico21.pt\/wp-content\/uploads\/2023\/01\/estudio-grafico-21-print-3d-uv-varnish-inline-stamping1.jpg\" width=\"795\" height=\"702\" srcset=\"https:\/\/estudiografico21.pt\/wp-content\/uploads\/2023\/01\/estudio-grafico-21-print-3d-uv-varnish-inline-stamping1.jpg 795w, https:\/\/estudiografico21.pt\/wp-content\/uploads\/2023\/01\/estudio-grafico-21-print-3d-uv-varnish-inline-stamping1-300x265.jpg 300w, https:\/\/estudiografico21.pt\/wp-content\/uploads\/2023\/01\/estudio-grafico-21-print-3d-uv-varnish-inline-stamping1-768x678.jpg 768w\" sizes=\"(max-width: 795px) 100vw, 795px\" alt=\"\" \t\tclass=\"so-widget-image\"\/>\n\t<\/div>\n\n<\/div><\/div><\/div><div id=\"pgc-3257-4-3\"  class=\"panel-grid-cell\" ><div id=\"panel-3257-4-3-0\" class=\"so-panel widget widget_sow-image panel-first-child panel-last-child\" data-index=\"12\" ><div\n\t\t\t\n\t\t\tclass=\"so-widget-sow-image so-widget-sow-image-default-dbf295114b96-3257\"\n\t\t\t\n\t\t>\n<div class=\"sow-image-container\">\n\t\t<img \n\tsrc=\"https:\/\/estudiografico21.pt\/wp-content\/uploads\/2022\/12\/hp_eg21-10.jpg\" width=\"355\" height=\"315\" srcset=\"https:\/\/estudiografico21.pt\/wp-content\/uploads\/2022\/12\/hp_eg21-10.jpg 355w, https:\/\/estudiografico21.pt\/wp-content\/uploads\/2022\/12\/hp_eg21-10-300x266.jpg 300w\" sizes=\"(max-width: 355px) 100vw, 355px\" alt=\"\" \t\tclass=\"so-widget-image\"\/>\n\t<\/div>\n\n<\/div><\/div><\/div><\/div><div id=\"pg-3257-5\"  class=\"panel-grid panel-has-style\" ><div style=\"background-color: #0a0a0a; \" class=\"panel-row-style panel-row-style-for-3257-5\" ><div id=\"pgc-3257-5-0\"  class=\"panel-grid-cell panel-grid-cell-empty\" ><\/div><div id=\"pgc-3257-5-1\"  class=\"panel-grid-cell panel-grid-cell-mobile-last\" ><div class=\"panel-cell-style panel-cell-style-for-3257-5-1\" ><div id=\"panel-3257-5-1-0\" class=\"so-panel widget widget_sow-editor panel-first-child panel-last-child\" data-index=\"13\" ><div class=\"clients panel-widget-style panel-widget-style-for-3257-5-1-0\" ><div\n\t\t\t\n\t\t\tclass=\"so-widget-sow-editor so-widget-sow-editor-base\"\n\t\t\t\n\t\t><h3 class=\"widget-title\">Clients <\/h3>\n<div class=\"siteorigin-widget-tinymce textwidget\">\n\t<p><strong>The costumers of Est\u00fadio Gr\u00e1fico 21 are its greatest asset.<\/strong><\/p>\n<p>Our goal is to provide an innovative and personalized service as the foundation for a long-term partnership with our customers.<\/p>\n<\/div>\n<\/div><\/div><\/div><\/div><\/div><div id=\"pgc-3257-5-2\"  class=\"panel-grid-cell panel-grid-cell-empty\" ><\/div><\/div><\/div><div id=\"pg-3257-6\"  class=\"panel-grid panel-has-style\" ><div class=\"panel-row-style panel-row-style-for-3257-6\" ><div id=\"pgc-3257-6-0\"  class=\"panel-grid-cell panel-grid-cell-empty\" ><div class=\"panel-cell-style panel-cell-style-for-3257-6-0\" ><\/div><\/div><\/div><\/div><div id=\"pg-3257-7\"  class=\"panel-grid panel-no-style\" ><div id=\"pgc-3257-7-0\"  class=\"panel-grid-cell panel-grid-cell-empty\" ><\/div><div id=\"pgc-3257-7-1\"  class=\"panel-grid-cell panel-grid-cell-mobile-last\" ><div class=\"panel-cell-style panel-cell-style-for-3257-7-1\" ><div id=\"panel-3257-7-1-0\" class=\"so-panel widget widget_text panel-first-child\" data-index=\"14\" ><div class=\"titContacte panel-widget-style panel-widget-style-for-3257-7-1-0\" ><h3 class=\"widget-title\">Contact us<\/h3>\t\t\t<div class=\"textwidget\"><\/div>\n\t\t<\/div><\/div><div id=\"panel-3257-7-1-1\" class=\"so-panel widget widget_sow-editor panel-last-child\" data-index=\"15\" ><div\n\t\t\t\n\t\t\tclass=\"so-widget-sow-editor so-widget-sow-editor-base\"\n\t\t\t\n\t\t>\n<div class=\"siteorigin-widget-tinymce textwidget\">\n\t\n<div class=\"wpcf7 no-js\" id=\"wpcf7-f3445-o1\" lang=\"pt-PT\" dir=\"ltr\" data-wpcf7-id=\"3445\">\n<div class=\"screen-reader-response\"><p role=\"status\" aria-live=\"polite\" aria-atomic=\"true\"><\/p> <ul><\/ul><\/div>\n<form action=\"\/en\/wp-json\/wp\/v2\/pages\/3257#wpcf7-f3445-o1\" method=\"post\" class=\"wpcf7-form init\" aria-label=\"Formul\u00e1rio de contacto\" novalidate=\"novalidate\" data-status=\"init\">\n<fieldset class=\"hidden-fields-container\"><input type=\"hidden\" name=\"_wpcf7\" value=\"3445\" \/><input type=\"hidden\" name=\"_wpcf7_version\" value=\"6.1.4\" \/><input type=\"hidden\" name=\"_wpcf7_locale\" value=\"pt_PT\" \/><input type=\"hidden\" name=\"_wpcf7_unit_tag\" value=\"wpcf7-f3445-o1\" \/><input type=\"hidden\" name=\"_wpcf7_container_post\" value=\"0\" \/><input type=\"hidden\" name=\"_wpcf7_posted_data_hash\" value=\"\" \/>\n<\/fieldset>\n<p><span class=\"wpcf7-form-control-wrap\" data-name=\"nome\"><input size=\"40\" maxlength=\"400\" class=\"wpcf7-form-control wpcf7-text wpcf7-validates-as-required\" aria-required=\"true\" aria-invalid=\"false\" placeholder=\"Name\" value=\"\" type=\"text\" name=\"nome\" \/><\/span>\n<\/p>\n<p><span class=\"wpcf7-form-control-wrap\" data-name=\"telefonecontacto\"><input size=\"40\" maxlength=\"400\" class=\"wpcf7-form-control wpcf7-tel wpcf7-validates-as-required wpcf7-text wpcf7-validates-as-tel\" aria-required=\"true\" aria-invalid=\"false\" placeholder=\"Phone\" value=\"\" type=\"tel\" name=\"telefonecontacto\" \/><\/span>\n<\/p>\n<p><span class=\"wpcf7-form-control-wrap\" data-name=\"email\"><input size=\"40\" maxlength=\"400\" class=\"wpcf7-form-control wpcf7-email wpcf7-validates-as-required wpcf7-text wpcf7-validates-as-email\" aria-required=\"true\" aria-invalid=\"false\" placeholder=\"E-mail\" value=\"\" type=\"email\" name=\"email\" \/><\/span>\n<\/p>\n<p><span class=\"wpcf7-form-control-wrap\" data-name=\"mensagens\"><textarea cols=\"40\" rows=\"10\" maxlength=\"2000\" class=\"wpcf7-form-control wpcf7-textarea\" aria-invalid=\"false\" placeholder=\"Message\" name=\"mensagens\"><\/textarea><\/span>\n<\/p>\n<p style=\"text-align: center;\"><input class=\"wpcf7-form-control wpcf7-submit has-spinner\" type=\"submit\" value=\"Send\" \/><img decoding=\"async\" class=\"form-img\" src=\"\/wp-content\/uploads\/2022\/06\/small-circle.png\" style=\"margin-left:-5px;\" \/>\n<\/p><div class=\"wpcf7-response-output\" aria-hidden=\"true\"><\/div>\n<\/form>\n<\/div>\n\n<\/div>\n<\/div><\/div><\/div><\/div><div id=\"pgc-3257-7-2\"  class=\"panel-grid-cell panel-grid-cell-empty\" ><\/div><\/div><\/div>","protected":false},"excerpt":{"rendered":"<p>Inspired by color, powered by technology Est\u00fadio Gr\u00e1fico 21 is the only company in Portugal and the first in Southern Europe to use the innovative system of inline cold foil in an offset machine.<\/p>\n","protected":false},"author":7,"featured_media":0,"parent":0,"menu_order":2,"comment_status":"closed","ping_status":"closed","template":"templates\/template-full-notitle.php","meta":{"footnotes":""},"class_list":["post-3257","page","type-page","status-publish","hentry","post"],"yoast_head":"<!-- This site is optimized with the Yoast SEO plugin v26.6 - https:\/\/yoast.com\/wordpress\/plugins\/seo\/ -->\n<title>Homepage - EST\u00daDIO GR\u00c1FICO 21<\/title>\n<meta name=\"robots\" content=\"index, follow, max-snippet:-1, max-image-preview:large, max-video-preview:-1\" \/>\n<link rel=\"canonical\" href=\"https:\/\/estudiografico21.pt\/en\/\" \/>\n<meta property=\"og:locale\" content=\"en_US\" \/>\n<meta property=\"og:type\" content=\"article\" \/>\n<meta property=\"og:title\" content=\"Homepage - EST\u00daDIO GR\u00c1FICO 21\" \/>\n<meta property=\"og:description\" content=\"Inspired by color, powered by technology Est\u00fadio Gr\u00e1fico 21 is the only company in Portugal and the first in Southern Europe to use the innovative system of inline cold foil in an offset machine.\" \/>\n<meta property=\"og:url\" content=\"https:\/\/estudiografico21.pt\/en\/\" \/>\n<meta property=\"og:site_name\" content=\"EST\u00daDIO GR\u00c1FICO 21\" \/>\n<meta property=\"article:modified_time\" content=\"2023-01-17T15:53:27+00:00\" \/>\n<meta name=\"twitter:label1\" content=\"Est. reading time\" \/>\n\t<meta name=\"twitter:data1\" content=\"1 minute\" \/>\n<script type=\"application\/ld+json\" class=\"yoast-schema-graph\">{\"@context\":\"https:\/\/schema.org\",\"@graph\":[{\"@type\":\"WebPage\",\"@id\":\"https:\/\/estudiografico21.pt\/en\/\",\"url\":\"https:\/\/estudiografico21.pt\/en\/\",\"name\":\"Homepage - EST\u00daDIO GR\u00c1FICO 21\",\"isPartOf\":{\"@id\":\"https:\/\/estudiografico21.pt\/#website\"},\"datePublished\":\"2022-04-27T14:24:49+00:00\",\"dateModified\":\"2023-01-17T15:53:27+00:00\",\"breadcrumb\":{\"@id\":\"https:\/\/estudiografico21.pt\/en\/#breadcrumb\"},\"inLanguage\":\"en-US\",\"potentialAction\":[{\"@type\":\"ReadAction\",\"target\":[\"https:\/\/estudiografico21.pt\/en\/\"]}]},{\"@type\":\"BreadcrumbList\",\"@id\":\"https:\/\/estudiografico21.pt\/en\/#breadcrumb\",\"itemListElement\":[{\"@type\":\"ListItem\",\"position\":1,\"name\":\"Home\",\"item\":\"https:\/\/estudiografico21.pt\/en\/\"},{\"@type\":\"ListItem\",\"position\":2,\"name\":\"Homepage\"}]},{\"@type\":\"WebSite\",\"@id\":\"https:\/\/estudiografico21.pt\/#website\",\"url\":\"https:\/\/estudiografico21.pt\/\",\"name\":\"EST\u00daDIO GR\u00c1FICO 21\",\"description\":\"Artes Gr\u00e1ficas\",\"potentialAction\":[{\"@type\":\"SearchAction\",\"target\":{\"@type\":\"EntryPoint\",\"urlTemplate\":\"https:\/\/estudiografico21.pt\/?s={search_term_string}\"},\"query-input\":{\"@type\":\"PropertyValueSpecification\",\"valueRequired\":true,\"valueName\":\"search_term_string\"}}],\"inLanguage\":\"en-US\"}]}<\/script>\n<!-- \/ Yoast SEO plugin. -->","yoast_head_json":{"title":"Homepage - EST\u00daDIO GR\u00c1FICO 21","robots":{"index":"index","follow":"follow","max-snippet":"max-snippet:-1","max-image-preview":"max-image-preview:large","max-video-preview":"max-video-preview:-1"},"canonical":"https:\/\/estudiografico21.pt\/en\/","og_locale":"en_US","og_type":"article","og_title":"Homepage - EST\u00daDIO GR\u00c1FICO 21","og_description":"Inspired by color, powered by technology Est\u00fadio Gr\u00e1fico 21 is the only company in Portugal and the first in Southern Europe to use the innovative system of inline cold foil in an offset machine.","og_url":"https:\/\/estudiografico21.pt\/en\/","og_site_name":"EST\u00daDIO GR\u00c1FICO 21","article_modified_time":"2023-01-17T15:53:27+00:00","twitter_misc":{"Est. reading time":"1 minute"},"schema":{"@context":"https:\/\/schema.org","@graph":[{"@type":"WebPage","@id":"https:\/\/estudiografico21.pt\/en\/","url":"https:\/\/estudiografico21.pt\/en\/","name":"Homepage - EST\u00daDIO GR\u00c1FICO 21","isPartOf":{"@id":"https:\/\/estudiografico21.pt\/#website"},"datePublished":"2022-04-27T14:24:49+00:00","dateModified":"2023-01-17T15:53:27+00:00","breadcrumb":{"@id":"https:\/\/estudiografico21.pt\/en\/#breadcrumb"},"inLanguage":"en-US","potentialAction":[{"@type":"ReadAction","target":["https:\/\/estudiografico21.pt\/en\/"]}]},{"@type":"BreadcrumbList","@id":"https:\/\/estudiografico21.pt\/en\/#breadcrumb","itemListElement":[{"@type":"ListItem","position":1,"name":"Home","item":"https:\/\/estudiografico21.pt\/en\/"},{"@type":"ListItem","position":2,"name":"Homepage"}]},{"@type":"WebSite","@id":"https:\/\/estudiografico21.pt\/#website","url":"https:\/\/estudiografico21.pt\/","name":"EST\u00daDIO GR\u00c1FICO 21","description":"Artes Gr\u00e1ficas","potentialAction":[{"@type":"SearchAction","target":{"@type":"EntryPoint","urlTemplate":"https:\/\/estudiografico21.pt\/?s={search_term_string}"},"query-input":{"@type":"PropertyValueSpecification","valueRequired":true,"valueName":"search_term_string"}}],"inLanguage":"en-US"}]}},"_links":{"self":[{"href":"https:\/\/estudiografico21.pt\/en\/wp-json\/wp\/v2\/pages\/3257","targetHints":{"allow":["GET"]}}],"collection":[{"href":"https:\/\/estudiografico21.pt\/en\/wp-json\/wp\/v2\/pages"}],"about":[{"href":"https:\/\/estudiografico21.pt\/en\/wp-json\/wp\/v2\/types\/page"}],"author":[{"embeddable":true,"href":"https:\/\/estudiografico21.pt\/en\/wp-json\/wp\/v2\/users\/7"}],"replies":[{"embeddable":true,"href":"https:\/\/estudiografico21.pt\/en\/wp-json\/wp\/v2\/comments?post=3257"}],"version-history":[{"count":39,"href":"https:\/\/estudiografico21.pt\/en\/wp-json\/wp\/v2\/pages\/3257\/revisions"}],"predecessor-version":[{"id":5774,"href":"https:\/\/estudiografico21.pt\/en\/wp-json\/wp\/v2\/pages\/3257\/revisions\/5774"}],"wp:attachment":[{"href":"https:\/\/estudiografico21.pt\/en\/wp-json\/wp\/v2\/media?parent=3257"}],"curies":[{"name":"wp","href":"https:\/\/api.w.org\/{rel}","templated":true}]}}