{"id":115,"date":"2015-02-23T12:17:12","date_gmt":"2015-02-23T12:17:12","guid":{"rendered":"https:\/\/estudiografico21.pt\/wp\/?page_id=115"},"modified":"2023-01-18T15:17:01","modified_gmt":"2023-01-18T15:17:01","slug":"contacts","status":"publish","type":"page","link":"https:\/\/estudiografico21.pt\/en\/contacts\/","title":{"rendered":"Contacts"},"content":{"rendered":"<h3 class=\"widget-title\">Portugal<\/h3>\n<p>R. Marciano Tom\u00e1s da Costa, 3C &#8211; Armaz\u00e9m K<br \/>\n2735-512 S\u00e3o Marcos &#8211; Cac\u00e9m &#8211; PORTUGAL<br \/>\nTel.: +351 219 199 174\/5<br \/>\nTlm.: +351 966 831 784<br \/>\n<a href=\"mailto:contacto@estudiografico21.pt\" rel=\"nofollow\">contacto@estudiografico21.pt<\/a><\/p>\n<h3 class=\"widget-title\">Spain Comercial Delegation<\/h3>\n<p>Jordi Puigbo<br \/>\nTel.: +34 638 135 898<br \/>\nTlm.: +351 219 199 174\/5<br \/>\n<a href=\"mailto:jpuigbo@estudiografico21.es\" rel=\"nofollow\">jpuigbo@estudiografico21.es<\/a><\/p>\n<p><iframe loading=\"lazy\" style=\"max-width: 100%;\" src=\"https:\/\/www.google.com\/maps\/embed?pb=!1m18!1m12!1m3!1d3111.208732278281!2d-9.308298284328147!3d38.75891626269944!2m3!1f0!2f0!3f0!3m2!1i1024!2i768!4f13.1!3m3!1m2!1s0xd1ece423224def3%3A0xd8fef4052021ae2b!2zRXN0w7pkaW8gR3LDoWZpY28gMjE!5e0!3m2!1spt-PT!2spt!4v1655294802068!5m2!1spt-PT!2spt\" width=\"1080\" height=\"600\" allowfullscreen=\"allowfullscreen\"><\/iframe><\/p>\n","protected":false},"excerpt":{"rendered":"<p>Portugal R. Marciano Tom\u00e1s da Costa, 3C &#8211; Armaz\u00e9m K 2735-512 S\u00e3o Marcos &#8211; Cac\u00e9m &#8211; PORTUGAL Tel.: +351 219 199 174\/5 Tlm.: +351 966 831 784 contacto@estudiografico21.pt Spain Comercial Delegation Jordi Puigbo Tel.: +34 638 135 898 Tlm.: +351 219 199 174\/5 jpuigbo@estudiografico21.es<\/p>\n","protected":false},"author":6,"featured_media":0,"parent":0,"menu_order":63,"comment_status":"closed","ping_status":"closed","template":"templates\/template-full.php","meta":{"footnotes":""},"class_list":["post-115","page","type-page","status-publish","hentry","post"],"yoast_head":"<!-- This site is optimized with the Yoast SEO plugin v26.6 - https:\/\/yoast.com\/wordpress\/plugins\/seo\/ -->\n<title>Contacts - EST\u00daDIO GR\u00c1FICO 21<\/title>\n<meta name=\"robots\" content=\"index, follow, max-snippet:-1, max-image-preview:large, max-video-preview:-1\" \/>\n<link rel=\"canonical\" href=\"https:\/\/estudiografico21.pt\/en\/contacts\/\" \/>\n<meta property=\"og:locale\" content=\"en_US\" \/>\n<meta property=\"og:type\" content=\"article\" \/>\n<meta property=\"og:title\" content=\"Contacts - EST\u00daDIO GR\u00c1FICO 21\" \/>\n<meta property=\"og:description\" content=\"Portugal R. Marciano Tom\u00e1s da Costa, 3C &#8211; Armaz\u00e9m K 2735-512 S\u00e3o Marcos &#8211; Cac\u00e9m &#8211; PORTUGAL Tel.: +351 219 199 174\/5 Tlm.: +351 966 831 784 contacto@estudiografico21.pt Spain Comercial Delegation Jordi Puigbo Tel.: +34 638 135 898 Tlm.: +351 219 199 174\/5 jpuigbo@estudiografico21.es\" \/>\n<meta property=\"og:url\" content=\"https:\/\/estudiografico21.pt\/en\/contacts\/\" \/>\n<meta property=\"og:site_name\" content=\"EST\u00daDIO GR\u00c1FICO 21\" \/>\n<meta property=\"article:modified_time\" content=\"2023-01-18T15:17:01+00:00\" \/>\n<meta name=\"twitter:label1\" content=\"Est. reading time\" \/>\n\t<meta name=\"twitter:data1\" content=\"1 minute\" \/>\n<script type=\"application\/ld+json\" class=\"yoast-schema-graph\">{\"@context\":\"https:\/\/schema.org\",\"@graph\":[{\"@type\":\"WebPage\",\"@id\":\"https:\/\/estudiografico21.pt\/en\/contacts\/\",\"url\":\"https:\/\/estudiografico21.pt\/en\/contacts\/\",\"name\":\"Contacts - EST\u00daDIO GR\u00c1FICO 21\",\"isPartOf\":{\"@id\":\"https:\/\/estudiografico21.pt\/#website\"},\"datePublished\":\"2015-02-23T12:17:12+00:00\",\"dateModified\":\"2023-01-18T15:17:01+00:00\",\"breadcrumb\":{\"@id\":\"https:\/\/estudiografico21.pt\/en\/contacts\/#breadcrumb\"},\"inLanguage\":\"en-US\",\"potentialAction\":[{\"@type\":\"ReadAction\",\"target\":[\"https:\/\/estudiografico21.pt\/en\/contacts\/\"]}]},{\"@type\":\"BreadcrumbList\",\"@id\":\"https:\/\/estudiografico21.pt\/en\/contacts\/#breadcrumb\",\"itemListElement\":[{\"@type\":\"ListItem\",\"position\":1,\"name\":\"Home\",\"item\":\"https:\/\/estudiografico21.pt\/en\/\"},{\"@type\":\"ListItem\",\"position\":2,\"name\":\"Contacts\"}]},{\"@type\":\"WebSite\",\"@id\":\"https:\/\/estudiografico21.pt\/#website\",\"url\":\"https:\/\/estudiografico21.pt\/\",\"name\":\"EST\u00daDIO GR\u00c1FICO 21\",\"description\":\"Artes Gr\u00e1ficas\",\"potentialAction\":[{\"@type\":\"SearchAction\",\"target\":{\"@type\":\"EntryPoint\",\"urlTemplate\":\"https:\/\/estudiografico21.pt\/?s={search_term_string}\"},\"query-input\":{\"@type\":\"PropertyValueSpecification\",\"valueRequired\":true,\"valueName\":\"search_term_string\"}}],\"inLanguage\":\"en-US\"}]}<\/script>\n<!-- \/ Yoast SEO plugin. -->","yoast_head_json":{"title":"Contacts - EST\u00daDIO GR\u00c1FICO 21","robots":{"index":"index","follow":"follow","max-snippet":"max-snippet:-1","max-image-preview":"max-image-preview:large","max-video-preview":"max-video-preview:-1"},"canonical":"https:\/\/estudiografico21.pt\/en\/contacts\/","og_locale":"en_US","og_type":"article","og_title":"Contacts - EST\u00daDIO GR\u00c1FICO 21","og_description":"Portugal R. Marciano Tom\u00e1s da Costa, 3C &#8211; Armaz\u00e9m K 2735-512 S\u00e3o Marcos &#8211; Cac\u00e9m &#8211; PORTUGAL Tel.: +351 219 199 174\/5 Tlm.: +351 966 831 784 contacto@estudiografico21.pt Spain Comercial Delegation Jordi Puigbo Tel.: +34 638 135 898 Tlm.: +351 219 199 174\/5 jpuigbo@estudiografico21.es","og_url":"https:\/\/estudiografico21.pt\/en\/contacts\/","og_site_name":"EST\u00daDIO GR\u00c1FICO 21","article_modified_time":"2023-01-18T15:17:01+00:00","twitter_misc":{"Est. reading time":"1 minute"},"schema":{"@context":"https:\/\/schema.org","@graph":[{"@type":"WebPage","@id":"https:\/\/estudiografico21.pt\/en\/contacts\/","url":"https:\/\/estudiografico21.pt\/en\/contacts\/","name":"Contacts - EST\u00daDIO GR\u00c1FICO 21","isPartOf":{"@id":"https:\/\/estudiografico21.pt\/#website"},"datePublished":"2015-02-23T12:17:12+00:00","dateModified":"2023-01-18T15:17:01+00:00","breadcrumb":{"@id":"https:\/\/estudiografico21.pt\/en\/contacts\/#breadcrumb"},"inLanguage":"en-US","potentialAction":[{"@type":"ReadAction","target":["https:\/\/estudiografico21.pt\/en\/contacts\/"]}]},{"@type":"BreadcrumbList","@id":"https:\/\/estudiografico21.pt\/en\/contacts\/#breadcrumb","itemListElement":[{"@type":"ListItem","position":1,"name":"Home","item":"https:\/\/estudiografico21.pt\/en\/"},{"@type":"ListItem","position":2,"name":"Contacts"}]},{"@type":"WebSite","@id":"https:\/\/estudiografico21.pt\/#website","url":"https:\/\/estudiografico21.pt\/","name":"EST\u00daDIO GR\u00c1FICO 21","description":"Artes Gr\u00e1ficas","potentialAction":[{"@type":"SearchAction","target":{"@type":"EntryPoint","urlTemplate":"https:\/\/estudiografico21.pt\/?s={search_term_string}"},"query-input":{"@type":"PropertyValueSpecification","valueRequired":true,"valueName":"search_term_string"}}],"inLanguage":"en-US"}]}},"_links":{"self":[{"href":"https:\/\/estudiografico21.pt\/en\/wp-json\/wp\/v2\/pages\/115","targetHints":{"allow":["GET"]}}],"collection":[{"href":"https:\/\/estudiografico21.pt\/en\/wp-json\/wp\/v2\/pages"}],"about":[{"href":"https:\/\/estudiografico21.pt\/en\/wp-json\/wp\/v2\/types\/page"}],"author":[{"embeddable":true,"href":"https:\/\/estudiografico21.pt\/en\/wp-json\/wp\/v2\/users\/6"}],"replies":[{"embeddable":true,"href":"https:\/\/estudiografico21.pt\/en\/wp-json\/wp\/v2\/comments?post=115"}],"version-history":[{"count":13,"href":"https:\/\/estudiografico21.pt\/en\/wp-json\/wp\/v2\/pages\/115\/revisions"}],"predecessor-version":[{"id":5785,"href":"https:\/\/estudiografico21.pt\/en\/wp-json\/wp\/v2\/pages\/115\/revisions\/5785"}],"wp:attachment":[{"href":"https:\/\/estudiografico21.pt\/en\/wp-json\/wp\/v2\/media?parent=115"}],"curies":[{"name":"wp","href":"https:\/\/api.w.org\/{rel}","templated":true}]}}