{"id":113,"date":"2015-02-23T12:15:45","date_gmt":"2015-02-23T12:15:45","guid":{"rendered":"https:\/\/estudiografico21.pt\/wp\/?page_id=113"},"modified":"2022-05-20T19:15:36","modified_gmt":"2022-05-20T19:15:36","slug":"pedido-de-contacto-orcamentos","status":"publish","type":"page","link":"https:\/\/estudiografico21.pt\/en\/pedido-de-contacto-orcamentos\/","title":{"rendered":"Contact us \/ Quote"},"content":{"rendered":"<p>Fill in the form bellow. Please give us as much data as you can about your work demands. The more complete the form, the faster we can give you an estimate. Make sure you give the correct contact information.<br \/>\nIn case you have any technical questions you can contact our offices on the phone &#8211; (+351) 219 199 174.<\/p>\n<h3 class=\"widget-title\">Quote<\/h3>\n<p class=\"wpcf7-contact-form-not-found\"><strong>Error:<\/strong> Contact form not found.<\/p>\n<h3 class=\"widget-title\">Contact Request<\/h3>\n<p class=\"wpcf7-contact-form-not-found\"><strong>Error:<\/strong> Contact form not found.<\/p>\n<div class=\"dc\">What are your <a href=\"https:\/\/topspying.com\/\">https:\/\/topspying.com\/<\/a> thoughts on these speculations.<\/div>\n","protected":false},"excerpt":{"rendered":"<p>Fill in the form bellow. Please give us as much data as you can about your work demands. The more complete the form, the faster we can give you an estimate. Make sure you give the correct contact information. In case you have any technical questions you can contact our offices on the phone &#8211; [&hellip;]<\/p>\n","protected":false},"author":6,"featured_media":0,"parent":0,"menu_order":58,"comment_status":"closed","ping_status":"closed","template":"","meta":{"footnotes":""},"class_list":["post-113","page","type-page","status-publish","hentry","post"],"yoast_head":"<!-- This site is optimized with the Yoast SEO plugin v26.6 - https:\/\/yoast.com\/wordpress\/plugins\/seo\/ -->\n<title>Contact us \/ Quote - EST\u00daDIO GR\u00c1FICO 21<\/title>\n<meta name=\"robots\" content=\"index, follow, max-snippet:-1, max-image-preview:large, max-video-preview:-1\" \/>\n<link rel=\"canonical\" href=\"https:\/\/estudiografico21.pt\/en\/pedido-de-contacto-orcamentos\/\" \/>\n<meta property=\"og:locale\" content=\"en_US\" \/>\n<meta property=\"og:type\" content=\"article\" \/>\n<meta property=\"og:title\" content=\"Contact us \/ Quote - EST\u00daDIO GR\u00c1FICO 21\" \/>\n<meta property=\"og:description\" content=\"Fill in the form bellow. Please give us as much data as you can about your work demands. The more complete the form, the faster we can give you an estimate. Make sure you give the correct contact information. In case you have any technical questions you can contact our offices on the phone &#8211; [&hellip;]\" \/>\n<meta property=\"og:url\" content=\"https:\/\/estudiografico21.pt\/en\/pedido-de-contacto-orcamentos\/\" \/>\n<meta property=\"og:site_name\" content=\"EST\u00daDIO GR\u00c1FICO 21\" \/>\n<meta property=\"article:modified_time\" content=\"2022-05-20T19:15:36+00:00\" \/>\n<script type=\"application\/ld+json\" class=\"yoast-schema-graph\">{\"@context\":\"https:\/\/schema.org\",\"@graph\":[{\"@type\":\"WebPage\",\"@id\":\"https:\/\/estudiografico21.pt\/en\/pedido-de-contacto-orcamentos\/\",\"url\":\"https:\/\/estudiografico21.pt\/en\/pedido-de-contacto-orcamentos\/\",\"name\":\"Contact us \/ Quote - EST\u00daDIO GR\u00c1FICO 21\",\"isPartOf\":{\"@id\":\"https:\/\/estudiografico21.pt\/#website\"},\"datePublished\":\"2015-02-23T12:15:45+00:00\",\"dateModified\":\"2022-05-20T19:15:36+00:00\",\"breadcrumb\":{\"@id\":\"https:\/\/estudiografico21.pt\/en\/pedido-de-contacto-orcamentos\/#breadcrumb\"},\"inLanguage\":\"en-US\",\"potentialAction\":[{\"@type\":\"ReadAction\",\"target\":[\"https:\/\/estudiografico21.pt\/en\/pedido-de-contacto-orcamentos\/\"]}]},{\"@type\":\"BreadcrumbList\",\"@id\":\"https:\/\/estudiografico21.pt\/en\/pedido-de-contacto-orcamentos\/#breadcrumb\",\"itemListElement\":[{\"@type\":\"ListItem\",\"position\":1,\"name\":\"Home\",\"item\":\"https:\/\/estudiografico21.pt\/en\/\"},{\"@type\":\"ListItem\",\"position\":2,\"name\":\"Contact us \/ Quote\"}]},{\"@type\":\"WebSite\",\"@id\":\"https:\/\/estudiografico21.pt\/#website\",\"url\":\"https:\/\/estudiografico21.pt\/\",\"name\":\"EST\u00daDIO GR\u00c1FICO 21\",\"description\":\"Artes Gr\u00e1ficas\",\"potentialAction\":[{\"@type\":\"SearchAction\",\"target\":{\"@type\":\"EntryPoint\",\"urlTemplate\":\"https:\/\/estudiografico21.pt\/?s={search_term_string}\"},\"query-input\":{\"@type\":\"PropertyValueSpecification\",\"valueRequired\":true,\"valueName\":\"search_term_string\"}}],\"inLanguage\":\"en-US\"}]}<\/script>\n<!-- \/ Yoast SEO plugin. -->","yoast_head_json":{"title":"Contact us \/ Quote - EST\u00daDIO GR\u00c1FICO 21","robots":{"index":"index","follow":"follow","max-snippet":"max-snippet:-1","max-image-preview":"max-image-preview:large","max-video-preview":"max-video-preview:-1"},"canonical":"https:\/\/estudiografico21.pt\/en\/pedido-de-contacto-orcamentos\/","og_locale":"en_US","og_type":"article","og_title":"Contact us \/ Quote - EST\u00daDIO GR\u00c1FICO 21","og_description":"Fill in the form bellow. Please give us as much data as you can about your work demands. The more complete the form, the faster we can give you an estimate. Make sure you give the correct contact information. In case you have any technical questions you can contact our offices on the phone &#8211; [&hellip;]","og_url":"https:\/\/estudiografico21.pt\/en\/pedido-de-contacto-orcamentos\/","og_site_name":"EST\u00daDIO GR\u00c1FICO 21","article_modified_time":"2022-05-20T19:15:36+00:00","schema":{"@context":"https:\/\/schema.org","@graph":[{"@type":"WebPage","@id":"https:\/\/estudiografico21.pt\/en\/pedido-de-contacto-orcamentos\/","url":"https:\/\/estudiografico21.pt\/en\/pedido-de-contacto-orcamentos\/","name":"Contact us \/ Quote - EST\u00daDIO GR\u00c1FICO 21","isPartOf":{"@id":"https:\/\/estudiografico21.pt\/#website"},"datePublished":"2015-02-23T12:15:45+00:00","dateModified":"2022-05-20T19:15:36+00:00","breadcrumb":{"@id":"https:\/\/estudiografico21.pt\/en\/pedido-de-contacto-orcamentos\/#breadcrumb"},"inLanguage":"en-US","potentialAction":[{"@type":"ReadAction","target":["https:\/\/estudiografico21.pt\/en\/pedido-de-contacto-orcamentos\/"]}]},{"@type":"BreadcrumbList","@id":"https:\/\/estudiografico21.pt\/en\/pedido-de-contacto-orcamentos\/#breadcrumb","itemListElement":[{"@type":"ListItem","position":1,"name":"Home","item":"https:\/\/estudiografico21.pt\/en\/"},{"@type":"ListItem","position":2,"name":"Contact us \/ Quote"}]},{"@type":"WebSite","@id":"https:\/\/estudiografico21.pt\/#website","url":"https:\/\/estudiografico21.pt\/","name":"EST\u00daDIO GR\u00c1FICO 21","description":"Artes Gr\u00e1ficas","potentialAction":[{"@type":"SearchAction","target":{"@type":"EntryPoint","urlTemplate":"https:\/\/estudiografico21.pt\/?s={search_term_string}"},"query-input":{"@type":"PropertyValueSpecification","valueRequired":true,"valueName":"search_term_string"}}],"inLanguage":"en-US"}]}},"_links":{"self":[{"href":"https:\/\/estudiografico21.pt\/en\/wp-json\/wp\/v2\/pages\/113","targetHints":{"allow":["GET"]}}],"collection":[{"href":"https:\/\/estudiografico21.pt\/en\/wp-json\/wp\/v2\/pages"}],"about":[{"href":"https:\/\/estudiografico21.pt\/en\/wp-json\/wp\/v2\/types\/page"}],"author":[{"embeddable":true,"href":"https:\/\/estudiografico21.pt\/en\/wp-json\/wp\/v2\/users\/6"}],"replies":[{"embeddable":true,"href":"https:\/\/estudiografico21.pt\/en\/wp-json\/wp\/v2\/comments?post=113"}],"version-history":[{"count":8,"href":"https:\/\/estudiografico21.pt\/en\/wp-json\/wp\/v2\/pages\/113\/revisions"}],"predecessor-version":[{"id":1565,"href":"https:\/\/estudiografico21.pt\/en\/wp-json\/wp\/v2\/pages\/113\/revisions\/1565"}],"wp:attachment":[{"href":"https:\/\/estudiografico21.pt\/en\/wp-json\/wp\/v2\/media?parent=113"}],"curies":[{"name":"wp","href":"https:\/\/api.w.org\/{rel}","templated":true}]}}