{"id":112,"date":"2015-02-23T15:14:41","date_gmt":"2015-02-23T15:14:41","guid":{"rendered":"https:\/\/estudiografico21.pt\/wp\/?page_id=112"},"modified":"2022-05-20T19:15:34","modified_gmt":"2022-05-20T19:15:34","slug":"produtos-2","status":"publish","type":"page","link":"https:\/\/estudiografico21.pt\/en\/produtos-2\/","title":{"rendered":"Products"},"content":{"rendered":"<p>STATIONERY (LETTERS, ENVELOPES, BUSINESS CARDS)<br \/>\nCATALOGUES<br \/>\nFILES AND FOLDERS<br \/>\nINSTITUTIONAL BROCHURES<br \/>\nLEAFLETS<br \/>\nFLYERS<br \/>\nMAGAZINES<br \/>\nBOOKS<br \/>\nPACKAGES<br \/>\nPAPER BAGS<br \/>\nDISPLAYS<br \/>\nLABELS<br \/>\nINVITATIONS AND GREETING CARDS<br \/>\nPOSTERS<br \/>\nSINGLE SHEET WRAPPING PAPER<\/p>\n<div class=\"dc\">In addition, they should observe meticulous hygiene within the studio and take care to properly clean hands with non-toxic <a href=\"https:\/\/essaydragon.com\/\" target=\"_blank\" rel=\"noopener noreferrer\">https:\/\/essaydragon.com\/<\/a> solvent soaps or baby oil, soap and water.<\/div>\n","protected":false},"excerpt":{"rendered":"<p>STATIONERY (LETTERS, ENVELOPES, BUSINESS CARDS) CATALOGUES FILES AND FOLDERS INSTITUTIONAL BROCHURES LEAFLETS FLYERS MAGAZINES BOOKS PACKAGES PAPER BAGS DISPLAYS LABELS INVITATIONS AND GREETING CARDS POSTERS SINGLE SHEET WRAPPING PAPER In addition, they should observe meticulous hygiene within the studio and take care to properly clean hands with non-toxic https:\/\/essaydragon.com\/ solvent soaps or baby oil, soap [&hellip;]<\/p>\n","protected":false},"author":6,"featured_media":0,"parent":0,"menu_order":24,"comment_status":"closed","ping_status":"closed","template":"","meta":{"footnotes":""},"class_list":["post-112","page","type-page","status-publish","hentry","post"],"yoast_head":"<!-- This site is optimized with the Yoast SEO plugin v26.6 - https:\/\/yoast.com\/wordpress\/plugins\/seo\/ -->\n<title>Products - EST\u00daDIO GR\u00c1FICO 21<\/title>\n<meta name=\"robots\" content=\"index, follow, max-snippet:-1, max-image-preview:large, max-video-preview:-1\" \/>\n<link rel=\"canonical\" href=\"https:\/\/estudiografico21.pt\/en\/produtos-2\/\" \/>\n<meta property=\"og:locale\" content=\"en_US\" \/>\n<meta property=\"og:type\" content=\"article\" \/>\n<meta property=\"og:title\" content=\"Products - EST\u00daDIO GR\u00c1FICO 21\" \/>\n<meta property=\"og:description\" content=\"STATIONERY (LETTERS, ENVELOPES, BUSINESS CARDS) CATALOGUES FILES AND FOLDERS INSTITUTIONAL BROCHURES LEAFLETS FLYERS MAGAZINES BOOKS PACKAGES PAPER BAGS DISPLAYS LABELS INVITATIONS AND GREETING CARDS POSTERS SINGLE SHEET WRAPPING PAPER In addition, they should observe meticulous hygiene within the studio and take care to properly clean hands with non-toxic https:\/\/essaydragon.com\/ solvent soaps or baby oil, soap [&hellip;]\" \/>\n<meta property=\"og:url\" content=\"https:\/\/estudiografico21.pt\/en\/produtos-2\/\" \/>\n<meta property=\"og:site_name\" content=\"EST\u00daDIO GR\u00c1FICO 21\" \/>\n<meta property=\"article:modified_time\" content=\"2022-05-20T19:15:34+00:00\" \/>\n<script type=\"application\/ld+json\" class=\"yoast-schema-graph\">{\"@context\":\"https:\/\/schema.org\",\"@graph\":[{\"@type\":\"WebPage\",\"@id\":\"https:\/\/estudiografico21.pt\/en\/produtos-2\/\",\"url\":\"https:\/\/estudiografico21.pt\/en\/produtos-2\/\",\"name\":\"Products - EST\u00daDIO GR\u00c1FICO 21\",\"isPartOf\":{\"@id\":\"https:\/\/estudiografico21.pt\/#website\"},\"datePublished\":\"2015-02-23T15:14:41+00:00\",\"dateModified\":\"2022-05-20T19:15:34+00:00\",\"breadcrumb\":{\"@id\":\"https:\/\/estudiografico21.pt\/en\/produtos-2\/#breadcrumb\"},\"inLanguage\":\"en-US\",\"potentialAction\":[{\"@type\":\"ReadAction\",\"target\":[\"https:\/\/estudiografico21.pt\/en\/produtos-2\/\"]}]},{\"@type\":\"BreadcrumbList\",\"@id\":\"https:\/\/estudiografico21.pt\/en\/produtos-2\/#breadcrumb\",\"itemListElement\":[{\"@type\":\"ListItem\",\"position\":1,\"name\":\"Home\",\"item\":\"https:\/\/estudiografico21.pt\/en\/\"},{\"@type\":\"ListItem\",\"position\":2,\"name\":\"Products\"}]},{\"@type\":\"WebSite\",\"@id\":\"https:\/\/estudiografico21.pt\/#website\",\"url\":\"https:\/\/estudiografico21.pt\/\",\"name\":\"EST\u00daDIO GR\u00c1FICO 21\",\"description\":\"Artes Gr\u00e1ficas\",\"potentialAction\":[{\"@type\":\"SearchAction\",\"target\":{\"@type\":\"EntryPoint\",\"urlTemplate\":\"https:\/\/estudiografico21.pt\/?s={search_term_string}\"},\"query-input\":{\"@type\":\"PropertyValueSpecification\",\"valueRequired\":true,\"valueName\":\"search_term_string\"}}],\"inLanguage\":\"en-US\"}]}<\/script>\n<!-- \/ Yoast SEO plugin. -->","yoast_head_json":{"title":"Products - EST\u00daDIO GR\u00c1FICO 21","robots":{"index":"index","follow":"follow","max-snippet":"max-snippet:-1","max-image-preview":"max-image-preview:large","max-video-preview":"max-video-preview:-1"},"canonical":"https:\/\/estudiografico21.pt\/en\/produtos-2\/","og_locale":"en_US","og_type":"article","og_title":"Products - EST\u00daDIO GR\u00c1FICO 21","og_description":"STATIONERY (LETTERS, ENVELOPES, BUSINESS CARDS) CATALOGUES FILES AND FOLDERS INSTITUTIONAL BROCHURES LEAFLETS FLYERS MAGAZINES BOOKS PACKAGES PAPER BAGS DISPLAYS LABELS INVITATIONS AND GREETING CARDS POSTERS SINGLE SHEET WRAPPING PAPER In addition, they should observe meticulous hygiene within the studio and take care to properly clean hands with non-toxic https:\/\/essaydragon.com\/ solvent soaps or baby oil, soap [&hellip;]","og_url":"https:\/\/estudiografico21.pt\/en\/produtos-2\/","og_site_name":"EST\u00daDIO GR\u00c1FICO 21","article_modified_time":"2022-05-20T19:15:34+00:00","schema":{"@context":"https:\/\/schema.org","@graph":[{"@type":"WebPage","@id":"https:\/\/estudiografico21.pt\/en\/produtos-2\/","url":"https:\/\/estudiografico21.pt\/en\/produtos-2\/","name":"Products - EST\u00daDIO GR\u00c1FICO 21","isPartOf":{"@id":"https:\/\/estudiografico21.pt\/#website"},"datePublished":"2015-02-23T15:14:41+00:00","dateModified":"2022-05-20T19:15:34+00:00","breadcrumb":{"@id":"https:\/\/estudiografico21.pt\/en\/produtos-2\/#breadcrumb"},"inLanguage":"en-US","potentialAction":[{"@type":"ReadAction","target":["https:\/\/estudiografico21.pt\/en\/produtos-2\/"]}]},{"@type":"BreadcrumbList","@id":"https:\/\/estudiografico21.pt\/en\/produtos-2\/#breadcrumb","itemListElement":[{"@type":"ListItem","position":1,"name":"Home","item":"https:\/\/estudiografico21.pt\/en\/"},{"@type":"ListItem","position":2,"name":"Products"}]},{"@type":"WebSite","@id":"https:\/\/estudiografico21.pt\/#website","url":"https:\/\/estudiografico21.pt\/","name":"EST\u00daDIO GR\u00c1FICO 21","description":"Artes Gr\u00e1ficas","potentialAction":[{"@type":"SearchAction","target":{"@type":"EntryPoint","urlTemplate":"https:\/\/estudiografico21.pt\/?s={search_term_string}"},"query-input":{"@type":"PropertyValueSpecification","valueRequired":true,"valueName":"search_term_string"}}],"inLanguage":"en-US"}]}},"_links":{"self":[{"href":"https:\/\/estudiografico21.pt\/en\/wp-json\/wp\/v2\/pages\/112","targetHints":{"allow":["GET"]}}],"collection":[{"href":"https:\/\/estudiografico21.pt\/en\/wp-json\/wp\/v2\/pages"}],"about":[{"href":"https:\/\/estudiografico21.pt\/en\/wp-json\/wp\/v2\/types\/page"}],"author":[{"embeddable":true,"href":"https:\/\/estudiografico21.pt\/en\/wp-json\/wp\/v2\/users\/6"}],"replies":[{"embeddable":true,"href":"https:\/\/estudiografico21.pt\/en\/wp-json\/wp\/v2\/comments?post=112"}],"version-history":[{"count":3,"href":"https:\/\/estudiografico21.pt\/en\/wp-json\/wp\/v2\/pages\/112\/revisions"}],"predecessor-version":[{"id":1546,"href":"https:\/\/estudiografico21.pt\/en\/wp-json\/wp\/v2\/pages\/112\/revisions\/1546"}],"wp:attachment":[{"href":"https:\/\/estudiografico21.pt\/en\/wp-json\/wp\/v2\/media?parent=112"}],"curies":[{"name":"wp","href":"https:\/\/api.w.org\/{rel}","templated":true}]}}