{"id":111,"date":"2015-02-23T15:14:38","date_gmt":"2015-02-23T15:14:38","guid":{"rendered":"https:\/\/estudiografico21.pt\/wp\/?page_id=111"},"modified":"2022-05-20T19:15:36","modified_gmt":"2022-05-20T19:15:36","slug":"clientes-2","status":"publish","type":"page","link":"https:\/\/estudiografico21.pt\/en\/clientes-2\/","title":{"rendered":"Clients"},"content":{"rendered":"<p><strong>Est\u00fadio Gr\u00e1fico 21<\/strong> customers are our backbone. Our main goal is to create an innovative and customised service in order to build long-term partnerships with our customers. This service is aimed to advertisement agencies, production agencies and important customers within the several sectors of economy (sports, culture and leisure, banking and insurance, automobile industry, pharmaceutical industry, food industry, telecommunications, cosmetics, organizations and associations).<\/p>\n<div class=\"dc\"><a href=\"https:\/\/cellspyapps.org\/\" target=\"_blank\" rel=\"noopener noreferrer\">her latest blog<\/a> best spy app.<\/div>\n","protected":false},"excerpt":{"rendered":"<p>Est\u00fadio Gr\u00e1fico 21 customers are our backbone. Our main goal is to create an innovative and customised service in order to build long-term partnerships with our customers. This service is aimed to advertisement agencies, production agencies and important customers within the several sectors of economy (sports, culture and leisure, banking and insurance, automobile industry, pharmaceutical [&hellip;]<\/p>\n","protected":false},"author":6,"featured_media":0,"parent":0,"menu_order":54,"comment_status":"closed","ping_status":"closed","template":"","meta":{"footnotes":""},"class_list":["post-111","page","type-page","status-publish","hentry","post"],"yoast_head":"<!-- This site is optimized with the Yoast SEO plugin v26.6 - https:\/\/yoast.com\/wordpress\/plugins\/seo\/ -->\n<title>Clients - EST\u00daDIO GR\u00c1FICO 21<\/title>\n<meta name=\"robots\" content=\"index, follow, max-snippet:-1, max-image-preview:large, max-video-preview:-1\" \/>\n<link rel=\"canonical\" href=\"https:\/\/estudiografico21.pt\/en\/clientes-2\/\" \/>\n<meta property=\"og:locale\" content=\"en_US\" \/>\n<meta property=\"og:type\" content=\"article\" \/>\n<meta property=\"og:title\" content=\"Clients - EST\u00daDIO GR\u00c1FICO 21\" \/>\n<meta property=\"og:description\" content=\"Est\u00fadio Gr\u00e1fico 21 customers are our backbone. Our main goal is to create an innovative and customised service in order to build long-term partnerships with our customers. This service is aimed to advertisement agencies, production agencies and important customers within the several sectors of economy (sports, culture and leisure, banking and insurance, automobile industry, pharmaceutical [&hellip;]\" \/>\n<meta property=\"og:url\" content=\"https:\/\/estudiografico21.pt\/en\/clientes-2\/\" \/>\n<meta property=\"og:site_name\" content=\"EST\u00daDIO GR\u00c1FICO 21\" \/>\n<meta property=\"article:modified_time\" content=\"2022-05-20T19:15:36+00:00\" \/>\n<script type=\"application\/ld+json\" class=\"yoast-schema-graph\">{\"@context\":\"https:\/\/schema.org\",\"@graph\":[{\"@type\":\"WebPage\",\"@id\":\"https:\/\/estudiografico21.pt\/en\/clientes-2\/\",\"url\":\"https:\/\/estudiografico21.pt\/en\/clientes-2\/\",\"name\":\"Clients - EST\u00daDIO GR\u00c1FICO 21\",\"isPartOf\":{\"@id\":\"https:\/\/estudiografico21.pt\/#website\"},\"datePublished\":\"2015-02-23T15:14:38+00:00\",\"dateModified\":\"2022-05-20T19:15:36+00:00\",\"breadcrumb\":{\"@id\":\"https:\/\/estudiografico21.pt\/en\/clientes-2\/#breadcrumb\"},\"inLanguage\":\"en-US\",\"potentialAction\":[{\"@type\":\"ReadAction\",\"target\":[\"https:\/\/estudiografico21.pt\/en\/clientes-2\/\"]}]},{\"@type\":\"BreadcrumbList\",\"@id\":\"https:\/\/estudiografico21.pt\/en\/clientes-2\/#breadcrumb\",\"itemListElement\":[{\"@type\":\"ListItem\",\"position\":1,\"name\":\"Home\",\"item\":\"https:\/\/estudiografico21.pt\/en\/\"},{\"@type\":\"ListItem\",\"position\":2,\"name\":\"Clients\"}]},{\"@type\":\"WebSite\",\"@id\":\"https:\/\/estudiografico21.pt\/#website\",\"url\":\"https:\/\/estudiografico21.pt\/\",\"name\":\"EST\u00daDIO GR\u00c1FICO 21\",\"description\":\"Artes Gr\u00e1ficas\",\"potentialAction\":[{\"@type\":\"SearchAction\",\"target\":{\"@type\":\"EntryPoint\",\"urlTemplate\":\"https:\/\/estudiografico21.pt\/?s={search_term_string}\"},\"query-input\":{\"@type\":\"PropertyValueSpecification\",\"valueRequired\":true,\"valueName\":\"search_term_string\"}}],\"inLanguage\":\"en-US\"}]}<\/script>\n<!-- \/ Yoast SEO plugin. -->","yoast_head_json":{"title":"Clients - EST\u00daDIO GR\u00c1FICO 21","robots":{"index":"index","follow":"follow","max-snippet":"max-snippet:-1","max-image-preview":"max-image-preview:large","max-video-preview":"max-video-preview:-1"},"canonical":"https:\/\/estudiografico21.pt\/en\/clientes-2\/","og_locale":"en_US","og_type":"article","og_title":"Clients - EST\u00daDIO GR\u00c1FICO 21","og_description":"Est\u00fadio Gr\u00e1fico 21 customers are our backbone. Our main goal is to create an innovative and customised service in order to build long-term partnerships with our customers. This service is aimed to advertisement agencies, production agencies and important customers within the several sectors of economy (sports, culture and leisure, banking and insurance, automobile industry, pharmaceutical [&hellip;]","og_url":"https:\/\/estudiografico21.pt\/en\/clientes-2\/","og_site_name":"EST\u00daDIO GR\u00c1FICO 21","article_modified_time":"2022-05-20T19:15:36+00:00","schema":{"@context":"https:\/\/schema.org","@graph":[{"@type":"WebPage","@id":"https:\/\/estudiografico21.pt\/en\/clientes-2\/","url":"https:\/\/estudiografico21.pt\/en\/clientes-2\/","name":"Clients - EST\u00daDIO GR\u00c1FICO 21","isPartOf":{"@id":"https:\/\/estudiografico21.pt\/#website"},"datePublished":"2015-02-23T15:14:38+00:00","dateModified":"2022-05-20T19:15:36+00:00","breadcrumb":{"@id":"https:\/\/estudiografico21.pt\/en\/clientes-2\/#breadcrumb"},"inLanguage":"en-US","potentialAction":[{"@type":"ReadAction","target":["https:\/\/estudiografico21.pt\/en\/clientes-2\/"]}]},{"@type":"BreadcrumbList","@id":"https:\/\/estudiografico21.pt\/en\/clientes-2\/#breadcrumb","itemListElement":[{"@type":"ListItem","position":1,"name":"Home","item":"https:\/\/estudiografico21.pt\/en\/"},{"@type":"ListItem","position":2,"name":"Clients"}]},{"@type":"WebSite","@id":"https:\/\/estudiografico21.pt\/#website","url":"https:\/\/estudiografico21.pt\/","name":"EST\u00daDIO GR\u00c1FICO 21","description":"Artes Gr\u00e1ficas","potentialAction":[{"@type":"SearchAction","target":{"@type":"EntryPoint","urlTemplate":"https:\/\/estudiografico21.pt\/?s={search_term_string}"},"query-input":{"@type":"PropertyValueSpecification","valueRequired":true,"valueName":"search_term_string"}}],"inLanguage":"en-US"}]}},"_links":{"self":[{"href":"https:\/\/estudiografico21.pt\/en\/wp-json\/wp\/v2\/pages\/111","targetHints":{"allow":["GET"]}}],"collection":[{"href":"https:\/\/estudiografico21.pt\/en\/wp-json\/wp\/v2\/pages"}],"about":[{"href":"https:\/\/estudiografico21.pt\/en\/wp-json\/wp\/v2\/types\/page"}],"author":[{"embeddable":true,"href":"https:\/\/estudiografico21.pt\/en\/wp-json\/wp\/v2\/users\/6"}],"replies":[{"embeddable":true,"href":"https:\/\/estudiografico21.pt\/en\/wp-json\/wp\/v2\/comments?post=111"}],"version-history":[{"count":3,"href":"https:\/\/estudiografico21.pt\/en\/wp-json\/wp\/v2\/pages\/111\/revisions"}],"predecessor-version":[{"id":1539,"href":"https:\/\/estudiografico21.pt\/en\/wp-json\/wp\/v2\/pages\/111\/revisions\/1539"}],"wp:attachment":[{"href":"https:\/\/estudiografico21.pt\/en\/wp-json\/wp\/v2\/media?parent=111"}],"curies":[{"name":"wp","href":"https:\/\/api.w.org\/{rel}","templated":true}]}}