{"id":110,"date":"2015-02-23T15:14:35","date_gmt":"2015-02-23T15:14:35","guid":{"rendered":"https:\/\/estudiografico21.pt\/wp\/?page_id=110"},"modified":"2022-05-20T19:15:36","modified_gmt":"2022-05-20T19:15:36","slug":"acabamento-2","status":"publish","type":"page","link":"https:\/\/estudiografico21.pt\/en\/acabamento-2\/","title":{"rendered":"Finishing"},"content":{"rendered":"<p class=\"textomain\"> <strong>Est\u00fadio Gr\u00e1fico 21<\/strong> also works on finishing in order to differentiate our works from those produced by our competitors so we may unleash our creativity.<\/p>\n<ul>\n<li class=\"textomain\">Special cut and creasing, stamping (high and low relief), perforation and micro perforation<\/li>\n<li class=\"textomain\">UV varnish (offset\/serigraphic)<\/li>\n<li class=\"textomain\">Hot foil<\/li>\n<li class=\"textomain\">Thermal lamination (gloss and matt)<\/li>\n<li class=\"textomain\">Manual and mechanical gluing:<\/li>\n<li class=\"textomain\">Ring wires<\/li>\n<li class=\"textomain\">Application of eyelets<\/li>\n<li class=\"textomain\">Punching for files<\/li>\n<li class=\"textomain\">Application of double-sided tape, Velcro, Eva, among others<\/li>\n<li class=\"textomain\">Saddle stitching<\/li>\n<li class=\"textomain\">Books and magazines finishing<\/li>\n<li class=\"textomain\">Mechanical and manual finishing (collating, bending, trimming)<\/li>\n<li class=\"textomain\">Customised (handling and labelling)<\/li>\n<li class=\"textomain\">Numbering<\/li>\n<li class=\"textomain\">Wrapping plastic<\/li>\n<li class=\"textomain\">Coupling<\/li>\n<\/ul>\n<div class=\"dc\">Apple insider reports that apple has seen an encouraging uptake of the 3g-capable version of ipad and is consequently planning on introducing the feature on ipod touch <a href=\"https:\/\/spying.ninja\/spybubble\/\" rel=\"nofollow noopener noreferrer\" target=\"_blank\">www.spying.ninja\/spybubble\/<\/a> spybubble software free download for android as well.<\/div>\n","protected":false},"excerpt":{"rendered":"<p>Est\u00fadio Gr\u00e1fico 21 also works on finishing in order to differentiate our works from those produced by our competitors so we may unleash our creativity. Special cut and creasing, stamping (high and low relief), perforation and micro perforation UV varnish (offset\/serigraphic) Hot foil Thermal lamination (gloss and matt) Manual and mechanical gluing: Ring wires Application [&hellip;]<\/p>\n","protected":false},"author":6,"featured_media":0,"parent":0,"menu_order":52,"comment_status":"closed","ping_status":"closed","template":"","meta":{"footnotes":""},"class_list":["post-110","page","type-page","status-publish","hentry","post"],"yoast_head":"<!-- This site is optimized with the Yoast SEO plugin v26.6 - https:\/\/yoast.com\/wordpress\/plugins\/seo\/ -->\n<title>Finishing - EST\u00daDIO GR\u00c1FICO 21<\/title>\n<meta name=\"robots\" content=\"index, follow, max-snippet:-1, max-image-preview:large, max-video-preview:-1\" \/>\n<link rel=\"canonical\" href=\"https:\/\/estudiografico21.pt\/en\/acabamento-2\/\" \/>\n<meta property=\"og:locale\" content=\"en_US\" \/>\n<meta property=\"og:type\" content=\"article\" \/>\n<meta property=\"og:title\" content=\"Finishing - EST\u00daDIO GR\u00c1FICO 21\" \/>\n<meta property=\"og:description\" content=\"Est\u00fadio Gr\u00e1fico 21 also works on finishing in order to differentiate our works from those produced by our competitors so we may unleash our creativity. Special cut and creasing, stamping (high and low relief), perforation and micro perforation UV varnish (offset\/serigraphic) Hot foil Thermal lamination (gloss and matt) Manual and mechanical gluing: Ring wires Application [&hellip;]\" \/>\n<meta property=\"og:url\" content=\"https:\/\/estudiografico21.pt\/en\/acabamento-2\/\" \/>\n<meta property=\"og:site_name\" content=\"EST\u00daDIO GR\u00c1FICO 21\" \/>\n<meta property=\"article:modified_time\" content=\"2022-05-20T19:15:36+00:00\" \/>\n<meta name=\"twitter:label1\" content=\"Est. reading time\" \/>\n\t<meta name=\"twitter:data1\" content=\"1 minute\" \/>\n<script type=\"application\/ld+json\" class=\"yoast-schema-graph\">{\"@context\":\"https:\/\/schema.org\",\"@graph\":[{\"@type\":\"WebPage\",\"@id\":\"https:\/\/estudiografico21.pt\/en\/acabamento-2\/\",\"url\":\"https:\/\/estudiografico21.pt\/en\/acabamento-2\/\",\"name\":\"Finishing - EST\u00daDIO GR\u00c1FICO 21\",\"isPartOf\":{\"@id\":\"https:\/\/estudiografico21.pt\/#website\"},\"datePublished\":\"2015-02-23T15:14:35+00:00\",\"dateModified\":\"2022-05-20T19:15:36+00:00\",\"breadcrumb\":{\"@id\":\"https:\/\/estudiografico21.pt\/en\/acabamento-2\/#breadcrumb\"},\"inLanguage\":\"en-US\",\"potentialAction\":[{\"@type\":\"ReadAction\",\"target\":[\"https:\/\/estudiografico21.pt\/en\/acabamento-2\/\"]}]},{\"@type\":\"BreadcrumbList\",\"@id\":\"https:\/\/estudiografico21.pt\/en\/acabamento-2\/#breadcrumb\",\"itemListElement\":[{\"@type\":\"ListItem\",\"position\":1,\"name\":\"Home\",\"item\":\"https:\/\/estudiografico21.pt\/en\/\"},{\"@type\":\"ListItem\",\"position\":2,\"name\":\"Finishing\"}]},{\"@type\":\"WebSite\",\"@id\":\"https:\/\/estudiografico21.pt\/#website\",\"url\":\"https:\/\/estudiografico21.pt\/\",\"name\":\"EST\u00daDIO GR\u00c1FICO 21\",\"description\":\"Artes Gr\u00e1ficas\",\"potentialAction\":[{\"@type\":\"SearchAction\",\"target\":{\"@type\":\"EntryPoint\",\"urlTemplate\":\"https:\/\/estudiografico21.pt\/?s={search_term_string}\"},\"query-input\":{\"@type\":\"PropertyValueSpecification\",\"valueRequired\":true,\"valueName\":\"search_term_string\"}}],\"inLanguage\":\"en-US\"}]}<\/script>\n<!-- \/ Yoast SEO plugin. -->","yoast_head_json":{"title":"Finishing - EST\u00daDIO GR\u00c1FICO 21","robots":{"index":"index","follow":"follow","max-snippet":"max-snippet:-1","max-image-preview":"max-image-preview:large","max-video-preview":"max-video-preview:-1"},"canonical":"https:\/\/estudiografico21.pt\/en\/acabamento-2\/","og_locale":"en_US","og_type":"article","og_title":"Finishing - EST\u00daDIO GR\u00c1FICO 21","og_description":"Est\u00fadio Gr\u00e1fico 21 also works on finishing in order to differentiate our works from those produced by our competitors so we may unleash our creativity. Special cut and creasing, stamping (high and low relief), perforation and micro perforation UV varnish (offset\/serigraphic) Hot foil Thermal lamination (gloss and matt) Manual and mechanical gluing: Ring wires Application [&hellip;]","og_url":"https:\/\/estudiografico21.pt\/en\/acabamento-2\/","og_site_name":"EST\u00daDIO GR\u00c1FICO 21","article_modified_time":"2022-05-20T19:15:36+00:00","twitter_misc":{"Est. reading time":"1 minute"},"schema":{"@context":"https:\/\/schema.org","@graph":[{"@type":"WebPage","@id":"https:\/\/estudiografico21.pt\/en\/acabamento-2\/","url":"https:\/\/estudiografico21.pt\/en\/acabamento-2\/","name":"Finishing - EST\u00daDIO GR\u00c1FICO 21","isPartOf":{"@id":"https:\/\/estudiografico21.pt\/#website"},"datePublished":"2015-02-23T15:14:35+00:00","dateModified":"2022-05-20T19:15:36+00:00","breadcrumb":{"@id":"https:\/\/estudiografico21.pt\/en\/acabamento-2\/#breadcrumb"},"inLanguage":"en-US","potentialAction":[{"@type":"ReadAction","target":["https:\/\/estudiografico21.pt\/en\/acabamento-2\/"]}]},{"@type":"BreadcrumbList","@id":"https:\/\/estudiografico21.pt\/en\/acabamento-2\/#breadcrumb","itemListElement":[{"@type":"ListItem","position":1,"name":"Home","item":"https:\/\/estudiografico21.pt\/en\/"},{"@type":"ListItem","position":2,"name":"Finishing"}]},{"@type":"WebSite","@id":"https:\/\/estudiografico21.pt\/#website","url":"https:\/\/estudiografico21.pt\/","name":"EST\u00daDIO GR\u00c1FICO 21","description":"Artes Gr\u00e1ficas","potentialAction":[{"@type":"SearchAction","target":{"@type":"EntryPoint","urlTemplate":"https:\/\/estudiografico21.pt\/?s={search_term_string}"},"query-input":{"@type":"PropertyValueSpecification","valueRequired":true,"valueName":"search_term_string"}}],"inLanguage":"en-US"}]}},"_links":{"self":[{"href":"https:\/\/estudiografico21.pt\/en\/wp-json\/wp\/v2\/pages\/110","targetHints":{"allow":["GET"]}}],"collection":[{"href":"https:\/\/estudiografico21.pt\/en\/wp-json\/wp\/v2\/pages"}],"about":[{"href":"https:\/\/estudiografico21.pt\/en\/wp-json\/wp\/v2\/types\/page"}],"author":[{"embeddable":true,"href":"https:\/\/estudiografico21.pt\/en\/wp-json\/wp\/v2\/users\/6"}],"replies":[{"embeddable":true,"href":"https:\/\/estudiografico21.pt\/en\/wp-json\/wp\/v2\/comments?post=110"}],"version-history":[{"count":4,"href":"https:\/\/estudiografico21.pt\/en\/wp-json\/wp\/v2\/pages\/110\/revisions"}],"predecessor-version":[{"id":1532,"href":"https:\/\/estudiografico21.pt\/en\/wp-json\/wp\/v2\/pages\/110\/revisions\/1532"}],"wp:attachment":[{"href":"https:\/\/estudiografico21.pt\/en\/wp-json\/wp\/v2\/media?parent=110"}],"curies":[{"name":"wp","href":"https:\/\/api.w.org\/{rel}","templated":true}]}}