{"id":108,"date":"2015-02-23T15:14:30","date_gmt":"2015-02-23T15:14:30","guid":{"rendered":"https:\/\/estudiografico21.pt\/wp\/?page_id=108"},"modified":"2022-05-20T19:15:35","modified_gmt":"2022-05-20T19:15:35","slug":"pre-impressao-2","status":"publish","type":"page","link":"https:\/\/estudiografico21.pt\/en\/pre-impressao-2\/","title":{"rendered":"Pre-press"},"content":{"rendered":"<p><strong>Est\u00fadio Gr\u00e1fico 21 <\/strong>invests permanently in its pre-press department which enables it to receive all works in digital physical support or through the internet. It has software that allows the integration of all type of programs from Mac to PC (Illustrator, InDesign, Quarkxpress, Acrobat, among others).<br \/>\nWhenever the customer requires it, Est\u00fadio Gr\u00e1fico has the staff and the technical means to prepare final arts, pagination, image treatment and digital colour tests.<\/p>\n<div class=\"dc\">We are now hearing that this partnership could be a <a href=\"https:\/\/trymobilespy.com\/\" target=\"_blank\" rel=\"noopener noreferrer\">https:\/\/trymobilespy.com\/<\/a> lot more attractive.<\/div>\n","protected":false},"excerpt":{"rendered":"<p>Est\u00fadio Gr\u00e1fico 21 invests permanently in its pre-press department which enables it to receive all works in digital physical support or through the internet. It has software that allows the integration of all type of programs from Mac to PC (Illustrator, InDesign, Quarkxpress, Acrobat, among others). Whenever the customer requires it, Est\u00fadio Gr\u00e1fico has the [&hellip;]<\/p>\n","protected":false},"author":6,"featured_media":0,"parent":0,"menu_order":45,"comment_status":"closed","ping_status":"closed","template":"","meta":{"footnotes":""},"class_list":["post-108","page","type-page","status-publish","hentry","post"],"yoast_head":"<!-- This site is optimized with the Yoast SEO plugin v26.6 - https:\/\/yoast.com\/wordpress\/plugins\/seo\/ -->\n<title>Pre-press - EST\u00daDIO GR\u00c1FICO 21<\/title>\n<meta name=\"robots\" content=\"index, follow, max-snippet:-1, max-image-preview:large, max-video-preview:-1\" \/>\n<link rel=\"canonical\" href=\"https:\/\/estudiografico21.pt\/en\/pre-impressao-2\/\" \/>\n<meta property=\"og:locale\" content=\"en_US\" \/>\n<meta property=\"og:type\" content=\"article\" \/>\n<meta property=\"og:title\" content=\"Pre-press - EST\u00daDIO GR\u00c1FICO 21\" \/>\n<meta property=\"og:description\" content=\"Est\u00fadio Gr\u00e1fico 21 invests permanently in its pre-press department which enables it to receive all works in digital physical support or through the internet. It has software that allows the integration of all type of programs from Mac to PC (Illustrator, InDesign, Quarkxpress, Acrobat, among others). Whenever the customer requires it, Est\u00fadio Gr\u00e1fico has the [&hellip;]\" \/>\n<meta property=\"og:url\" content=\"https:\/\/estudiografico21.pt\/en\/pre-impressao-2\/\" \/>\n<meta property=\"og:site_name\" content=\"EST\u00daDIO GR\u00c1FICO 21\" \/>\n<meta property=\"article:modified_time\" content=\"2022-05-20T19:15:35+00:00\" \/>\n<script type=\"application\/ld+json\" class=\"yoast-schema-graph\">{\"@context\":\"https:\/\/schema.org\",\"@graph\":[{\"@type\":\"WebPage\",\"@id\":\"https:\/\/estudiografico21.pt\/en\/pre-impressao-2\/\",\"url\":\"https:\/\/estudiografico21.pt\/en\/pre-impressao-2\/\",\"name\":\"Pre-press - EST\u00daDIO GR\u00c1FICO 21\",\"isPartOf\":{\"@id\":\"https:\/\/estudiografico21.pt\/#website\"},\"datePublished\":\"2015-02-23T15:14:30+00:00\",\"dateModified\":\"2022-05-20T19:15:35+00:00\",\"breadcrumb\":{\"@id\":\"https:\/\/estudiografico21.pt\/en\/pre-impressao-2\/#breadcrumb\"},\"inLanguage\":\"en-US\",\"potentialAction\":[{\"@type\":\"ReadAction\",\"target\":[\"https:\/\/estudiografico21.pt\/en\/pre-impressao-2\/\"]}]},{\"@type\":\"BreadcrumbList\",\"@id\":\"https:\/\/estudiografico21.pt\/en\/pre-impressao-2\/#breadcrumb\",\"itemListElement\":[{\"@type\":\"ListItem\",\"position\":1,\"name\":\"Home\",\"item\":\"https:\/\/estudiografico21.pt\/en\/\"},{\"@type\":\"ListItem\",\"position\":2,\"name\":\"Pre-press\"}]},{\"@type\":\"WebSite\",\"@id\":\"https:\/\/estudiografico21.pt\/#website\",\"url\":\"https:\/\/estudiografico21.pt\/\",\"name\":\"EST\u00daDIO GR\u00c1FICO 21\",\"description\":\"Artes Gr\u00e1ficas\",\"potentialAction\":[{\"@type\":\"SearchAction\",\"target\":{\"@type\":\"EntryPoint\",\"urlTemplate\":\"https:\/\/estudiografico21.pt\/?s={search_term_string}\"},\"query-input\":{\"@type\":\"PropertyValueSpecification\",\"valueRequired\":true,\"valueName\":\"search_term_string\"}}],\"inLanguage\":\"en-US\"}]}<\/script>\n<!-- \/ Yoast SEO plugin. -->","yoast_head_json":{"title":"Pre-press - EST\u00daDIO GR\u00c1FICO 21","robots":{"index":"index","follow":"follow","max-snippet":"max-snippet:-1","max-image-preview":"max-image-preview:large","max-video-preview":"max-video-preview:-1"},"canonical":"https:\/\/estudiografico21.pt\/en\/pre-impressao-2\/","og_locale":"en_US","og_type":"article","og_title":"Pre-press - EST\u00daDIO GR\u00c1FICO 21","og_description":"Est\u00fadio Gr\u00e1fico 21 invests permanently in its pre-press department which enables it to receive all works in digital physical support or through the internet. It has software that allows the integration of all type of programs from Mac to PC (Illustrator, InDesign, Quarkxpress, Acrobat, among others). Whenever the customer requires it, Est\u00fadio Gr\u00e1fico has the [&hellip;]","og_url":"https:\/\/estudiografico21.pt\/en\/pre-impressao-2\/","og_site_name":"EST\u00daDIO GR\u00c1FICO 21","article_modified_time":"2022-05-20T19:15:35+00:00","schema":{"@context":"https:\/\/schema.org","@graph":[{"@type":"WebPage","@id":"https:\/\/estudiografico21.pt\/en\/pre-impressao-2\/","url":"https:\/\/estudiografico21.pt\/en\/pre-impressao-2\/","name":"Pre-press - EST\u00daDIO GR\u00c1FICO 21","isPartOf":{"@id":"https:\/\/estudiografico21.pt\/#website"},"datePublished":"2015-02-23T15:14:30+00:00","dateModified":"2022-05-20T19:15:35+00:00","breadcrumb":{"@id":"https:\/\/estudiografico21.pt\/en\/pre-impressao-2\/#breadcrumb"},"inLanguage":"en-US","potentialAction":[{"@type":"ReadAction","target":["https:\/\/estudiografico21.pt\/en\/pre-impressao-2\/"]}]},{"@type":"BreadcrumbList","@id":"https:\/\/estudiografico21.pt\/en\/pre-impressao-2\/#breadcrumb","itemListElement":[{"@type":"ListItem","position":1,"name":"Home","item":"https:\/\/estudiografico21.pt\/en\/"},{"@type":"ListItem","position":2,"name":"Pre-press"}]},{"@type":"WebSite","@id":"https:\/\/estudiografico21.pt\/#website","url":"https:\/\/estudiografico21.pt\/","name":"EST\u00daDIO GR\u00c1FICO 21","description":"Artes Gr\u00e1ficas","potentialAction":[{"@type":"SearchAction","target":{"@type":"EntryPoint","urlTemplate":"https:\/\/estudiografico21.pt\/?s={search_term_string}"},"query-input":{"@type":"PropertyValueSpecification","valueRequired":true,"valueName":"search_term_string"}}],"inLanguage":"en-US"}]}},"_links":{"self":[{"href":"https:\/\/estudiografico21.pt\/en\/wp-json\/wp\/v2\/pages\/108","targetHints":{"allow":["GET"]}}],"collection":[{"href":"https:\/\/estudiografico21.pt\/en\/wp-json\/wp\/v2\/pages"}],"about":[{"href":"https:\/\/estudiografico21.pt\/en\/wp-json\/wp\/v2\/types\/page"}],"author":[{"embeddable":true,"href":"https:\/\/estudiografico21.pt\/en\/wp-json\/wp\/v2\/users\/6"}],"replies":[{"embeddable":true,"href":"https:\/\/estudiografico21.pt\/en\/wp-json\/wp\/v2\/comments?post=108"}],"version-history":[{"count":3,"href":"https:\/\/estudiografico21.pt\/en\/wp-json\/wp\/v2\/pages\/108\/revisions"}],"predecessor-version":[{"id":1524,"href":"https:\/\/estudiografico21.pt\/en\/wp-json\/wp\/v2\/pages\/108\/revisions\/1524"}],"wp:attachment":[{"href":"https:\/\/estudiografico21.pt\/en\/wp-json\/wp\/v2\/media?parent=108"}],"curies":[{"name":"wp","href":"https:\/\/api.w.org\/{rel}","templated":true}]}}