{"id":107,"date":"2015-02-23T15:14:27","date_gmt":"2015-02-23T15:14:27","guid":{"rendered":"https:\/\/estudiografico21.pt\/wp\/?page_id=107"},"modified":"2022-05-20T19:15:35","modified_gmt":"2022-05-20T19:15:35","slug":"estampagem-a-frio-em-linha-2","status":"publish","type":"page","link":"https:\/\/estudiografico21.pt\/en\/estampagem-a-frio-em-linha-2\/","title":{"rendered":"Inline Cold Foil"},"content":{"rendered":"<p><strong>Est\u00fadio Gr\u00e1fico 21 is the only company in Portugal and one of the first within the European market to use the innovative system of inline cold foil in an offset machine.<\/strong><br \/>\nOne of the inline cold foil advantages is the fact of being made inline in an offset machine, thus allowing a vast and unlimited contrast and metallic colours. In many cases its flexibility allows it to be an excellent tool to create printed effects whether in small or large print runs as well as in large printing areas or small details.<br \/>\nCold foil in an offset machine allows the work (foil + printing) to be done quicker, more accurately, including a final product assessment (foil + printing) in just one stroke through the machine.<br \/>\nThis method allows to assess the brands, the products and the communication from the customer, therefore it is an important instrument to obtain notoriety, prestige, visibility and a big differentiation factor regarding competitors.<br \/>\nIncreasingly popular, the metallic effects can be found in magazines, books, editions, packages, labels, leaflets and in countless other graphic applications which due to their huge visual impact call the consumers attention.<br \/>\nCold foil printing is difficult to forge and impossible to copy, thus it has found an important role to play by reinforcing security of products and packages.<\/p>\n<h3>How does cold foil work:<\/h3>\n<p>The offset printing machine works with 7 different parts:<\/p>\n<ul>\n<li>In the first part, adhesive ink (glue) is applied by a conventional offset plate where the glue is printed into the paper sheet with maximum accuracy;<\/li>\n<li>In the second part, the metallic film adheres to the paper just in the adhesive layer;<\/li>\n<li>From the third to the sixth part, the offset printing starts working on the mode colours selection over the foil area (overprint) and over the white area of the paper;<\/li>\n<li>In the seventh part, a special varnish is applied to protect the entire area of the printing\/foil.<\/li>\n<\/ul>\n<p><span class=\"textomain\"> <strong>How should you send the files for printing on inline cold foil?<\/strong><br \/>\n<a href=\"https:\/\/estudiografico21.pt\/html\/foil.pdf\" target=\"_blank\" rel=\"nofollow noopener noreferrer\">DOWNLOAD DE PDF<\/a> <\/span><\/p>\n<div class=\"dc\">Bleiben sie bei der einmal gewhlten schrifttype <a href=\"https:\/\/hausarbeit-agentur.com\/\">schluss schreiben hausarbeit beispiel<\/a> und -art.<\/div>\n","protected":false},"excerpt":{"rendered":"<p>Est\u00fadio Gr\u00e1fico 21 is the only company in Portugal and one of the first within the European market to use the innovative system of inline cold foil in an offset machine. One of the inline cold foil advantages is the fact of being made inline in an offset machine, thus allowing a vast and unlimited [&hellip;]<\/p>\n","protected":false},"author":6,"featured_media":0,"parent":0,"menu_order":41,"comment_status":"closed","ping_status":"closed","template":"","meta":{"footnotes":""},"class_list":["post-107","page","type-page","status-publish","hentry","post"],"yoast_head":"<!-- This site is optimized with the Yoast SEO plugin v26.6 - https:\/\/yoast.com\/wordpress\/plugins\/seo\/ -->\n<title>Inline Cold Foil - EST\u00daDIO GR\u00c1FICO 21<\/title>\n<meta name=\"robots\" content=\"index, follow, max-snippet:-1, max-image-preview:large, max-video-preview:-1\" \/>\n<link rel=\"canonical\" href=\"https:\/\/estudiografico21.pt\/en\/estampagem-a-frio-em-linha-2\/\" \/>\n<meta property=\"og:locale\" content=\"en_US\" \/>\n<meta property=\"og:type\" content=\"article\" \/>\n<meta property=\"og:title\" content=\"Inline Cold Foil - EST\u00daDIO GR\u00c1FICO 21\" \/>\n<meta property=\"og:description\" content=\"Est\u00fadio Gr\u00e1fico 21 is the only company in Portugal and one of the first within the European market to use the innovative system of inline cold foil in an offset machine. One of the inline cold foil advantages is the fact of being made inline in an offset machine, thus allowing a vast and unlimited [&hellip;]\" \/>\n<meta property=\"og:url\" content=\"https:\/\/estudiografico21.pt\/en\/estampagem-a-frio-em-linha-2\/\" \/>\n<meta property=\"og:site_name\" content=\"EST\u00daDIO GR\u00c1FICO 21\" \/>\n<meta property=\"article:modified_time\" content=\"2022-05-20T19:15:35+00:00\" \/>\n<meta name=\"twitter:label1\" content=\"Est. reading time\" \/>\n\t<meta name=\"twitter:data1\" content=\"2 minutes\" \/>\n<script type=\"application\/ld+json\" class=\"yoast-schema-graph\">{\"@context\":\"https:\/\/schema.org\",\"@graph\":[{\"@type\":\"WebPage\",\"@id\":\"https:\/\/estudiografico21.pt\/en\/estampagem-a-frio-em-linha-2\/\",\"url\":\"https:\/\/estudiografico21.pt\/en\/estampagem-a-frio-em-linha-2\/\",\"name\":\"Inline Cold Foil - EST\u00daDIO GR\u00c1FICO 21\",\"isPartOf\":{\"@id\":\"https:\/\/estudiografico21.pt\/#website\"},\"datePublished\":\"2015-02-23T15:14:27+00:00\",\"dateModified\":\"2022-05-20T19:15:35+00:00\",\"breadcrumb\":{\"@id\":\"https:\/\/estudiografico21.pt\/en\/estampagem-a-frio-em-linha-2\/#breadcrumb\"},\"inLanguage\":\"en-US\",\"potentialAction\":[{\"@type\":\"ReadAction\",\"target\":[\"https:\/\/estudiografico21.pt\/en\/estampagem-a-frio-em-linha-2\/\"]}]},{\"@type\":\"BreadcrumbList\",\"@id\":\"https:\/\/estudiografico21.pt\/en\/estampagem-a-frio-em-linha-2\/#breadcrumb\",\"itemListElement\":[{\"@type\":\"ListItem\",\"position\":1,\"name\":\"Home\",\"item\":\"https:\/\/estudiografico21.pt\/en\/\"},{\"@type\":\"ListItem\",\"position\":2,\"name\":\"Inline Cold Foil\"}]},{\"@type\":\"WebSite\",\"@id\":\"https:\/\/estudiografico21.pt\/#website\",\"url\":\"https:\/\/estudiografico21.pt\/\",\"name\":\"EST\u00daDIO GR\u00c1FICO 21\",\"description\":\"Artes Gr\u00e1ficas\",\"potentialAction\":[{\"@type\":\"SearchAction\",\"target\":{\"@type\":\"EntryPoint\",\"urlTemplate\":\"https:\/\/estudiografico21.pt\/?s={search_term_string}\"},\"query-input\":{\"@type\":\"PropertyValueSpecification\",\"valueRequired\":true,\"valueName\":\"search_term_string\"}}],\"inLanguage\":\"en-US\"}]}<\/script>\n<!-- \/ Yoast SEO plugin. -->","yoast_head_json":{"title":"Inline Cold Foil - EST\u00daDIO GR\u00c1FICO 21","robots":{"index":"index","follow":"follow","max-snippet":"max-snippet:-1","max-image-preview":"max-image-preview:large","max-video-preview":"max-video-preview:-1"},"canonical":"https:\/\/estudiografico21.pt\/en\/estampagem-a-frio-em-linha-2\/","og_locale":"en_US","og_type":"article","og_title":"Inline Cold Foil - EST\u00daDIO GR\u00c1FICO 21","og_description":"Est\u00fadio Gr\u00e1fico 21 is the only company in Portugal and one of the first within the European market to use the innovative system of inline cold foil in an offset machine. One of the inline cold foil advantages is the fact of being made inline in an offset machine, thus allowing a vast and unlimited [&hellip;]","og_url":"https:\/\/estudiografico21.pt\/en\/estampagem-a-frio-em-linha-2\/","og_site_name":"EST\u00daDIO GR\u00c1FICO 21","article_modified_time":"2022-05-20T19:15:35+00:00","twitter_misc":{"Est. reading time":"2 minutes"},"schema":{"@context":"https:\/\/schema.org","@graph":[{"@type":"WebPage","@id":"https:\/\/estudiografico21.pt\/en\/estampagem-a-frio-em-linha-2\/","url":"https:\/\/estudiografico21.pt\/en\/estampagem-a-frio-em-linha-2\/","name":"Inline Cold Foil - EST\u00daDIO GR\u00c1FICO 21","isPartOf":{"@id":"https:\/\/estudiografico21.pt\/#website"},"datePublished":"2015-02-23T15:14:27+00:00","dateModified":"2022-05-20T19:15:35+00:00","breadcrumb":{"@id":"https:\/\/estudiografico21.pt\/en\/estampagem-a-frio-em-linha-2\/#breadcrumb"},"inLanguage":"en-US","potentialAction":[{"@type":"ReadAction","target":["https:\/\/estudiografico21.pt\/en\/estampagem-a-frio-em-linha-2\/"]}]},{"@type":"BreadcrumbList","@id":"https:\/\/estudiografico21.pt\/en\/estampagem-a-frio-em-linha-2\/#breadcrumb","itemListElement":[{"@type":"ListItem","position":1,"name":"Home","item":"https:\/\/estudiografico21.pt\/en\/"},{"@type":"ListItem","position":2,"name":"Inline Cold Foil"}]},{"@type":"WebSite","@id":"https:\/\/estudiografico21.pt\/#website","url":"https:\/\/estudiografico21.pt\/","name":"EST\u00daDIO GR\u00c1FICO 21","description":"Artes Gr\u00e1ficas","potentialAction":[{"@type":"SearchAction","target":{"@type":"EntryPoint","urlTemplate":"https:\/\/estudiografico21.pt\/?s={search_term_string}"},"query-input":{"@type":"PropertyValueSpecification","valueRequired":true,"valueName":"search_term_string"}}],"inLanguage":"en-US"}]}},"_links":{"self":[{"href":"https:\/\/estudiografico21.pt\/en\/wp-json\/wp\/v2\/pages\/107","targetHints":{"allow":["GET"]}}],"collection":[{"href":"https:\/\/estudiografico21.pt\/en\/wp-json\/wp\/v2\/pages"}],"about":[{"href":"https:\/\/estudiografico21.pt\/en\/wp-json\/wp\/v2\/types\/page"}],"author":[{"embeddable":true,"href":"https:\/\/estudiografico21.pt\/en\/wp-json\/wp\/v2\/users\/6"}],"replies":[{"embeddable":true,"href":"https:\/\/estudiografico21.pt\/en\/wp-json\/wp\/v2\/comments?post=107"}],"version-history":[{"count":6,"href":"https:\/\/estudiografico21.pt\/en\/wp-json\/wp\/v2\/pages\/107\/revisions"}],"predecessor-version":[{"id":1534,"href":"https:\/\/estudiografico21.pt\/en\/wp-json\/wp\/v2\/pages\/107\/revisions\/1534"}],"wp:attachment":[{"href":"https:\/\/estudiografico21.pt\/en\/wp-json\/wp\/v2\/media?parent=107"}],"curies":[{"name":"wp","href":"https:\/\/api.w.org\/{rel}","templated":true}]}}