{"id":106,"date":"2015-02-23T15:14:24","date_gmt":"2015-02-23T15:14:24","guid":{"rendered":"https:\/\/estudiografico21.pt\/wp\/?page_id=106"},"modified":"2022-05-20T19:15:35","modified_gmt":"2022-05-20T19:15:35","slug":"politica-de-qualidade-2","status":"publish","type":"page","link":"https:\/\/estudiografico21.pt\/en\/politica-de-qualidade-2\/","title":{"rendered":"Quality Policy"},"content":{"rendered":"<h3>\u201cYour creativity is our limit\u201d<\/h3>\n<p><strong>MISSION:<\/strong> To innovate. To be in the forefront in terms of equipments and customised services for the customer. We know better than anyone that success depends on the time and rigor spent on each detail.<br \/>\n<strong>VISION: <\/strong>To be amongst the best companies within the graphic sector, to work with top customers and to cement our position with them.<br \/>\n<strong>VALUES:<\/strong><\/p>\n<ul>\n<li>Integrity<\/li>\n<li>Customer-oriented<\/li>\n<li>Respect for the individual<\/li>\n<li>Respect for the environment<\/li>\n<li>Maximum responsibility in every stage of the work<\/li>\n<li>Social liability<\/li>\n<\/ul>\n<p>It is with this in mind that Est\u00fadio Gr\u00e1fico 21 decided it was crucial to get certificated with the Quality Managing System in agreement with the norm NP EN 9001: 2008 , and with the &nbsp;Forest Responsibility Chain in agreement with the norms FSC and PEFC. With the philosophy of always thriving to be better, the Est\u00fadio Gr\u00e1fico 21 pledges to:<\/p>\n<ul>\n<li>Always match or surpass our clients expectations<\/li>\n<li>Make sure every activity performed is in accordance with every law and regulation applicable.<\/li>\n<li>Always improve on the satisfaction, motivation and participation of our collaborators<\/li>\n<li>Promote and improve the quality of our processes and work methods to ensure that our clients get the best value for their money.<\/li>\n<li>Constantly improve the efficiency of our Quality Managing System, by defining and monitoring every goal and relevant data.<\/li>\n<\/ul>\n<div class=\"dc\">Want to speak <a href=\"https:\/\/samedaypaper.org\/\" rel=\"nofollow noopener noreferrer\" target=\"_blank\">paper writer to https:\/\/samedaypaper.org<\/a> the english of your students like a boss.<\/div>\n","protected":false},"excerpt":{"rendered":"<p>\u201cYour creativity is our limit\u201d MISSION: To innovate. To be in the forefront in terms of equipments and customised services for the customer. We know better than anyone that success depends on the time and rigor spent on each detail. VISION: To be amongst the best companies within the graphic sector, to work with top [&hellip;]<\/p>\n","protected":false},"author":6,"featured_media":0,"parent":0,"menu_order":36,"comment_status":"closed","ping_status":"closed","template":"","meta":{"footnotes":""},"class_list":["post-106","page","type-page","status-publish","hentry","post"],"yoast_head":"<!-- This site is optimized with the Yoast SEO plugin v26.6 - https:\/\/yoast.com\/wordpress\/plugins\/seo\/ -->\n<title>Quality Policy - EST\u00daDIO GR\u00c1FICO 21<\/title>\n<meta name=\"robots\" content=\"index, follow, max-snippet:-1, max-image-preview:large, max-video-preview:-1\" \/>\n<link rel=\"canonical\" href=\"https:\/\/estudiografico21.pt\/en\/politica-de-qualidade-2\/\" \/>\n<meta property=\"og:locale\" content=\"en_US\" \/>\n<meta property=\"og:type\" content=\"article\" \/>\n<meta property=\"og:title\" content=\"Quality Policy - EST\u00daDIO GR\u00c1FICO 21\" \/>\n<meta property=\"og:description\" content=\"\u201cYour creativity is our limit\u201d MISSION: To innovate. To be in the forefront in terms of equipments and customised services for the customer. We know better than anyone that success depends on the time and rigor spent on each detail. VISION: To be amongst the best companies within the graphic sector, to work with top [&hellip;]\" \/>\n<meta property=\"og:url\" content=\"https:\/\/estudiografico21.pt\/en\/politica-de-qualidade-2\/\" \/>\n<meta property=\"og:site_name\" content=\"EST\u00daDIO GR\u00c1FICO 21\" \/>\n<meta property=\"article:modified_time\" content=\"2022-05-20T19:15:35+00:00\" \/>\n<meta name=\"twitter:label1\" content=\"Est. reading time\" \/>\n\t<meta name=\"twitter:data1\" content=\"1 minute\" \/>\n<script type=\"application\/ld+json\" class=\"yoast-schema-graph\">{\"@context\":\"https:\/\/schema.org\",\"@graph\":[{\"@type\":\"WebPage\",\"@id\":\"https:\/\/estudiografico21.pt\/en\/politica-de-qualidade-2\/\",\"url\":\"https:\/\/estudiografico21.pt\/en\/politica-de-qualidade-2\/\",\"name\":\"Quality Policy - EST\u00daDIO GR\u00c1FICO 21\",\"isPartOf\":{\"@id\":\"https:\/\/estudiografico21.pt\/#website\"},\"datePublished\":\"2015-02-23T15:14:24+00:00\",\"dateModified\":\"2022-05-20T19:15:35+00:00\",\"breadcrumb\":{\"@id\":\"https:\/\/estudiografico21.pt\/en\/politica-de-qualidade-2\/#breadcrumb\"},\"inLanguage\":\"en-US\",\"potentialAction\":[{\"@type\":\"ReadAction\",\"target\":[\"https:\/\/estudiografico21.pt\/en\/politica-de-qualidade-2\/\"]}]},{\"@type\":\"BreadcrumbList\",\"@id\":\"https:\/\/estudiografico21.pt\/en\/politica-de-qualidade-2\/#breadcrumb\",\"itemListElement\":[{\"@type\":\"ListItem\",\"position\":1,\"name\":\"Home\",\"item\":\"https:\/\/estudiografico21.pt\/en\/\"},{\"@type\":\"ListItem\",\"position\":2,\"name\":\"Quality Policy\"}]},{\"@type\":\"WebSite\",\"@id\":\"https:\/\/estudiografico21.pt\/#website\",\"url\":\"https:\/\/estudiografico21.pt\/\",\"name\":\"EST\u00daDIO GR\u00c1FICO 21\",\"description\":\"Artes Gr\u00e1ficas\",\"potentialAction\":[{\"@type\":\"SearchAction\",\"target\":{\"@type\":\"EntryPoint\",\"urlTemplate\":\"https:\/\/estudiografico21.pt\/?s={search_term_string}\"},\"query-input\":{\"@type\":\"PropertyValueSpecification\",\"valueRequired\":true,\"valueName\":\"search_term_string\"}}],\"inLanguage\":\"en-US\"}]}<\/script>\n<!-- \/ Yoast SEO plugin. -->","yoast_head_json":{"title":"Quality Policy - EST\u00daDIO GR\u00c1FICO 21","robots":{"index":"index","follow":"follow","max-snippet":"max-snippet:-1","max-image-preview":"max-image-preview:large","max-video-preview":"max-video-preview:-1"},"canonical":"https:\/\/estudiografico21.pt\/en\/politica-de-qualidade-2\/","og_locale":"en_US","og_type":"article","og_title":"Quality Policy - EST\u00daDIO GR\u00c1FICO 21","og_description":"\u201cYour creativity is our limit\u201d MISSION: To innovate. To be in the forefront in terms of equipments and customised services for the customer. We know better than anyone that success depends on the time and rigor spent on each detail. VISION: To be amongst the best companies within the graphic sector, to work with top [&hellip;]","og_url":"https:\/\/estudiografico21.pt\/en\/politica-de-qualidade-2\/","og_site_name":"EST\u00daDIO GR\u00c1FICO 21","article_modified_time":"2022-05-20T19:15:35+00:00","twitter_misc":{"Est. reading time":"1 minute"},"schema":{"@context":"https:\/\/schema.org","@graph":[{"@type":"WebPage","@id":"https:\/\/estudiografico21.pt\/en\/politica-de-qualidade-2\/","url":"https:\/\/estudiografico21.pt\/en\/politica-de-qualidade-2\/","name":"Quality Policy - EST\u00daDIO GR\u00c1FICO 21","isPartOf":{"@id":"https:\/\/estudiografico21.pt\/#website"},"datePublished":"2015-02-23T15:14:24+00:00","dateModified":"2022-05-20T19:15:35+00:00","breadcrumb":{"@id":"https:\/\/estudiografico21.pt\/en\/politica-de-qualidade-2\/#breadcrumb"},"inLanguage":"en-US","potentialAction":[{"@type":"ReadAction","target":["https:\/\/estudiografico21.pt\/en\/politica-de-qualidade-2\/"]}]},{"@type":"BreadcrumbList","@id":"https:\/\/estudiografico21.pt\/en\/politica-de-qualidade-2\/#breadcrumb","itemListElement":[{"@type":"ListItem","position":1,"name":"Home","item":"https:\/\/estudiografico21.pt\/en\/"},{"@type":"ListItem","position":2,"name":"Quality Policy"}]},{"@type":"WebSite","@id":"https:\/\/estudiografico21.pt\/#website","url":"https:\/\/estudiografico21.pt\/","name":"EST\u00daDIO GR\u00c1FICO 21","description":"Artes Gr\u00e1ficas","potentialAction":[{"@type":"SearchAction","target":{"@type":"EntryPoint","urlTemplate":"https:\/\/estudiografico21.pt\/?s={search_term_string}"},"query-input":{"@type":"PropertyValueSpecification","valueRequired":true,"valueName":"search_term_string"}}],"inLanguage":"en-US"}]}},"_links":{"self":[{"href":"https:\/\/estudiografico21.pt\/en\/wp-json\/wp\/v2\/pages\/106","targetHints":{"allow":["GET"]}}],"collection":[{"href":"https:\/\/estudiografico21.pt\/en\/wp-json\/wp\/v2\/pages"}],"about":[{"href":"https:\/\/estudiografico21.pt\/en\/wp-json\/wp\/v2\/types\/page"}],"author":[{"embeddable":true,"href":"https:\/\/estudiografico21.pt\/en\/wp-json\/wp\/v2\/users\/6"}],"replies":[{"embeddable":true,"href":"https:\/\/estudiografico21.pt\/en\/wp-json\/wp\/v2\/comments?post=106"}],"version-history":[{"count":13,"href":"https:\/\/estudiografico21.pt\/en\/wp-json\/wp\/v2\/pages\/106\/revisions"}],"predecessor-version":[{"id":1518,"href":"https:\/\/estudiografico21.pt\/en\/wp-json\/wp\/v2\/pages\/106\/revisions\/1518"}],"wp:attachment":[{"href":"https:\/\/estudiografico21.pt\/en\/wp-json\/wp\/v2\/media?parent=106"}],"curies":[{"name":"wp","href":"https:\/\/api.w.org\/{rel}","templated":true}]}}