{"id":105,"date":"2015-02-23T15:14:21","date_gmt":"2015-02-23T15:14:21","guid":{"rendered":"https:\/\/estudiografico21.pt\/wp\/?page_id=105"},"modified":"2023-01-12T17:10:20","modified_gmt":"2023-01-12T17:10:20","slug":"certificacoes-2","status":"publish","type":"page","link":"https:\/\/estudiografico21.pt\/en\/certificacoes-2\/","title":{"rendered":"Certifications"},"content":{"rendered":"<h3>FSC\u00ae Chain of Custody<\/h3>\n<p><strong>Greener does not necessarily mean more expensive.<\/strong><br \/>\nAs a company that lives off paper-based printing, we need to ensure that our main raw material is inexhaustible.<br \/>\nIt was from the need of guaranteeing environmental conservation and the responsible forest development that we established the guidelines for the FSC \u00ae Forest Chain of Custody Certification, for which we were assigned in October 2013 by the SQS-Swiss Association for Quality and Management Systems, having been carried forward in September 2015 by another certification entity, APCER &#8211; Associa\u00e7\u00e3o Portuguesa de Certifica\u00e7\u00e3o, and afterwards, in 2018, to SGS Soci\u00e9t\u00e9 G\u00e9n\u00e9rale de Surveillance SA.<br \/>\nVoluntarily, we commit to adopt responsible production practices by purchasing certified paper from well-managed forests that offer environmental, social and economic benefits.<br \/>\nWe ensure our customers that, when choosing to print on FSC\u00ae certified material, they can, for the same price, guarantee the long-term existence of forests, also assuming they own environmental commitment.<br \/>\n<a href=\"https:\/\/estudiografico21.pt\/wp-content\/uploads\/2019\/05\/EstudioGrafico_Certificado-FSC.pdf\" target=\"_blank\" rel=\"nofollow noopener noreferrer\">View Certificate<\/a><\/p>\n<div class=\"dc\">The first reference to the three rs dates back to the end of the 18th century, a <a href=\"https:\/\/writemypaper4me.org\/\">writing research paper<\/a> speech by an mp, sir richard curtis.<\/div>\n","protected":false},"excerpt":{"rendered":"<p>FSC\u00ae Chain of Custody Greener does not necessarily mean more expensive. As a company that lives off paper-based printing, we need to ensure that our main raw material is inexhaustible. It was from the need of guaranteeing environmental conservation and the responsible forest development that we established the guidelines for the FSC \u00ae Forest Chain [&hellip;]<\/p>\n","protected":false},"author":6,"featured_media":0,"parent":0,"menu_order":32,"comment_status":"closed","ping_status":"closed","template":"","meta":{"footnotes":""},"class_list":["post-105","page","type-page","status-publish","hentry","post"],"yoast_head":"<!-- This site is optimized with the Yoast SEO plugin v26.6 - https:\/\/yoast.com\/wordpress\/plugins\/seo\/ -->\n<title>Certifications - EST\u00daDIO GR\u00c1FICO 21<\/title>\n<meta name=\"robots\" content=\"index, follow, max-snippet:-1, max-image-preview:large, max-video-preview:-1\" \/>\n<link rel=\"canonical\" href=\"https:\/\/estudiografico21.pt\/en\/certificacoes-2\/\" \/>\n<meta property=\"og:locale\" content=\"en_US\" \/>\n<meta property=\"og:type\" content=\"article\" \/>\n<meta property=\"og:title\" content=\"Certifications - EST\u00daDIO GR\u00c1FICO 21\" \/>\n<meta property=\"og:description\" content=\"FSC\u00ae Chain of Custody Greener does not necessarily mean more expensive. As a company that lives off paper-based printing, we need to ensure that our main raw material is inexhaustible. It was from the need of guaranteeing environmental conservation and the responsible forest development that we established the guidelines for the FSC \u00ae Forest Chain [&hellip;]\" \/>\n<meta property=\"og:url\" content=\"https:\/\/estudiografico21.pt\/en\/certificacoes-2\/\" \/>\n<meta property=\"og:site_name\" content=\"EST\u00daDIO GR\u00c1FICO 21\" \/>\n<meta property=\"article:modified_time\" content=\"2023-01-12T17:10:20+00:00\" \/>\n<meta name=\"twitter:label1\" content=\"Est. reading time\" \/>\n\t<meta name=\"twitter:data1\" content=\"2 minutes\" \/>\n<script type=\"application\/ld+json\" class=\"yoast-schema-graph\">{\"@context\":\"https:\/\/schema.org\",\"@graph\":[{\"@type\":\"WebPage\",\"@id\":\"https:\/\/estudiografico21.pt\/en\/certificacoes-2\/\",\"url\":\"https:\/\/estudiografico21.pt\/en\/certificacoes-2\/\",\"name\":\"Certifications - EST\u00daDIO GR\u00c1FICO 21\",\"isPartOf\":{\"@id\":\"https:\/\/estudiografico21.pt\/#website\"},\"datePublished\":\"2015-02-23T15:14:21+00:00\",\"dateModified\":\"2023-01-12T17:10:20+00:00\",\"breadcrumb\":{\"@id\":\"https:\/\/estudiografico21.pt\/en\/certificacoes-2\/#breadcrumb\"},\"inLanguage\":\"en-US\",\"potentialAction\":[{\"@type\":\"ReadAction\",\"target\":[\"https:\/\/estudiografico21.pt\/en\/certificacoes-2\/\"]}]},{\"@type\":\"BreadcrumbList\",\"@id\":\"https:\/\/estudiografico21.pt\/en\/certificacoes-2\/#breadcrumb\",\"itemListElement\":[{\"@type\":\"ListItem\",\"position\":1,\"name\":\"Home\",\"item\":\"https:\/\/estudiografico21.pt\/en\/\"},{\"@type\":\"ListItem\",\"position\":2,\"name\":\"Certifications\"}]},{\"@type\":\"WebSite\",\"@id\":\"https:\/\/estudiografico21.pt\/#website\",\"url\":\"https:\/\/estudiografico21.pt\/\",\"name\":\"EST\u00daDIO GR\u00c1FICO 21\",\"description\":\"Artes Gr\u00e1ficas\",\"potentialAction\":[{\"@type\":\"SearchAction\",\"target\":{\"@type\":\"EntryPoint\",\"urlTemplate\":\"https:\/\/estudiografico21.pt\/?s={search_term_string}\"},\"query-input\":{\"@type\":\"PropertyValueSpecification\",\"valueRequired\":true,\"valueName\":\"search_term_string\"}}],\"inLanguage\":\"en-US\"}]}<\/script>\n<!-- \/ Yoast SEO plugin. -->","yoast_head_json":{"title":"Certifications - EST\u00daDIO GR\u00c1FICO 21","robots":{"index":"index","follow":"follow","max-snippet":"max-snippet:-1","max-image-preview":"max-image-preview:large","max-video-preview":"max-video-preview:-1"},"canonical":"https:\/\/estudiografico21.pt\/en\/certificacoes-2\/","og_locale":"en_US","og_type":"article","og_title":"Certifications - EST\u00daDIO GR\u00c1FICO 21","og_description":"FSC\u00ae Chain of Custody Greener does not necessarily mean more expensive. As a company that lives off paper-based printing, we need to ensure that our main raw material is inexhaustible. It was from the need of guaranteeing environmental conservation and the responsible forest development that we established the guidelines for the FSC \u00ae Forest Chain [&hellip;]","og_url":"https:\/\/estudiografico21.pt\/en\/certificacoes-2\/","og_site_name":"EST\u00daDIO GR\u00c1FICO 21","article_modified_time":"2023-01-12T17:10:20+00:00","twitter_misc":{"Est. reading time":"2 minutes"},"schema":{"@context":"https:\/\/schema.org","@graph":[{"@type":"WebPage","@id":"https:\/\/estudiografico21.pt\/en\/certificacoes-2\/","url":"https:\/\/estudiografico21.pt\/en\/certificacoes-2\/","name":"Certifications - EST\u00daDIO GR\u00c1FICO 21","isPartOf":{"@id":"https:\/\/estudiografico21.pt\/#website"},"datePublished":"2015-02-23T15:14:21+00:00","dateModified":"2023-01-12T17:10:20+00:00","breadcrumb":{"@id":"https:\/\/estudiografico21.pt\/en\/certificacoes-2\/#breadcrumb"},"inLanguage":"en-US","potentialAction":[{"@type":"ReadAction","target":["https:\/\/estudiografico21.pt\/en\/certificacoes-2\/"]}]},{"@type":"BreadcrumbList","@id":"https:\/\/estudiografico21.pt\/en\/certificacoes-2\/#breadcrumb","itemListElement":[{"@type":"ListItem","position":1,"name":"Home","item":"https:\/\/estudiografico21.pt\/en\/"},{"@type":"ListItem","position":2,"name":"Certifications"}]},{"@type":"WebSite","@id":"https:\/\/estudiografico21.pt\/#website","url":"https:\/\/estudiografico21.pt\/","name":"EST\u00daDIO GR\u00c1FICO 21","description":"Artes Gr\u00e1ficas","potentialAction":[{"@type":"SearchAction","target":{"@type":"EntryPoint","urlTemplate":"https:\/\/estudiografico21.pt\/?s={search_term_string}"},"query-input":{"@type":"PropertyValueSpecification","valueRequired":true,"valueName":"search_term_string"}}],"inLanguage":"en-US"}]}},"_links":{"self":[{"href":"https:\/\/estudiografico21.pt\/en\/wp-json\/wp\/v2\/pages\/105","targetHints":{"allow":["GET"]}}],"collection":[{"href":"https:\/\/estudiografico21.pt\/en\/wp-json\/wp\/v2\/pages"}],"about":[{"href":"https:\/\/estudiografico21.pt\/en\/wp-json\/wp\/v2\/types\/page"}],"author":[{"embeddable":true,"href":"https:\/\/estudiografico21.pt\/en\/wp-json\/wp\/v2\/users\/6"}],"replies":[{"embeddable":true,"href":"https:\/\/estudiografico21.pt\/en\/wp-json\/wp\/v2\/comments?post=105"}],"version-history":[{"count":18,"href":"https:\/\/estudiografico21.pt\/en\/wp-json\/wp\/v2\/pages\/105\/revisions"}],"predecessor-version":[{"id":5732,"href":"https:\/\/estudiografico21.pt\/en\/wp-json\/wp\/v2\/pages\/105\/revisions\/5732"}],"wp:attachment":[{"href":"https:\/\/estudiografico21.pt\/en\/wp-json\/wp\/v2\/media?parent=105"}],"curies":[{"name":"wp","href":"https:\/\/api.w.org\/{rel}","templated":true}]}}